{"id":94,"date":"2017-02-10T23:40:04","date_gmt":"2017-02-10T22:40:04","guid":{"rendered":"http:\/\/archivinfo.ch\/fb\/?page_id=94"},"modified":"2024-12-08T15:57:45","modified_gmt":"2024-12-08T14:57:45","slug":"startseite","status":"publish","type":"page","link":"https:\/\/archivinfo.ch\/felsberg\/","title":{"rendered":"Felsberg"},"content":{"rendered":"<h1>Kleine Welt auf dem Felsberg<\/h1>\n<pre><\/pre>\n\n<pre><\/pre>\n<p>Diese Website bietet Informationen zum Gebiet <strong>Felsberg<\/strong> im Wesemlin-Quartier im Norden der Stadt <a href=\"http:\/\/www.stadtluzern.ch\" target=\"_blank\" rel=\"noopener noreferrer\">Luzern<\/a>\u00a0und insbesondere zu der im 19. und 20. Jahrhundert darauf stehenden <strong>Pension Felsberg<\/strong>.<\/p>\n<ul>\n<li>Der Ort: Das Gebiet <a href=\".\/ort\/vorgeschichte\/\">vor dem 19. Jahrhundert<\/a>\u00a0und die\u00a0Entwicklung <a href=\".\/ort\/bebauung-19-jh-bis-anfang-20-jh\/\">im 19. und 20. Jahrhundert<\/a><\/li>\n<li>Die\u00a0<a href=\".\/pension\/\">Pension Felsberg<\/a> zwischen Mitte 19. Jahrhundert und Mitte 20. Jahrhundert.<\/li>\n<li>Die einzelnen\u00a0<a href=\".\/gebaeude\/\">Geb\u00e4ude<\/a><\/li>\n<li>Die <a href=\".\/pietzcker\/\">Familie Pietzker<\/a> und Verwandte<\/li>\n<li><a href=\".\/varia\/fotos\/\">Fotos<\/a>, insbesondere <a href=\"https:\/\/archivinfo.ch\/felsberg\/varia\/ansichtskarten\/\">Ansichtskarten<\/a><\/li>\n<\/ul>\n<figure id=\"attachment_3334\" aria-describedby=\"caption-attachment-3334\" style=\"width: 1000px\" class=\"wp-caption aligncenter\"><a href=\"https:\/\/archivinfo.ch\/felsberg\/startseite\/luzern-nationalquai-1919-lbs_mh01-001758-ausschnitt_2_photomyne\/\"><img loading=\"lazy\" decoding=\"async\" class=\"wp-image-3334 size-full\" src=\"https:\/\/archivinfo.ch\/felsberg\/wp-content\/uploads\/ansicht\/Luzern-Nationalquai-1919-LBS_MH01-001758-AUSSCHNITT_2_Photoshop.jpg\" alt=\"\" width=\"1000\" height=\"475\" srcset=\"https:\/\/archivinfo.ch\/felsberg\/wp-content\/uploads\/ansicht\/Luzern-Nationalquai-1919-LBS_MH01-001758-AUSSCHNITT_2_Photoshop.jpg 1000w, https:\/\/archivinfo.ch\/felsberg\/wp-content\/uploads\/ansicht\/Luzern-Nationalquai-1919-LBS_MH01-001758-AUSSCHNITT_2_Photoshop-500x238.jpg 500w, https:\/\/archivinfo.ch\/felsberg\/wp-content\/uploads\/ansicht\/Luzern-Nationalquai-1919-LBS_MH01-001758-AUSSCHNITT_2_Photoshop-150x71.jpg 150w, https:\/\/archivinfo.ch\/felsberg\/wp-content\/uploads\/ansicht\/Luzern-Nationalquai-1919-LBS_MH01-001758-AUSSCHNITT_2_Photoshop-768x365.jpg 768w, https:\/\/archivinfo.ch\/felsberg\/wp-content\/uploads\/ansicht\/Luzern-Nationalquai-1919-LBS_MH01-001758-AUSSCHNITT_2_Photoshop-960x456.jpg 960w\" sizes=\"auto, (max-width: 1000px) 100vw, 1000px\" \/><\/a><figcaption id=\"caption-attachment-3334\" class=\"wp-caption-text\">Ansicht der Pension, 1919. Ausschnitt aus: Luzern, Nationalquai 1919 (ETH-Bibliothek Z\u00fcrich, Bildarchiv\/Stiftung Luftbild Schweiz \/ Fotograf: Mittelholzer, Walter \/ LBS_MH01-001758) [nachtr\u00e4glich koloriert 2021,<a href=\"https:\/\/archivinfo.ch\/felsberg\/pension\/luzern-nationalquai-1919-lbs_mh01-001758-ausschnitt\/\" target=\"_blank\" rel=\"noopener noreferrer\">Original<\/a>]]<\/figcaption><\/figure>\n<figure><\/figure>\n<p>Der Felsberg war meine kleine Welt: Ich verbrachte meine Kindheit an der <a href=\".\/varia\/heutige-felsbergstrasse-6\/\">Felsbergstrasse 6<\/a>, ging im \"<a href=\"https:\/\/archivinfo.ch\/felsberg\/gebaeude\/pavillon\/\">Alten Pavillon<\/a>\" in den Kindergarten und dann im <a href=\".\/varia\/schulhaus\/\">Schulhaus Felsberg<\/a> in die Primarschule. Nach einigen Jahren Abwesenheit kehrte ich vor \u00fcber 20 Jahren wieder zur\u00fcck und entdecke auch heute immer wieder neue Aspekte.<\/p>\n<p>Wo heute das Schulhaus steht, existierte \u00fcber fast 100 Jahre eine Pension. Sie umfasste ein Dutzend Geb\u00e4ude, von denen heute nur noch zwei vorhanden sind. Zahlreiche G\u00e4ste aus der ganzen Welt logierten in der Pension, deren Entstehung mit der \u00d6ffnung der Stadt Luzern f\u00fcr die grosse Welt des Tourismus einherging.<\/p>\n<figure id=\"attachment_1984\" aria-describedby=\"caption-attachment-1984\" style=\"width: 625px\" class=\"wp-caption aligncenter\"><a href=\"https:\/\/archivinfo.ch\/felsberg\/startseite\/inserat_1914\/\" rel=\"attachment wp-att-1984\"><img loading=\"lazy\" decoding=\"async\" class=\"wp-image-1984 size-large\" src=\"https:\/\/archivinfo.ch\/felsberg\/wp-content\/uploads\/pension\/Inserat_1914-1024x194.jpeg\" alt=\"\" width=\"625\" height=\"118\" srcset=\"https:\/\/archivinfo.ch\/felsberg\/wp-content\/uploads\/pension\/Inserat_1914-1024x194.jpeg 1024w, https:\/\/archivinfo.ch\/felsberg\/wp-content\/uploads\/pension\/Inserat_1914-150x28.jpeg 150w, https:\/\/archivinfo.ch\/felsberg\/wp-content\/uploads\/pension\/Inserat_1914-500x95.jpeg 500w, https:\/\/archivinfo.ch\/felsberg\/wp-content\/uploads\/pension\/Inserat_1914-768x146.jpeg 768w, https:\/\/archivinfo.ch\/felsberg\/wp-content\/uploads\/pension\/Inserat_1914-960x182.jpeg 960w, https:\/\/archivinfo.ch\/felsberg\/wp-content\/uploads\/pension\/Inserat_1914.jpeg 1082w\" sizes=\"auto, (max-width: 625px) 100vw, 625px\" \/><\/a><figcaption id=\"caption-attachment-1984\" class=\"wp-caption-text\">Inserat f\u00fcr die Pension, ca. 1914<\/figcaption><\/figure>\n<p>Diese kleine Welt m\u00f6chte ich hier rekonstruieren.<\/p>\n<figure><\/figure>\n<figure id=\"attachment_3286\" aria-describedby=\"caption-attachment-3286\" style=\"width: 1900px\" class=\"wp-caption aligncenter\"><a href=\"https:\/\/archivinfo.ch\/felsberg\/startseite\/gesamtansicht-klein-stadthof-luzern-2-2\/\"><img loading=\"lazy\" decoding=\"async\" class=\"wp-image-3286 size-full\" src=\"https:\/\/archivinfo.ch\/felsberg\/wp-content\/uploads\/ansicht\/Gesamtansicht-Klein-Stadthof-Luzern-2.jpg\" alt=\"\" width=\"1900\" height=\"642\" srcset=\"https:\/\/archivinfo.ch\/felsberg\/wp-content\/uploads\/ansicht\/Gesamtansicht-Klein-Stadthof-Luzern-2.jpg 1900w, https:\/\/archivinfo.ch\/felsberg\/wp-content\/uploads\/ansicht\/Gesamtansicht-Klein-Stadthof-Luzern-2-500x169.jpg 500w, https:\/\/archivinfo.ch\/felsberg\/wp-content\/uploads\/ansicht\/Gesamtansicht-Klein-Stadthof-Luzern-2-1024x346.jpg 1024w, https:\/\/archivinfo.ch\/felsberg\/wp-content\/uploads\/ansicht\/Gesamtansicht-Klein-Stadthof-Luzern-2-150x51.jpg 150w, https:\/\/archivinfo.ch\/felsberg\/wp-content\/uploads\/ansicht\/Gesamtansicht-Klein-Stadthof-Luzern-2-768x260.jpg 768w, https:\/\/archivinfo.ch\/felsberg\/wp-content\/uploads\/ansicht\/Gesamtansicht-Klein-Stadthof-Luzern-2-1536x519.jpg 1536w, https:\/\/archivinfo.ch\/felsberg\/wp-content\/uploads\/ansicht\/Gesamtansicht-Klein-Stadthof-Luzern-2-960x324.jpg 960w\" sizes=\"auto, (max-width: 1900px) 100vw, 1900px\" \/><\/a><figcaption id=\"caption-attachment-3286\" class=\"wp-caption-text\">Gruss vom Felsberg, Ausschnitt aus Ansichtskarte: E. Klein, Stadthof, Luzern (Privatbesitz). Datierung verm. nach 1893 (Anbau am Pensionsgeb\u00e4ude) aber vor 1900 (Chalet Mimi fehlt).<\/figcaption><\/figure>\n<p><strong>Letzte \u00c4nderungen auf der Website<\/strong><\/p>\n<ul class=\"display-posts-listing\"><li class=\"listing-item\"><a class=\"title\" href=\"https:\/\/archivinfo.ch\/felsberg\/pension\/zustand-1943\/\">Zustand 1943<\/a> <span class=\"date\">(2026-03-12)<\/span><\/li><li class=\"listing-item\"><a class=\"title\" href=\"https:\/\/archivinfo.ch\/felsberg\/pension\/nachnutzung\/\">Nachnutzung und Liquidation<\/a> <span class=\"date\">(2026-03-12)<\/span><\/li><li class=\"listing-item\"><a class=\"title\" href=\"https:\/\/archivinfo.ch\/felsberg\/pension\/ende\/\">Das Ende der Pension<\/a> <span class=\"date\">(2026-03-12)<\/span><\/li><li class=\"listing-item\"><a class=\"title\" href=\"https:\/\/archivinfo.ch\/felsberg\/ort\/planung-20-jh-3\/\">Bebauung 20. Jh.<\/a> <span class=\"date\">(2025-11-27)<\/span><\/li><li class=\"listing-item\"><a class=\"title\" href=\"https:\/\/archivinfo.ch\/felsberg\/pension\/gaeste\/\">G\u00e4ste (Allgemeines)<\/a> <span class=\"date\">(2025-06-28)<\/span><\/li><li class=\"listing-item\"><a class=\"title\" href=\"https:\/\/archivinfo.ch\/felsberg\/pension\/gaeste-einzelne\/\">G\u00e4ste (Einzelne)<\/a> <span class=\"date\">(2025-06-28)<\/span><\/li><\/ul>\n<p><span style=\"color: #ff0000;\"><strong>Haben Sie Fragen, Erg\u00e4nzungen, weitere Bilder? <\/strong><\/span><span style=\"color: #ff0000;\"><strong>Bitte nehmen Sie <\/strong><\/span><span style=\"color: #ff0000;\"><strong><a href=\"https:\/\/archivinfo.ch\/felsberg\/kontakt\/\">Kontakt<\/a><\/strong><\/span><span style=\"color: #ff0000;\"><strong> auf.<\/strong><\/span><\/p>\n","protected":false},"excerpt":{"rendered":"<p>Kleine Welt auf dem Felsberg Diese Website bietet Informationen zum Gebiet Felsberg im Wesemlin-Quartier im Norden der Stadt Luzern\u00a0und insbesondere zu der im 19. und 20. Jahrhundert darauf stehenden Pension Felsberg. Der Ort: Das Gebiet vor dem 19. Jahrhundert\u00a0und die\u00a0Entwicklung im 19. und 20. Jahrhundert Die\u00a0Pension Felsberg zwischen Mitte 19. Jahrhundert und Mitte 20. Jahrhundert. <a href=\"https:\/\/archivinfo.ch\/felsberg\/pension\/gaeste-einzelne\/\" class=\"more-link\">\u2026weiterlesen<span class=\"screen-reader-text\"> G\u00e4ste (Einzelne)\"<\/span><\/a><\/p>\n","protected":false},"author":1,"featured_media":0,"parent":0,"menu_order":12,"comment_status":"closed","ping_status":"closed","template":"","meta":{"footnotes":""},"class_list":["post-94","page","type-page","status-publish","h-entry","hentry","h-as-page"],"_links":{"self":[{"href":"https:\/\/archivinfo.ch\/felsberg\/wp-json\/wp\/v2\/pages\/94","targetHints":{"allow":["GET"]}}],"collection":[{"href":"https:\/\/archivinfo.ch\/felsberg\/wp-json\/wp\/v2\/pages"}],"about":[{"href":"https:\/\/archivinfo.ch\/felsberg\/wp-json\/wp\/v2\/types\/page"}],"author":[{"embeddable":true,"href":"https:\/\/archivinfo.ch\/felsberg\/wp-json\/wp\/v2\/users\/1"}],"replies":[{"embeddable":true,"href":"https:\/\/archivinfo.ch\/felsberg\/wp-json\/wp\/v2\/comments?post=94"}],"version-history":[{"count":6,"href":"https:\/\/archivinfo.ch\/felsberg\/wp-json\/wp\/v2\/pages\/94\/revisions"}],"predecessor-version":[{"id":3737,"href":"https:\/\/archivinfo.ch\/felsberg\/wp-json\/wp\/v2\/pages\/94\/revisions\/3737"}],"wp:attachment":[{"href":"https:\/\/archivinfo.ch\/felsberg\/wp-json\/wp\/v2\/media?parent=94"}],"curies":[{"name":"wp","href":"https:\/\/api.w.org\/{rel}","templated":true}]}}