{"id":581,"date":"2017-02-24T15:24:51","date_gmt":"2017-02-24T14:24:51","guid":{"rendered":"http:\/\/archivinfo.ch\/fb\/ort\/planung-20-jh-3\/"},"modified":"2025-11-27T14:15:09","modified_gmt":"2025-11-27T13:15:09","slug":"planung-20-jh-3","status":"publish","type":"page","link":"https:\/\/archivinfo.ch\/felsberg\/ort\/planung-20-jh-3\/","title":{"rendered":"Bebauung 20. Jh."},"content":{"rendered":"<h2><span class=\"ez-toc-section\" id=\"Bebauung_20_Jahrhundert\"><\/span>Bebauung 20. Jahrhundert<span class=\"ez-toc-section-end\"><\/span><\/h2><div id=\"ez-toc-container\" class=\"ez-toc-v2_0_82_2 counter-hierarchy ez-toc-counter ez-toc-custom ez-toc-container-direction\">\n<nav><ul class='ez-toc-list ez-toc-list-level-1 ' ><li class='ez-toc-page-1 ez-toc-heading-level-2'><a class=\"ez-toc-link ez-toc-heading-1\" href=\"https:\/\/archivinfo.ch\/felsberg\/ort\/planung-20-jh-3\/#Bebauung_20_Jahrhundert\" >Bebauung 20. Jahrhundert<\/a><ul class='ez-toc-list-level-3' ><li class='ez-toc-heading-level-3'><a class=\"ez-toc-link ez-toc-heading-2\" href=\"https:\/\/archivinfo.ch\/felsberg\/ort\/planung-20-jh-3\/#1906\" >1906<\/a><\/li><li class='ez-toc-page-1 ez-toc-heading-level-3'><a class=\"ez-toc-link ez-toc-heading-3\" href=\"https:\/\/archivinfo.ch\/felsberg\/ort\/planung-20-jh-3\/#1913\" >1913<\/a><\/li><li class='ez-toc-page-1 ez-toc-heading-level-3'><a class=\"ez-toc-link ez-toc-heading-4\" href=\"https:\/\/archivinfo.ch\/felsberg\/ort\/planung-20-jh-3\/#1934\" >1934<\/a><\/li><\/ul><\/li><\/ul><\/nav><\/div>\n\n<h3><span class=\"ez-toc-section\" id=\"1906\"><\/span>1906<span class=\"ez-toc-section-end\"><\/span><\/h3>\n<p>Mit dem Stadtbauplan von 1906 wurde die Erschliessung des Felsberg grundlegend neu geplant:\u00a0Die Erschliessung w\u00e4re \u00fcber eine neu gebaute Dreilindenstrasse (vergleichbar der heute bestehenden) erfolgt, von dem eine weitere neue Strasse abzweigte und in den bestehenden Kapuzinerweg \u00fcberging.<\/p>\n<figure id=\"attachment_675\" aria-describedby=\"caption-attachment-675\" style=\"width: 500px\" class=\"wp-caption aligncenter\"><a href=\"http:\/\/archivinfo.ch\/felsberg\/ort\/planung-20-jh-3\/stadtbauplan-1906-stalu-a-564_18-21-4_ausschnitt\/\" rel=\"attachment wp-att-675\"><img loading=\"lazy\" decoding=\"async\" class=\"wp-image-675 size-medium\" src=\"http:\/\/archivinfo.ch\/felsberg\/wp-content\/uploads\/plaene\/Stadtbauplan-1906-STALU-A-564_18.21.4_AUSSCHNITT-500x367.jpg\" alt=\"\" width=\"500\" height=\"367\" srcset=\"https:\/\/archivinfo.ch\/felsberg\/wp-content\/uploads\/plaene\/Stadtbauplan-1906-STALU-A-564_18.21.4_AUSSCHNITT-500x367.jpg 500w, https:\/\/archivinfo.ch\/felsberg\/wp-content\/uploads\/plaene\/Stadtbauplan-1906-STALU-A-564_18.21.4_AUSSCHNITT-150x110.jpg 150w, https:\/\/archivinfo.ch\/felsberg\/wp-content\/uploads\/plaene\/Stadtbauplan-1906-STALU-A-564_18.21.4_AUSSCHNITT-768x564.jpg 768w, https:\/\/archivinfo.ch\/felsberg\/wp-content\/uploads\/plaene\/Stadtbauplan-1906-STALU-A-564_18.21.4_AUSSCHNITT.jpg 1024w, https:\/\/archivinfo.ch\/felsberg\/wp-content\/uploads\/plaene\/Stadtbauplan-1906-STALU-A-564_18.21.4_AUSSCHNITT-960x705.jpg 960w\" sizes=\"auto, (max-width: 500px) 100vw, 500px\" \/><\/a><figcaption id=\"caption-attachment-675\" class=\"wp-caption-text\">Stadtbauplan \u00fcber die Gebiete Halden, Dreilinden, Wesemlin, Maihof, 1906. Ausschnitt Felsberg (STALU A 564\/18.21)<\/figcaption><\/figure>\n<h3><span class=\"ez-toc-section\" id=\"1913\"><\/span>1913<span class=\"ez-toc-section-end\"><\/span><\/h3>\n<p>1913 bestanden Pl\u00e4ne, die bisher leerstehenden Fl\u00e4chen des Felsberg \u00a0zu parzellieren und zu bebauen. Die Erschliessung entsprach dem Plan von 1906, allerdings wollte man die Felsbergstrasse begradigen.<\/p>\n<figure id=\"attachment_576\" aria-describedby=\"caption-attachment-576\" style=\"width: 500px\" class=\"wp-caption aligncenter\"><a href=\"http:\/\/archivinfo.ch\/felsberg\/ort\/planung-20-jh-3\/parzellierung-1913-stalu-aal-b1_2-2\/\"><img loading=\"lazy\" decoding=\"async\" class=\"wp-image-576 size-medium\" src=\"http:\/\/archivinfo.ch\/felsberg\/wp-content\/uploads\/plaene\/Parzellierung-1913-STALU-AAL-B1_2.2-500x375.jpg\" alt=\"\" width=\"500\" height=\"375\" srcset=\"https:\/\/archivinfo.ch\/felsberg\/wp-content\/uploads\/plaene\/Parzellierung-1913-STALU-AAL-B1_2.2-500x375.jpg 500w, https:\/\/archivinfo.ch\/felsberg\/wp-content\/uploads\/plaene\/Parzellierung-1913-STALU-AAL-B1_2.2-150x113.jpg 150w, https:\/\/archivinfo.ch\/felsberg\/wp-content\/uploads\/plaene\/Parzellierung-1913-STALU-AAL-B1_2.2-768x576.jpg 768w, https:\/\/archivinfo.ch\/felsberg\/wp-content\/uploads\/plaene\/Parzellierung-1913-STALU-AAL-B1_2.2-1024x768.jpg 1024w, https:\/\/archivinfo.ch\/felsberg\/wp-content\/uploads\/plaene\/Parzellierung-1913-STALU-AAL-B1_2.2-960x720.jpg 960w\" sizes=\"auto, (max-width: 500px) 100vw, 500px\" \/><\/a><figcaption id=\"caption-attachment-576\" class=\"wp-caption-text\">Parzellierung der Liegenschaft Felsberg, 1913 (Archiv St. Anna im STALU, prov. Signatur B1\/2.2; vergleichbares Exemplar im StiAHof, STALU PA 1422\/1692)<\/figcaption><\/figure>\n<p>Ein grosser Teil des Grundst\u00fccks geh\u00f6rte den Pietzcker. Es existierten 1914\/1915 auch Pl\u00e4ne, den nord-\u00f6stlichen Teil des Grundst\u00fccks mit den 3 Geb\u00e4uden Marguerite\/Reseda\/\u00d6konomiegeb\u00e4ude oder den s\u00fcd\u00f6stlichen Teil (siehe unten, die rot markierten Gebiete) der Schweizerischen Gesellschaft f\u00fcr Kranken- und W\u00f6chnerinnenpflege f\u00fcr den Bau des Sanatoriums St. Anna zu verkaufen.<sup><a href=\"#footnote_1_581\" id=\"identifier_1_581\" class=\"footnote-link footnote-identifier-link\" title=\"STALU PA 495\/157 und STALU Archiv St.Anna (noch nicht detailliert erschlossen) und StiAHof, STALU PA 1422\/1692.\">1<\/a><\/sup><\/p>\n<figure id=\"attachment_575\" aria-describedby=\"caption-attachment-575\" style=\"width: 500px\" class=\"wp-caption aligncenter\"><a href=\"http:\/\/archivinfo.ch\/felsberg\/ort\/planung-20-jh-3\/parzellierung-stalu-aal-b1_2-3\/\"><img loading=\"lazy\" decoding=\"async\" class=\"wp-image-575 size-medium\" src=\"http:\/\/archivinfo.ch\/felsberg\/wp-content\/uploads\/plaene\/Parzellierung-STALU-AAL-B1_2.3-500x375.jpg\" alt=\"\" width=\"500\" height=\"375\" srcset=\"https:\/\/archivinfo.ch\/felsberg\/wp-content\/uploads\/plaene\/Parzellierung-STALU-AAL-B1_2.3-500x375.jpg 500w, https:\/\/archivinfo.ch\/felsberg\/wp-content\/uploads\/plaene\/Parzellierung-STALU-AAL-B1_2.3-150x113.jpg 150w, https:\/\/archivinfo.ch\/felsberg\/wp-content\/uploads\/plaene\/Parzellierung-STALU-AAL-B1_2.3-768x576.jpg 768w, https:\/\/archivinfo.ch\/felsberg\/wp-content\/uploads\/plaene\/Parzellierung-STALU-AAL-B1_2.3-1024x768.jpg 1024w, https:\/\/archivinfo.ch\/felsberg\/wp-content\/uploads\/plaene\/Parzellierung-STALU-AAL-B1_2.3-960x720.jpg 960w\" sizes=\"auto, (max-width: 500px) 100vw, 500px\" \/><\/a><figcaption id=\"caption-attachment-575\" class=\"wp-caption-text\">Parzellierung der Liegenschaft Felsberg, 1913 (Archiv St. Anna im STALU, prov. Signatur B1\/2.3; vergleichbares Exemplar im StiAHof im STALU)<\/figcaption><\/figure>\n<figure id=\"attachment_893\" aria-describedby=\"caption-attachment-893\" style=\"width: 500px\" class=\"wp-caption aligncenter\"><a href=\"http:\/\/archivinfo.ch\/felsberg\/ort\/planung-20-jh-3\/parzellierung-stalu-pa-495_157\/\"><img loading=\"lazy\" decoding=\"async\" class=\"wp-image-893 size-medium\" src=\"http:\/\/archivinfo.ch\/felsberg\/wp-content\/uploads\/plaene\/Parzellierung-STALU-PA-495_157-500x380.jpg\" alt=\"\" width=\"500\" height=\"380\" srcset=\"https:\/\/archivinfo.ch\/felsberg\/wp-content\/uploads\/plaene\/Parzellierung-STALU-PA-495_157-500x380.jpg 500w, https:\/\/archivinfo.ch\/felsberg\/wp-content\/uploads\/plaene\/Parzellierung-STALU-PA-495_157-150x114.jpg 150w, https:\/\/archivinfo.ch\/felsberg\/wp-content\/uploads\/plaene\/Parzellierung-STALU-PA-495_157-768x584.jpg 768w, https:\/\/archivinfo.ch\/felsberg\/wp-content\/uploads\/plaene\/Parzellierung-STALU-PA-495_157-1024x778.jpg 1024w, https:\/\/archivinfo.ch\/felsberg\/wp-content\/uploads\/plaene\/Parzellierung-STALU-PA-495_157-960x730.jpg 960w\" sizes=\"auto, (max-width: 500px) 100vw, 500px\" \/><\/a><figcaption id=\"caption-attachment-893\" class=\"wp-caption-text\">Parzellierung der Liegenschaft Felsberg, 1913 (aus: STALU PA 495\/157)<\/figcaption><\/figure>\n<h3><span class=\"ez-toc-section\" id=\"1934\"><\/span>1934<span class=\"ez-toc-section-end\"><\/span><\/h3>\n<p>Parzellierung und Erschliessung finden wir auch auf dem Bebauungsplan von 1932. Der Bebauungsplan Vorderwesemlin l\u00f6ste im ganzen Quartier einen Bauboom aus.<sup><a href=\"#footnote_2_581\" id=\"identifier_2_581\" class=\"footnote-link footnote-identifier-link\" title=\"Quartiergeschichte, 11f.\">2<\/a><\/sup> Erste Geb\u00e4ude entlang der Felsbergstrasse sind bereits gebaut (in grau), die Felsbergstrasse mit All\u00e9e-B\u00e4umen (Platanen) bepflanzt.<\/p>\n<p>Auf die Verl\u00e4ngerung des Kapuzinerweges bis zur (geplanten) Dreilindenstrasse resp. auf deren Ausbau als Strasse wurde erst 1950 definitiv verzichtet.<sup><a href=\"#footnote_3_581\" id=\"identifier_3_581\" class=\"footnote-link footnote-identifier-link\" title=\"Stadtrat Luzern, 24.2.1950, in SALU B3.29\/A 151\">3<\/a><\/sup><\/p>\n<figure id=\"attachment_578\" aria-describedby=\"caption-attachment-578\" style=\"width: 500px\" class=\"wp-caption aligncenter\"><a href=\"http:\/\/archivinfo.ch\/felsberg\/ort\/planung-20-jh-3\/bebauungsplan-felsberg-1934-stalu-pl-1021_ausschnitt\/\"><img loading=\"lazy\" decoding=\"async\" class=\"wp-image-578 size-medium\" src=\"http:\/\/archivinfo.ch\/felsberg\/wp-content\/uploads\/plaene\/Bebauungsplan-Felsberg-1934-STALU-PL-1021_AUSSCHNITT-500x365.jpg\" alt=\"\" width=\"500\" height=\"365\" srcset=\"https:\/\/archivinfo.ch\/felsberg\/wp-content\/uploads\/plaene\/Bebauungsplan-Felsberg-1934-STALU-PL-1021_AUSSCHNITT-500x365.jpg 500w, https:\/\/archivinfo.ch\/felsberg\/wp-content\/uploads\/plaene\/Bebauungsplan-Felsberg-1934-STALU-PL-1021_AUSSCHNITT-150x109.jpg 150w, https:\/\/archivinfo.ch\/felsberg\/wp-content\/uploads\/plaene\/Bebauungsplan-Felsberg-1934-STALU-PL-1021_AUSSCHNITT-768x560.jpg 768w, https:\/\/archivinfo.ch\/felsberg\/wp-content\/uploads\/plaene\/Bebauungsplan-Felsberg-1934-STALU-PL-1021_AUSSCHNITT.jpg 1024w, https:\/\/archivinfo.ch\/felsberg\/wp-content\/uploads\/plaene\/Bebauungsplan-Felsberg-1934-STALU-PL-1021_AUSSCHNITT-960x700.jpg 960w\" sizes=\"auto, (max-width: 500px) 100vw, 500px\" \/><\/a><figcaption id=\"caption-attachment-578\" class=\"wp-caption-text\">Bebauungsplan 1934 (Ausschnitt aus STALU PL 1021)<\/figcaption><\/figure>\n<p>&nbsp;<\/p>\n<ol class=\"footnotes\"><li id=\"footnote_1_581\" class=\"footnote\">STALU PA 495\/157 und STALU Archiv St.Anna (noch nicht detailliert erschlossen) und StiAHof, STALU PA 1422\/1692.<span class=\"footnote-back-link-wrapper\">[<a href=\"#identifier_1_581\" class=\"footnote-link footnote-back-link\">&#8617;<\/a>]<\/span><\/li><li id=\"footnote_2_581\" class=\"footnote\">Quartiergeschichte, 11f.<span class=\"footnote-back-link-wrapper\">[<a href=\"#identifier_2_581\" class=\"footnote-link footnote-back-link\">&#8617;<\/a>]<\/span><\/li><li id=\"footnote_3_581\" class=\"footnote\">Stadtrat Luzern, 24.2.1950, in SALU B3.29\/A 151<span class=\"footnote-back-link-wrapper\">[<a href=\"#identifier_3_581\" class=\"footnote-link footnote-back-link\">&#8617;<\/a>]<\/span><\/li><\/ol>","protected":false},"excerpt":{"rendered":"<p>Bebauung 20. Jahrhundert 1906 Mit dem Stadtbauplan von 1906 wurde die Erschliessung des Felsberg grundlegend neu geplant:\u00a0Die Erschliessung w\u00e4re \u00fcber eine neu gebaute Dreilindenstrasse (vergleichbar der heute bestehenden) erfolgt, von dem eine weitere neue Strasse abzweigte und in den bestehenden Kapuzinerweg \u00fcberging. 1913 1913 bestanden Pl\u00e4ne, die bisher leerstehenden Fl\u00e4chen des Felsberg \u00a0zu parzellieren und <a href=\"https:\/\/archivinfo.ch\/felsberg\/ort\/planung-20-jh-3\/\" class=\"more-link\">\u2026weiterlesen<span class=\"screen-reader-text\"> Bebauung 20. Jh.\"<\/span><\/a><\/p>\n","protected":false},"author":1,"featured_media":0,"parent":206,"menu_order":61,"comment_status":"closed","ping_status":"closed","template":"","meta":{"footnotes":""},"class_list":["post-581","page","type-page","status-publish","h-entry","hentry","h-as-page"],"_links":{"self":[{"href":"https:\/\/archivinfo.ch\/felsberg\/wp-json\/wp\/v2\/pages\/581","targetHints":{"allow":["GET"]}}],"collection":[{"href":"https:\/\/archivinfo.ch\/felsberg\/wp-json\/wp\/v2\/pages"}],"about":[{"href":"https:\/\/archivinfo.ch\/felsberg\/wp-json\/wp\/v2\/types\/page"}],"author":[{"embeddable":true,"href":"https:\/\/archivinfo.ch\/felsberg\/wp-json\/wp\/v2\/users\/1"}],"replies":[{"embeddable":true,"href":"https:\/\/archivinfo.ch\/felsberg\/wp-json\/wp\/v2\/comments?post=581"}],"version-history":[{"count":3,"href":"https:\/\/archivinfo.ch\/felsberg\/wp-json\/wp\/v2\/pages\/581\/revisions"}],"predecessor-version":[{"id":7282,"href":"https:\/\/archivinfo.ch\/felsberg\/wp-json\/wp\/v2\/pages\/581\/revisions\/7282"}],"up":[{"embeddable":true,"href":"https:\/\/archivinfo.ch\/felsberg\/wp-json\/wp\/v2\/pages\/206"}],"wp:attachment":[{"href":"https:\/\/archivinfo.ch\/felsberg\/wp-json\/wp\/v2\/media?parent=581"}],"curies":[{"name":"wp","href":"https:\/\/api.w.org\/{rel}","templated":true}]}}