{"id":336,"date":"2017-02-12T14:43:23","date_gmt":"2017-02-12T13:43:23","guid":{"rendered":"http:\/\/archivinfo.ch\/fb\/varia\/heutige-felsbergstrasse-6\/"},"modified":"2025-05-23T15:56:38","modified_gmt":"2025-05-23T13:56:38","slug":"heutige-felsbergstrasse-6","status":"publish","type":"page","link":"https:\/\/archivinfo.ch\/felsberg\/varia\/heutige-felsbergstrasse-6\/","title":{"rendered":"Heutige Felsbergstrasse 6"},"content":{"rendered":"<h2>Das Haus Felsbergstrasse 6 (Neubau 1962)<\/h2>\n<figure id=\"attachment_76\" aria-describedby=\"caption-attachment-76\" style=\"width: 625px\" class=\"wp-caption aligncenter\"><a href=\"http:\/\/archivinfo.ch\/felsberg\/varia\/heutige-felsbergstrasse-6\/felsbergstrasse_6\/\" rel=\"attachment wp-att-76\"><img loading=\"lazy\" decoding=\"async\" class=\"wp-image-76 size-large\" src=\"http:\/\/archivinfo.ch\/felsberg\/wp-content\/uploads\/varia\/felsbergstrasse_6-1024x679.jpg\" alt=\"\" width=\"625\" height=\"414\" srcset=\"https:\/\/archivinfo.ch\/felsberg\/wp-content\/uploads\/varia\/felsbergstrasse_6.jpg 1024w, https:\/\/archivinfo.ch\/felsberg\/wp-content\/uploads\/varia\/felsbergstrasse_6-150x100.jpg 150w, https:\/\/archivinfo.ch\/felsberg\/wp-content\/uploads\/varia\/felsbergstrasse_6-500x332.jpg 500w, https:\/\/archivinfo.ch\/felsberg\/wp-content\/uploads\/varia\/felsbergstrasse_6-768x509.jpg 768w, https:\/\/archivinfo.ch\/felsberg\/wp-content\/uploads\/varia\/felsbergstrasse_6-200x133.jpg 200w, https:\/\/archivinfo.ch\/felsberg\/wp-content\/uploads\/varia\/felsbergstrasse_6-250x166.jpg 250w, https:\/\/archivinfo.ch\/felsberg\/wp-content\/uploads\/varia\/felsbergstrasse_6-960x637.jpg 960w\" sizes=\"auto, (max-width: 625px) 100vw, 625px\" \/><\/a><figcaption id=\"caption-attachment-76\" class=\"wp-caption-text\">Haus Felsbergstrasse 6, Luftbild ca. 1985 durch? (Abzug in Privatbesitz)<\/figcaption><\/figure>\n<p>Das heutige Geb\u00e4ude entstand als Auftrag von Marie-Louise Hartmann an den Architekten Moritz R\u00e4ber<sup><a href=\"#footnote_1_336\" id=\"identifier_1_336\" class=\"footnote-link footnote-identifier-link\" title=\"Geboren 25.11.1911, gestorben 12.11.2015, Luzern. Technische Hochschulen in Z&uuml;rich und Stuttgart. Diplomierter Architekt mit eigenem Architekturb&uuml;ro in Luzern. Mitglied des Bunds Schweizer Architekten BSA. 1961-1968 Mitglied der Eidgen&ouml;ssischen Kommission f&uuml;r Denkmalpflege EKD. Werkverzeichnis in: Zanoni, Luzerner Architekten, Z&uuml;rich 1985, 74f., siehe auch https:\/\/www.helveticarchives.ch\/detail.aspx?ID=738.\">1<\/a><\/sup> an der Stelle des abgebrochenen <a href=\"..\/..\/gebaeude\/chalet-reseda\/\" target=\"_blank\" rel=\"noopener noreferrer\">Chalet Reseda<\/a>.<\/p>\n<figure id=\"attachment_1314\" aria-describedby=\"caption-attachment-1314\" style=\"width: 500px\" class=\"wp-caption aligncenter\"><a href=\"http:\/\/archivinfo.ch\/felsberg\/gebaeude\/chalet-reseda\/felsbergstrasse-6-situationsplan-stalu-pa618_24\/\" rel=\"attachment wp-att-1314\"><img loading=\"lazy\" decoding=\"async\" class=\"size-medium wp-image-1314\" src=\"http:\/\/archivinfo.ch\/felsberg\/wp-content\/uploads\/plaene\/Felsbergstrasse-6-Situationsplan-STALU-PA618_24-500x373.jpg\" alt=\"\" width=\"500\" height=\"373\" srcset=\"https:\/\/archivinfo.ch\/felsberg\/wp-content\/uploads\/plaene\/Felsbergstrasse-6-Situationsplan-STALU-PA618_24-500x373.jpg 500w, https:\/\/archivinfo.ch\/felsberg\/wp-content\/uploads\/plaene\/Felsbergstrasse-6-Situationsplan-STALU-PA618_24-150x112.jpg 150w, https:\/\/archivinfo.ch\/felsberg\/wp-content\/uploads\/plaene\/Felsbergstrasse-6-Situationsplan-STALU-PA618_24-768x573.jpg 768w, https:\/\/archivinfo.ch\/felsberg\/wp-content\/uploads\/plaene\/Felsbergstrasse-6-Situationsplan-STALU-PA618_24-1024x765.jpg 1024w, https:\/\/archivinfo.ch\/felsberg\/wp-content\/uploads\/plaene\/Felsbergstrasse-6-Situationsplan-STALU-PA618_24-960x717.jpg 960w\" sizes=\"auto, (max-width: 500px) 100vw, 500px\" \/><\/a><figcaption id=\"caption-attachment-1314\" class=\"wp-caption-text\">Situationsplan Felsbergstrasse, 1960 (STALU PA 618\/24). Die Datierung ist allerdings verwirrend, da hier die Situation um 1920 wiedergegeben wird, das Haus neben dem Chalet Marguerite als \"Projektneubau\" bezeichnet\".<\/figcaption><\/figure>\n<p>Dazu finden sich im SALU: Baugesuch \/ Projekt Mehrfamilienhaus von Moritz R\u00e4ber f\u00fcr Marie-Louise Hartmann, Juni 1961: Situationsplan 1:500, Grundrisse und Fassadenansichten, Schnitt, Auszug aus dem Stadtratsprot. 6. 7. 1961 (erw\u00e4hnt 2 Einsprachen durch E. Achermann, Abendweg 9, und Stiftung f\u00fcr Wohnungsbau der SUVA, sowie Gew\u00e4hrung des N\u00e4herbaurechts durch die Stadt f\u00fcr 1250. -)<\/p>\n<figure id=\"attachment_1320\" aria-describedby=\"caption-attachment-1320\" style=\"width: 500px\" class=\"wp-caption aligncenter\"><a href=\"http:\/\/archivinfo.ch\/felsberg\/varia\/heutige-felsbergstrasse-6\/felsbergstrasse-6-ansicht-stalu-pa618_24-ausschnitt\/\"><img loading=\"lazy\" decoding=\"async\" class=\"wp-image-1320 size-medium\" src=\"http:\/\/archivinfo.ch\/felsberg\/wp-content\/uploads\/gebaeude\/Felsbergstrasse-6-Ansicht-STALU-PA618_24-AUSSCHNITT-500x252.jpg\" alt=\"\" width=\"500\" height=\"252\" srcset=\"https:\/\/archivinfo.ch\/felsberg\/wp-content\/uploads\/gebaeude\/Felsbergstrasse-6-Ansicht-STALU-PA618_24-AUSSCHNITT-500x252.jpg 500w, https:\/\/archivinfo.ch\/felsberg\/wp-content\/uploads\/gebaeude\/Felsbergstrasse-6-Ansicht-STALU-PA618_24-AUSSCHNITT-150x76.jpg 150w, https:\/\/archivinfo.ch\/felsberg\/wp-content\/uploads\/gebaeude\/Felsbergstrasse-6-Ansicht-STALU-PA618_24-AUSSCHNITT-768x387.jpg 768w, https:\/\/archivinfo.ch\/felsberg\/wp-content\/uploads\/gebaeude\/Felsbergstrasse-6-Ansicht-STALU-PA618_24-AUSSCHNITT-1024x517.jpg 1024w, https:\/\/archivinfo.ch\/felsberg\/wp-content\/uploads\/gebaeude\/Felsbergstrasse-6-Ansicht-STALU-PA618_24-AUSSCHNITT-960x484.jpg 960w\" sizes=\"auto, (max-width: 500px) 100vw, 500px\" \/><\/a><figcaption id=\"caption-attachment-1320\" class=\"wp-caption-text\">Neubau Felsbergstrasse 6, Ansicht, Architekt M. Raeber, M\u00e4rz \/ Juni 1961 (STALU PA 618\/24)<\/figcaption><\/figure>\n<p>Erw\u00e4hnenswert sind die Unterlagen im Nachlass von Moritz R\u00e4ber im STALU (PA 618\/24). Neben den Originalpl\u00e4nen und Ansichten und der Baubewilligung\u00a0umfassen sie auch die Bauabrechnung und noch einige Pl\u00e4ne und Ansichten aus Vorstudien.<\/p>\n<figure id=\"attachment_1456\" aria-describedby=\"caption-attachment-1456\" style=\"width: 500px\" class=\"wp-caption aligncenter\"><a href=\"http:\/\/archivinfo.ch\/felsberg\/varia\/heutige-felsbergstrasse-6\/felsbergstrasse-6-salu-f2a-felsbergstrasse-6\/\"><img loading=\"lazy\" decoding=\"async\" class=\"wp-image-1456 size-medium\" src=\"http:\/\/archivinfo.ch\/felsberg\/wp-content\/uploads\/varia\/Felsbergstrasse-6-SALU-F2a-Felsbergstrasse-6-500x379.jpg\" alt=\"\" width=\"500\" height=\"379\" srcset=\"https:\/\/archivinfo.ch\/felsberg\/wp-content\/uploads\/varia\/Felsbergstrasse-6-SALU-F2a-Felsbergstrasse-6-500x379.jpg 500w, https:\/\/archivinfo.ch\/felsberg\/wp-content\/uploads\/varia\/Felsbergstrasse-6-SALU-F2a-Felsbergstrasse-6-150x114.jpg 150w, https:\/\/archivinfo.ch\/felsberg\/wp-content\/uploads\/varia\/Felsbergstrasse-6-SALU-F2a-Felsbergstrasse-6-768x582.jpg 768w, https:\/\/archivinfo.ch\/felsberg\/wp-content\/uploads\/varia\/Felsbergstrasse-6-SALU-F2a-Felsbergstrasse-6-1024x775.jpg 1024w, https:\/\/archivinfo.ch\/felsberg\/wp-content\/uploads\/varia\/Felsbergstrasse-6-SALU-F2a-Felsbergstrasse-6-960x727.jpg 960w, https:\/\/archivinfo.ch\/felsberg\/wp-content\/uploads\/varia\/Felsbergstrasse-6-SALU-F2a-Felsbergstrasse-6.jpg 2018w\" sizes=\"auto, (max-width: 500px) 100vw, 500px\" \/><\/a><figcaption id=\"caption-attachment-1456\" class=\"wp-caption-text\">Haus Felsbergstrasse 6, 1963, Foto <a href=\"http:\/\/www.fotodok.swiss\/wiki\/Josef_Brun-Kaufmann\" target=\"_blank\" rel=\"noopener noreferrer\">J. Brun<\/a> (SALU F2a Felsbergstrasse 6)<\/figcaption><\/figure>\n<p>Das Aussehen des Hauses wurde durch ein 1982 neu erstelltes Dach und kleinere Erg\u00e4nzungen (zus\u00e4tzlicher Kamin West, Sonnenstoren, extern verlaufende Dachwasserrohre, Metallabdeckungen) ver\u00e4ndert.<\/p>\n<p>&nbsp;<\/p>\n<p><em>Diese Seite zuletzt ge\u00e4ndert: 2025-05-23<\/em><\/p>\n<ol class=\"footnotes\"><li id=\"footnote_1_336\" class=\"footnote\">Geboren 25.11.1911, gestorben 12.11.2015, Luzern. Technische Hochschulen in Z\u00fcrich und Stuttgart. Diplomierter Architekt mit eigenem Architekturb\u00fcro in Luzern. Mitglied des Bunds Schweizer Architekten BSA. 1961-1968 Mitglied der Eidgen\u00f6ssischen Kommission f\u00fcr Denkmalpflege EKD. Werkverzeichnis in: Zanoni, Luzerner Architekten, Z\u00fcrich 1985, 74f., siehe auch <a href=\"https:\/\/www.helveticarchives.ch\/detail.aspx?ID=738\" target=\"_blank\" rel=\"noopener noreferrer\">https:\/\/www.helveticarchives.ch\/detail.aspx?ID=738<\/a>.<span class=\"footnote-back-link-wrapper\">[<a href=\"#identifier_1_336\" class=\"footnote-link footnote-back-link\">&#8617;<\/a>]<\/span><\/li><\/ol>","protected":false},"excerpt":{"rendered":"<p>Das Haus Felsbergstrasse 6 (Neubau 1962) Das heutige Geb\u00e4ude entstand als Auftrag von Marie-Louise Hartmann an den Architekten Moritz R\u00e4ber1 an der Stelle des abgebrochenen Chalet Reseda. Dazu finden sich im SALU: Baugesuch \/ Projekt Mehrfamilienhaus von Moritz R\u00e4ber f\u00fcr Marie-Louise Hartmann, Juni 1961: Situationsplan 1:500, Grundrisse und Fassadenansichten, Schnitt, Auszug aus dem Stadtratsprot. 6. <a href=\"https:\/\/archivinfo.ch\/felsberg\/varia\/heutige-felsbergstrasse-6\/\" class=\"more-link\">\u2026weiterlesen<span class=\"screen-reader-text\"> Heutige Felsbergstrasse 6\"<\/span><\/a><\/p>\n","protected":false},"author":1,"featured_media":0,"parent":233,"menu_order":40,"comment_status":"closed","ping_status":"closed","template":"","meta":{"footnotes":""},"class_list":["post-336","page","type-page","status-publish","h-entry","hentry","h-as-page"],"_links":{"self":[{"href":"https:\/\/archivinfo.ch\/felsberg\/wp-json\/wp\/v2\/pages\/336","targetHints":{"allow":["GET"]}}],"collection":[{"href":"https:\/\/archivinfo.ch\/felsberg\/wp-json\/wp\/v2\/pages"}],"about":[{"href":"https:\/\/archivinfo.ch\/felsberg\/wp-json\/wp\/v2\/types\/page"}],"author":[{"embeddable":true,"href":"https:\/\/archivinfo.ch\/felsberg\/wp-json\/wp\/v2\/users\/1"}],"replies":[{"embeddable":true,"href":"https:\/\/archivinfo.ch\/felsberg\/wp-json\/wp\/v2\/comments?post=336"}],"version-history":[{"count":3,"href":"https:\/\/archivinfo.ch\/felsberg\/wp-json\/wp\/v2\/pages\/336\/revisions"}],"predecessor-version":[{"id":3889,"href":"https:\/\/archivinfo.ch\/felsberg\/wp-json\/wp\/v2\/pages\/336\/revisions\/3889"}],"up":[{"embeddable":true,"href":"https:\/\/archivinfo.ch\/felsberg\/wp-json\/wp\/v2\/pages\/233"}],"wp:attachment":[{"href":"https:\/\/archivinfo.ch\/felsberg\/wp-json\/wp\/v2\/media?parent=336"}],"curies":[{"name":"wp","href":"https:\/\/api.w.org\/{rel}","templated":true}]}}