{"id":335,"date":"2017-02-12T14:43:23","date_gmt":"2017-02-12T13:43:23","guid":{"rendered":"http:\/\/archivinfo.ch\/fb\/varia\/aussichtsterrasse\/"},"modified":"2018-11-11T16:28:48","modified_gmt":"2018-11-11T15:28:48","slug":"aussichtsterrasse","status":"publish","type":"page","link":"https:\/\/archivinfo.ch\/felsberg\/varia\/aussichtsterrasse\/","title":{"rendered":"Aussichtsterrasse"},"content":{"rendered":"<h2>Aussichtsterrasse<\/h2>\n<p>Nach dem Abbruch des Pensionsgeb\u00e4udes wurde 1960 der\u00a0Bau einer Aussichtsterrasse beschlossen. Die\u00a0Gestaltung der Anlage mit Teich und Kinderspielplatz \u00fcbernahm das st\u00e4dtische Tiefbauamt.<sup><a href=\"#footnote_1_335\" id=\"identifier_1_335\" class=\"footnote-link footnote-identifier-link\" title=\"Rickenbach, Seiten 27f.; Luzerner Montparnasse\">1<\/a><\/sup><\/p>\n<figure id=\"attachment_1032\" aria-describedby=\"caption-attachment-1032\" style=\"width: 500px\" class=\"wp-caption aligncenter\"><a href=\"http:\/\/archivinfo.ch\/felsberg\/varia\/aussichtsterrasse\/aussichtsterrasse-2\/\"><img loading=\"lazy\" decoding=\"async\" class=\"size-medium wp-image-1032\" src=\"http:\/\/archivinfo.ch\/felsberg\/wp-content\/uploads\/varia\/Aussichtsterrasse-500x363.jpg\" alt=\"\" width=\"500\" height=\"363\" srcset=\"https:\/\/archivinfo.ch\/felsberg\/wp-content\/uploads\/varia\/Aussichtsterrasse-500x363.jpg 500w, https:\/\/archivinfo.ch\/felsberg\/wp-content\/uploads\/varia\/Aussichtsterrasse-150x109.jpg 150w, https:\/\/archivinfo.ch\/felsberg\/wp-content\/uploads\/varia\/Aussichtsterrasse.jpg 767w\" sizes=\"auto, (max-width: 500px) 100vw, 500px\" \/><\/a><figcaption id=\"caption-attachment-1032\" class=\"wp-caption-text\">Aussichtssterrasse an der Felsbergstrasse (Abb. aus Rickenbach, S. 28)<\/figcaption><\/figure>\n<p>Neben der sch\u00f6nen Aussicht, dem Weiher (der dem Zivilschutz auch als L\u00f6schwasserreserve dienen sollte) und dem Spielplatz wurde speziell das Wandgem\u00e4lde von Alfred Schmidinger gelobt, das (eine \"l\u00f6bliche Tatsache\") \"der Stadt und damit der \u00d6ffentlichkeit geschenkt\" worden war.<\/p>\n<p>Die Anlage \"d\u00fcrfte in Ihrer ganzen Konzeption zum sch\u00f6nsten geh\u00f6ren, was in dieser Beziehung in Luzern schon geschaffen worden ist.\"<sup><a href=\"#footnote_2_335\" id=\"identifier_2_335\" class=\"footnote-link footnote-identifier-link\" title=\"Luzerner Tagblatt, 25.5.1961\">2<\/a><\/sup><\/p>\n<p><em>Diese Seite zuletzt ge\u00e4ndert: 2017-10-25<\/em><\/p>\n<ol class=\"footnotes\"><li id=\"footnote_1_335\" class=\"footnote\">Rickenbach, Seiten 27f.; Luzerner Montparnasse<span class=\"footnote-back-link-wrapper\">[<a href=\"#identifier_1_335\" class=\"footnote-link footnote-back-link\">&#8617;<\/a>]<\/span><\/li><li id=\"footnote_2_335\" class=\"footnote\">Luzerner Tagblatt, 25.5.1961<span class=\"footnote-back-link-wrapper\">[<a href=\"#identifier_2_335\" class=\"footnote-link footnote-back-link\">&#8617;<\/a>]<\/span><\/li><\/ol>","protected":false},"excerpt":{"rendered":"<p>Aussichtsterrasse Nach dem Abbruch des Pensionsgeb\u00e4udes wurde 1960 der\u00a0Bau einer Aussichtsterrasse beschlossen. Die\u00a0Gestaltung der Anlage mit Teich und Kinderspielplatz \u00fcbernahm das st\u00e4dtische Tiefbauamt.1 Neben der sch\u00f6nen Aussicht, dem Weiher (der dem Zivilschutz auch als L\u00f6schwasserreserve dienen sollte) und dem Spielplatz wurde speziell das Wandgem\u00e4lde von Alfred Schmidinger gelobt, das (eine \"l\u00f6bliche Tatsache\") \"der Stadt und <a href=\"https:\/\/archivinfo.ch\/felsberg\/varia\/aussichtsterrasse\/\" class=\"more-link\">\u2026weiterlesen<span class=\"screen-reader-text\"> Aussichtsterrasse\"<\/span><\/a><\/p>\n","protected":false},"author":1,"featured_media":0,"parent":233,"menu_order":13,"comment_status":"closed","ping_status":"closed","template":"","meta":{"footnotes":""},"class_list":["post-335","page","type-page","status-publish","h-entry","hentry","h-as-page"],"_links":{"self":[{"href":"https:\/\/archivinfo.ch\/felsberg\/wp-json\/wp\/v2\/pages\/335","targetHints":{"allow":["GET"]}}],"collection":[{"href":"https:\/\/archivinfo.ch\/felsberg\/wp-json\/wp\/v2\/pages"}],"about":[{"href":"https:\/\/archivinfo.ch\/felsberg\/wp-json\/wp\/v2\/types\/page"}],"author":[{"embeddable":true,"href":"https:\/\/archivinfo.ch\/felsberg\/wp-json\/wp\/v2\/users\/1"}],"replies":[{"embeddable":true,"href":"https:\/\/archivinfo.ch\/felsberg\/wp-json\/wp\/v2\/comments?post=335"}],"version-history":[{"count":0,"href":"https:\/\/archivinfo.ch\/felsberg\/wp-json\/wp\/v2\/pages\/335\/revisions"}],"up":[{"embeddable":true,"href":"https:\/\/archivinfo.ch\/felsberg\/wp-json\/wp\/v2\/pages\/233"}],"wp:attachment":[{"href":"https:\/\/archivinfo.ch\/felsberg\/wp-json\/wp\/v2\/media?parent=335"}],"curies":[{"name":"wp","href":"https:\/\/api.w.org\/{rel}","templated":true}]}}