{"id":323,"date":"2017-02-12T14:41:29","date_gmt":"2017-02-12T13:41:29","guid":{"rendered":"http:\/\/archivinfo.ch\/fb\/pietzcker\/hermann-alexander-pietzcker\/"},"modified":"2025-05-23T16:12:45","modified_gmt":"2025-05-23T14:12:45","slug":"hermann-alexander-pietzcker","status":"publish","type":"page","link":"https:\/\/archivinfo.ch\/felsberg\/pietzcker\/hermann-alexander-pietzcker\/","title":{"rendered":"&gt; Hermann Alexander Pietzcker"},"content":{"rendered":"<h3>Hermann Alexander Pietzcker<\/h3>\n<p>Hermann Alexander Pietzcker wird am 18. Dezember <a href=\"https:\/\/archivinfo.ch\/pietzker\/#\/person?uniqueID=AA676F29-B987-4821-8D5A-E36C1677D525\" target=\"_blank\" rel=\"noopener noreferrer\">1850<\/a> in T\u00e4gerwilen als Sohn des <a href=\"..\/friedrich-alexander-pietzcker\/\">Friedrich Alexander Pietzcker<\/a> und der <a href=\"..\/jeannette-hippenmeyer\/\">Johanna Katharina Hippenmeyer<\/a> geboren.<\/p>\n<figure id=\"attachment_71\" aria-describedby=\"caption-attachment-71\" style=\"width: 373px\" class=\"wp-caption aligncenter\"><a href=\"http:\/\/archivinfo.ch\/felsberg\/pietzcker\/hermann-alexander-pietzcker\/pietzker_hermann_luzerner_chronik\/\"><img loading=\"lazy\" decoding=\"async\" class=\"wp-image-71 size-medium\" src=\"http:\/\/archivinfo.ch\/felsberg\/wp-content\/uploads\/pietzcker\/pietzker_hermann_luzerner_chronik-373x500.jpg\" alt=\"\" width=\"373\" height=\"500\" srcset=\"https:\/\/archivinfo.ch\/felsberg\/wp-content\/uploads\/pietzcker\/pietzker_hermann_luzerner_chronik-373x500.jpg 373w, https:\/\/archivinfo.ch\/felsberg\/wp-content\/uploads\/pietzcker\/pietzker_hermann_luzerner_chronik-112x150.jpg 112w, https:\/\/archivinfo.ch\/felsberg\/wp-content\/uploads\/pietzcker\/pietzker_hermann_luzerner_chronik-768x1031.jpg 768w, https:\/\/archivinfo.ch\/felsberg\/wp-content\/uploads\/pietzcker\/pietzker_hermann_luzerner_chronik-763x1024.jpg 763w, https:\/\/archivinfo.ch\/felsberg\/wp-content\/uploads\/pietzcker\/pietzker_hermann_luzerner_chronik.jpg 933w\" sizes=\"auto, (max-width: 373px) 100vw, 373px\" \/><\/a><figcaption id=\"caption-attachment-71\" class=\"wp-caption-text\">Pietzcker, Hermann Alexander (aus dem Nachruf in der Luzerner Chronik)<\/figcaption><\/figure>\n<p>Schon im folgenden Jahr zieht die Familie nach Luzern, wo er vermutlich seine Kindheit verbringt. 1863\/64 besucht er in Luzern die erste und 1864\/65 die zweite Klasse des Gymnasiums (Kantonsschule), kann aber nicht weiter steigen.<\/p>\n<p>Circa 1861\/1864 lassen sich seine Eltern scheiden. \u00dcber den Aufenthaltsort von Hermann Alexander ist nichts bekannt. Urspr\u00fcnglich B\u00fcrger von Lindau, erh\u00e4lt er 1867 (zusammen mit seinem <a href=\"https:\/\/archivinfo.ch\/felsberg\/pietzcker\/friedrich-alexander-pietzcker\/\">Vater<\/a>) das B\u00fcrgerrecht von Vira-Gamborogno TI, bis er schlussendlich 1882<sup><a href=\"#footnote_1_323\" id=\"identifier_1_323\" class=\"footnote-link footnote-identifier-link\" title=\"SALU B2N\/664:36 und STALU AKT 313\/5977\">1<\/a><\/sup> in Luzern eingeb\u00fcrgert wird.<\/p>\n<p>1873 erh\u00e4lt er die Niederlassungsbewilligung in der Stadt Luzern. Vermutlich leistet er in dieser Zeit Milit\u00e4rdienst. 1876 ist er Oberleutnant der Kavallerie (Dragoner). 1877-1878 wird er zum k.u.k. Drag Rgt Alexander Prinz von Hessen Nr. 6 in Wien abkommandiert.<sup><a href=\"#footnote_2_323\" id=\"identifier_2_323\" class=\"footnote-link footnote-identifier-link\" title=\"Bundesarchiv E27#1000\/721#12444*, Abkommandierungen, Oblt Pietzker zum k.u.k. Drag Rgt Alexander Prinz von Hessen Nr. 6 in Wien, 1877-1878.\">2<\/a><\/sup><\/p>\n<p>Vermutlich lernt er in diesem Aufenthalt die Baronin <a href=\"..\/margaretha-apor-de-altorja\/\">Margaretha Maria Franziska Johanna (genannt Margit) Apor de Altorja<\/a> kennen. Sie heiraten 1881 r\u00f6misch-katholisch in Baden-St. Stephan\u00a0bei Wien<sup><a href=\"#footnote_3_323\" id=\"identifier_3_323\" class=\"footnote-link footnote-identifier-link\" title=\"Mit einer Dispens vom bisch&ouml;flichen Ordinariat in Luzern&quot; vom 28.11.1880: siehe http:\/\/data.matricula-online.eu\/de\/oesterreich\/wien\/baden-st-stephan\/02-12\/?pg=191\">3<\/a><\/sup> und legen dabei einen Vertrag betreffend die katholische Erziehung ihrer Kinder vor.<sup><a href=\"#footnote_4_323\" id=\"identifier_4_323\" class=\"footnote-link footnote-identifier-link\" title=\"Der Vertrag ist nicht bekannt. Es wird gesagt, man habe Knaben protestantisch erziehen wollen, M&auml;dchen katholisch. Das Ehepaar hatte dann 5 T&ouml;chter.\">4<\/a><\/sup> Trauzeuge ist. u.a. sein Bruder <a href=\"http:\/\/www.archivinfo.ch\/pietzker\/wc01\/wc01_002.html\" target=\"_blank\" rel=\"noopener noreferrer\">Hugo<\/a>, Leutnant.<\/p>\n<p>In Luzern haben sie dann 5 Kinder: <a href=\"https:\/\/archivinfo.ch\/pietzker\/#\/person?uniqueID=A18FE16E-0CB3-4120-9625-F948C28C6F31\" target=\"_blank\" rel=\"noopener noreferrer\">Gabriele <\/a>(1882-1929), <a href=\"http:\/\/www.archivinfo.ch\/pietzker\/wc01\/wc01_005.html\" target=\"_blank\" rel=\"noopener noreferrer\">Jeanne <\/a>(1884-1955), <a href=\"..\/alice-pietzcker\/\">Alice <\/a>(1887-1976), <a href=\"https:\/\/archivinfo.ch\/pietzker\/#\/person?uniqueID=0EABE736-047B-4E94-9D10-422A3584895B\" target=\"_blank\" rel=\"noopener noreferrer\">Marie <\/a>(1890-1956)\u00a0und <a href=\"https:\/\/archivinfo.ch\/pietzker\/#\/person?uniqueID=91C25909-7C78-4AEA-8B7E-980A41D48CB7\" target=\"_blank\" rel=\"noopener noreferrer\">Marguerithe <\/a>(1898-1978).<\/p>\n<p>Hermann setzt seine milit\u00e4rische Karriere fort, 1879 wird er Hauptmann, dann Major, 1887 Kommandant des Dragonerregiments IV, 1891 Instruktor der I. Klasse der Kavallerie, dann Oberstleutnant.<sup><a href=\"#footnote_5_323\" id=\"identifier_5_323\" class=\"footnote-link footnote-identifier-link\" title=\"Bundesarchiv E27#1000\/721#12147*, Abkommandierung, Oberst Hebbel und Oberstlt Pietzker zu den franz&ouml;sischen Man&ouml;vern; Berichte, Bd 1 - 3, 1895-1896.\">5<\/a><\/sup> Aus dieser Zeit scheint auch seine enge Freundschaft mit dem sp\u00e4teren General <a href=\"http:\/\/www.hls-dhs-dss.ch\/textes\/d\/D24433.php\" target=\"_blank\" rel=\"noopener noreferrer\">Ulrich Wille<\/a> zu stammen.<\/p>\n<p>1896 endet seine Karriere:\u00a0Pietzcker war 1896 als Kommandant der Kavalleriebrigade 4 vorgeschlagen worden (Wille war damals Waffenchef der Kavallerie), wurde aber vom Bundesrat nicht ber\u00fccksichtigt. Gew\u00e4hlt wurde der Aargauer Oberst Markwalder. Darauf demissionierte Pietzcker.<sup><a href=\"#footnote_6_323\" id=\"identifier_6_323\" class=\"footnote-link footnote-identifier-link\" title=\"Bundesarchiv E27#1000\/721#4657*, Beschwerde von Oberstlt Pietzker gegen Oberst Markwalder wegen Verleumdung, 1896.\">6<\/a><\/sup> Diese sogenannte \"Markwalder-Aff\u00e4re\" war auch der Ausl\u00f6ser f\u00fcr die Demission von Wille 1896.<\/p>\n<p>1897 sehen wir ihn in Luzern als Verfasser der Wohnungsenqu\u00eate der Stadt Luzern. 1899-1900 besitzt er zusammen mit <a href=\"http:\/\/www.hls-dhs-dss.ch\/textes\/d\/D14875.php\" target=\"_blank\" rel=\"noopener noreferrer\">Hans Pfyffer<\/a> eine Firma \"Pietzcker &amp; Co.\" an der Haldenstrasse 23 (Nationalhof) zum Cigarren- und Cigarettenimport. 1901 wird er erster Direktor des Internationalen Kriegs- und Friedensmuseum, nach Streitigkeiten im Verwaltungsrat demissioniert er 1903.<span class=\"colSecond\"><sup><a href=\"#footnote_7_323\" id=\"identifier_7_323\" class=\"footnote-link footnote-identifier-link\" title=\"B&uuml;rgi, S. 84, sowie:&nbsp;Walter Troxler, Daniela Walker, Markus Furrer (Hg.), Jan Bloch und das internationale Kriegs- und Friedensmuseum in Luzern, 2010, S. 133;&nbsp;Delf Bucher .. [et al.]., Friedenstauben und Krupp-Kanonen : 100 Jahre Internationales Kriegs- und Friedensmuseum Luzern., 2002, S. 27\">7<\/a><\/sup> Im September 1906 pr\u00e4sidiert er \"ein zehnt\u00e4giges Volksfest, \u00e4hnlich dem M\u00fcnchener Oktoberfest\".<sup><a href=\"#footnote_8_323\" id=\"identifier_8_323\" class=\"footnote-link footnote-identifier-link\" title=\"In:&nbsp;Gr&uuml;tlianer, 4. September 1906 (www.e-newspaperarchives.ch\/?a=d&amp;d=GTR19060904-01.2.6), vgl. auch STALU&nbsp;AKT 414\/8, Oktoberfest in Luzern: Streit zwischen dem Luzernischen Blinden-F&uuml;rsorge-Verein und Oberleutnant Pietzcker um den Reingewinn, 1906-1907\">8<\/a><\/sup><\/span><\/p>\n<p>Auch in seiner weiteren wirtschaftlichen T\u00e4tigkeit scheint er wenig Erfolg gehabt zu haben. Ende 1906 erscheint im Kantonsblatt ein Schuldenruf,<sup><a href=\"#footnote_9_323\" id=\"identifier_9_323\" class=\"footnote-link footnote-identifier-link\" title=\"Der Schuldenruf erscheint z. B. auch in der Wiener Zeitung vom 10.11.1906 und 11.11.1906.\">9<\/a><\/sup> kurz darauf behandelt der Ortsb\u00fcrgerrat Luzern eine Eingabe von Hermann Pietzker in der er w\u00fcnscht, \"veranlasst durch seine in den letzten Jahren gemachten Erfahrungen, der Unzul\u00e4nglichkeit seiner Gesch\u00e4ftskenntnisse und seine gutm\u00fctige Leichtgl\u00e4ubigkeit\" sich auf eine Reihe von Jahren freiwillig unter Vormundschaft in Form der Verbeist\u00e4ndung (Beistandschaft) zu begeben. Als Vormund wird auf seinen Wunsch Regierungsrat <a href=\"http:\/\/www.hls-dhs-dss.ch\/textes\/d\/D4200.php\" target=\"_blank\" rel=\"noopener noreferrer\">J. Schobinger<\/a>\u00a0bestimmt.\u00a0Am gleichen Tag wird die Verg\u00fcltung der Liegenschaft Felsberg genehmigt. Hermann scheint stark verschuldet zu sein.<\/p>\n<p>An der Pension war er jedoch nie aktiv beteiligt. Bis zu ihrem Tod 1905 wurde sie durch die Mutter Jeanette gef\u00fchrt, danach gr\u00fcndeten deren Erben (Hermann Alexander, Hugo, und die Kinder des Hermann, Gabrielle Balthasar-Pietzker, Jeanne\u00a0Pietzcker und die minderj\u00e4hrigen <a href=\"..\/alice-pietzcker\/\">Alice<\/a>, Marie und Marguerithe (letztere mit Beistand des Oberst Ulrich Wille) die Aktiengesellschaft \"J. Pietzcker\u2019s Erben, Pension Felsberg\". Einzige Vertreterin der Gesellschaft war aber Marguerite Pietzcker, Hermanns Ehefrau.<\/p>\n<p>\u00dcber seine weiteren T\u00e4tigkeiten ist nicht bekannt.<\/p>\n<p>Am 15. August 1932 stirbt er in Luzern.<\/p>\n<p><em>Werke:<\/em><\/p>\n<ul>\n<li>R\u00fcckblick und Neujahrsw\u00fcnsche eines Kavalleristen. In: Allgemeine schweizerische Milit\u00e4rzeitung, 26=46\/10 (1880)<\/li>\n<li>Die Pferdepflege w\u00e4hrend der Man\u00f6ver, zum Gebrauch der Schweiz. Kavallerie auf dienstliche Veranlassung zusammengestellt. 1887.<\/li>\n<li>Eine zeitgem\u00e4sse Reorganisation zum Vortheile des Staates, der Armee und der Waffe, angeregt durch einen Stabsoffizier der eidgen. Kavallerie. Luzern 1890.<\/li>\n<li>Die Wohnungs-Enqu\u00eate in der Stadt Luzern vom 10. Mai bis 3. Juli 1897. Luzern 1898.<\/li>\n<li>Die Man\u00f6ver des I. Armeekorps 1903. Basel 1904.<\/li>\n<li>Die Man\u00f6ver des III. Armeekorps 1904. Basel 1905 (Allgemeine Schweizerische Milit\u00e4rzeitung. Beilage; 1905, H. I).<\/li>\n<li>Erinnerungen aus meiner Dienstzeit. Pf\u00e4ffikon-Z\u00fcrich 1925.<\/li>\n<\/ul>\n<p>Detailliertere Informationen zur Person und zur weiteren Verwandtschaft finden sich im separaten <a href=\"http:\/\/www.archivinfo.ch\/pietzker\/index.html\" target=\"_blank\" rel=\"noopener noreferrer\">Stammbaum<\/a>.<\/p>\n<p>&nbsp;<\/p>\n<p><em>Diese Seite zuletzt ge\u00e4ndert: 2024-12-08<\/em><\/p>\n<ol class=\"footnotes\"><li id=\"footnote_1_323\" class=\"footnote\">SALU B2N\/664:36 und STALU AKT 313\/5977<span class=\"footnote-back-link-wrapper\">[<a href=\"#identifier_1_323\" class=\"footnote-link footnote-back-link\">&#8617;<\/a>]<\/span><\/li><li id=\"footnote_2_323\" class=\"footnote\">Bundesarchiv E27#1000\/721#12444*, Abkommandierungen, Oblt <span class=\"highlightText\">Pietzker<\/span> zum k.u.k. Drag Rgt Alexander Prinz von Hessen Nr. 6 in Wien, 1877-1878.<span class=\"footnote-back-link-wrapper\">[<a href=\"#identifier_2_323\" class=\"footnote-link footnote-back-link\">&#8617;<\/a>]<\/span><\/li><li id=\"footnote_3_323\" class=\"footnote\">Mit einer Dispens vom bisch\u00f6flichen Ordinariat in Luzern\" vom 28.11.1880: siehe <a href=\"http:\/\/data.matricula-online.eu\/de\/oesterreich\/wien\/baden-st-stephan\/02-12\/?pg=191\" target=\"_blank\" rel=\"noopener noreferrer\">http:\/\/data.matricula-online.eu\/de\/oesterreich\/wien\/baden-st-stephan\/02-12\/?pg=191<\/a><span class=\"footnote-back-link-wrapper\">[<a href=\"#identifier_3_323\" class=\"footnote-link footnote-back-link\">&#8617;<\/a>]<\/span><\/li><li id=\"footnote_4_323\" class=\"footnote\">Der Vertrag ist nicht bekannt. Es wird gesagt, man habe Knaben protestantisch erziehen wollen, M\u00e4dchen katholisch. Das Ehepaar hatte dann 5 T\u00f6chter.<span class=\"footnote-back-link-wrapper\">[<a href=\"#identifier_4_323\" class=\"footnote-link footnote-back-link\">&#8617;<\/a>]<\/span><\/li><li id=\"footnote_5_323\" class=\"footnote\">Bundesarchiv E27#1000\/721#12147*, Abkommandierung, Oberst Hebbel und Oberstlt <span class=\"highlightText\">Pietzker<\/span> zu den franz\u00f6sischen Man\u00f6vern; Berichte, Bd 1 - 3, 1895-1896.<span class=\"footnote-back-link-wrapper\">[<a href=\"#identifier_5_323\" class=\"footnote-link footnote-back-link\">&#8617;<\/a>]<\/span><\/li><li id=\"footnote_6_323\" class=\"footnote\">Bundesarchiv E27#1000\/721#4657*, Beschwerde von Oberstlt <span class=\"highlightText\">Pietzker<\/span> gegen Oberst Markwalder wegen Verleumdung, 1896.<span class=\"footnote-back-link-wrapper\">[<a href=\"#identifier_6_323\" class=\"footnote-link footnote-back-link\">&#8617;<\/a>]<\/span><\/li><li id=\"footnote_7_323\" class=\"footnote\">B\u00fcrgi, S. 84, sowie:\u00a0Walter Troxler, Daniela Walker, Markus Furrer (Hg.), Jan Bloch und das internationale Kriegs- und Friedensmuseum in Luzern, 2010, S. 133;\u00a0Delf Bucher .. [et al.]., Friedenstauben und Krupp-Kanonen : 100 Jahre Internationales Kriegs- und Friedensmuseum Luzern., 2002, S. 27<span class=\"footnote-back-link-wrapper\">[<a href=\"#identifier_7_323\" class=\"footnote-link footnote-back-link\">&#8617;<\/a>]<\/span><\/li><li id=\"footnote_8_323\" class=\"footnote\">In:\u00a0<\/span>Gr\u00fctlianer, 4. September 1906 (<span class=\"colSecond\">www.e-newspaperarchives.ch\/?a=d&amp;d=GTR19060904-01.2.6), vgl. auch STALU\u00a0<\/span>AKT 414\/8, Oktoberfest in Luzern: Streit zwischen dem Luzernischen Blinden-F\u00fcrsorge-Verein und Oberleutnant Pietzcker um den Reingewinn, 1906-1907<span class=\"colSecond\"><span class=\"footnote-back-link-wrapper\">[<a href=\"#identifier_8_323\" class=\"footnote-link footnote-back-link\">&#8617;<\/a>]<\/span><\/li><li id=\"footnote_9_323\" class=\"footnote\">Der Schuldenruf erscheint z. B. auch in der Wiener Zeitung vom 10.11.1906 und 11.11.1906.<span class=\"footnote-back-link-wrapper\">[<a href=\"#identifier_9_323\" class=\"footnote-link footnote-back-link\">&#8617;<\/a>]<\/span><\/li><\/ol>","protected":false},"excerpt":{"rendered":"<p>Hermann Alexander Pietzcker Hermann Alexander Pietzcker wird am 18. Dezember 1850 in T\u00e4gerwilen als Sohn des Friedrich Alexander Pietzcker und der Johanna Katharina Hippenmeyer geboren. Schon im folgenden Jahr zieht die Familie nach Luzern, wo er vermutlich seine Kindheit verbringt. 1863\/64 besucht er in Luzern die erste und 1864\/65 die zweite Klasse des Gymnasiums (Kantonsschule), <a href=\"https:\/\/archivinfo.ch\/felsberg\/pietzcker\/hermann-alexander-pietzcker\/\" class=\"more-link\">\u2026weiterlesen<span class=\"screen-reader-text\"> &gt; Hermann Alexander Pietzcker\"<\/span><\/a><\/p>\n","protected":false},"author":1,"featured_media":0,"parent":228,"menu_order":6,"comment_status":"closed","ping_status":"closed","template":"","meta":{"footnotes":""},"class_list":["post-323","page","type-page","status-publish","h-entry","hentry","h-as-page"],"_links":{"self":[{"href":"https:\/\/archivinfo.ch\/felsberg\/wp-json\/wp\/v2\/pages\/323","targetHints":{"allow":["GET"]}}],"collection":[{"href":"https:\/\/archivinfo.ch\/felsberg\/wp-json\/wp\/v2\/pages"}],"about":[{"href":"https:\/\/archivinfo.ch\/felsberg\/wp-json\/wp\/v2\/types\/page"}],"author":[{"embeddable":true,"href":"https:\/\/archivinfo.ch\/felsberg\/wp-json\/wp\/v2\/users\/1"}],"replies":[{"embeddable":true,"href":"https:\/\/archivinfo.ch\/felsberg\/wp-json\/wp\/v2\/comments?post=323"}],"version-history":[{"count":5,"href":"https:\/\/archivinfo.ch\/felsberg\/wp-json\/wp\/v2\/pages\/323\/revisions"}],"predecessor-version":[{"id":3894,"href":"https:\/\/archivinfo.ch\/felsberg\/wp-json\/wp\/v2\/pages\/323\/revisions\/3894"}],"up":[{"embeddable":true,"href":"https:\/\/archivinfo.ch\/felsberg\/wp-json\/wp\/v2\/pages\/228"}],"wp:attachment":[{"href":"https:\/\/archivinfo.ch\/felsberg\/wp-json\/wp\/v2\/media?parent=323"}],"curies":[{"name":"wp","href":"https:\/\/api.w.org\/{rel}","templated":true}]}}