{"id":322,"date":"2017-02-12T14:41:29","date_gmt":"2017-02-12T13:41:29","guid":{"rendered":"http:\/\/archivinfo.ch\/fb\/pietzcker\/jeannette-hippenmeyer\/"},"modified":"2025-04-25T10:13:20","modified_gmt":"2025-04-25T08:13:20","slug":"jeannette-hippenmeyer","status":"publish","type":"page","link":"https:\/\/archivinfo.ch\/felsberg\/pietzcker\/jeannette-hippenmeyer\/","title":{"rendered":"Jeannette Hippenmeyer"},"content":{"rendered":"<h3>Jeannette Hippenmeyer<\/h3>\n<p>Johanna Katharina (sp\u00e4ter genannt Jeanette) Hippenmeyer wurde am 7. November <a href=\"https:\/\/archivinfo.ch\/pietzker\/#\/person?uniqueID=0CD98DF6-C354-4CCD-A769-32F4DB9E3F11\" target=\"_blank\" rel=\"noopener noreferrer\">1827<\/a> geboren als Tochter des Johann Hippenmeyer (1779-1854) und der Maria Katharina Beutler.<\/p>\n<p>1850 heiratet sie in Gottlieben TG den aus Lindau kommenden Kapit\u00e4n der K\u00f6niglich-bayrischen Dampfschiffgesellschaft <a href=\"..\/friedrich-alexander-pietzcker\/\">Friedrich Alexander Pietzcker<\/a>. Am 18.12.1850 wird in T\u00e4gerwilen ihr erster Sohn\u00a0<a href=\"..\/hermann-alexander-pietzcker\/\">Hermann Alexander<\/a>\u00a0geboren.<\/p>\n<figure id=\"attachment_1147\" aria-describedby=\"caption-attachment-1147\" style=\"width: 357px\" class=\"wp-caption aligncenter\"><a href=\"http:\/\/archivinfo.ch\/felsberg\/pietzcker\/jeannette-hippenmeyer\/pietzcker-hippenmeyer-stalu-pa-122_27a\/\"><img loading=\"lazy\" decoding=\"async\" class=\"wp-image-1147 size-medium\" src=\"http:\/\/archivinfo.ch\/felsberg\/wp-content\/uploads\/pietzcker\/Pietzcker-Hippenmeyer-STALU-PA-122_27a-357x500.jpg\" alt=\"\" width=\"357\" height=\"500\" srcset=\"https:\/\/archivinfo.ch\/felsberg\/wp-content\/uploads\/pietzcker\/Pietzcker-Hippenmeyer-STALU-PA-122_27a-357x500.jpg 357w, https:\/\/archivinfo.ch\/felsberg\/wp-content\/uploads\/pietzcker\/Pietzcker-Hippenmeyer-STALU-PA-122_27a-107x150.jpg 107w, https:\/\/archivinfo.ch\/felsberg\/wp-content\/uploads\/pietzcker\/Pietzcker-Hippenmeyer-STALU-PA-122_27a-768x1076.jpg 768w, https:\/\/archivinfo.ch\/felsberg\/wp-content\/uploads\/pietzcker\/Pietzcker-Hippenmeyer-STALU-PA-122_27a-731x1024.jpg 731w, https:\/\/archivinfo.ch\/felsberg\/wp-content\/uploads\/pietzcker\/Pietzcker-Hippenmeyer-STALU-PA-122_27a-960x1344.jpg 960w\" sizes=\"auto, (max-width: 357px) 100vw, 357px\" \/><\/a><figcaption id=\"caption-attachment-1147\" class=\"wp-caption-text\">Hippenmeyer, Jeanette (STALU PA 122\/27)<\/figcaption><\/figure>\n<p>Danach verl\u00e4sst die Familie das Bodensee-Gebiet: 1851 wird Friedrich in Luzern als Kapit\u00e4n der Kn\u00f6rr'schen Dampfschiffahrtsgesellschaft angestellt und l\u00e4sst sich hier nieder. 1852 wird hier ihr zweiter Sohn\u00a0<a href=\"http:\/\/www.archivinfo.ch\/pietzker\/wc01\/wc01_002.html\" target=\"_blank\" rel=\"noopener noreferrer\">Karl Hugo<\/a>\u00a0geboren.<\/p>\n<p>1854 kauft Friedrich in Luzern das sogenannte \"Zinggenh\u00fcsli\" an der Zingentorstrasse 2 und f\u00fchrt hier kurz eine Pension \"Bellevue\". 1860 verkauft er das Haus wieder und kauft die Liegenschaft und\u00a0<a href=\"..\/..\/pension\/betreiber\/\">Pension Felsberg<\/a>.<\/p>\n<p>Circa 1861\/1864 l\u00e4sst sich Jeanette Pietzcker-Hippenmeyer von ihrem Mann scheiden. In der Folge muss er die Kapit\u00e4nsstelle aufgeben, zieht von Luzern weg und verkauft ihr Ende 1866 (zu diesem Zeitpunkt wohnt er in Frauenfeld) seinen Anteil an der Liegenschaft Felsberg.<\/p>\n<p>Trotz Scheidung und reformierter Konfession scheint sich Jeanette Hippenmeyer erfolgreich in die (katholische) Luzerner Gesellschaft integrieren zu k\u00f6nnen. Sie baut die Pension stark aus und scheint bis zu ihrem Tode den Betrieb selber zu f\u00fchren - ihre beiden S\u00f6hne beginnen eine milit\u00e4rische Karriere.<\/p>\n<p>Am 10. Mai 1905 stirbt sie in Luzern.<sup><a href=\"#footnote_1_322\" id=\"identifier_1_322\" class=\"footnote-link footnote-identifier-link\" title=\"Nachruf im Luzerner Tagblatt, 11.5.1905\">1<\/a><\/sup><\/p>\n<figure id=\"attachment_1146\" aria-describedby=\"caption-attachment-1146\" style=\"width: 367px\" class=\"wp-caption aligncenter\"><a href=\"http:\/\/archivinfo.ch\/felsberg\/pietzcker\/jeannette-hippenmeyer\/pietzcker-hippenmeyer-stalu-pa-122_23\/\"><img loading=\"lazy\" decoding=\"async\" class=\"wp-image-1146 size-medium\" src=\"http:\/\/archivinfo.ch\/felsberg\/wp-content\/uploads\/pietzcker\/Pietzcker-Hippenmeyer-STALU-PA-122_23-367x500.jpg\" alt=\"\" width=\"367\" height=\"500\" srcset=\"https:\/\/archivinfo.ch\/felsberg\/wp-content\/uploads\/pietzcker\/Pietzcker-Hippenmeyer-STALU-PA-122_23-367x500.jpg 367w, https:\/\/archivinfo.ch\/felsberg\/wp-content\/uploads\/pietzcker\/Pietzcker-Hippenmeyer-STALU-PA-122_23-110x150.jpg 110w, https:\/\/archivinfo.ch\/felsberg\/wp-content\/uploads\/pietzcker\/Pietzcker-Hippenmeyer-STALU-PA-122_23-768x1046.jpg 768w, https:\/\/archivinfo.ch\/felsberg\/wp-content\/uploads\/pietzcker\/Pietzcker-Hippenmeyer-STALU-PA-122_23-752x1024.jpg 752w, https:\/\/archivinfo.ch\/felsberg\/wp-content\/uploads\/pietzcker\/Pietzcker-Hippenmeyer-STALU-PA-122_23-960x1307.jpg 960w\" sizes=\"auto, (max-width: 367px) 100vw, 367px\" \/><\/a><figcaption id=\"caption-attachment-1146\" class=\"wp-caption-text\">Hippenmeyer, Jeanette (STALU PA 122\/23)<\/figcaption><\/figure>\n<p>Detailliertere Informationen zur Person und zur weiteren Verwandtschaft finden sich im separaten <a href=\"http:\/\/www.archivinfo.ch\/pietzker\/index.html\" target=\"_blank\" rel=\"noopener noreferrer\">Stammbaum<\/a>.<\/p>\n<p>&nbsp;<\/p>\n<p><em>Diese Seite zuletzt ge\u00e4ndert: 2024-02-02<\/em><\/p>\n<ol class=\"footnotes\"><li id=\"footnote_1_322\" class=\"footnote\">Nachruf im Luzerner Tagblatt, 11.5.1905<span class=\"footnote-back-link-wrapper\">[<a href=\"#identifier_1_322\" class=\"footnote-link footnote-back-link\">&#8617;<\/a>]<\/span><\/li><\/ol>","protected":false},"excerpt":{"rendered":"<p>Jeannette Hippenmeyer Johanna Katharina (sp\u00e4ter genannt Jeanette) Hippenmeyer wurde am 7. November 1827 geboren als Tochter des Johann Hippenmeyer (1779-1854) und der Maria Katharina Beutler. 1850 heiratet sie in Gottlieben TG den aus Lindau kommenden Kapit\u00e4n der K\u00f6niglich-bayrischen Dampfschiffgesellschaft Friedrich Alexander Pietzcker. Am 18.12.1850 wird in T\u00e4gerwilen ihr erster Sohn\u00a0Hermann Alexander\u00a0geboren. Danach verl\u00e4sst die Familie <a href=\"https:\/\/archivinfo.ch\/felsberg\/pietzcker\/jeannette-hippenmeyer\/\" class=\"more-link\">\u2026weiterlesen<span class=\"screen-reader-text\"> Jeannette Hippenmeyer\"<\/span><\/a><\/p>\n","protected":false},"author":1,"featured_media":0,"parent":228,"menu_order":1,"comment_status":"closed","ping_status":"closed","template":"","meta":{"footnotes":""},"class_list":["post-322","page","type-page","status-publish","h-entry","hentry","h-as-page"],"_links":{"self":[{"href":"https:\/\/archivinfo.ch\/felsberg\/wp-json\/wp\/v2\/pages\/322","targetHints":{"allow":["GET"]}}],"collection":[{"href":"https:\/\/archivinfo.ch\/felsberg\/wp-json\/wp\/v2\/pages"}],"about":[{"href":"https:\/\/archivinfo.ch\/felsberg\/wp-json\/wp\/v2\/types\/page"}],"author":[{"embeddable":true,"href":"https:\/\/archivinfo.ch\/felsberg\/wp-json\/wp\/v2\/users\/1"}],"replies":[{"embeddable":true,"href":"https:\/\/archivinfo.ch\/felsberg\/wp-json\/wp\/v2\/comments?post=322"}],"version-history":[{"count":3,"href":"https:\/\/archivinfo.ch\/felsberg\/wp-json\/wp\/v2\/pages\/322\/revisions"}],"predecessor-version":[{"id":3771,"href":"https:\/\/archivinfo.ch\/felsberg\/wp-json\/wp\/v2\/pages\/322\/revisions\/3771"}],"up":[{"embeddable":true,"href":"https:\/\/archivinfo.ch\/felsberg\/wp-json\/wp\/v2\/pages\/228"}],"wp:attachment":[{"href":"https:\/\/archivinfo.ch\/felsberg\/wp-json\/wp\/v2\/media?parent=322"}],"curies":[{"name":"wp","href":"https:\/\/api.w.org\/{rel}","templated":true}]}}