{"id":312,"date":"2017-02-12T14:32:30","date_gmt":"2017-02-12T13:32:30","guid":{"rendered":"http:\/\/archivinfo.ch\/fb\/varia\/to-do\/"},"modified":"2026-03-12T19:54:08","modified_gmt":"2026-03-12T18:54:08","slug":"to-do","status":"publish","type":"page","link":"https:\/\/archivinfo.ch\/felsberg\/varia\/to-do\/","title":{"rendered":"to do"},"content":{"rendered":"<h2>to do: zu erledigen<\/h2>\n<p><strong>Archiv DA Luzern<\/strong><\/p>\n<ul>\n<li>Juli Dov\u00e9, Gartendenkmalpflegerisches Kurzgutachten, 2010.<\/li>\n<li>Fl\u00fcckiger \/ Seiler<\/li>\n<li>Weiteres in deren Dokumentation?<\/li>\n<\/ul>\n<p><strong>Stadt Luzern (Immobilien) = Bauherrschaft Umbau Schulanlage Felsberg<\/strong><\/p>\n<ul>\n<li>Antje Lichtenauser, Baumbiologische Untersuchung, 2010.<\/li>\n<\/ul>\n<p><strong>Staatsarchiv Luzern<\/strong><\/p>\n<ul>\n<li>PLA 203\/11: Stadtplan, 1880<\/li>\n<li>PA xx (Briefe von Gabriela von Balthasar an den Sohn Sohn Hans Urs, ca. 1920-1930, erw\u00e4hnen auch Situation auf Felsberg): Noch nicht benutzbar<\/li>\n<\/ul>\n<p><strong>Stadtarchiv Luzern<\/strong><\/p>\n<ul>\n<li><a><span id=\"normalb\" class=\"text3\">Jahresbericht<\/span><\/a><a>\u00a0der\u00a0<\/a><a><span id=\"normalb\" class=\"text3\">Gesellschaft<\/span><\/a><a>\u00a0f\u00fcr\u00a0<\/a><a><span id=\"normalb\" class=\"text3\">Handel<\/span><\/a><a>\u00a0und Industrie in Luzern (F1.pa 55)<\/a><\/li>\n<li>D 54, Hotelierverein der Stadt Luzern<\/li>\n<li>Internierungen 1917\/1918?<\/li>\n<\/ul>\n<p><span style=\"font-size: 1rem;\"><strong>ZHB<\/strong><\/span><\/p>\n<ul>\n<li class=\"item-title\">Barton, Susan. Internment in Switzerland During the First World War. London: Bloomsbury Academic, 2019. Print.<\/li>\n<\/ul>\n<p><span style=\"font-size: 1rem;\"><strong>???<\/strong><\/span><\/p>\n<ul>\n<li>Pietzcker, Scheidung: Wo finden sich konkrete Angaben? 1850 wurde das Bundesgesetz \u00fcber die gemischtkonfessionellen Ehen erlassen, dem 1862 ein Nachtragsgesetz \u00fcber die entsprechenden Scheidungsmodalit\u00e4ten\u00a0folgte (aber war es eine Mischehe?). Archiv der reformierten Kirchgemeinde Luzern?<\/li>\n<\/ul>\n<p><strong>STATG<\/strong><\/p>\n<ul>\n<li>Geburt Hippenmeyer 1827<\/li>\n<li>Ehe 1850 Gottlieben \/ <a href=\"https:\/\/query-staatsarchiv.tg.ch\/detail.aspx?Id=1471932\" target=\"_blank\" rel=\"noopener\">Bewilligung<\/a><\/li>\n<li>Aufenthalt Pietzcker nach der Trennung in Frauenfeld<\/li>\n<li>Friedrich Alexander P. Zeit vor Luzern<\/li>\n<li>Gibt es Hinweise zur Scheidung?<\/li>\n<li>FamA Hippenmeyer<\/li>\n<li>Sein Sohn geht 1876-1881 in Rorschach in die Schule. War das ein Internat, oder wohnte die Familie in Rorschach?<\/li>\n<\/ul>\n<p><strong style=\"font-size: 1rem;\">Z\u00fcrich<\/strong><\/p>\n<ul>\n<li>Baugeschichtliches Archiv betr. Gros<\/li>\n<\/ul>\n<p>&nbsp;<\/p>\n<p><em>Diese Seite zuletzt ge\u00e4ndert: 2026-03-12<\/em><\/p>\n","protected":false},"excerpt":{"rendered":"<p>to do: zu erledigen Archiv DA Luzern Juli Dov\u00e9, Gartendenkmalpflegerisches Kurzgutachten, 2010. Fl\u00fcckiger \/ Seiler Weiteres in deren Dokumentation? Stadt Luzern (Immobilien) = Bauherrschaft Umbau Schulanlage Felsberg Antje Lichtenauser, Baumbiologische Untersuchung, 2010. Staatsarchiv Luzern PLA 203\/11: Stadtplan, 1880 PA xx (Briefe von Gabriela von Balthasar an den Sohn Sohn Hans Urs, ca. 1920-1930, erw\u00e4hnen auch <a href=\"https:\/\/archivinfo.ch\/felsberg\/varia\/to-do\/\" class=\"more-link\">\u2026weiterlesen<span class=\"screen-reader-text\"> to do\"<\/span><\/a><\/p>\n","protected":false},"author":1,"featured_media":0,"parent":233,"menu_order":61,"comment_status":"closed","ping_status":"closed","template":"","meta":{"footnotes":""},"class_list":["post-312","page","type-page","status-publish","h-entry","hentry","h-as-page"],"_links":{"self":[{"href":"https:\/\/archivinfo.ch\/felsberg\/wp-json\/wp\/v2\/pages\/312","targetHints":{"allow":["GET"]}}],"collection":[{"href":"https:\/\/archivinfo.ch\/felsberg\/wp-json\/wp\/v2\/pages"}],"about":[{"href":"https:\/\/archivinfo.ch\/felsberg\/wp-json\/wp\/v2\/types\/page"}],"author":[{"embeddable":true,"href":"https:\/\/archivinfo.ch\/felsberg\/wp-json\/wp\/v2\/users\/1"}],"replies":[{"embeddable":true,"href":"https:\/\/archivinfo.ch\/felsberg\/wp-json\/wp\/v2\/comments?post=312"}],"version-history":[{"count":5,"href":"https:\/\/archivinfo.ch\/felsberg\/wp-json\/wp\/v2\/pages\/312\/revisions"}],"predecessor-version":[{"id":10233,"href":"https:\/\/archivinfo.ch\/felsberg\/wp-json\/wp\/v2\/pages\/312\/revisions\/10233"}],"up":[{"embeddable":true,"href":"https:\/\/archivinfo.ch\/felsberg\/wp-json\/wp\/v2\/pages\/233"}],"wp:attachment":[{"href":"https:\/\/archivinfo.ch\/felsberg\/wp-json\/wp\/v2\/media?parent=312"}],"curies":[{"name":"wp","href":"https:\/\/api.w.org\/{rel}","templated":true}]}}