{"id":309,"date":"2017-02-12T14:31:21","date_gmt":"2017-02-12T13:31:21","guid":{"rendered":"http:\/\/archivinfo.ch\/fb\/varia\/schulhaus\/freilichtspiele\/"},"modified":"2024-12-10T08:48:37","modified_gmt":"2024-12-10T07:48:37","slug":"freilichtspiele","status":"publish","type":"page","link":"https:\/\/archivinfo.ch\/felsberg\/varia\/freilichtspiele\/","title":{"rendered":"Freilichtspiele"},"content":{"rendered":"<h2>Freilichtspiele 1949<\/h2>\n<figure id=\"attachment_67\" aria-describedby=\"caption-attachment-67\" style=\"width: 469px\" class=\"wp-caption aligncenter\"><a href=\"http:\/\/archivinfo.ch\/felsberg\/varia\/freilichtspiele\/freilichtspiele_stalu_fdc_76_1443_5\/\" rel=\"attachment wp-att-67\"><img loading=\"lazy\" decoding=\"async\" class=\"size-medium wp-image-67\" src=\"http:\/\/archivinfo.ch\/felsberg\/wp-content\/uploads\/freilichtspiele\/freilichtspiele_stalu_fdc_76_1443_5-469x500.jpg\" alt=\"\" width=\"469\" height=\"500\" srcset=\"https:\/\/archivinfo.ch\/felsberg\/wp-content\/uploads\/freilichtspiele\/freilichtspiele_stalu_fdc_76_1443_5-469x500.jpg 469w, https:\/\/archivinfo.ch\/felsberg\/wp-content\/uploads\/freilichtspiele\/freilichtspiele_stalu_fdc_76_1443_5-141x150.jpg 141w, https:\/\/archivinfo.ch\/felsberg\/wp-content\/uploads\/freilichtspiele\/freilichtspiele_stalu_fdc_76_1443_5.jpg 721w\" sizes=\"auto, (max-width: 469px) 100vw, 469px\" \/><\/a><figcaption id=\"caption-attachment-67\" class=\"wp-caption-text\">Max A. Wyss: Freilichtspiel beim Schulhaus Felsberg, 1949 (\u00a0<i>(c) fotodok.ch <a href=\"https:\/\/creativecommons.org\/licenses\/by-nc-sa\/3.0\/ch\/\" target=\"_blank\" rel=\"noopener noreferrer\">CC BY-NC-SA 3.0 CH<\/a>, <\/i>STALU FDC 76\/1443.5)<\/figcaption><\/figure>\n<p>Bis 1947 fanden an verschiedenen Orten in der Stadt Luzern im Rahmen und unter der Schirmherrschaft der Musikfestwochen Freilichtspiele statt.<sup><a href=\"#footnote_1_309\" id=\"identifier_1_309\" class=\"footnote-link footnote-identifier-link\" title=\"Internationale Musikfestwochen Luzern, 1938-1988 \/ [hrsg. im Auftr. des Stiftungsrates der Internationalen Musikfestwochen Luzern]. - Luzern : Raeber, 1988\">1<\/a><\/sup>. Oskar Eberle war dabei jeweils f\u00fchrend, auch in den Pl\u00e4nen und Visionen zu grossen Luzerner Theaterfestspielen. <sup><a href=\"#footnote_2_309\" id=\"identifier_2_309\" class=\"footnote-link footnote-identifier-link\" title=\"Singer, Erich. - Lucerne Festival : von Toscanini zu Abbado \/ Erich Singer. - Luzern : Pro Libro, 2014. Hier speziell zu Eberle: Seite 24. Ausf&uuml;hrlich zu Eberle: Heidy Greco-Kaufmann, Tobias Hoffmann-Allenspach, Theaterpionier aus Leidenschaft: Oskar Eberle (1902-1956), Z&uuml;rich 2024. Ausf&uuml;hrlich zu diesem Freilichtspiel auf Seiten 521-528\">2<\/a><\/sup>. Nachdem f\u00fcr 1949 keine theatralischen Auff\u00fchrungen mehr vorgesehen wurden, formierte sich ein \"Komitee der Festspielgemeinde\" und plante auf dem Felsberg die Auff\u00fchrung eines f\u00fcr Luzern geschriebenen Lustspiels.<sup><a href=\"#footnote_3_309\" id=\"identifier_3_309\" class=\"footnote-link footnote-identifier-link\" title=\"STALU AKT&nbsp;44\/3756. Hier Gesuche an den Kanton, inkl. Budget, Zusammenfassung und Gutachten zum St&uuml;ck und Schlussabrechnung, Mai bis Oktober 1949. Vgl. auch SALU vgl. StB 2339 vom 21. 10. 1949.\">3<\/a><\/sup><\/p>\n<figure id=\"attachment_1186\" aria-describedby=\"caption-attachment-1186\" style=\"width: 137px\" class=\"wp-caption aligncenter\"><a href=\"http:\/\/archivinfo.ch\/felsberg\/varia\/freilichtspiele\/freilichtspiele_inserat_vtl_1949-07-30\/\" rel=\"attachment wp-att-1186\"><img loading=\"lazy\" decoding=\"async\" class=\"wp-image-1186 size-thumbnail\" src=\"http:\/\/archivinfo.ch\/felsberg\/wp-content\/uploads\/freilichtspiele\/freilichtspiele_inserat_vtl_1949-07-30-137x150.jpg\" alt=\"\" width=\"137\" height=\"150\" srcset=\"https:\/\/archivinfo.ch\/felsberg\/wp-content\/uploads\/freilichtspiele\/freilichtspiele_inserat_vtl_1949-07-30-137x150.jpg 137w, https:\/\/archivinfo.ch\/felsberg\/wp-content\/uploads\/freilichtspiele\/freilichtspiele_inserat_vtl_1949-07-30-456x500.jpg 456w, https:\/\/archivinfo.ch\/felsberg\/wp-content\/uploads\/freilichtspiele\/freilichtspiele_inserat_vtl_1949-07-30-768x843.jpg 768w, https:\/\/archivinfo.ch\/felsberg\/wp-content\/uploads\/freilichtspiele\/freilichtspiele_inserat_vtl_1949-07-30.jpg 800w\" sizes=\"auto, (max-width: 137px) 100vw, 137px\" \/><\/a><figcaption id=\"caption-attachment-1186\" class=\"wp-caption-text\">Inserat<\/figcaption><\/figure>\n<p>Aufgef\u00fchrt wurde das von Eberle selbst verfasste St\u00fcck \"Der L\u00e4tz gw\u00fcnnt die R\u00e4cht\"<sup><a href=\"#footnote_4_309\" id=\"identifier_4_309\" class=\"footnote-link footnote-identifier-link\" title=\"als H&ouml;rspiel in einer Aufnahme von 1953 im H&ouml;rspielarchiv h&ouml;ren: https:\/\/srf.ch\/play\/radio\/hoerspielarchiv-srf-musikwelle\/audio\/de-laetz-gwuennt-di-raecht?id=fa0ff309-f57d-4f3e-8a21-6a7d8e5a2265\">4<\/a><\/sup> von <a href=\"http:\/\/tls.theaterwissenschaft.ch\/wiki\/Oskar_Eberle\" target=\"_blank\" rel=\"noopener noreferrer\">Oskar Eberle<\/a>, ein Lustspiel mit Musik, das im Luzern des 18. Jahrhunderts spielte. Eberle hatte bereits 1943 kurz auf dem Felsberg gewohnt.<sup><a href=\"#footnote_5_309\" id=\"identifier_5_309\" class=\"footnote-link footnote-identifier-link\" title=\"Felsberg-Reminiszenzen\">5<\/a><\/sup><\/p>\n<figure id=\"attachment_1175\" aria-describedby=\"caption-attachment-1175\" style=\"width: 104px\" class=\"wp-caption aligncenter\"><a href=\"http:\/\/archivinfo.ch\/felsberg\/varia\/freilichtspiele\/snl_tmc_116\/\" rel=\"attachment wp-att-1175\"><img loading=\"lazy\" decoding=\"async\" class=\"size-full wp-image-1175\" src=\"http:\/\/archivinfo.ch\/felsberg\/wp-content\/uploads\/freilichtspiele\/SNL_TMC_116.jpg\" alt=\"\" width=\"104\" height=\"150\" \/><\/a><figcaption id=\"caption-attachment-1175\" class=\"wp-caption-text\">Plakat<\/figcaption><\/figure>\n<p>Zu den Mitwirkenden geh\u00f6rten profilierte Schweizer Schauspielerinnen und Schauspieler wie <a href=\"http:\/\/tls.theaterwissenschaft.ch\/wiki\/Josef_Elias\" target=\"_blank\" rel=\"noopener noreferrer\">Josef Elias<\/a>, <a href=\"http:\/\/tls.theaterwissenschaft.ch\/wiki\/Erwin_Kohlund\" target=\"_blank\" rel=\"noopener noreferrer\">Erwin Kohlund<\/a>, \u00a0<a href=\"http:\/\/tls.theaterwissenschaft.ch\/wiki\/Peter_W._Loosli\" target=\"_blank\" rel=\"noopener noreferrer\">Peter W. Loosli<\/a>, Helene Pastorini, <a href=\"http:\/\/tls.theaterwissenschaft.ch\/wiki\/Werner_Herbert_Schmidt\" target=\"_blank\" rel=\"noopener noreferrer\">Werner Herbert Schmidt<\/a>, <a href=\"http:\/\/tls.theaterwissenschaft.ch\/wiki\/Margrit_Winter\" target=\"_blank\" rel=\"noopener noreferrer\">Margrit Winter<\/a>.<\/p>\n<figure id=\"attachment_1191\" aria-describedby=\"caption-attachment-1191\" style=\"width: 500px\" class=\"wp-caption aligncenter\"><a href=\"https:\/\/archivinfo.ch\/felsberg\/varia\/freilichtspiele\/freilichtspiele_stalu_fdc_76_1443_1\/\" rel=\"attachment wp-att-1191\"><img loading=\"lazy\" decoding=\"async\" class=\"wp-image-1191 size-medium\" src=\"https:\/\/archivinfo.ch\/felsberg\/wp-content\/uploads\/freilichtspiele\/freilichtspiele_stalu_fdc_76_1443_1-500x480.jpg\" alt=\"\" width=\"500\" height=\"480\" srcset=\"https:\/\/archivinfo.ch\/felsberg\/wp-content\/uploads\/freilichtspiele\/freilichtspiele_stalu_fdc_76_1443_1-500x480.jpg 500w, https:\/\/archivinfo.ch\/felsberg\/wp-content\/uploads\/freilichtspiele\/freilichtspiele_stalu_fdc_76_1443_1-150x144.jpg 150w, https:\/\/archivinfo.ch\/felsberg\/wp-content\/uploads\/freilichtspiele\/freilichtspiele_stalu_fdc_76_1443_1-768x738.jpg 768w, https:\/\/archivinfo.ch\/felsberg\/wp-content\/uploads\/freilichtspiele\/freilichtspiele_stalu_fdc_76_1443_1-1024x984.jpg 1024w, https:\/\/archivinfo.ch\/felsberg\/wp-content\/uploads\/freilichtspiele\/freilichtspiele_stalu_fdc_76_1443_1-960x922.jpg 960w, https:\/\/archivinfo.ch\/felsberg\/wp-content\/uploads\/freilichtspiele\/freilichtspiele_stalu_fdc_76_1443_1.jpg 1293w\" sizes=\"auto, (max-width: 500px) 100vw, 500px\" \/><\/a><figcaption id=\"caption-attachment-1191\" class=\"wp-caption-text\">Max A. Wyss: Freilichtspiel beim Schulhaus Felsberg, 1949 ( (c) fotodok.ch <a href=\"https:\/\/creativecommons.org\/licenses\/by-nc-sa\/3.0\/ch\/\" target=\"_blank\" rel=\"noopener noreferrer\">CC BY-NC-SA 3.0 CH<\/a>, STALU FDC 76\/1443.1)<\/figcaption><\/figure>\n<figure id=\"attachment_1187\" aria-describedby=\"caption-attachment-1187\" style=\"width: 372px\" class=\"wp-caption aligncenter\"><a href=\"http:\/\/archivinfo.ch\/felsberg\/varia\/freilichtspiele\/freilichtspiele_margrit_winter_vtl_1949-08-02\/\"><img loading=\"lazy\" decoding=\"async\" class=\"wp-image-1187 size-medium\" src=\"http:\/\/archivinfo.ch\/felsberg\/wp-content\/uploads\/freilichtspiele\/freilichtspiele_margrit_winter_vtl_1949-08-02-372x500.jpg\" alt=\"\" width=\"372\" height=\"500\" srcset=\"https:\/\/archivinfo.ch\/felsberg\/wp-content\/uploads\/freilichtspiele\/freilichtspiele_margrit_winter_vtl_1949-08-02-372x500.jpg 372w, https:\/\/archivinfo.ch\/felsberg\/wp-content\/uploads\/freilichtspiele\/freilichtspiele_margrit_winter_vtl_1949-08-02-112x150.jpg 112w, https:\/\/archivinfo.ch\/felsberg\/wp-content\/uploads\/freilichtspiele\/freilichtspiele_margrit_winter_vtl_1949-08-02-768x1033.jpg 768w, https:\/\/archivinfo.ch\/felsberg\/wp-content\/uploads\/freilichtspiele\/freilichtspiele_margrit_winter_vtl_1949-08-02-761x1024.jpg 761w, https:\/\/archivinfo.ch\/felsberg\/wp-content\/uploads\/freilichtspiele\/freilichtspiele_margrit_winter_vtl_1949-08-02.jpg 800w\" sizes=\"auto, (max-width: 372px) 100vw, 372px\" \/><\/a><figcaption id=\"caption-attachment-1187\" class=\"wp-caption-text\">Margrit Winter als Madeleine (Foto Jean Schneider, Luzern, in Vaterland 2.8.1949)<\/figcaption><\/figure>\n<p>Die zw\u00f6lf Auff\u00fchrungen in der Zeit 30. Juli bis 10. August 1949 mit 2122 zahlenden Besuchern fanden bei Presse und Besuchern ein gutes Echo,<sup><a href=\"#footnote_6_309\" id=\"identifier_6_309\" class=\"footnote-link footnote-identifier-link\" title=\"z.B. im Vaterland: Ank&uuml;ndigung 21.7.1949, Besprechung 2.8.1949, danach fast t&auml;gliche Kurzhinweise\">6<\/a><\/sup>. Auch der Spielort auf dem Schulhausplatz gefiel: \"Luzern besitzt eine ideale Freilichtb\u00fchne.\" Die Einnahmen aus dem Ticketverkauf blieben aber weit unter den Erwartungen. Das Defizit von fast 2000.- wurde von Oskar Eberle gedeckt.<\/p>\n<p>Nachdem auch die Visionen zu Luzerner Theaterfestspielen geplatzt waren verliess Eberle 1949 \"frustriert und verbittert\" die Stadt <sup><a href=\"#footnote_7_309\" id=\"identifier_7_309\" class=\"footnote-link footnote-identifier-link\" title=\"Singer, Erich. Lucerne Festival: von Toscanini zu Abbado. Luzern, 2014. Hier speziell zu Eberle: Seite 24\">7<\/a><\/sup>.<\/p>\n<p>&nbsp;<\/p>\n<p><em>Diese Seite zuletzt ge\u00e4ndert: 2024-12-10<\/em><\/p>\n<ol class=\"footnotes\"><li id=\"footnote_1_309\" class=\"footnote\">Internationale Musikfestwochen Luzern, 1938-1988 \/ [hrsg. im Auftr. des Stiftungsrates der Internationalen Musikfestwochen Luzern]. - Luzern : Raeber, 1988 <span class=\"footnote-back-link-wrapper\">[<a href=\"#identifier_1_309\" class=\"footnote-link footnote-back-link\">&#8617;<\/a>]<\/span><\/li><li id=\"footnote_2_309\" class=\"footnote\">Singer, Erich. - Lucerne Festival : von Toscanini zu Abbado \/ Erich Singer. - Luzern : Pro Libro, 2014. Hier speziell zu Eberle: Seite 24. Ausf\u00fchrlich zu Eberle: Heidy Greco-Kaufmann, Tobias Hoffmann-Allenspach, Theaterpionier aus Leidenschaft: Oskar Eberle (1902-1956), Z\u00fcrich 2024. Ausf\u00fchrlich zu diesem Freilichtspiel auf Seiten 521-528<span class=\"footnote-back-link-wrapper\">[<a href=\"#identifier_2_309\" class=\"footnote-link footnote-back-link\">&#8617;<\/a>]<\/span><\/li><li id=\"footnote_3_309\" class=\"footnote\">STALU AKT\u00a0<span class=\"highlightText\">44<\/span>\/<span class=\"highlightText\">3756<\/span>. Hier Gesuche an den Kanton, inkl. Budget, Zusammenfassung und Gutachten zum St\u00fcck und Schlussabrechnung, Mai bis Oktober 1949. Vgl. auch SALU vgl. StB 2339 vom 21. 10. 1949.<span class=\"footnote-back-link-wrapper\">[<a href=\"#identifier_3_309\" class=\"footnote-link footnote-back-link\">&#8617;<\/a>]<\/span><\/li><li id=\"footnote_4_309\" class=\"footnote\">als H\u00f6rspiel in einer Aufnahme von 1953 im H\u00f6rspielarchiv h\u00f6ren: <a href=\"https:\/\/srf.ch\/play\/radio\/hoerspielarchiv-srf-musikwelle\/audio\/de-laetz-gwuennt-di-raecht?id=fa0ff309-f57d-4f3e-8a21-6a7d8e5a2265\" target=\"_blank\" rel=\"noopener noreferrer\">https:\/\/srf.ch\/play\/radio\/hoerspielarchiv-srf-musikwelle\/audio\/de-laetz-gwuennt-di-raecht?id=fa0ff309-f57d-4f3e-8a21-6a7d8e5a2265<\/a><span class=\"footnote-back-link-wrapper\">[<a href=\"#identifier_4_309\" class=\"footnote-link footnote-back-link\">&#8617;<\/a>]<\/span><\/li><li id=\"footnote_5_309\" class=\"footnote\">Felsberg-Reminiszenzen<span class=\"footnote-back-link-wrapper\">[<a href=\"#identifier_5_309\" class=\"footnote-link footnote-back-link\">&#8617;<\/a>]<\/span><\/li><li id=\"footnote_6_309\" class=\"footnote\">z.B. im Vaterland: Ank\u00fcndigung 21.7.1949, Besprechung 2.8.1949, danach fast t\u00e4gliche Kurzhinweise<span class=\"footnote-back-link-wrapper\">[<a href=\"#identifier_6_309\" class=\"footnote-link footnote-back-link\">&#8617;<\/a>]<\/span><\/li><li id=\"footnote_7_309\" class=\"footnote\">Singer, Erich. Lucerne Festival: von Toscanini zu Abbado. Luzern, 2014. Hier speziell zu Eberle: Seite 24<span class=\"footnote-back-link-wrapper\">[<a href=\"#identifier_7_309\" class=\"footnote-link footnote-back-link\">&#8617;<\/a>]<\/span><\/li><\/ol>","protected":false},"excerpt":{"rendered":"<p>Freilichtspiele 1949 Bis 1947 fanden an verschiedenen Orten in der Stadt Luzern im Rahmen und unter der Schirmherrschaft der Musikfestwochen Freilichtspiele statt.1. Oskar Eberle war dabei jeweils f\u00fchrend, auch in den Pl\u00e4nen und Visionen zu grossen Luzerner Theaterfestspielen. 2. Nachdem f\u00fcr 1949 keine theatralischen Auff\u00fchrungen mehr vorgesehen wurden, formierte sich ein \"Komitee der Festspielgemeinde\" und <a href=\"https:\/\/archivinfo.ch\/felsberg\/varia\/freilichtspiele\/\" class=\"more-link\">\u2026weiterlesen<span class=\"screen-reader-text\"> Freilichtspiele\"<\/span><\/a><\/p>\n","protected":false},"author":1,"featured_media":0,"parent":233,"menu_order":36,"comment_status":"closed","ping_status":"closed","template":"","meta":{"footnotes":""},"class_list":["post-309","page","type-page","status-publish","h-entry","hentry","h-as-page"],"_links":{"self":[{"href":"https:\/\/archivinfo.ch\/felsberg\/wp-json\/wp\/v2\/pages\/309","targetHints":{"allow":["GET"]}}],"collection":[{"href":"https:\/\/archivinfo.ch\/felsberg\/wp-json\/wp\/v2\/pages"}],"about":[{"href":"https:\/\/archivinfo.ch\/felsberg\/wp-json\/wp\/v2\/types\/page"}],"author":[{"embeddable":true,"href":"https:\/\/archivinfo.ch\/felsberg\/wp-json\/wp\/v2\/users\/1"}],"replies":[{"embeddable":true,"href":"https:\/\/archivinfo.ch\/felsberg\/wp-json\/wp\/v2\/comments?post=309"}],"version-history":[{"count":5,"href":"https:\/\/archivinfo.ch\/felsberg\/wp-json\/wp\/v2\/pages\/309\/revisions"}],"predecessor-version":[{"id":3740,"href":"https:\/\/archivinfo.ch\/felsberg\/wp-json\/wp\/v2\/pages\/309\/revisions\/3740"}],"up":[{"embeddable":true,"href":"https:\/\/archivinfo.ch\/felsberg\/wp-json\/wp\/v2\/pages\/233"}],"wp:attachment":[{"href":"https:\/\/archivinfo.ch\/felsberg\/wp-json\/wp\/v2\/media?parent=309"}],"curies":[{"name":"wp","href":"https:\/\/api.w.org\/{rel}","templated":true}]}}