{"id":281,"date":"2017-02-12T14:22:58","date_gmt":"2017-02-12T13:22:11","guid":{"rendered":"http:\/\/archivinfo.ch\/fb\/waschhaus-2\/"},"modified":"2024-12-11T21:35:33","modified_gmt":"2024-12-11T20:35:33","slug":"waschhaus-3","status":"publish","type":"page","link":"https:\/\/archivinfo.ch\/felsberg\/gebaeude\/waschhaus-3\/","title":{"rendered":"Waschhaus 3"},"content":{"rendered":"<h2><span class=\"ez-toc-section\" id=\"Waschhaus_3\"><\/span>Waschhaus 3<span class=\"ez-toc-section-end\"><\/span><\/h2><div id=\"ez-toc-container\" class=\"ez-toc-v2_0_82_2 counter-hierarchy ez-toc-counter ez-toc-custom ez-toc-container-direction\">\n<nav><ul class='ez-toc-list ez-toc-list-level-1 ' ><li class='ez-toc-page-1 ez-toc-heading-level-2'><a class=\"ez-toc-link ez-toc-heading-1\" href=\"https:\/\/archivinfo.ch\/felsberg\/gebaeude\/waschhaus-3\/#Waschhaus_3\" >Waschhaus 3<\/a><ul class='ez-toc-list-level-3' ><li class='ez-toc-heading-level-3'><a class=\"ez-toc-link ez-toc-heading-2\" href=\"https:\/\/archivinfo.ch\/felsberg\/gebaeude\/waschhaus-3\/#Bauzeit\" >Bauzeit<\/a><\/li><li class='ez-toc-page-1 ez-toc-heading-level-3'><a class=\"ez-toc-link ez-toc-heading-3\" href=\"https:\/\/archivinfo.ch\/felsberg\/gebaeude\/waschhaus-3\/#Ansichten\" >Ansichten<\/a><\/li><li class='ez-toc-page-1 ez-toc-heading-level-3'><a class=\"ez-toc-link ez-toc-heading-4\" href=\"https:\/\/archivinfo.ch\/felsberg\/gebaeude\/waschhaus-3\/#Plaene_Zustand_1943\" >Pl\u00e4ne \/ Zustand 1943<\/a><\/li><\/ul><\/li><\/ul><\/nav><\/div>\n\n<ul>\n<li>Adresse: Felsbergstrasse 22, Luzern<\/li>\n<li>Katasternummer: 634w<\/li>\n<li>Nutzung: Waschhaus und Gl\u00e4tterei mit Wohnung<\/li>\n<li>Bauzeit: um 1907<sup><a href=\"#footnote_1_281\" id=\"identifier_1_281\" class=\"footnote-link footnote-identifier-link\" title=\"genehmigt durch den Stadtrat am 31.1.1907, vgl. Historischer Kataster, SALU F3.A1, Band 480; SALU B3.31\/A1.9 &amp; B1.12\/1907\">1<\/a><\/sup><\/li>\n<li>Architekt: Vogt &amp; Balthasar (Oscar Balthasar?)<\/li>\n<li>abgebrochen: 1946<\/li>\n<\/ul>\n<figure id=\"attachment_2070\" aria-describedby=\"caption-attachment-2070\" style=\"width: 2792px\" class=\"wp-caption aligncenter\"><a href=\"http:\/\/archivinfo.ch\/felsberg\/gebaeude\/waschhaus-3\/waschaus-1943-swa-pa-554-a-508-bd-31\/\" rel=\"attachment wp-att-2070\"><img loading=\"lazy\" decoding=\"async\" class=\"wp-image-2070 size-full\" src=\"https:\/\/archivinfo.ch\/felsberg\/wp-content\/uploads\/gebaeude\/Waschaus-1943-SWA-PA-554-A-508-Bd-31.jpg\" alt=\"\" width=\"2792\" height=\"1798\" srcset=\"https:\/\/archivinfo.ch\/felsberg\/wp-content\/uploads\/gebaeude\/Waschaus-1943-SWA-PA-554-A-508-Bd-31.jpg 2792w, https:\/\/archivinfo.ch\/felsberg\/wp-content\/uploads\/gebaeude\/Waschaus-1943-SWA-PA-554-A-508-Bd-31-150x97.jpg 150w, https:\/\/archivinfo.ch\/felsberg\/wp-content\/uploads\/gebaeude\/Waschaus-1943-SWA-PA-554-A-508-Bd-31-500x322.jpg 500w, https:\/\/archivinfo.ch\/felsberg\/wp-content\/uploads\/gebaeude\/Waschaus-1943-SWA-PA-554-A-508-Bd-31-768x495.jpg 768w, https:\/\/archivinfo.ch\/felsberg\/wp-content\/uploads\/gebaeude\/Waschaus-1943-SWA-PA-554-A-508-Bd-31-1024x659.jpg 1024w, https:\/\/archivinfo.ch\/felsberg\/wp-content\/uploads\/gebaeude\/Waschaus-1943-SWA-PA-554-A-508-Bd-31-960x618.jpg 960w\" sizes=\"auto, (max-width: 2792px) 100vw, 2792px\" \/><\/a><figcaption id=\"caption-attachment-2070\" class=\"wp-caption-text\">Waschhaus 3, verm. um 1943 (SWA PA 554 A 508 Bd 31))<\/figcaption><\/figure>\n<h3><span class=\"ez-toc-section\" id=\"Bauzeit\"><\/span>Bauzeit<span class=\"ez-toc-section-end\"><\/span><\/h3>\n<p>Das dritte Waschhaus wurde ca. 1907 weiter n\u00f6rdlich des <a href=\"..\/waschhaus-2\/\">zweiten Waschhauses<\/a> gebaut.<\/p>\n<figure id=\"attachment_1565\" aria-describedby=\"caption-attachment-1565\" style=\"width: 391px\" class=\"wp-caption aligncenter\"><a href=\"http:\/\/archivinfo.ch\/felsberg\/gebaeude\/waschhaus-3\/waschhaus-2-situation-salu-b3\/\"><img loading=\"lazy\" decoding=\"async\" class=\"wp-image-1565 size-medium\" src=\"http:\/\/archivinfo.ch\/felsberg\/wp-content\/uploads\/gebaeude\/Waschhaus-2-Situation-SALU-B3.31_A1.9-1907-391x500.jpg\" alt=\"\" width=\"391\" height=\"500\" \/><\/a><figcaption id=\"caption-attachment-1565\" class=\"wp-caption-text\">Waschhaus 3, Situationsplan, 1907 (SALU B3.31\/A1.9 1907)<\/figcaption><\/figure>\n<p>&nbsp;<\/p>\n<figure id=\"attachment_1564\" aria-describedby=\"caption-attachment-1564\" style=\"width: 500px\" class=\"wp-caption aligncenter\"><a href=\"http:\/\/archivinfo.ch\/felsberg\/gebaeude\/waschhaus-3\/waschhaus-2-fassade-salu-b3\/\"><img loading=\"lazy\" decoding=\"async\" class=\"wp-image-1564 size-medium\" src=\"http:\/\/archivinfo.ch\/felsberg\/wp-content\/uploads\/gebaeude\/Waschhaus-2-Fassade-SALU-B3.31_A1.9-1907-500x381.jpg\" alt=\"\" width=\"500\" height=\"381\" \/><\/a><figcaption id=\"caption-attachment-1564\" class=\"wp-caption-text\">Waschhaus 3, Fassaden, 1907 (SALU B3.31\/A1.9 1907)<\/figcaption><\/figure>\n<figure id=\"attachment_1566\" aria-describedby=\"caption-attachment-1566\" style=\"width: 500px\" class=\"wp-caption aligncenter\"><a href=\"http:\/\/archivinfo.ch\/felsberg\/gebaeude\/waschhaus-3\/waschhaus-2-grundriss-schnitt-1-salu-b3\/\"><img loading=\"lazy\" decoding=\"async\" class=\"wp-image-1566 size-medium\" src=\"http:\/\/archivinfo.ch\/felsberg\/wp-content\/uploads\/gebaeude\/Waschhaus-2-Grundriss-Schnitt-1-SALU-B3.31_A1.9-1907-500x310.jpg\" alt=\"\" width=\"500\" height=\"310\" \/><\/a><figcaption id=\"caption-attachment-1566\" class=\"wp-caption-text\">Waschhaus 3, Grundriss und Schnitt, 1907 (SALU B3.31\/A1.9 1907)<\/figcaption><\/figure>\n<figure id=\"attachment_1563\" aria-describedby=\"caption-attachment-1563\" style=\"width: 500px\" class=\"wp-caption aligncenter\"><a href=\"http:\/\/archivinfo.ch\/felsberg\/gebaeude\/waschhaus-3\/waschhaus-2-grundriss-schnitt-2-salu-b3\/\"><img loading=\"lazy\" decoding=\"async\" class=\"wp-image-1563 size-medium\" src=\"http:\/\/archivinfo.ch\/felsberg\/wp-content\/uploads\/gebaeude\/Waschhaus-2-Grundriss-Schnitt-2-SALU-B3.31_A1.9-1907-500x302.jpg\" alt=\"\" width=\"500\" height=\"302\" \/><\/a><figcaption id=\"caption-attachment-1563\" class=\"wp-caption-text\">Waschhaus 3, Grundriss und Schnitt, 1907 (SALU B3.31\/A1.9 1907)<\/figcaption><\/figure>\n<ul>\n<li>1945 kleine Umbauten f\u00fcr den Gebrauch als Notwohnungen.<sup><a href=\"#footnote_2_281\" id=\"identifier_2_281\" class=\"footnote-link footnote-identifier-link\" title=\"vgl. StALU A 1038\/245, inkl. Pl&auml;ne\">2<\/a><\/sup><\/li>\n<\/ul>\n<h3><span class=\"ez-toc-section\" id=\"Ansichten\"><\/span>Ansichten<span class=\"ez-toc-section-end\"><\/span><\/h3>\n<p>Auf diesem Flugbild von 1919 ist es hinter dem Pavillon knapp ersichtlich:<\/p>\n<figure id=\"attachment_614\" aria-describedby=\"caption-attachment-614\" style=\"width: 500px\" class=\"wp-caption aligncenter\"><a href=\"http:\/\/archivinfo.ch\/felsberg\/pension-2\/luzern-nationalquai-1919-lbs_mh01-001758-ausschnitt\/\" rel=\"attachment wp-att-614\"><img loading=\"lazy\" decoding=\"async\" class=\"wp-image-614 size-medium\" src=\"http:\/\/archivinfo.ch\/felsberg\/wp-content\/uploads\/ansicht\/Luzern-Nationalquai-1919-LBS_MH01-001758-AUSSCHNITT-500x226.jpg\" alt=\"\" width=\"500\" height=\"226\" srcset=\"https:\/\/archivinfo.ch\/felsberg\/wp-content\/uploads\/ansicht\/Luzern-Nationalquai-1919-LBS_MH01-001758-AUSSCHNITT-500x226.jpg 500w, https:\/\/archivinfo.ch\/felsberg\/wp-content\/uploads\/ansicht\/Luzern-Nationalquai-1919-LBS_MH01-001758-AUSSCHNITT-150x68.jpg 150w, https:\/\/archivinfo.ch\/felsberg\/wp-content\/uploads\/ansicht\/Luzern-Nationalquai-1919-LBS_MH01-001758-AUSSCHNITT-768x347.jpg 768w, https:\/\/archivinfo.ch\/felsberg\/wp-content\/uploads\/ansicht\/Luzern-Nationalquai-1919-LBS_MH01-001758-AUSSCHNITT-1024x463.jpg 1024w, https:\/\/archivinfo.ch\/felsberg\/wp-content\/uploads\/ansicht\/Luzern-Nationalquai-1919-LBS_MH01-001758-AUSSCHNITT-960x434.jpg 960w, https:\/\/archivinfo.ch\/felsberg\/wp-content\/uploads\/ansicht\/Luzern-Nationalquai-1919-LBS_MH01-001758-AUSSCHNITT.jpg 1515w\" sizes=\"auto, (max-width: 500px) 100vw, 500px\" \/><\/a><figcaption id=\"caption-attachment-614\" class=\"wp-caption-text\">Ansicht der Pension, 1919. Ausschnitt aus: Luzern, Nationalquai 1919 (ETH-Bibliothek Z\u00fcrich, Bildarchiv\/Stiftung Luftbild Schweiz \/ Fotograf: Mittelholzer, Walter \/ LBS_MH01-001758)<\/figcaption><\/figure>\n<h3><span class=\"ez-toc-section\" id=\"Plaene_Zustand_1943\"><\/span>Pl\u00e4ne \/ Zustand 1943<span class=\"ez-toc-section-end\"><\/span><\/h3>\n<p><sup>Nummerierung: vgl. <a href=\"..\/..\/pension\/zustand-1943\/#Planaufnahme\" target=\"_blank\" rel=\"noopener noreferrer\">Legende<\/a><\/sup><\/p>\n<p>Im Untergeschoss befanden sich die Heizung (59, 60), im Erdgeschoss ein Personal-WC (40), \u00a0Waschk\u00fcche (64),\u00a0Mangenraum (66) und\u00a0Lingerie (W\u00e4schedepot) (68).<\/p>\n<figure id=\"attachment_2429\" aria-describedby=\"caption-attachment-2429\" style=\"width: 500px\" class=\"wp-caption aligncenter\"><a href=\"http:\/\/archivinfo.ch\/felsberg\/gebaeude\/waschhaus-3\/waschhaus-grundriss-u-swa-pa-554-a-508-bd-31\/\"><img loading=\"lazy\" decoding=\"async\" class=\"wp-image-2429 size-medium\" src=\"http:\/\/archivinfo.ch\/felsberg\/wp-content\/uploads\/gebaeude\/Waschhaus-Grundriss-U-SWA-PA-554-A-508-Bd-31-500x294.jpg\" alt=\"\" width=\"500\" height=\"294\" \/><\/a><figcaption id=\"caption-attachment-2429\" class=\"wp-caption-text\">Waschhaus, Grundriss Keller, 1943 (SWA PA 554 A 508 Bd 31)<\/figcaption><\/figure>\n<figure id=\"attachment_2425\" aria-describedby=\"caption-attachment-2425\" style=\"width: 500px\" class=\"wp-caption aligncenter\"><a href=\"http:\/\/archivinfo.ch\/felsberg\/gebaeude\/waschhaus-3\/waschhaus-grundriss-0-swa-pa-554-a-508-bd-31\/\"><img loading=\"lazy\" decoding=\"async\" class=\"wp-image-2425 size-medium\" src=\"http:\/\/archivinfo.ch\/felsberg\/wp-content\/uploads\/gebaeude\/Waschhaus-Grundriss-0-SWA-PA-554-A-508-Bd-31-500x371.jpg\" alt=\"\" width=\"500\" height=\"371\" \/><\/a><figcaption id=\"caption-attachment-2425\" class=\"wp-caption-text\">Waschhaus, Grundriss Erdgeschoss, 1943 (SWA PA 554 A 508 Bd 31)<\/figcaption><\/figure>\n<p>Im ersten Stock waren der\u00a0Trockenraum (65),\u00a0B\u00fcgelraum (67), Schlafr\u00e4ume f\u00fcr Personal (38) und Personal-WC (40).<\/p>\n<figure id=\"attachment_2427\" aria-describedby=\"caption-attachment-2427\" style=\"width: 500px\" class=\"wp-caption aligncenter\"><a href=\"http:\/\/archivinfo.ch\/felsberg\/gebaeude\/waschhaus-3\/waschhaus-grundriss-1-swa-pa-554-a-508-bd-31\/\"><img loading=\"lazy\" decoding=\"async\" class=\"wp-image-2427 size-medium\" src=\"http:\/\/archivinfo.ch\/felsberg\/wp-content\/uploads\/gebaeude\/Waschhaus-Grundriss-1-SWA-PA-554-A-508-Bd-31-500x446.jpg\" alt=\"\" width=\"500\" height=\"446\" \/><\/a><figcaption id=\"caption-attachment-2427\" class=\"wp-caption-text\">Waschhaus, Grundriss 1. Stock, 1943 (SWA PA 554 A 508 Bd 31)<\/figcaption><\/figure>\n<figure id=\"attachment_2426\" aria-describedby=\"caption-attachment-2426\" style=\"width: 500px\" class=\"wp-caption aligncenter\"><a href=\"http:\/\/archivinfo.ch\/felsberg\/gebaeude\/waschhaus-3\/waschhaus-schnitt-a-swa-pa-554-a-508-bd-31\/\"><img loading=\"lazy\" decoding=\"async\" class=\"wp-image-2426 size-medium\" src=\"http:\/\/archivinfo.ch\/felsberg\/wp-content\/uploads\/gebaeude\/Waschhaus-Schnitt-A-SWA-PA-554-A-508-Bd-31-500x368.jpg\" alt=\"\" width=\"500\" height=\"368\" \/><\/a><figcaption id=\"caption-attachment-2426\" class=\"wp-caption-text\">Waschhaus, Schnitt A, 1943 (SWA PA 554 A 508 Bd 31)<\/figcaption><\/figure>\n<figure id=\"attachment_2428\" aria-describedby=\"caption-attachment-2428\" style=\"width: 500px\" class=\"wp-caption aligncenter\"><a href=\"http:\/\/archivinfo.ch\/felsberg\/waschhaus-schnitt-b-swa-pa-554-a-508-bd-31\/\"><img loading=\"lazy\" decoding=\"async\" class=\"size-medium wp-image-2428\" src=\"http:\/\/archivinfo.ch\/felsberg\/wp-content\/uploads\/gebaeude\/Waschhaus-Schnitt-B-SWA-PA-554-A-508-Bd-31-500x322.jpg\" alt=\"\" width=\"500\" height=\"322\" \/><\/a><figcaption id=\"caption-attachment-2428\" class=\"wp-caption-text\">Waschhaus, Schnitt B, 1943 (SWA PA 554 A 508 Bd 31)<\/figcaption><\/figure>\n<p>&nbsp;<\/p>\n<p>&nbsp;<\/p>\n<div class=\"mceTemp\"><\/div>\n<p><em>Diese Seite zuletzt ge\u00e4ndert: 2024-03-13<\/em><\/p>\n<ol class=\"footnotes\"><li id=\"footnote_1_281\" class=\"footnote\">genehmigt durch den Stadtrat am 31.1.1907, vgl. Historischer Kataster, SALU F3.A1, Band 480; SALU B3.31\/A1.9 &amp; B1.12\/1907<span class=\"footnote-back-link-wrapper\">[<a href=\"#identifier_1_281\" class=\"footnote-link footnote-back-link\">&#8617;<\/a>]<\/span><\/li><li id=\"footnote_2_281\" class=\"footnote\">vgl. StALU A 1038\/245, inkl. Pl\u00e4ne<span class=\"footnote-back-link-wrapper\">[<a href=\"#identifier_2_281\" class=\"footnote-link footnote-back-link\">&#8617;<\/a>]<\/span><\/li><\/ol>","protected":false},"excerpt":{"rendered":"<p>Waschhaus 3 Adresse: Felsbergstrasse 22, Luzern Katasternummer: 634w Nutzung: Waschhaus und Gl\u00e4tterei mit Wohnung Bauzeit: um 19071 Architekt: Vogt &amp; Balthasar (Oscar Balthasar?) abgebrochen: 1946 Bauzeit Das dritte Waschhaus wurde ca. 1907 weiter n\u00f6rdlich des zweiten Waschhauses gebaut. &nbsp; 1945 kleine Umbauten f\u00fcr den Gebrauch als Notwohnungen.2 Ansichten Auf diesem Flugbild von 1919 ist es <a href=\"https:\/\/archivinfo.ch\/felsberg\/gebaeude\/waschhaus-3\/\" class=\"more-link\">\u2026weiterlesen<span class=\"screen-reader-text\"> Waschhaus 3\"<\/span><\/a><\/p>\n","protected":false},"author":1,"featured_media":0,"parent":226,"menu_order":61,"comment_status":"closed","ping_status":"closed","template":"","meta":{"footnotes":""},"class_list":["post-281","page","type-page","status-publish","h-entry","hentry","h-as-page"],"_links":{"self":[{"href":"https:\/\/archivinfo.ch\/felsberg\/wp-json\/wp\/v2\/pages\/281","targetHints":{"allow":["GET"]}}],"collection":[{"href":"https:\/\/archivinfo.ch\/felsberg\/wp-json\/wp\/v2\/pages"}],"about":[{"href":"https:\/\/archivinfo.ch\/felsberg\/wp-json\/wp\/v2\/types\/page"}],"author":[{"embeddable":true,"href":"https:\/\/archivinfo.ch\/felsberg\/wp-json\/wp\/v2\/users\/1"}],"replies":[{"embeddable":true,"href":"https:\/\/archivinfo.ch\/felsberg\/wp-json\/wp\/v2\/comments?post=281"}],"version-history":[{"count":3,"href":"https:\/\/archivinfo.ch\/felsberg\/wp-json\/wp\/v2\/pages\/281\/revisions"}],"predecessor-version":[{"id":3751,"href":"https:\/\/archivinfo.ch\/felsberg\/wp-json\/wp\/v2\/pages\/281\/revisions\/3751"}],"up":[{"embeddable":true,"href":"https:\/\/archivinfo.ch\/felsberg\/wp-json\/wp\/v2\/pages\/226"}],"wp:attachment":[{"href":"https:\/\/archivinfo.ch\/felsberg\/wp-json\/wp\/v2\/media?parent=281"}],"curies":[{"name":"wp","href":"https:\/\/api.w.org\/{rel}","templated":true}]}}