{"id":2807,"date":"2019-05-22T21:04:58","date_gmt":"2019-05-22T19:04:20","guid":{"rendered":"https:\/\/archivinfo.ch\/felsberg\/pension\/mitarbeitende-2\/"},"modified":"2019-05-27T21:51:46","modified_gmt":"2019-05-27T19:51:46","slug":"mitarbeitende-einzelne","status":"publish","type":"page","link":"https:\/\/archivinfo.ch\/felsberg\/pension\/mitarbeitende-einzelne\/","title":{"rendered":"Mitarbeitende (Einzelne)"},"content":{"rendered":"<h2><span class=\"ez-toc-section\" id=\"Einzelne_Mitarbeitende\"><\/span>Einzelne Mitarbeitende<span class=\"ez-toc-section-end\"><\/span><\/h2><div id=\"ez-toc-container\" class=\"ez-toc-v2_0_82_2 counter-hierarchy ez-toc-counter ez-toc-custom ez-toc-container-direction\">\n<nav><ul class='ez-toc-list ez-toc-list-level-1 ' ><li class='ez-toc-page-1 ez-toc-heading-level-2'><a class=\"ez-toc-link ez-toc-heading-1\" href=\"https:\/\/archivinfo.ch\/felsberg\/pension\/mitarbeitende-einzelne\/#Einzelne_Mitarbeitende\" >Einzelne Mitarbeitende<\/a><ul class='ez-toc-list-level-3' ><li class='ez-toc-heading-level-3'><a class=\"ez-toc-link ez-toc-heading-2\" href=\"https:\/\/archivinfo.ch\/felsberg\/pension\/mitarbeitende-einzelne\/#Anna_Grob_Privat-Lehrerin_Gesellschafterin\" >Anna Grob, Privat-Lehrerin, Gesellschafterin<\/a><\/li><li class='ez-toc-page-1 ez-toc-heading-level-3'><a class=\"ez-toc-link ez-toc-heading-3\" href=\"https:\/\/archivinfo.ch\/felsberg\/pension\/mitarbeitende-einzelne\/#Theophil_Sauner_Kuechenchef\" >Theophil Sauner, K\u00fcchenchef<\/a><\/li><\/ul><\/li><\/ul><\/nav><\/div>\n\n<p>Mangels Firmenarchiv basiert die Suche nach Einzelpersonen auf seltenen Zufallsfunden...<\/p>\n<h3><span class=\"ez-toc-section\" id=\"Anna_Grob_Privat-Lehrerin_Gesellschafterin\"><\/span>Anna Grob, Privat-Lehrerin, Gesellschafterin<span class=\"ez-toc-section-end\"><\/span><\/h3>\n<p>Anna Barbara Grob<span style=\"display: inline !important; float: none; background-color: transparent; color: #222222; cursor: text; font-family: 'Open Sans',Verdana,Geneva,'DejaVu Sans',sans-serif; font-size: 16px; font-style: normal; font-variant: normal; font-weight: 400; letter-spacing: normal; orphans: 2; text-align: left; text-decoration: none; text-indent: 0px; text-transform: none; -webkit-text-stroke-width: 0px; white-space: normal; word-spacing: 0px;\"><sup><a href=\"#footnote_1_2807\" id=\"identifier_1_2807\" class=\"footnote-link footnote-identifier-link\" title=\"Dieser Abschnitt basiert auf ihrem Nachlass im Staatsarchive, StAZG P 91. Der Bestand (im Umfang von 2 Archivschachteln) umfasst u.a. Korrespondenz an Anna Grob, pers&ouml;nliche Dokumente, ein Rezeptbuch &laquo;Express Recepte Prima Frijsenberg Felsberg&raquo;, aber auch Korrespondenz von Pensionsg&auml;sten an Anna Grob und an Margaretha Pietzcker\">1<\/a><\/sup><\/span> (auch Nanette oder Nina genannt) wurde 1829 in Luzern geboren.\u00a0Ihr Vater Xaver Grob hatte 1834 in Luzern am See das Hotel Schwanen er\u00f6ffnet und damit\u00a0 gewissermassen den Startschuss f\u00fcr den Aufbau der Luzerner Hotellerie des 19. Jahrhunderts gegeben.<sup><a href=\"#footnote_2_2807\" id=\"identifier_2_2807\" class=\"footnote-link footnote-identifier-link\" title=\"vgl. auch den Nachruf im Luzerner Tagblatt 30.4.1911. Die Angaben sind aber mit Vorsicht zu geniessen: Arbeitete sie wirklich nach Ihrer Ausbildung an den Stadtschulen in Luzern, oder erst 1866? War sie wirklich 18 Jahre in Frijsenborg?\">2<\/a><\/sup><\/p>\n<figure id=\"attachment_2868\" aria-describedby=\"caption-attachment-2868\" style=\"width: 500px\" class=\"wp-caption aligncenter\"><a href=\"https:\/\/archivinfo.ch\/felsberg\/pension\/mitarbeitende-einzelne\/stazg-p-91\/\"><img loading=\"lazy\" decoding=\"async\" class=\"wp-image-2868 size-medium\" src=\"https:\/\/archivinfo.ch\/felsberg\/wp-content\/uploads\/varia\/STAZG-P-91.5-Titel-500x307.jpg\" alt=\"\" width=\"500\" height=\"307\" srcset=\"https:\/\/archivinfo.ch\/felsberg\/wp-content\/uploads\/varia\/STAZG-P-91.5-Titel-500x307.jpg 500w, https:\/\/archivinfo.ch\/felsberg\/wp-content\/uploads\/varia\/STAZG-P-91.5-Titel-150x92.jpg 150w, https:\/\/archivinfo.ch\/felsberg\/wp-content\/uploads\/varia\/STAZG-P-91.5-Titel-768x471.jpg 768w, https:\/\/archivinfo.ch\/felsberg\/wp-content\/uploads\/varia\/STAZG-P-91.5-Titel.jpg 1024w, https:\/\/archivinfo.ch\/felsberg\/wp-content\/uploads\/varia\/STAZG-P-91.5-Titel-960x589.jpg 960w\" sizes=\"auto, (max-width: 500px) 100vw, 500px\" \/><\/a><figcaption id=\"caption-attachment-2868\" class=\"wp-caption-text\">Etikett auf dem Buchdeckel des Rezeptbuches \u00abExpress Recepte Prima Frijsenberg - Felsberg\u00bb von Anna Grob (StAZG P 91.5)<\/figcaption><\/figure>\n<p>Ihre Biographie w\u00e4re noch zu erforschen: 1851 erhielt sie ein Zeugnis des <span style=\"display: inline !important; float: none; background-color: transparent; color: #222222; cursor: text; font-family: 'Open Sans',Verdana,Geneva,'DejaVu Sans',sans-serif; font-size: 16px; font-style: normal; font-variant: normal; font-weight: 400; letter-spacing: normal; orphans: 2; text-align: left; text-decoration: none; text-indent: 0px; text-transform: none; -webkit-text-stroke-width: 0px; white-space: normal; word-spacing: 0px;\">\u00ab<\/span>Institut de Demoiselles de Daulte-Cornu \u00e0 Grandson<span style=\"display: inline !important; float: none; background-color: transparent; color: #222222; cursor: text; font-family: 'Open Sans',Verdana,Geneva,'DejaVu Sans',sans-serif; font-size: 16px; font-style: normal; font-variant: normal; font-weight: 400; letter-spacing: normal; orphans: 2; text-align: left; text-decoration: none; text-indent: 0px; text-transform: none; -webkit-text-stroke-width: 0px; white-space: normal; word-spacing: 0px;\">\u00bb<\/span>.<sup><a href=\"#footnote_3_2807\" id=\"identifier_3_2807\" class=\"footnote-link footnote-identifier-link\" title=\"STAZG P91.1\">3<\/a><\/sup> Danach scheint sie in Hamburg<span style=\"display: inline !important; float: none; background-color: transparent; color: #222222; cursor: text; font-family: 'Open Sans',Verdana,Geneva,'DejaVu Sans',sans-serif; font-size: 16px; font-style: normal; font-variant: normal; font-weight: 400; letter-spacing: normal; orphans: 2; text-align: left; text-decoration: none; text-indent: 0px; text-transform: none; -webkit-text-stroke-width: 0px; white-space: normal; word-spacing: 0px;\"><sup><a href=\"#footnote_4_2807\" id=\"identifier_4_2807\" class=\"footnote-link footnote-identifier-link\" title=\"&laquo;Erinnerungsbuch f&uuml;r die liebe Nannette Grob von der Familie Gabain in Hamburg am 14. Sept. 1851&raquo;. Widmung und Gedichte von Sch&uuml;lern von Anna Grob, STAZG P 91.4\">4<\/a><\/sup>, bei der d\u00e4nischen Adelsfamilie Frijs in <a href=\"https:\/\/de.wikipedia.org\/wiki\/Frijsenborg\" target=\"_blank\" rel=\"noopener noreferrer\">Frijsenborg<\/a> (D\u00e4nemark) und in Schweden gearbeitet zu haben.<sup><a href=\"#footnote_5_2807\" id=\"identifier_5_2807\" class=\"footnote-link footnote-identifier-link\" title=\"vgl. auch 3 Arbeitszeugnisse, beglaubigt 1855-1866, in STAZG P 91.2, und die diverse Korrespondenz im Nachlass\">5<\/a><\/sup>\u00a0Nach 18 (?) Jahren Arbeit als Gouvernante kehrte sie 1862 nach Luzern zur\u00fcck.<sup><a href=\"#footnote_6_2807\" id=\"identifier_6_2807\" class=\"footnote-link footnote-identifier-link\" title=\"Niederlassungsbewilligung zusammen mit Ihrer Schwester Franziska Grob, STALU AKT 313\/2377\">6<\/a><\/sup>\u00a01866 wurde sie als Lehrerin f\u00fcr Franz\u00f6sisch an die H\u00f6here T\u00f6chterschule in Luzern gew\u00e4hlt,<sup><a href=\"#footnote_7_2807\" id=\"identifier_7_2807\" class=\"footnote-link footnote-identifier-link\" title=\"STAZG P 91.3 und STALU AKT 34\/345 F: Die Wahl erfolgte f&uuml;r ein Probejahr; sie ist nur 1867 im Staatskalender aufgef&uuml;hrt\">7<\/a><\/sup> blieb dort aber nur kurz.<\/p>\n<p>Ab etwa 1870 soll sie als Gesellschafterin zu Jeannette Pietzcker auf den Felsberg gekommen sein,<sup><a href=\"#footnote_8_2807\" id=\"identifier_8_2807\" class=\"footnote-link footnote-identifier-link\" title=\"vgl. Nachruf; m&uuml;sste mit Hilfe der Korrespondenz noch &uuml;berpr&uuml;ft werden\">8<\/a><\/sup> dieses Angabe w\u00e4re noch zu pr\u00fcfen. Sicher ab ca. 1891 bis zu ihrem Tod 1911 war Anna Grob an der Felsbergstrasse 15 angemeldet - auf der Liste im H\u00e4userverzeichnis der Stadt Luzern gleich an zweiter Stelle nach Jeannette Pietzcker!<span style=\"display: inline !important; float: none; background-color: transparent; color: #222222; cursor: text; font-family: 'Open Sans',Verdana,Geneva,'DejaVu Sans',sans-serif; font-size: 16px; font-style: normal; font-variant: normal; font-weight: 400; letter-spacing: normal; orphans: 2; text-align: left; text-decoration: none; text-indent: 0px; text-transform: none; -webkit-text-stroke-width: 0px; white-space: normal; word-spacing: 0px;\"><sup><a href=\"#footnote_9_2807\" id=\"identifier_9_2807\" class=\"footnote-link footnote-identifier-link\" title=\"H&auml;userverzeichnis Felsbergstrasse, SALU B3.22\/B3.92; auch im Adressbuch der Stadt Luzern ist sie jeweils auf dem Felsberg 634b wohnhaft verzeichnet\">9<\/a><\/sup><\/span> Als Berufsbezeichnung steht hier \u00abPrivat\u00bb, in anderen Quellen wird sie als Privat-Lehrerin<sup><a href=\"#footnote_10_2807\" id=\"identifier_10_2807\" class=\"footnote-link footnote-identifier-link\" title=\"Steuerrechnung 1904, StAZG P 91.8\">10<\/a><\/sup> oder als Gesellschafterin bezeichnet. In sp\u00e4teren Jahren vertrat sie Margaretha Pietzcker, erledigte in ihrer Abwesenheit ihre Korrespondenz und wurde auch mal aus \u00abTante\u00bb bezeichnet. Vielleicht kochte sie auch ausserhalb der Saison aus ihrem Rezeptbuch?<\/p>\n<p><span style=\"display: inline !important; float: none; background-color: transparent; color: #222222; cursor: text; font-family: 'Open Sans',Verdana,Geneva,'DejaVu Sans',sans-serif; font-size: 16px; font-style: normal; font-variant: normal; font-weight: 400; letter-spacing: normal; orphans: 2; text-align: left; text-decoration: none; text-indent: 0px; text-transform: none; -webkit-text-stroke-width: 0px; white-space: normal; word-spacing: 0px;\">Offenbar verbrachte sie ihren Lebensabend in der Pension als Dauer-Gast. Bei der Erbteilung <sup><a href=\"#footnote_11_2807\" id=\"identifier_11_2807\" class=\"footnote-link footnote-identifier-link\" title=\"vgl. die umfangreicheren Unterlagen in StAZG P 91.8\">11<\/a><\/sup> gab es u.a. Forderungen f\u00fcr Ihren Aufenthalt in der Pension - durchaus vertretbar: 1904 war ihr Verm\u00f6gen durch die Steuerbeh\u00f6rde auf Fr. 12'000.- gesch\u00e4tzt worden.<sup><a href=\"#footnote_12_2807\" id=\"identifier_12_2807\" class=\"footnote-link footnote-identifier-link\" title=\"Steuerrechnung 1904, StAZG P 91.8; die Unterlagen zur Erbteilung m&uuml;ssten noch genauer bearbeitet werden; gem&auml;ss Nachruf erhielt sie eine Rente aus Frijsenborg\">12<\/a><\/sup>\u00a0<\/span>In hohem Alter hatte Sie einen Hirnschlag erlitten, lebte aber bis zu ihrem Tode 1911 in der Pension Felsberg. Sie ben\u00f6tigte nun aber eine eigene Betreuungsperson.<sup><a href=\"#footnote_13_2807\" id=\"identifier_13_2807\" class=\"footnote-link footnote-identifier-link\" title=\"Vgl. die Bewerbungen als Hausm&auml;dchen auf eine Inserat von Anna Grob, 1910 (StAZG P 91.7); zudem in StAZG P 91.63 ein nicht signierter Brief-Entwurf, in dem sie ihre Situation beschreibt, dass sie nach einer Apoplexie ein Hausm&auml;dchen ben&ouml;tige, das ihr im Alltag hilft, im gleichen Zimmer schl&auml;ft etc.\">13<\/a><\/sup><\/p>\n<h3><span class=\"ez-toc-section\" id=\"Theophil_Sauner_Kuechenchef\"><\/span>Theophil Sauner, K\u00fcchenchef<span class=\"ez-toc-section-end\"><\/span><\/h3>\n<p>Theophil Sauner<span style=\"display: inline !important; float: none; background-color: transparent; color: #222222; cursor: text; font-family: 'Open Sans',Verdana,Geneva,'DejaVu Sans',sans-serif; font-size: 16px; font-style: normal; font-variant: normal; font-weight: 400; letter-spacing: normal; orphans: 2; text-align: left; text-decoration: none; text-indent: 0px; text-transform: none; -webkit-text-stroke-width: 0px; white-space: normal; word-spacing: 0px;\"><sup><a href=\"#footnote_14_2807\" id=\"identifier_14_2807\" class=\"footnote-link footnote-identifier-link\" title=\"Dieser Abschnitt basiert auf einer freundlichen Mitteilung seines Enkels Bernhard Sauner, Mai 2019\">14<\/a><\/sup><\/span> wurde 1869 als Sohn des Jean Thiebaut und der Margaritha geb. Messerlin in Niederspechbach, Kreis Altkirch, Oberelsass geboren.<sup><a href=\"#footnote_15_2807\" id=\"identifier_15_2807\" class=\"footnote-link footnote-identifier-link\" title=\"zu seiner Biographie: Geburt 29.1.1869. Heirat am 17.10.1903 in Luzern mit Marie Josefa Bl&auml;ttler von Hergiswil NW, mit der er zwei S&ouml;hne hatte. Seine Frau verstarb kurz nach der Geburt des zweiten Sohnes im Jahre 1912. Im Jahre 1921 heiratet er wieder, diesmal die Schwester seiner verstorbenen Frau, Anna-Maria Bl&auml;ttler.&nbsp;Bisher deutscher Staatsangeh&ouml;riger, wurde er 1918 zusammen mit seiner Familie B&uuml;rger der Stadt Luzern. Erlebte bis zu seinem Tod 1953 in Luzern\">15<\/a><\/sup> Seine Kochlehre absolvierte er 1884-1886 im Hotel des M\u00e9nag\u00e8res in Belfort. Anschliessend machte er verschiedene Aufenthalte in Neuhausen, Genoa, Basel, Paris. Ab Ende 1891 bis 1893 war er im Hotel Savoy in London unter dem ber\u00fchmten Koch <a href=\"https:\/\/fr.wikipedia.org\/wiki\/Auguste_Escoffier\" target=\"_blank\" rel=\"noopener noreferrer\">A. Escoffier<\/a> t\u00e4tig. Weitere l\u00e4ngere Aufenthalte brachten ihn ins Grand Hotel Rome nach Rom bis er schliesslich eine feste Anstellung im Grand Hotel National in Luzern erhielt wo er vom 1895 bis 1920 als Koch und anschliessend als Chef Koch t\u00e4tig war.<\/p>\n<p>Im Jahr 1929 arbeitete er f\u00fcr gerade einmal 4 Wochen als K\u00fcchenchef in der Pension Felsberg und f\u00fcllte hier offenbar eine L\u00fccke: Von April bis Juni 1929 gab es einen Koch,<span style=\"display: inline !important; float: none; background-color: transparent; color: #222222; cursor: text; font-family: 'Open Sans',Verdana,Geneva,'DejaVu Sans',sans-serif; font-size: 16px; font-style: normal; font-variant: normal; font-weight: 400; letter-spacing: normal; orphans: 2; text-align: left; text-decoration: none; text-indent: 0px; text-transform: none; -webkit-text-stroke-width: 0px; white-space: normal; word-spacing: 0px;\"><sup><a href=\"#footnote_16_2807\" id=\"identifier_16_2807\" class=\"footnote-link footnote-identifier-link\" title=\"H&auml;userverzeichnis Felsbergstrasse, SALU B3.22\/B3.92\">16<\/a><\/sup>,<\/span> von Juli bis Oktober gab es einen anderen K\u00fcchenchef. Kurze Eins\u00e4tze scheinen im Tourismus durchaus \u00fcblich gewesen zu sein.<\/p>\n<figure id=\"attachment_2821\" aria-describedby=\"caption-attachment-2821\" style=\"width: 386px\" class=\"wp-caption aligncenter\"><a href=\"https:\/\/archivinfo.ch\/felsberg\/pension\/mitarbeitende-einzelne\/zeugnis-pension-felsberg_theophil-sauner\/\"><img loading=\"lazy\" decoding=\"async\" class=\"wp-image-2821 size-medium\" src=\"https:\/\/archivinfo.ch\/felsberg\/wp-content\/uploads\/varia\/Zeugnis-Pension-Felsberg_Theophil-Sauner-386x500.jpg\" alt=\"\" width=\"386\" height=\"500\" srcset=\"https:\/\/archivinfo.ch\/felsberg\/wp-content\/uploads\/varia\/Zeugnis-Pension-Felsberg_Theophil-Sauner-386x500.jpg 386w, https:\/\/archivinfo.ch\/felsberg\/wp-content\/uploads\/varia\/Zeugnis-Pension-Felsberg_Theophil-Sauner-116x150.jpg 116w, https:\/\/archivinfo.ch\/felsberg\/wp-content\/uploads\/varia\/Zeugnis-Pension-Felsberg_Theophil-Sauner-768x995.jpg 768w, https:\/\/archivinfo.ch\/felsberg\/wp-content\/uploads\/varia\/Zeugnis-Pension-Felsberg_Theophil-Sauner-790x1024.jpg 790w, https:\/\/archivinfo.ch\/felsberg\/wp-content\/uploads\/varia\/Zeugnis-Pension-Felsberg_Theophil-Sauner-960x1244.jpg 960w\" sizes=\"auto, (max-width: 386px) 100vw, 386px\" \/><\/a><figcaption id=\"caption-attachment-2821\" class=\"wp-caption-text\">Zeugnis f\u00fcr Theophil Sauner als K\u00fcchenchef der Pension Felsberg, ausgestellt durch Marg. Pietzcker, Juli 1929 (in Privatbesitz)<\/figcaption><\/figure>\n<p>&nbsp;<\/p>\n<p><em>Diese Seite zuletzt ge\u00e4ndert: 2019-05-27<\/em><\/p>\n<ol class=\"footnotes\"><li id=\"footnote_1_2807\" class=\"footnote\">Dieser Abschnitt basiert auf ihrem Nachlass im Staatsarchive, StAZG P 91. Der Bestand (im Umfang von 2 Archivschachteln) umfasst u.a. Korrespondenz an Anna Grob, pers\u00f6nliche Dokumente, ein Rezeptbuch \u00abExpress Recepte Prima Frijsenberg Felsberg\u00bb, aber auch Korrespondenz von Pensionsg\u00e4sten an Anna Grob und an Margaretha Pietzcker<span class=\"footnote-back-link-wrapper\">[<a href=\"#identifier_1_2807\" class=\"footnote-link footnote-back-link\">&#8617;<\/a>]<\/span><\/li><li id=\"footnote_2_2807\" class=\"footnote\">vgl. auch den Nachruf im Luzerner Tagblatt 30.4.1911. Die Angaben sind aber mit Vorsicht zu geniessen: Arbeitete sie wirklich nach Ihrer Ausbildung an den Stadtschulen in Luzern, oder erst 1866? War sie wirklich 18 Jahre in Frijsenborg?<span class=\"footnote-back-link-wrapper\">[<a href=\"#identifier_2_2807\" class=\"footnote-link footnote-back-link\">&#8617;<\/a>]<\/span><\/li><li id=\"footnote_3_2807\" class=\"footnote\">STAZG P91.1<span class=\"footnote-back-link-wrapper\">[<a href=\"#identifier_3_2807\" class=\"footnote-link footnote-back-link\">&#8617;<\/a>]<\/span><\/li><li id=\"footnote_4_2807\" class=\"footnote\">\u00abErinnerungsbuch f\u00fcr die liebe Nannette Grob von der Familie Gabain in Hamburg am 14. Sep<\/span>t. 1851\u00bb. Widmung und Gedichte von Sch\u00fclern von Anna Grob, STAZG P 91.4<span class=\"footnote-back-link-wrapper\">[<a href=\"#identifier_4_2807\" class=\"footnote-link footnote-back-link\">&#8617;<\/a>]<\/span><\/li><li id=\"footnote_5_2807\" class=\"footnote\">vgl. auch 3 Arbeitszeugnisse, beglaubigt 1855-1866, in STAZG P 91.2, und die diverse Korrespondenz im Nachlass<span class=\"footnote-back-link-wrapper\">[<a href=\"#identifier_5_2807\" class=\"footnote-link footnote-back-link\">&#8617;<\/a>]<\/span><\/li><li id=\"footnote_6_2807\" class=\"footnote\">Niederlassungsbewilligung zusammen mit Ihrer Schwester Franziska Grob, STALU AKT 313\/2377<span class=\"footnote-back-link-wrapper\">[<a href=\"#identifier_6_2807\" class=\"footnote-link footnote-back-link\">&#8617;<\/a>]<\/span><\/li><li id=\"footnote_7_2807\" class=\"footnote\">STAZG P 91.3 und STALU AKT 34\/345 F: Die Wahl erfolgte f\u00fcr ein Probejahr; sie ist nur 1867 im Staatskalender aufgef\u00fchrt<span class=\"footnote-back-link-wrapper\">[<a href=\"#identifier_7_2807\" class=\"footnote-link footnote-back-link\">&#8617;<\/a>]<\/span><\/li><li id=\"footnote_8_2807\" class=\"footnote\">vgl. Nachruf; m\u00fcsste mit Hilfe der Korrespondenz noch \u00fcberpr\u00fcft werden<span class=\"footnote-back-link-wrapper\">[<a href=\"#identifier_8_2807\" class=\"footnote-link footnote-back-link\">&#8617;<\/a>]<\/span><\/li><li id=\"footnote_9_2807\" class=\"footnote\">H\u00e4userverzeichnis Felsbergstrasse, SALU B3.22\/B3.92; auch im Adressbuch der Stadt Luzern ist sie jeweils auf dem Felsberg 634b wohnhaft verzeichnet<span class=\"footnote-back-link-wrapper\">[<a href=\"#identifier_9_2807\" class=\"footnote-link footnote-back-link\">&#8617;<\/a>]<\/span><\/li><li id=\"footnote_10_2807\" class=\"footnote\">Steuerrechnung 1904, StAZG P 91.8<span class=\"footnote-back-link-wrapper\">[<a href=\"#identifier_10_2807\" class=\"footnote-link footnote-back-link\">&#8617;<\/a>]<\/span><\/li><li id=\"footnote_11_2807\" class=\"footnote\">vgl. die umfangreicheren Unterlagen in StAZG P 91.8<span class=\"footnote-back-link-wrapper\">[<a href=\"#identifier_11_2807\" class=\"footnote-link footnote-back-link\">&#8617;<\/a>]<\/span><\/li><li id=\"footnote_12_2807\" class=\"footnote\">Steuerrechnung 1904, StAZG P 91.8; die Unterlagen zur Erbteilung m\u00fcssten noch genauer bearbeitet werden; gem\u00e4ss Nachruf erhielt sie eine Rente aus Frijsenborg<span class=\"footnote-back-link-wrapper\">[<a href=\"#identifier_12_2807\" class=\"footnote-link footnote-back-link\">&#8617;<\/a>]<\/span><\/li><li id=\"footnote_13_2807\" class=\"footnote\">Vgl. die <em>Bewerbungen als Hausm\u00e4dchen auf eine Inserat von Anna Grob<\/em>, 1910 (StAZG P 91.7); zudem in StAZG P 91.63 ein nicht signierter Brief-Entwurf, in dem sie ihre Situation beschreibt, dass sie nach einer Apoplexie ein Hausm\u00e4dchen ben\u00f6tige, das ihr im Alltag hilft, im gleichen Zimmer schl\u00e4ft etc.<span class=\"footnote-back-link-wrapper\">[<a href=\"#identifier_13_2807\" class=\"footnote-link footnote-back-link\">&#8617;<\/a>]<\/span><\/li><li id=\"footnote_14_2807\" class=\"footnote\">Dieser Abschnitt basiert auf einer freundlichen Mitteilung seines Enkels Bernhard Sauner, Mai 2019<span class=\"footnote-back-link-wrapper\">[<a href=\"#identifier_14_2807\" class=\"footnote-link footnote-back-link\">&#8617;<\/a>]<\/span><\/li><li id=\"footnote_15_2807\" class=\"footnote\">zu seiner Biographie: Geburt 29.1.1869. Heirat am 17.10.1903 in Luzern mit Marie Josefa Bl\u00e4ttler von Hergiswil NW, mit der er zwei S\u00f6hne hatte. Seine Frau verstarb kurz nach der Geburt des zweiten Sohnes im Jahre 1912. Im Jahre 1921 heiratet er wieder, diesmal die Schwester seiner verstorbenen Frau, Anna-Maria Bl\u00e4ttler.\u00a0Bisher deutscher Staatsangeh\u00f6riger, wurde er 1918 zusammen mit seiner Familie B\u00fcrger der Stadt Luzern. Erlebte bis zu seinem Tod 1953 in Luzern<span class=\"footnote-back-link-wrapper\">[<a href=\"#identifier_15_2807\" class=\"footnote-link footnote-back-link\">&#8617;<\/a>]<\/span><\/li><li id=\"footnote_16_2807\" class=\"footnote\">H\u00e4userverzeichnis Felsbergstrasse, SALU B3.22\/B3.92<span class=\"footnote-back-link-wrapper\">[<a href=\"#identifier_16_2807\" class=\"footnote-link footnote-back-link\">&#8617;<\/a>]<\/span><\/li><\/ol>","protected":false},"excerpt":{"rendered":"<p>Einzelne Mitarbeitende Mangels Firmenarchiv basiert die Suche nach Einzelpersonen auf seltenen Zufallsfunden... Anna Grob, Privat-Lehrerin, Gesellschafterin Anna Barbara Grob1 (auch Nanette oder Nina genannt) wurde 1829 in Luzern geboren.\u00a0Ihr Vater Xaver Grob hatte 1834 in Luzern am See das Hotel Schwanen er\u00f6ffnet und damit\u00a0 gewissermassen den Startschuss f\u00fcr den Aufbau der Luzerner Hotellerie des 19. <a href=\"https:\/\/archivinfo.ch\/felsberg\/pension\/mitarbeitende-einzelne\/\" class=\"more-link\">\u2026weiterlesen<span class=\"screen-reader-text\"> Mitarbeitende (Einzelne)\"<\/span><\/a><\/p>\n","protected":false},"author":1,"featured_media":0,"parent":213,"menu_order":46,"comment_status":"closed","ping_status":"closed","template":"","meta":{"footnotes":""},"class_list":["post-2807","page","type-page","status-publish","h-entry","hentry","h-as-page"],"_links":{"self":[{"href":"https:\/\/archivinfo.ch\/felsberg\/wp-json\/wp\/v2\/pages\/2807","targetHints":{"allow":["GET"]}}],"collection":[{"href":"https:\/\/archivinfo.ch\/felsberg\/wp-json\/wp\/v2\/pages"}],"about":[{"href":"https:\/\/archivinfo.ch\/felsberg\/wp-json\/wp\/v2\/types\/page"}],"author":[{"embeddable":true,"href":"https:\/\/archivinfo.ch\/felsberg\/wp-json\/wp\/v2\/users\/1"}],"replies":[{"embeddable":true,"href":"https:\/\/archivinfo.ch\/felsberg\/wp-json\/wp\/v2\/comments?post=2807"}],"version-history":[{"count":0,"href":"https:\/\/archivinfo.ch\/felsberg\/wp-json\/wp\/v2\/pages\/2807\/revisions"}],"up":[{"embeddable":true,"href":"https:\/\/archivinfo.ch\/felsberg\/wp-json\/wp\/v2\/pages\/213"}],"wp:attachment":[{"href":"https:\/\/archivinfo.ch\/felsberg\/wp-json\/wp\/v2\/media?parent=2807"}],"curies":[{"name":"wp","href":"https:\/\/api.w.org\/{rel}","templated":true}]}}