{"id":280,"date":"2017-02-12T14:22:58","date_gmt":"2017-02-12T13:22:11","guid":{"rendered":"http:\/\/archivinfo.ch\/fb\/waschhaus-1\/"},"modified":"2019-04-26T20:23:58","modified_gmt":"2019-04-26T18:23:58","slug":"waschhaus-1","status":"publish","type":"page","link":"https:\/\/archivinfo.ch\/felsberg\/gebaeude\/waschhaus-1\/","title":{"rendered":"Waschhaus 1"},"content":{"rendered":"<h2>Waschhaus 1<\/h2>\n<ul>\n<li>Katasternummer: 634d<\/li>\n<li>Nutzung: Wasch- und Holzhaus<\/li>\n<li>Bauzeit:\u00a0um 1863,<sup><a href=\"#footnote_1_280\" id=\"identifier_1_280\" class=\"footnote-link footnote-identifier-link\" title=\"als Wasch- und Holzhaus genehmigt durch den Stadtrat am 5.2.1863, vgl. Historischer Kataster, SALU F3.A1, Band 480\">1<\/a><\/sup> als Stein- und Holzhaus erw\u00e4hnt um 1866-1869<sup><a href=\"#footnote_2_280\" id=\"identifier_2_280\" class=\"footnote-link footnote-identifier-link\" title=\"Brandassekuranzregister, STALU A 1143\/37\">2<\/a><\/sup><\/li>\n<li>abgebrochen: 1887, an dessen Stelle wurde der <a href=\"..\/pavillon\/\">Pavillon<\/a> errichtet<sup><a href=\"#footnote_3_280\" id=\"identifier_3_280\" class=\"footnote-link footnote-identifier-link\" title=\"genehmigt durch den Stadtrat am 27.1.1887, vgl. Historischer Kataster, SALU F3.A1, Band 480\">3<\/a><\/sup>. Etwas zur\u00fcckversetzt wurde das <a href=\"..\/waschhaus-2\/\">zweite Waschhaus<\/a> erstellt.<\/li>\n<\/ul>\n<p>Das erste Waschhaus stand an der Stelle des sp\u00e4teren Pavillon.<\/p>\n<p><a href=\"http:\/\/archivinfo.ch\/felsberg\/gebaeude\/waschhaus-1\/situationsplan_prov_ex_rickenbach_1905\/\"><img loading=\"lazy\" decoding=\"async\" class=\"aligncenter wp-image-61 size-medium\" src=\"http:\/\/archivinfo.ch\/felsberg\/wp-content\/uploads\/plaene\/situationsplan_prov_ex_rickenbach_1905-500x333.jpg\" alt=\"\" width=\"500\" height=\"333\" srcset=\"https:\/\/archivinfo.ch\/felsberg\/wp-content\/uploads\/plaene\/situationsplan_prov_ex_rickenbach_1905-500x333.jpg 500w, https:\/\/archivinfo.ch\/felsberg\/wp-content\/uploads\/plaene\/situationsplan_prov_ex_rickenbach_1905-150x100.jpg 150w, https:\/\/archivinfo.ch\/felsberg\/wp-content\/uploads\/plaene\/situationsplan_prov_ex_rickenbach_1905-768x512.jpg 768w, https:\/\/archivinfo.ch\/felsberg\/wp-content\/uploads\/plaene\/situationsplan_prov_ex_rickenbach_1905-1024x683.jpg 1024w\" sizes=\"auto, (max-width: 500px) 100vw, 500px\" \/><\/a><\/p>\n<p><em>Diese Seite zuletzt ge\u00e4ndert: 2017-11-24<\/em><\/p>\n<p>&nbsp;<\/p>\n<ol class=\"footnotes\"><li id=\"footnote_1_280\" class=\"footnote\">als Wasch- und Holzhaus genehmigt durch den Stadtrat am 5.2.1863, vgl. Historischer Kataster, SALU F3.A1, Band 480<span class=\"footnote-back-link-wrapper\">[<a href=\"#identifier_1_280\" class=\"footnote-link footnote-back-link\">&#8617;<\/a>]<\/span><\/li><li id=\"footnote_2_280\" class=\"footnote\">Brandassekuranzregister, STALU A 1143\/37<span class=\"footnote-back-link-wrapper\">[<a href=\"#identifier_2_280\" class=\"footnote-link footnote-back-link\">&#8617;<\/a>]<\/span><\/li><li id=\"footnote_3_280\" class=\"footnote\">genehmigt durch den Stadtrat am 27.1.1887, vgl. Historischer Kataster, SALU F3.A1, Band 480<span class=\"footnote-back-link-wrapper\">[<a href=\"#identifier_3_280\" class=\"footnote-link footnote-back-link\">&#8617;<\/a>]<\/span><\/li><\/ol>","protected":false},"excerpt":{"rendered":"<p>Waschhaus 1 Katasternummer: 634d Nutzung: Wasch- und Holzhaus Bauzeit:\u00a0um 1863,1 als Stein- und Holzhaus erw\u00e4hnt um 1866-18692 abgebrochen: 1887, an dessen Stelle wurde der Pavillon errichtet3. Etwas zur\u00fcckversetzt wurde das zweite Waschhaus erstellt. Das erste Waschhaus stand an der Stelle des sp\u00e4teren Pavillon. Diese Seite zuletzt ge\u00e4ndert: 2017-11-24 &nbsp; als Wasch- und Holzhaus genehmigt durch <a href=\"https:\/\/archivinfo.ch\/felsberg\/gebaeude\/waschhaus-1\/\" class=\"more-link\">\u2026weiterlesen<span class=\"screen-reader-text\"> Waschhaus 1\"<\/span><\/a><\/p>\n","protected":false},"author":1,"featured_media":0,"parent":226,"menu_order":54,"comment_status":"closed","ping_status":"closed","template":"","meta":{"footnotes":""},"class_list":["post-280","page","type-page","status-publish","h-entry","hentry","h-as-page"],"_links":{"self":[{"href":"https:\/\/archivinfo.ch\/felsberg\/wp-json\/wp\/v2\/pages\/280","targetHints":{"allow":["GET"]}}],"collection":[{"href":"https:\/\/archivinfo.ch\/felsberg\/wp-json\/wp\/v2\/pages"}],"about":[{"href":"https:\/\/archivinfo.ch\/felsberg\/wp-json\/wp\/v2\/types\/page"}],"author":[{"embeddable":true,"href":"https:\/\/archivinfo.ch\/felsberg\/wp-json\/wp\/v2\/users\/1"}],"replies":[{"embeddable":true,"href":"https:\/\/archivinfo.ch\/felsberg\/wp-json\/wp\/v2\/comments?post=280"}],"version-history":[{"count":0,"href":"https:\/\/archivinfo.ch\/felsberg\/wp-json\/wp\/v2\/pages\/280\/revisions"}],"up":[{"embeddable":true,"href":"https:\/\/archivinfo.ch\/felsberg\/wp-json\/wp\/v2\/pages\/226"}],"wp:attachment":[{"href":"https:\/\/archivinfo.ch\/felsberg\/wp-json\/wp\/v2\/media?parent=280"}],"curies":[{"name":"wp","href":"https:\/\/api.w.org\/{rel}","templated":true}]}}