{"id":278,"date":"2017-02-12T14:22:11","date_gmt":"2017-02-12T13:22:11","guid":{"rendered":"http:\/\/archivinfo.ch\/fb\/pavillon\/"},"modified":"2025-01-22T12:59:04","modified_gmt":"2025-01-22T11:59:04","slug":"pavillon","status":"publish","type":"page","link":"https:\/\/archivinfo.ch\/felsberg\/gebaeude\/pavillon\/","title":{"rendered":"Pavillon"},"content":{"rendered":"<h2><span class=\"ez-toc-section\" id=\"Pavillon_mit_Anbau\"><\/span>Pavillon (mit Anbau)<span class=\"ez-toc-section-end\"><\/span><\/h2><div id=\"ez-toc-container\" class=\"ez-toc-v2_0_82_2 counter-hierarchy ez-toc-counter ez-toc-custom ez-toc-container-direction\">\n<nav><ul class='ez-toc-list ez-toc-list-level-1 ' ><li class='ez-toc-page-1 ez-toc-heading-level-2'><a class=\"ez-toc-link ez-toc-heading-1\" href=\"https:\/\/archivinfo.ch\/felsberg\/gebaeude\/pavillon\/#Pavillon_mit_Anbau\" >Pavillon (mit Anbau)<\/a><ul class='ez-toc-list-level-3' ><li class='ez-toc-heading-level-3'><a class=\"ez-toc-link ez-toc-heading-2\" href=\"https:\/\/archivinfo.ch\/felsberg\/gebaeude\/pavillon\/#Umbau_Anbau\" >Umbau \/ Anbau<\/a><\/li><li class='ez-toc-page-1 ez-toc-heading-level-3'><a class=\"ez-toc-link ez-toc-heading-3\" href=\"https:\/\/archivinfo.ch\/felsberg\/gebaeude\/pavillon\/#Ansichten\" >Ansichten<\/a><\/li><li class='ez-toc-page-1 ez-toc-heading-level-3'><a class=\"ez-toc-link ez-toc-heading-4\" href=\"https:\/\/archivinfo.ch\/felsberg\/gebaeude\/pavillon\/#Plaene_Status_1943\" >Pl\u00e4ne \/ Status 1943<\/a><\/li><li class='ez-toc-page-1 ez-toc-heading-level-3'><a class=\"ez-toc-link ez-toc-heading-5\" href=\"https:\/\/archivinfo.ch\/felsberg\/gebaeude\/pavillon\/#Verwendung_nach_1943\" >Verwendung nach 1943<\/a><\/li><\/ul><\/li><\/ul><\/nav><\/div>\n\n<ul>\n<li>Adresse: Felsbergstrasse 18, Luzern<\/li>\n<li>Katasternummer: 634m<\/li>\n<li>Nutzung: D\u00e9pendance, Pavillon, Ballsaal, sp\u00e4ter st\u00e4dtischer Kindergarten und Freizeitanlage<\/li>\n<li>Bauzeit: 1887<sup><a href=\"#footnote_1_278\" id=\"identifier_1_278\" class=\"footnote-link footnote-identifier-link\" title=\"genehmigt durch den Stadtrat am 27.1.1887, vgl. Historischer Kataster, SALU F3.A1, Band 480\">1<\/a><\/sup><\/li>\n<li>gebaut durch: 1887 Heinrich Viktor von Segesser (Architekt),<br \/>\n1903\/1904 Anbau durch Baugesch\u00e4ft Gebr. Keller<\/li>\n<li>abgebrochen: 2015 (obwohl der Abbruch des Geb\u00e4udes schon im Wettbewerbsprojekt f\u00fcr das neue Schulhaus 1943\/44 vorgesehen war)<sup><a href=\"#footnote_2_278\" id=\"identifier_2_278\" class=\"footnote-link footnote-identifier-link\" title=\"Fit f&uuml;r die Zukunft, S. 59\">2<\/a><\/sup><\/li>\n<\/ul>\n<p>Der Pavillon wurde 1887 anstelle des bisherigen <a href=\"..\/waschhaus-1\/\">Waschhaus 1<\/a> errichtet.<sup><a href=\"#footnote_1_278\" id=\"identifier_3_278\" class=\"footnote-link footnote-identifier-link\" title=\"genehmigt durch den Stadtrat am 27.1.1887, vgl. Historischer Kataster, SALU F3.A1, Band 480\">1<\/a><\/sup><\/p>\n<figure id=\"attachment_165\" aria-describedby=\"caption-attachment-165\" style=\"width: 1024px\" class=\"wp-caption aligncenter\"><a href=\"http:\/\/archivinfo.ch\/felsberg\/gallery\/gebaeude\/pavillon_globetrotter_nr-_925_undatiert-2\/\"><img loading=\"lazy\" decoding=\"async\" class=\"wp-image-165 size-full\" src=\"https:\/\/archivinfo.ch\/felsberg\/wp-content\/uploads\/gebaeude\/pavillon_globetrotter_nr._925_undatiert.jpg\" alt=\"\" width=\"1024\" height=\"671\" srcset=\"https:\/\/archivinfo.ch\/felsberg\/wp-content\/uploads\/gebaeude\/pavillon_globetrotter_nr._925_undatiert.jpg 1024w, https:\/\/archivinfo.ch\/felsberg\/wp-content\/uploads\/gebaeude\/pavillon_globetrotter_nr._925_undatiert-500x328.jpg 500w, https:\/\/archivinfo.ch\/felsberg\/wp-content\/uploads\/gebaeude\/pavillon_globetrotter_nr._925_undatiert-150x98.jpg 150w, https:\/\/archivinfo.ch\/felsberg\/wp-content\/uploads\/gebaeude\/pavillon_globetrotter_nr._925_undatiert-768x503.jpg 768w, https:\/\/archivinfo.ch\/felsberg\/wp-content\/uploads\/gebaeude\/pavillon_globetrotter_nr._925_undatiert-960x629.jpg 960w\" sizes=\"auto, (max-width: 1024px) 100vw, 1024px\" \/><\/a><figcaption id=\"caption-attachment-165\" class=\"wp-caption-text\">Pavillon. Ansichtskarte, Verlag Globetrotter Nr. 925, in Privatbesitz<\/figcaption><\/figure>\n<h3><span class=\"ez-toc-section\" id=\"Umbau_Anbau\"><\/span>Umbau \/ Anbau<span class=\"ez-toc-section-end\"><\/span><\/h3>\n<p>1903\/1904 wurde das Haus durch einen Anbau an der Nordseite erg\u00e4nzt.<sup><a href=\"#footnote_3_278\" id=\"identifier_4_278\" class=\"footnote-link footnote-identifier-link\" title=\"genehmigt durch den Stadtrat am 30.10.1903, vgl. Historischer Kataster, SALU F3.A1, Band 480; SALU, B3.31\/A1.121 und B1.161\/1903\">3<\/a><\/sup>\u00a0Im Pavillon fanden w\u00f6chentlich B\u00e4lle statt.<sup><a href=\"#footnote_4_278\" id=\"identifier_5_278\" class=\"footnote-link footnote-identifier-link\" title=\"Felsberg-Reminiszenzen; Luzerner Montparnasse\">4<\/a><\/sup><\/p>\n<figure id=\"attachment_1541\" aria-describedby=\"caption-attachment-1541\" style=\"width: 500px\" class=\"wp-caption aligncenter\"><a href=\"http:\/\/archivinfo.ch\/felsberg\/gebaeude\/pavillon\/pavillon-anbau-salu-b3\/\"><img loading=\"lazy\" decoding=\"async\" class=\"wp-image-1541 size-medium\" src=\"http:\/\/archivinfo.ch\/felsberg\/wp-content\/uploads\/gebaeude\/Pavillon-Anbau-SALU-B3.31_A1.121-1903-500x431.jpg\" alt=\"\" width=\"500\" height=\"431\" \/><\/a><figcaption id=\"caption-attachment-1541\" class=\"wp-caption-text\">Pavillon, Anbau, Grundrisse, Fassade und Situation 1903 (SALU B3.31\/A1.121 1903)<\/figcaption><\/figure>\n<figure id=\"attachment_1540\" aria-describedby=\"caption-attachment-1540\" style=\"width: 500px\" class=\"wp-caption aligncenter\"><a href=\"http:\/\/archivinfo.ch\/felsberg\/gebaeude\/pavillon\/pavillon-anbau-fassade-salu-b3\/\"><img loading=\"lazy\" decoding=\"async\" class=\"wp-image-1540 size-medium\" src=\"http:\/\/archivinfo.ch\/felsberg\/wp-content\/uploads\/gebaeude\/Pavillon-Anbau-Fassade-SALU-B3.31_A1.121-1903-500x435.jpg\" alt=\"\" width=\"500\" height=\"435\" \/><\/a><figcaption id=\"caption-attachment-1540\" class=\"wp-caption-text\">Pavillon, Anbau, Fassade 1903 (SALU B3.31\/A1.121 1903)<\/figcaption><\/figure>\n<h3><span class=\"ez-toc-section\" id=\"Ansichten\"><\/span>Ansichten<span class=\"ez-toc-section-end\"><\/span><\/h3>\n<figure id=\"attachment_2061\" aria-describedby=\"caption-attachment-2061\" style=\"width: 500px\" class=\"wp-caption aligncenter\"><a href=\"http:\/\/archivinfo.ch\/felsberg\/gebaeude\/pavillon\/pavillon-has_030\/\"><img loading=\"lazy\" decoding=\"async\" class=\"wp-image-2061 size-medium\" src=\"http:\/\/archivinfo.ch\/felsberg\/wp-content\/uploads\/gebaeude\/Pavillon-HAS_030.A508_14-500x341.jpg\" alt=\"\" width=\"500\" height=\"341\" srcset=\"https:\/\/archivinfo.ch\/felsberg\/wp-content\/uploads\/gebaeude\/Pavillon-HAS_030.A508_14-500x341.jpg 500w, https:\/\/archivinfo.ch\/felsberg\/wp-content\/uploads\/gebaeude\/Pavillon-HAS_030.A508_14-150x102.jpg 150w, https:\/\/archivinfo.ch\/felsberg\/wp-content\/uploads\/gebaeude\/Pavillon-HAS_030.A508_14-768x524.jpg 768w, https:\/\/archivinfo.ch\/felsberg\/wp-content\/uploads\/gebaeude\/Pavillon-HAS_030.A508_14-1024x698.jpg 1024w, https:\/\/archivinfo.ch\/felsberg\/wp-content\/uploads\/gebaeude\/Pavillon-HAS_030.A508_14-960x654.jpg 960w, https:\/\/archivinfo.ch\/felsberg\/wp-content\/uploads\/gebaeude\/Pavillon-HAS_030.A508_14.jpg 1200w\" sizes=\"auto, (max-width: 500px) 100vw, 500px\" \/><\/a><figcaption id=\"caption-attachment-2061\" class=\"wp-caption-text\">Pavillon, um 1943 (Hotelarchiv Schweiz HAS_030.A508)<\/figcaption><\/figure>\n<figure id=\"attachment_2058\" aria-describedby=\"caption-attachment-2058\" style=\"width: 500px\" class=\"wp-caption aligncenter\"><a href=\"http:\/\/archivinfo.ch\/felsberg\/gebaeude\/pavillon\/pavillon-1943-suedwest-swa-pa-554-a-508-bd-31\/\" rel=\"attachment wp-att-2058\"><img loading=\"lazy\" decoding=\"async\" class=\"wp-image-2058 size-medium\" src=\"http:\/\/archivinfo.ch\/felsberg\/wp-content\/uploads\/gebaeude\/Pavillon-1943-suedwest-SWA-PA-554-A-508-Bd-31-500x313.jpg\" alt=\"\" width=\"500\" height=\"313\" srcset=\"https:\/\/archivinfo.ch\/felsberg\/wp-content\/uploads\/gebaeude\/Pavillon-1943-suedwest-SWA-PA-554-A-508-Bd-31-500x313.jpg 500w, https:\/\/archivinfo.ch\/felsberg\/wp-content\/uploads\/gebaeude\/Pavillon-1943-suedwest-SWA-PA-554-A-508-Bd-31-150x94.jpg 150w, https:\/\/archivinfo.ch\/felsberg\/wp-content\/uploads\/gebaeude\/Pavillon-1943-suedwest-SWA-PA-554-A-508-Bd-31-768x482.jpg 768w, https:\/\/archivinfo.ch\/felsberg\/wp-content\/uploads\/gebaeude\/Pavillon-1943-suedwest-SWA-PA-554-A-508-Bd-31-1024x642.jpg 1024w, https:\/\/archivinfo.ch\/felsberg\/wp-content\/uploads\/gebaeude\/Pavillon-1943-suedwest-SWA-PA-554-A-508-Bd-31-960x602.jpg 960w\" sizes=\"auto, (max-width: 500px) 100vw, 500px\" \/><\/a><figcaption id=\"caption-attachment-2058\" class=\"wp-caption-text\">Pavillon, S\u00fcdansicht, um 1943 (SWA PA 554 A 508 Bd 31)<\/figcaption><\/figure>\n<figure id=\"attachment_1536\" aria-describedby=\"caption-attachment-1536\" style=\"width: 500px\" class=\"wp-caption aligncenter\"><a href=\"http:\/\/archivinfo.ch\/felsberg\/gebaeude\/pavillon\/pavillon-anbau-foto-salu-f2a-felsbergstrasse-18\/\"><img loading=\"lazy\" decoding=\"async\" class=\"wp-image-1536 size-medium\" src=\"http:\/\/archivinfo.ch\/felsberg\/wp-content\/uploads\/gebaeude\/Pavillon-Anbau-Foto-SALU-F2a-Felsbergstrasse-18-500x372.jpg\" alt=\"\" width=\"500\" height=\"372\" srcset=\"https:\/\/archivinfo.ch\/felsberg\/wp-content\/uploads\/gebaeude\/Pavillon-Anbau-Foto-SALU-F2a-Felsbergstrasse-18-500x372.jpg 500w, https:\/\/archivinfo.ch\/felsberg\/wp-content\/uploads\/gebaeude\/Pavillon-Anbau-Foto-SALU-F2a-Felsbergstrasse-18-150x112.jpg 150w, https:\/\/archivinfo.ch\/felsberg\/wp-content\/uploads\/gebaeude\/Pavillon-Anbau-Foto-SALU-F2a-Felsbergstrasse-18-768x571.jpg 768w, https:\/\/archivinfo.ch\/felsberg\/wp-content\/uploads\/gebaeude\/Pavillon-Anbau-Foto-SALU-F2a-Felsbergstrasse-18-1024x761.jpg 1024w, https:\/\/archivinfo.ch\/felsberg\/wp-content\/uploads\/gebaeude\/Pavillon-Anbau-Foto-SALU-F2a-Felsbergstrasse-18-960x714.jpg 960w\" sizes=\"auto, (max-width: 500px) 100vw, 500px\" \/><\/a><figcaption id=\"caption-attachment-1536\" class=\"wp-caption-text\">Pavillon Anbau Nordseite, Stand 1979 (Foto INSA 29.10.1979, SALU F2a Felsbergstrasse 18)<\/figcaption><\/figure>\n<h3><span class=\"ez-toc-section\" id=\"Plaene_Status_1943\"><\/span>Pl\u00e4ne \/ Status 1943<span class=\"ez-toc-section-end\"><\/span><\/h3>\n<p><sup>Nummerierung: vgl. <a href=\"..\/..\/pension\/zustand-1943\/#Planaufnahme\" target=\"_blank\" rel=\"noopener noreferrer\">Legende<\/a><\/sup><\/p>\n<p>Im Erdgeschoss befanden sich Salons (15), 2 S\u00e4le (?, 17) und ein WC (31).<\/p>\n<figure id=\"attachment_2404\" aria-describedby=\"caption-attachment-2404\" style=\"width: 354px\" class=\"wp-caption aligncenter\"><a href=\"http:\/\/archivinfo.ch\/felsberg\/gebaeude\/pavillon\/pavillon-grundriss-0-swa-pa-554-a-508-bd-31\/\"><img loading=\"lazy\" decoding=\"async\" class=\"wp-image-2404 size-medium\" src=\"http:\/\/archivinfo.ch\/felsberg\/wp-content\/uploads\/gebaeude\/Pavillon-Grundriss-0-SWA-PA-554-A-508-Bd-31-354x500.jpg\" alt=\"\" width=\"354\" height=\"500\" srcset=\"https:\/\/archivinfo.ch\/felsberg\/wp-content\/uploads\/gebaeude\/Pavillon-Grundriss-0-SWA-PA-554-A-508-Bd-31-354x500.jpg 354w, https:\/\/archivinfo.ch\/felsberg\/wp-content\/uploads\/gebaeude\/Pavillon-Grundriss-0-SWA-PA-554-A-508-Bd-31-106x150.jpg 106w, https:\/\/archivinfo.ch\/felsberg\/wp-content\/uploads\/gebaeude\/Pavillon-Grundriss-0-SWA-PA-554-A-508-Bd-31-768x1086.jpg 768w, https:\/\/archivinfo.ch\/felsberg\/wp-content\/uploads\/gebaeude\/Pavillon-Grundriss-0-SWA-PA-554-A-508-Bd-31-724x1024.jpg 724w, https:\/\/archivinfo.ch\/felsberg\/wp-content\/uploads\/gebaeude\/Pavillon-Grundriss-0-SWA-PA-554-A-508-Bd-31-960x1357.jpg 960w, https:\/\/archivinfo.ch\/felsberg\/wp-content\/uploads\/gebaeude\/Pavillon-Grundriss-0-SWA-PA-554-A-508-Bd-31.jpg 1682w\" sizes=\"auto, (max-width: 354px) 100vw, 354px\" \/><\/a><figcaption id=\"caption-attachment-2404\" class=\"wp-caption-text\">Pavillon Grundriss, Parterre, 1943 (SWA PA 554 A 508 Bd 31)<\/figcaption><\/figure>\n<p>Im 1. Stock gab es Zimmer (25, 26), Bad (30) und WC (31).<\/p>\n<figure id=\"attachment_2405\" aria-describedby=\"caption-attachment-2405\" style=\"width: 375px\" class=\"wp-caption aligncenter\"><a href=\"http:\/\/archivinfo.ch\/felsberg\/gebaeude\/pavillon\/pavillon-grundriss-1-swa-pa-554-a-508-bd-31\/\"><img loading=\"lazy\" decoding=\"async\" class=\"wp-image-2405 size-medium\" src=\"http:\/\/archivinfo.ch\/felsberg\/wp-content\/uploads\/gebaeude\/Pavillon-Grundriss-1-SWA-PA-554-A-508-Bd-31-375x500.jpg\" alt=\"\" width=\"375\" height=\"500\" srcset=\"https:\/\/archivinfo.ch\/felsberg\/wp-content\/uploads\/gebaeude\/Pavillon-Grundriss-1-SWA-PA-554-A-508-Bd-31-375x500.jpg 375w, https:\/\/archivinfo.ch\/felsberg\/wp-content\/uploads\/gebaeude\/Pavillon-Grundriss-1-SWA-PA-554-A-508-Bd-31-112x150.jpg 112w, https:\/\/archivinfo.ch\/felsberg\/wp-content\/uploads\/gebaeude\/Pavillon-Grundriss-1-SWA-PA-554-A-508-Bd-31-768x1025.jpg 768w, https:\/\/archivinfo.ch\/felsberg\/wp-content\/uploads\/gebaeude\/Pavillon-Grundriss-1-SWA-PA-554-A-508-Bd-31-767x1024.jpg 767w, https:\/\/archivinfo.ch\/felsberg\/wp-content\/uploads\/gebaeude\/Pavillon-Grundriss-1-SWA-PA-554-A-508-Bd-31-960x1281.jpg 960w, https:\/\/archivinfo.ch\/felsberg\/wp-content\/uploads\/gebaeude\/Pavillon-Grundriss-1-SWA-PA-554-A-508-Bd-31.jpg 1720w\" sizes=\"auto, (max-width: 375px) 100vw, 375px\" \/><\/a><figcaption id=\"caption-attachment-2405\" class=\"wp-caption-text\">Pavillon Grundriss, 1. Stock, 1943 (SWA PA 554 A 508 Bd 31)<\/figcaption><\/figure>\n<p>Im 2. Stock gab es ein Zimmer (26), 3 (35),\u00a0Schlafraum f\u00fcr Personal (38) und ein WC (31).<\/p>\n<figure id=\"attachment_2403\" aria-describedby=\"caption-attachment-2403\" style=\"width: 368px\" class=\"wp-caption aligncenter\"><a href=\"http:\/\/archivinfo.ch\/felsberg\/gebaeude\/pavillon\/pavillon-grundriss-2-swa-pa-554-a-508-bd-31\/\"><img loading=\"lazy\" decoding=\"async\" class=\"wp-image-2403 size-medium\" src=\"http:\/\/archivinfo.ch\/felsberg\/wp-content\/uploads\/gebaeude\/Pavillon-Grundriss-2-SWA-PA-554-A-508-Bd-31-368x500.jpg\" alt=\"\" width=\"368\" height=\"500\" srcset=\"https:\/\/archivinfo.ch\/felsberg\/wp-content\/uploads\/gebaeude\/Pavillon-Grundriss-2-SWA-PA-554-A-508-Bd-31-368x500.jpg 368w, https:\/\/archivinfo.ch\/felsberg\/wp-content\/uploads\/gebaeude\/Pavillon-Grundriss-2-SWA-PA-554-A-508-Bd-31-110x150.jpg 110w, https:\/\/archivinfo.ch\/felsberg\/wp-content\/uploads\/gebaeude\/Pavillon-Grundriss-2-SWA-PA-554-A-508-Bd-31-768x1044.jpg 768w, https:\/\/archivinfo.ch\/felsberg\/wp-content\/uploads\/gebaeude\/Pavillon-Grundriss-2-SWA-PA-554-A-508-Bd-31-753x1024.jpg 753w, https:\/\/archivinfo.ch\/felsberg\/wp-content\/uploads\/gebaeude\/Pavillon-Grundriss-2-SWA-PA-554-A-508-Bd-31-960x1305.jpg 960w, https:\/\/archivinfo.ch\/felsberg\/wp-content\/uploads\/gebaeude\/Pavillon-Grundriss-2-SWA-PA-554-A-508-Bd-31.jpg 1440w\" sizes=\"auto, (max-width: 368px) 100vw, 368px\" \/><\/a><figcaption id=\"caption-attachment-2403\" class=\"wp-caption-text\">Pavillon Grundriss, 2. Stock, 1943 (SWA PA 554 A 508 Bd 31)<\/figcaption><\/figure>\n<figure id=\"attachment_2402\" aria-describedby=\"caption-attachment-2402\" style=\"width: 500px\" class=\"wp-caption aligncenter\"><a href=\"http:\/\/archivinfo.ch\/felsberg\/gebaeude\/pavillon\/pavillon-schnitt-swa-pa-554-a-508-bd-31\/\"><img loading=\"lazy\" decoding=\"async\" class=\"wp-image-2402 size-medium\" src=\"http:\/\/archivinfo.ch\/felsberg\/wp-content\/uploads\/gebaeude\/Pavillon-Schnitt-SWA-PA-554-A-508-Bd-31-500x363.jpg\" alt=\"\" width=\"500\" height=\"363\" \/><\/a><figcaption id=\"caption-attachment-2402\" class=\"wp-caption-text\">Pavillon Grundriss, Schnitt, 1943 (SWA PA 554 A 508 Bd 31)<\/figcaption><\/figure>\n<h3><span class=\"ez-toc-section\" id=\"Verwendung_nach_1943\"><\/span>Verwendung nach 1943<span class=\"ez-toc-section-end\"><\/span><\/h3>\n<p>Als im Jahre 1945 einige kinderreiche Familien keine Unterkunft finden konnten auf den 15. M\u00e4rz, wurde der Pavillon vor\u00fcbergehend vier Familien als Notunterkunft zur Verf\u00fcgung gestellt.<sup><a href=\"#footnote_5_278\" id=\"identifier_6_278\" class=\"footnote-link footnote-identifier-link\" title=\"Protokoll &uuml;ber die Verhandlungen des Grossen Stadtrates von Luzern, 12. M&auml;rz 1945, zitiert in: Rickenbach, 26\">5<\/a><\/sup><\/p>\n<p>Sp\u00e4ter 1945 gab es kleine Umbauten f\u00fcr den Gebrauch als Notwohnungen, u.a. Einbau einer Gemeinschaftsk\u00fcche im 1. Stock. <sup><a href=\"#footnote_6_278\" id=\"identifier_7_278\" class=\"footnote-link footnote-identifier-link\" title=\"vgl. StALU A 1038\/245, inkl. Pl&auml;ne\">6<\/a><\/sup><\/p>\n<p>Der Pavillon sollte eigentlich nach dem Bau des Felsbergschulhauses abgebrochen werden,<sup><a href=\"#footnote_7_278\" id=\"identifier_8_278\" class=\"footnote-link footnote-identifier-link\" title=\"Bauzeitung 124 (1944) 182\">7<\/a><\/sup> blieb aber schlussendlich noch bis 2015 stehen:<\/p>\n<p>1946-1951 wurde er f\u00fcr Notunterk\u00fcnfte<sup><a href=\"#footnote_8_278\" id=\"identifier_9_278\" class=\"footnote-link footnote-identifier-link\" title=\"1946-1951 vgl. H&auml;userverzeichnis SALU\">8<\/a><\/sup>, dann zum provisorischen Schulraum umgenutzt.<sup><a href=\"#footnote_9_278\" id=\"identifier_10_278\" class=\"footnote-link footnote-identifier-link\" title=\"B+A 10.1.1946\">9<\/a><\/sup><\/p>\n<p>Ab 1955 wurden Teile von der Luzerner Freizeitgemeinschaft benutzt.<\/p>\n<p>Einzelne R\u00e4ume wurden auch f\u00fcr das Schulhaus benutzt, zum Beispiel f\u00fcr einen Kindergarten.<\/p>\n<p>1984 wurde das Geb\u00e4ude aussen renoviert.<sup><a href=\"#footnote_10_278\" id=\"identifier_11_278\" class=\"footnote-link footnote-identifier-link\" title=\"Nidwaldner Tagblatt, 24. Mai 1984\">10<\/a><\/sup><\/p>\n<figure id=\"attachment_1538\" aria-describedby=\"caption-attachment-1538\" style=\"width: 500px\" class=\"wp-caption aligncenter\"><a href=\"http:\/\/archivinfo.ch\/felsberg\/gebaeude\/pavillon\/pavillon-ostfassade-salu-f2a-felsbergstrasse-18\/\"><img loading=\"lazy\" decoding=\"async\" class=\"wp-image-1538 size-medium\" src=\"http:\/\/archivinfo.ch\/felsberg\/wp-content\/uploads\/gebaeude\/Pavillon-Ostfassade-SALU-F2a-Felsbergstrasse-18-500x498.jpg\" alt=\"\" width=\"500\" height=\"498\" srcset=\"https:\/\/archivinfo.ch\/felsberg\/wp-content\/uploads\/gebaeude\/Pavillon-Ostfassade-SALU-F2a-Felsbergstrasse-18-500x498.jpg 500w, https:\/\/archivinfo.ch\/felsberg\/wp-content\/uploads\/gebaeude\/Pavillon-Ostfassade-SALU-F2a-Felsbergstrasse-18-150x150.jpg 150w, https:\/\/archivinfo.ch\/felsberg\/wp-content\/uploads\/gebaeude\/Pavillon-Ostfassade-SALU-F2a-Felsbergstrasse-18-768x766.jpg 768w, https:\/\/archivinfo.ch\/felsberg\/wp-content\/uploads\/gebaeude\/Pavillon-Ostfassade-SALU-F2a-Felsbergstrasse-18-1024x1021.jpg 1024w, https:\/\/archivinfo.ch\/felsberg\/wp-content\/uploads\/gebaeude\/Pavillon-Ostfassade-SALU-F2a-Felsbergstrasse-18-100x100.jpg 100w, https:\/\/archivinfo.ch\/felsberg\/wp-content\/uploads\/gebaeude\/Pavillon-Ostfassade-SALU-F2a-Felsbergstrasse-18-200x200.jpg 200w, https:\/\/archivinfo.ch\/felsberg\/wp-content\/uploads\/gebaeude\/Pavillon-Ostfassade-SALU-F2a-Felsbergstrasse-18-960x957.jpg 960w\" sizes=\"auto, (max-width: 500px) 100vw, 500px\" \/><\/a><figcaption id=\"caption-attachment-1538\" class=\"wp-caption-text\">Pavillon Ostseite, mit geschnitzten Masken und geschnitztem Portal, Stand 1978 (SALU F2a Felsbergstrasse 18)<\/figcaption><\/figure>\n<p><em>Diese Seite zuletzt ge\u00e4ndert: 2025-01-22<\/em><\/p>\n<ol class=\"footnotes\"><li id=\"footnote_1_278\" class=\"footnote\">genehmigt durch den Stadtrat am 27.1.1887, vgl. Historischer Kataster, SALU F3.A1, Band 480<span class=\"footnote-back-link-wrapper\">[<a href=\"#identifier_1_278\" class=\"footnote-link footnote-back-link\">&#8617;<\/a>]<\/span><span class=\"footnote-back-link-wrapper\">[<a href=\"#identifier_3_278\" class=\"footnote-link footnote-back-link\">&#8617;<\/a>]<\/span><\/li><li id=\"footnote_2_278\" class=\"footnote\">Fit f\u00fcr die Zukunft, S. 59<span class=\"footnote-back-link-wrapper\">[<a href=\"#identifier_2_278\" class=\"footnote-link footnote-back-link\">&#8617;<\/a>]<\/span><\/li><li id=\"footnote_3_278\" class=\"footnote\">genehmigt durch den Stadtrat am 30.10.1903, vgl. Historischer Kataster, SALU F3.A1, Band 480; SALU, B3.31\/A1.121 und B1.161\/1903<span class=\"footnote-back-link-wrapper\">[<a href=\"#identifier_4_278\" class=\"footnote-link footnote-back-link\">&#8617;<\/a>]<\/span><\/li><li id=\"footnote_4_278\" class=\"footnote\">Felsberg-Reminiszenzen; Luzerner Montparnasse<span class=\"footnote-back-link-wrapper\">[<a href=\"#identifier_5_278\" class=\"footnote-link footnote-back-link\">&#8617;<\/a>]<\/span><\/li><li id=\"footnote_5_278\" class=\"footnote\">Protokoll \u00fcber die Verhandlungen des Grossen Stadtrates von Luzern, 12. M\u00e4rz 1945, zitiert in: Rickenbach, 26<span class=\"footnote-back-link-wrapper\">[<a href=\"#identifier_6_278\" class=\"footnote-link footnote-back-link\">&#8617;<\/a>]<\/span><\/li><li id=\"footnote_6_278\" class=\"footnote\">vgl. StALU A 1038\/245, inkl. Pl\u00e4ne<span class=\"footnote-back-link-wrapper\">[<a href=\"#identifier_7_278\" class=\"footnote-link footnote-back-link\">&#8617;<\/a>]<\/span><\/li><li id=\"footnote_7_278\" class=\"footnote\">Bauzeitung 124 (1944) 182<span class=\"footnote-back-link-wrapper\">[<a href=\"#identifier_8_278\" class=\"footnote-link footnote-back-link\">&#8617;<\/a>]<\/span><\/li><li id=\"footnote_8_278\" class=\"footnote\">1946-1951 vgl. H\u00e4userverzeichnis SALU<span class=\"footnote-back-link-wrapper\">[<a href=\"#identifier_9_278\" class=\"footnote-link footnote-back-link\">&#8617;<\/a>]<\/span><\/li><li id=\"footnote_9_278\" class=\"footnote\">B+A 10.1.1946<span class=\"footnote-back-link-wrapper\">[<a href=\"#identifier_10_278\" class=\"footnote-link footnote-back-link\">&#8617;<\/a>]<\/span><\/li><li id=\"footnote_10_278\" class=\"footnote\">Nidwaldner Tagblatt, 24. Mai 1984<span class=\"footnote-back-link-wrapper\">[<a href=\"#identifier_11_278\" class=\"footnote-link footnote-back-link\">&#8617;<\/a>]<\/span><\/li><\/ol>","protected":false},"excerpt":{"rendered":"<p>Pavillon (mit Anbau) Adresse: Felsbergstrasse 18, Luzern Katasternummer: 634m Nutzung: D\u00e9pendance, Pavillon, Ballsaal, sp\u00e4ter st\u00e4dtischer Kindergarten und Freizeitanlage Bauzeit: 18871 gebaut durch: 1887 Heinrich Viktor von Segesser (Architekt), 1903\/1904 Anbau durch Baugesch\u00e4ft Gebr. Keller abgebrochen: 2015 (obwohl der Abbruch des Geb\u00e4udes schon im Wettbewerbsprojekt f\u00fcr das neue Schulhaus 1943\/44 vorgesehen war)2 Der Pavillon wurde 1887 <a href=\"https:\/\/archivinfo.ch\/felsberg\/gebaeude\/pavillon\/\" class=\"more-link\">\u2026weiterlesen<span class=\"screen-reader-text\"> Pavillon\"<\/span><\/a><\/p>\n","protected":false},"author":1,"featured_media":0,"parent":226,"menu_order":35,"comment_status":"closed","ping_status":"closed","template":"","meta":{"footnotes":""},"class_list":["post-278","page","type-page","status-publish","h-entry","hentry","h-as-page"],"_links":{"self":[{"href":"https:\/\/archivinfo.ch\/felsberg\/wp-json\/wp\/v2\/pages\/278","targetHints":{"allow":["GET"]}}],"collection":[{"href":"https:\/\/archivinfo.ch\/felsberg\/wp-json\/wp\/v2\/pages"}],"about":[{"href":"https:\/\/archivinfo.ch\/felsberg\/wp-json\/wp\/v2\/types\/page"}],"author":[{"embeddable":true,"href":"https:\/\/archivinfo.ch\/felsberg\/wp-json\/wp\/v2\/users\/1"}],"replies":[{"embeddable":true,"href":"https:\/\/archivinfo.ch\/felsberg\/wp-json\/wp\/v2\/comments?post=278"}],"version-history":[{"count":5,"href":"https:\/\/archivinfo.ch\/felsberg\/wp-json\/wp\/v2\/pages\/278\/revisions"}],"predecessor-version":[{"id":3758,"href":"https:\/\/archivinfo.ch\/felsberg\/wp-json\/wp\/v2\/pages\/278\/revisions\/3758"}],"up":[{"embeddable":true,"href":"https:\/\/archivinfo.ch\/felsberg\/wp-json\/wp\/v2\/pages\/226"}],"wp:attachment":[{"href":"https:\/\/archivinfo.ch\/felsberg\/wp-json\/wp\/v2\/media?parent=278"}],"curies":[{"name":"wp","href":"https:\/\/api.w.org\/{rel}","templated":true}]}}