{"id":277,"date":"2017-02-12T14:22:11","date_gmt":"2017-02-12T13:22:11","guid":{"rendered":"http:\/\/archivinfo.ch\/fb\/oekonomiegebaeude\/"},"modified":"2024-12-08T15:46:26","modified_gmt":"2024-12-08T14:46:26","slug":"oekonomiegebaeude","status":"publish","type":"page","link":"https:\/\/archivinfo.ch\/felsberg\/gebaeude\/oekonomiegebaeude\/","title":{"rendered":"\u00d6konomiegeb\u00e4ude"},"content":{"rendered":"<h2>Oekonomiegeb\u00e4ude (Scheune mit Wohnung)<\/h2>\n<ul>\n<li>Adresse: Felsbergstrasse 4, Luzern<\/li>\n<li>Grundst\u00fccknummer: 2254 r.U.<\/li>\n<li>Katasternummer: 634c<\/li>\n<li>Nutzung: Wagenremise und Wohnhaus<\/li>\n<li>Bauzeit:<br \/>\nScheune\/Wagenremise um 1857,<sup><a href=\"#footnote_1_277\" id=\"identifier_1_277\" class=\"footnote-link footnote-identifier-link\" title=\"vgl. Brandassekuranzregister Luzern, Quartier Hof, STALU CA 118; beim Kauf am 22.3.1860 werden neben dem Grundst&uuml;ck speziell das Herrschaftshaus 634b und eine Scheune 634c erw&auml;hnt, vgl. Historischer Kataster, SALU F3.A1, Band 480\">1<\/a><\/sup><br \/>\nWohnungsanbau ca. 1869 durch Baumeister Klemens Sidler;<sup><a href=\"#footnote_2_277\" id=\"identifier_2_277\" class=\"footnote-link footnote-identifier-link\" title=\"Stadtratsbeschluss 2.12.1869, SALU B3.31\/A1.19. Vgl. Historischer Kataster, SALU F3.A1, Band 480\">2<\/a><\/sup><br \/>\nals Scheune \/ Holzhaus erw\u00e4hnt um 1866-1869<sup><a href=\"#footnote_3_277\" id=\"identifier_3_277\" class=\"footnote-link footnote-identifier-link\" title=\"Brandassekuranzregister, STALU A 1143\/37\">3<\/a><\/sup>, (1873)<sup><a href=\"#footnote_4_277\" id=\"identifier_4_277\" class=\"footnote-link footnote-identifier-link\" title=\"Felsberg-Reminiszenzen\">4<\/a><\/sup><\/li>\n<li>abgebrochen: Teilabbruch 1925<sup><a href=\"#footnote_5_277\" id=\"identifier_5_277\" class=\"footnote-link footnote-identifier-link\" title=\"SALU B3.43\/B8.2\/304\">5<\/a><\/sup>, Abbruch 1946<\/li>\n<\/ul>\n<p>Zuerst nur Scheune, wurde es 1869 um einen Wohnungsanbau erg\u00e4nzt.<\/p>\n<figure id=\"attachment_1426\" aria-describedby=\"caption-attachment-1426\" style=\"width: 362px\" class=\"wp-caption aligncenter\"><a href=\"http:\/\/archivinfo.ch\/felsberg\/gebaeude\/oekonomiegebaeude\/oekonomiegebauede-anbau-salu-b3\/\"><img loading=\"lazy\" decoding=\"async\" class=\"wp-image-1426 size-medium\" src=\"http:\/\/archivinfo.ch\/felsberg\/wp-content\/uploads\/gebaeude\/Oekonomiegebauede-Anbau-SALU-B3.31_A1.19_1869-362x500.jpg\" alt=\"\" width=\"362\" height=\"500\" srcset=\"https:\/\/archivinfo.ch\/felsberg\/wp-content\/uploads\/gebaeude\/Oekonomiegebauede-Anbau-SALU-B3.31_A1.19_1869-362x500.jpg 362w, https:\/\/archivinfo.ch\/felsberg\/wp-content\/uploads\/gebaeude\/Oekonomiegebauede-Anbau-SALU-B3.31_A1.19_1869-109x150.jpg 109w, https:\/\/archivinfo.ch\/felsberg\/wp-content\/uploads\/gebaeude\/Oekonomiegebauede-Anbau-SALU-B3.31_A1.19_1869-768x1061.jpg 768w, https:\/\/archivinfo.ch\/felsberg\/wp-content\/uploads\/gebaeude\/Oekonomiegebauede-Anbau-SALU-B3.31_A1.19_1869-741x1024.jpg 741w, https:\/\/archivinfo.ch\/felsberg\/wp-content\/uploads\/gebaeude\/Oekonomiegebauede-Anbau-SALU-B3.31_A1.19_1869-960x1326.jpg 960w\" sizes=\"auto, (max-width: 362px) 100vw, 362px\" \/><\/a><figcaption id=\"caption-attachment-1426\" class=\"wp-caption-text\">Oekonomiegeb\u00e4ude: Anbau an Scheune 1869 (SALU B3.31\/A1.19 1869)<\/figcaption><\/figure>\n<p>Als \u00d6konomiegeb\u00e4ude ist es auf den touristischen Ansichtskarten nicht ersichtlich, aber hier (stark vergr\u00f6ssert) auf einer Ansicht von der Seebr\u00fccke aus ca. 1870\/1875:<\/p>\n<figure id=\"attachment_3733\" aria-describedby=\"caption-attachment-3733\" style=\"width: 446px\" class=\"wp-caption aligncenter\"><img loading=\"lazy\" decoding=\"async\" class=\"size-full wp-image-3733\" src=\"https:\/\/archivinfo.ch\/felsberg\/wp-content\/uploads\/gebaeude\/Ansicht-ETH-Ans_09430-Aussschnitt-Felsbergstrasse-4.jpg\" alt=\"\" width=\"446\" height=\"273\" srcset=\"https:\/\/archivinfo.ch\/felsberg\/wp-content\/uploads\/gebaeude\/Ansicht-ETH-Ans_09430-Aussschnitt-Felsbergstrasse-4.jpg 446w, https:\/\/archivinfo.ch\/felsberg\/wp-content\/uploads\/gebaeude\/Ansicht-ETH-Ans_09430-Aussschnitt-Felsbergstrasse-4-150x92.jpg 150w\" sizes=\"auto, (max-width: 446px) 100vw, 446px\" \/><figcaption id=\"caption-attachment-3733\" class=\"wp-caption-text\">Felsbergstrasse 4, Ausschnitt aus: Lucerne les quais, ca. 1870-1875, Foto: Charnaux Fr\u00e8res &amp; Cie. (ETH-Bibliothek Z\u00fcrich, Bildarchiv \/ Ans_09430)<\/figcaption><\/figure>\n<p>Oder hier unten rechts auf dem Flugbild von 1919:<\/p>\n<figure id=\"attachment_614\" aria-describedby=\"caption-attachment-614\" style=\"width: 500px\" class=\"wp-caption aligncenter\"><a href=\"http:\/\/archivinfo.ch\/felsberg\/pension-2\/luzern-nationalquai-1919-lbs_mh01-001758-ausschnitt\/\" rel=\"attachment wp-att-614\"><img loading=\"lazy\" decoding=\"async\" class=\"wp-image-614 size-medium\" src=\"http:\/\/archivinfo.ch\/felsberg\/wp-content\/uploads\/ansicht\/Luzern-Nationalquai-1919-LBS_MH01-001758-AUSSCHNITT-500x226.jpg\" alt=\"\" width=\"500\" height=\"226\" srcset=\"https:\/\/archivinfo.ch\/felsberg\/wp-content\/uploads\/ansicht\/Luzern-Nationalquai-1919-LBS_MH01-001758-AUSSCHNITT-500x226.jpg 500w, https:\/\/archivinfo.ch\/felsberg\/wp-content\/uploads\/ansicht\/Luzern-Nationalquai-1919-LBS_MH01-001758-AUSSCHNITT-150x68.jpg 150w, https:\/\/archivinfo.ch\/felsberg\/wp-content\/uploads\/ansicht\/Luzern-Nationalquai-1919-LBS_MH01-001758-AUSSCHNITT-768x347.jpg 768w, https:\/\/archivinfo.ch\/felsberg\/wp-content\/uploads\/ansicht\/Luzern-Nationalquai-1919-LBS_MH01-001758-AUSSCHNITT-1024x463.jpg 1024w, https:\/\/archivinfo.ch\/felsberg\/wp-content\/uploads\/ansicht\/Luzern-Nationalquai-1919-LBS_MH01-001758-AUSSCHNITT-960x434.jpg 960w, https:\/\/archivinfo.ch\/felsberg\/wp-content\/uploads\/ansicht\/Luzern-Nationalquai-1919-LBS_MH01-001758-AUSSCHNITT.jpg 1515w\" sizes=\"auto, (max-width: 500px) 100vw, 500px\" \/><\/a><figcaption id=\"caption-attachment-614\" class=\"wp-caption-text\">Ansicht der Pension, 1919. Ausschnitt aus: Luzern, Nationalquai 1919 (ETH-Bibliothek Z\u00fcrich, Bildarchiv\/Stiftung Luftbild Schweiz \/ Fotograf: Mittelholzer, Walter \/ LBS_MH01-001758)<\/figcaption><\/figure>\n<p>Auf diesem Situationsplan oben links (allerdings f\u00e4lschlicherweise als Kat 634G statt 634C bezeichnet?):<\/p>\n<figure id=\"attachment_1314\" aria-describedby=\"caption-attachment-1314\" style=\"width: 500px\" class=\"wp-caption aligncenter\"><a href=\"http:\/\/archivinfo.ch\/felsberg\/gebaeude\/chalet-reseda\/felsbergstrasse-6-situationsplan-stalu-pa618_24\/\" rel=\"attachment wp-att-1314\"><img loading=\"lazy\" decoding=\"async\" class=\"wp-image-1314 size-medium\" src=\"http:\/\/archivinfo.ch\/felsberg\/wp-content\/uploads\/plaene\/Felsbergstrasse-6-Situationsplan-STALU-PA618_24-500x373.jpg\" alt=\"\" width=\"500\" height=\"373\" srcset=\"https:\/\/archivinfo.ch\/felsberg\/wp-content\/uploads\/plaene\/Felsbergstrasse-6-Situationsplan-STALU-PA618_24-500x373.jpg 500w, https:\/\/archivinfo.ch\/felsberg\/wp-content\/uploads\/plaene\/Felsbergstrasse-6-Situationsplan-STALU-PA618_24-150x112.jpg 150w, https:\/\/archivinfo.ch\/felsberg\/wp-content\/uploads\/plaene\/Felsbergstrasse-6-Situationsplan-STALU-PA618_24-768x573.jpg 768w, https:\/\/archivinfo.ch\/felsberg\/wp-content\/uploads\/plaene\/Felsbergstrasse-6-Situationsplan-STALU-PA618_24-1024x765.jpg 1024w, https:\/\/archivinfo.ch\/felsberg\/wp-content\/uploads\/plaene\/Felsbergstrasse-6-Situationsplan-STALU-PA618_24-960x717.jpg 960w\" sizes=\"auto, (max-width: 500px) 100vw, 500px\" \/><\/a><figcaption id=\"caption-attachment-1314\" class=\"wp-caption-text\">Situationsplan Felsbergstrasse, 1960 (STALU PA 618\/24). Die Datierung ist allerdings verwirrend, da hier die Situation um 1920 wiedergegeben wird, das Haus neben dem Chalet Marguerite als \"Projektneubau\" bezeichnet\".<\/figcaption><\/figure>\n<h4>Bewohner und Besitzer<\/h4>\n<p>1900-1918 wohnte hier eine 3-k\u00f6pfige P\u00e4chterfamilie, 1919-1925 eine andere 3-k\u00f6pfige Familie, daneben gelegentlich eine weitere Einzelperson.<sup><a href=\"#footnote_6_277\" id=\"identifier_6_277\" class=\"footnote-link footnote-identifier-link\" title=\"H&auml;userverzeichnis Felsbergstrasse 4, SALU B3.22\/B3.92\">6<\/a><\/sup><\/p>\n<p>Ab 1927 ist als Besitzer ein Wolfgang F. W. Giesler eingetragen (der am damaligen Abendweg 3 wohnte), das Geb\u00e4ude wird als Garage bezeichnet.<sup><a href=\"#footnote_7_277\" id=\"identifier_7_277\" class=\"footnote-link footnote-identifier-link\" title=\"Adressbuch 1927\">7<\/a><\/sup><\/p>\n<p>&nbsp;<\/p>\n<p><em>Diese Seite zuletzt ge\u00e4ndert: 2024-12-08<\/em><\/p>\n<ol class=\"footnotes\"><li id=\"footnote_1_277\" class=\"footnote\">vgl. Brandassekuranzregister Luzern, Quartier Hof, STALU CA 118; beim Kauf am 22.3.1860 werden neben dem Grundst\u00fcck speziell das Herrschaftshaus 634b und eine Scheune 634c erw\u00e4hnt, vgl. Historischer Kataster, SALU F3.A1, Band 480<span class=\"footnote-back-link-wrapper\">[<a href=\"#identifier_1_277\" class=\"footnote-link footnote-back-link\">&#8617;<\/a>]<\/span><\/li><li id=\"footnote_2_277\" class=\"footnote\">Stadtratsbeschluss 2.12.1869, SALU B3.31\/A1.19. Vgl. Historischer Kataster, SALU F3.A1, Band 480<span class=\"footnote-back-link-wrapper\">[<a href=\"#identifier_2_277\" class=\"footnote-link footnote-back-link\">&#8617;<\/a>]<\/span><\/li><li id=\"footnote_3_277\" class=\"footnote\">Brandassekuranzregister, STALU A 1143\/37<span class=\"footnote-back-link-wrapper\">[<a href=\"#identifier_3_277\" class=\"footnote-link footnote-back-link\">&#8617;<\/a>]<\/span><\/li><li id=\"footnote_4_277\" class=\"footnote\">Felsberg-Reminiszenzen<span class=\"footnote-back-link-wrapper\">[<a href=\"#identifier_4_277\" class=\"footnote-link footnote-back-link\">&#8617;<\/a>]<\/span><\/li><li id=\"footnote_5_277\" class=\"footnote\">SALU B3.43\/B8.2\/304<span class=\"footnote-back-link-wrapper\">[<a href=\"#identifier_5_277\" class=\"footnote-link footnote-back-link\">&#8617;<\/a>]<\/span><\/li><li id=\"footnote_6_277\" class=\"footnote\">H\u00e4userverzeichnis Felsbergstrasse 4, SALU B3.22\/B3.92<span class=\"footnote-back-link-wrapper\">[<a href=\"#identifier_6_277\" class=\"footnote-link footnote-back-link\">&#8617;<\/a>]<\/span><\/li><li id=\"footnote_7_277\" class=\"footnote\">Adressbuch 1927<span class=\"footnote-back-link-wrapper\">[<a href=\"#identifier_7_277\" class=\"footnote-link footnote-back-link\">&#8617;<\/a>]<\/span><\/li><\/ol>","protected":false},"excerpt":{"rendered":"<p>Oekonomiegeb\u00e4ude (Scheune mit Wohnung) Adresse: Felsbergstrasse 4, Luzern Grundst\u00fccknummer: 2254 r.U. Katasternummer: 634c Nutzung: Wagenremise und Wohnhaus Bauzeit: Scheune\/Wagenremise um 1857,1 Wohnungsanbau ca. 1869 durch Baumeister Klemens Sidler;2 als Scheune \/ Holzhaus erw\u00e4hnt um 1866-18693, (1873)4 abgebrochen: Teilabbruch 19255, Abbruch 1946 Zuerst nur Scheune, wurde es 1869 um einen Wohnungsanbau erg\u00e4nzt. Als \u00d6konomiegeb\u00e4ude ist es <a href=\"https:\/\/archivinfo.ch\/felsberg\/gebaeude\/oekonomiegebaeude\/\" class=\"more-link\">\u2026weiterlesen<span class=\"screen-reader-text\"> \u00d6konomiegeb\u00e4ude\"<\/span><\/a><\/p>\n","protected":false},"author":1,"featured_media":0,"parent":226,"menu_order":7,"comment_status":"closed","ping_status":"closed","template":"","meta":{"footnotes":""},"class_list":["post-277","page","type-page","status-publish","h-entry","hentry","h-as-page"],"_links":{"self":[{"href":"https:\/\/archivinfo.ch\/felsberg\/wp-json\/wp\/v2\/pages\/277","targetHints":{"allow":["GET"]}}],"collection":[{"href":"https:\/\/archivinfo.ch\/felsberg\/wp-json\/wp\/v2\/pages"}],"about":[{"href":"https:\/\/archivinfo.ch\/felsberg\/wp-json\/wp\/v2\/types\/page"}],"author":[{"embeddable":true,"href":"https:\/\/archivinfo.ch\/felsberg\/wp-json\/wp\/v2\/users\/1"}],"replies":[{"embeddable":true,"href":"https:\/\/archivinfo.ch\/felsberg\/wp-json\/wp\/v2\/comments?post=277"}],"version-history":[{"count":3,"href":"https:\/\/archivinfo.ch\/felsberg\/wp-json\/wp\/v2\/pages\/277\/revisions"}],"predecessor-version":[{"id":3735,"href":"https:\/\/archivinfo.ch\/felsberg\/wp-json\/wp\/v2\/pages\/277\/revisions\/3735"}],"up":[{"embeddable":true,"href":"https:\/\/archivinfo.ch\/felsberg\/wp-json\/wp\/v2\/pages\/226"}],"wp:attachment":[{"href":"https:\/\/archivinfo.ch\/felsberg\/wp-json\/wp\/v2\/media?parent=277"}],"curies":[{"name":"wp","href":"https:\/\/api.w.org\/{rel}","templated":true}]}}