{"id":275,"date":"2017-02-12T14:22:11","date_gmt":"2017-02-12T13:22:11","guid":{"rendered":"http:\/\/archivinfo.ch\/fb\/chalet-reseda\/"},"modified":"2024-12-19T21:01:36","modified_gmt":"2024-12-19T20:01:36","slug":"chalet-reseda","status":"publish","type":"page","link":"https:\/\/archivinfo.ch\/felsberg\/gebaeude\/chalet-reseda\/","title":{"rendered":"Chalet Reseda"},"content":{"rendered":"<h2><span class=\"ez-toc-section\" id=\"Chalet_Reseda\"><\/span>Chalet Reseda<span class=\"ez-toc-section-end\"><\/span><\/h2><div id=\"ez-toc-container\" class=\"ez-toc-v2_0_82_2 counter-hierarchy ez-toc-counter ez-toc-custom ez-toc-container-direction\">\n<nav><ul class='ez-toc-list ez-toc-list-level-1 ' ><li class='ez-toc-page-1 ez-toc-heading-level-2'><a class=\"ez-toc-link ez-toc-heading-1\" href=\"https:\/\/archivinfo.ch\/felsberg\/gebaeude\/chalet-reseda\/#Chalet_Reseda\" >Chalet Reseda<\/a><ul class='ez-toc-list-level-3' ><li class='ez-toc-heading-level-3'><a class=\"ez-toc-link ez-toc-heading-2\" href=\"https:\/\/archivinfo.ch\/felsberg\/gebaeude\/chalet-reseda\/#Bauzeit\" >Bauzeit<\/a><\/li><li class='ez-toc-page-1 ez-toc-heading-level-3'><a class=\"ez-toc-link ez-toc-heading-3\" href=\"https:\/\/archivinfo.ch\/felsberg\/gebaeude\/chalet-reseda\/#Aussicht\" >Aussicht<\/a><\/li><li class='ez-toc-page-1 ez-toc-heading-level-3'><a class=\"ez-toc-link ez-toc-heading-4\" href=\"https:\/\/archivinfo.ch\/felsberg\/gebaeude\/chalet-reseda\/#%C2%ABKrankenschwestern-Heim%C2%BB\" >&#171;Krankenschwestern-Heim&#187;<\/a><\/li><li class='ez-toc-page-1 ez-toc-heading-level-3'><a class=\"ez-toc-link ez-toc-heading-5\" href=\"https:\/\/archivinfo.ch\/felsberg\/gebaeude\/chalet-reseda\/#Besitzer_ab_1931\" >Besitzer ab 1931<\/a><\/li><li class='ez-toc-page-1 ez-toc-heading-level-3'><a class=\"ez-toc-link ez-toc-heading-6\" href=\"https:\/\/archivinfo.ch\/felsberg\/gebaeude\/chalet-reseda\/#Warum_Reseda\" >Warum Reseda?<\/a><\/li><\/ul><\/li><\/ul><\/nav><\/div>\n\n<ul>\n<li>Adresse: Felsbergstrasse 6, Luzern<\/li>\n<li>Grundst\u00fccknummer 2028 r. U.<\/li>\n<li>Katasternummer: 634p<\/li>\n<li>Nutzung: Dependance, Pensionsgeb\u00e4ude, sp\u00e4ter Sommerhaus<\/li>\n<li>Bauzeit: um 1896,<sup><a href=\"#footnote_1_275\" id=\"identifier_1_275\" class=\"footnote-link footnote-identifier-link\" title=\"genehmigt durch den Stadtrat am 23.8.1896, vgl. Historischer Kataster, SALU F3.A1, Band 480\">1<\/a><\/sup> (1897)<sup><a href=\"#footnote_2_275\" id=\"identifier_2_275\" class=\"footnote-link footnote-identifier-link\" title=\"SALU B3.31\/A1.32 1896 und Felsberg-Reminiszenzen\">2<\/a><\/sup><\/li>\n<li>gebaut durch:\u00a0Chaletfabrik Kuoni &amp; Cie., Chur<\/li>\n<li><span style=\"font-size: 1rem;\">abgebrochen: Januar \/ M\u00e4rz 1961. Das Geb\u00e4ude soll danach in Uffikon im Moos wieder aufgebaut worden sein.<sup><a href=\"#footnote_3_275\" id=\"identifier_3_275\" class=\"footnote-link footnote-identifier-link\" title=\"gem&auml;ss Schreiben an die damalige Brandversicherungsanstalt vom 12.1.1961, provisor. Signatur StALU 2022\/20\/112.0634.P\">3<\/a><\/sup><\/span><\/li>\n<\/ul>\n<p>&nbsp;<\/p>\n<figure id=\"attachment_3556\" aria-describedby=\"caption-attachment-3556\" style=\"width: 960px\" class=\"wp-caption alignnone\"><a href=\"https:\/\/archivinfo.ch\/felsberg\/gallery\/ak_selten\/chalet-reseda-960x636-1\/\"><img loading=\"lazy\" decoding=\"async\" class=\"wp-image-3556 size-full\" src=\"https:\/\/archivinfo.ch\/felsberg\/wp-content\/uploads\/gebaeude\/Chalet-Reseda-960x636-1.jpg\" alt=\"\" width=\"960\" height=\"636\" srcset=\"https:\/\/archivinfo.ch\/felsberg\/wp-content\/uploads\/gebaeude\/Chalet-Reseda-960x636-1.jpg 960w, https:\/\/archivinfo.ch\/felsberg\/wp-content\/uploads\/gebaeude\/Chalet-Reseda-960x636-1-500x331.jpg 500w, https:\/\/archivinfo.ch\/felsberg\/wp-content\/uploads\/gebaeude\/Chalet-Reseda-960x636-1-150x100.jpg 150w, https:\/\/archivinfo.ch\/felsberg\/wp-content\/uploads\/gebaeude\/Chalet-Reseda-960x636-1-768x509.jpg 768w, https:\/\/archivinfo.ch\/felsberg\/wp-content\/uploads\/gebaeude\/Chalet-Reseda-960x636-1-200x133.jpg 200w, https:\/\/archivinfo.ch\/felsberg\/wp-content\/uploads\/gebaeude\/Chalet-Reseda-960x636-1-250x166.jpg 250w\" sizes=\"auto, (max-width: 960px) 100vw, 960px\" \/><\/a><figcaption id=\"caption-attachment-3556\" class=\"wp-caption-text\">Chalet Reseda, Postkarte (Privatbesitz)<\/figcaption><\/figure>\n<h3><span class=\"ez-toc-section\" id=\"Bauzeit\"><\/span>Bauzeit<span class=\"ez-toc-section-end\"><\/span><\/h3>\n<p>Gebaut als Holzhaus mit Schieferdach<sup><a href=\"#footnote_4_275\" id=\"identifier_4_275\" class=\"footnote-link footnote-identifier-link\" title=\"Brandassekuranzregister, STALU A 1143\/40\">4<\/a><\/sup>\u00a0durch Kuoni &amp; Cie, Baugesch\u00e4ft Chur, 1896.<\/p>\n<figure id=\"attachment_1490\" aria-describedby=\"caption-attachment-1490\" style=\"width: 489px\" class=\"wp-caption aligncenter\"><a href=\"http:\/\/archivinfo.ch\/felsberg\/gebaeude\/chalet-reseda\/chalet-reseda-situation-salu-b3\/\" rel=\"attachment wp-att-1490\"><img loading=\"lazy\" decoding=\"async\" class=\"size-medium wp-image-1490\" src=\"http:\/\/archivinfo.ch\/felsberg\/wp-content\/uploads\/gebaeude\/Chalet-Reseda-Situation-SALU-B3.31_A1.32_1896_Plan_2-489x500.jpg\" alt=\"\" width=\"489\" height=\"500\" \/><\/a><figcaption id=\"caption-attachment-1490\" class=\"wp-caption-text\">Chalet Reseda, Sitationsplan (SALU B3.31\/A1.32 1896)<\/figcaption><\/figure>\n<figure>\n<p><figure id=\"attachment_1487\" aria-describedby=\"caption-attachment-1487\" style=\"width: 489px\" class=\"wp-caption aligncenter\"><a href=\"http:\/\/archivinfo.ch\/felsberg\/gebaeude\/chalet-reseda\/chalet-reseda-fassade-sued-salu-b3\/\" rel=\"attachment wp-att-1487\"><img loading=\"lazy\" decoding=\"async\" class=\"size-medium wp-image-1487\" src=\"http:\/\/archivinfo.ch\/felsberg\/wp-content\/uploads\/gebaeude\/Chalet-Reseda-Fassade-S\u00fcd-SALU-B3.31_A1.32_1896_Plan_4-489x500.jpg\" alt=\"\" width=\"489\" height=\"500\" \/><\/a><figcaption id=\"caption-attachment-1487\" class=\"wp-caption-text\">Chalet Reseda, S\u00fcd-Fassade (SALU B3.31\/A1.32 1896)<\/figcaption><\/figure><\/figure>\n<figure>\n<p><figure id=\"attachment_1488\" aria-describedby=\"caption-attachment-1488\" style=\"width: 489px\" class=\"wp-caption aligncenter\"><a href=\"http:\/\/archivinfo.ch\/felsberg\/gebaeude\/chalet-reseda\/chalet-reseda-fassade-west-salu-b3\/\" rel=\"attachment wp-att-1488\"><img loading=\"lazy\" decoding=\"async\" class=\"size-medium wp-image-1488\" src=\"http:\/\/archivinfo.ch\/felsberg\/wp-content\/uploads\/gebaeude\/Chalet-Reseda-Fassade-West-SALU-B3.31_A1.32_1896_Plan_3-489x500.jpg\" alt=\"\" width=\"489\" height=\"500\" \/><\/a><figcaption id=\"caption-attachment-1488\" class=\"wp-caption-text\">Chalet Reseda, West-Fassade (SALU B3.31\/A1.32 1896)<\/figcaption><\/figure><\/figure>\n<figure>\n<p><figure id=\"attachment_1489\" aria-describedby=\"caption-attachment-1489\" style=\"width: 489px\" class=\"wp-caption aligncenter\"><a href=\"http:\/\/archivinfo.ch\/felsberg\/gebaeude\/chalet-reseda\/chalet-reseda-grundriss-souterrain-salu-b3\/\" rel=\"attachment wp-att-1489\"><img loading=\"lazy\" decoding=\"async\" class=\"size-medium wp-image-1489\" src=\"http:\/\/archivinfo.ch\/felsberg\/wp-content\/uploads\/gebaeude\/Chalet-Reseda-Grundriss-Souterrain-SALU-B3.31_A1.32_1896_Plan_5-489x500.jpg\" alt=\"\" width=\"489\" height=\"500\" \/><\/a><figcaption id=\"caption-attachment-1489\" class=\"wp-caption-text\">Chalet Reseda, Grundriss Souterrain (SALU B3.31\/A1.32 1896)<\/figcaption><\/figure><\/figure>\n<figure>\n<p><figure id=\"attachment_1491\" aria-describedby=\"caption-attachment-1491\" style=\"width: 492px\" class=\"wp-caption aligncenter\"><a href=\"http:\/\/archivinfo.ch\/felsberg\/gebaeude\/chalet-reseda\/chalet-reseda-grundriss-parterre-und-1-salu-b3\/\" rel=\"attachment wp-att-1491\"><img loading=\"lazy\" decoding=\"async\" class=\"size-medium wp-image-1491\" src=\"http:\/\/archivinfo.ch\/felsberg\/wp-content\/uploads\/gebaeude\/Chalet-Reseda-Grundriss-Parterre-und-1-SALU-B3.31_A1.32_1896-492x500.jpg\" alt=\"\" width=\"492\" height=\"500\" \/><\/a><figcaption id=\"caption-attachment-1491\" class=\"wp-caption-text\">Chalet Reseda, Grundriss Parterre und 1. Stock (SALU B3.31\/A1.32 1896)<\/figcaption><\/figure><\/figure>\n<figure id=\"attachment_1489\"><\/figure>\n<p>&nbsp;<\/p>\n<p>1914 wird es als \"Villa Reseda\" bezeichnet. Es enthielt damals 7 Zimmer mit 16 Betten, nicht gerechnet der Wintergarten, in welchem sich eine G\u00e4rtnerwohnung befand <sup><a href=\"#footnote_5_275\" id=\"identifier_5_275\" class=\"footnote-link footnote-identifier-link\" title=\"aus einem Brief von O. Balthasar an F. J. B&uuml;hler, der das Chalet mieten wollte f&uuml;r die Unterbringung der St. Anna-Schwestern. STALU PA 495\/157\">5<\/a><\/sup><\/p>\n<figure id=\"attachment_1314\" aria-describedby=\"caption-attachment-1314\" style=\"width: 500px\" class=\"wp-caption aligncenter\"><a href=\"http:\/\/archivinfo.ch\/felsberg\/gebaeude\/chalet-reseda\/felsbergstrasse-6-situationsplan-stalu-pa618_24\/\" rel=\"attachment wp-att-1314\"><img loading=\"lazy\" decoding=\"async\" class=\"size-medium wp-image-1314\" src=\"http:\/\/archivinfo.ch\/felsberg\/wp-content\/uploads\/plaene\/Felsbergstrasse-6-Situationsplan-STALU-PA618_24-500x373.jpg\" alt=\"\" width=\"500\" height=\"373\" srcset=\"https:\/\/archivinfo.ch\/felsberg\/wp-content\/uploads\/plaene\/Felsbergstrasse-6-Situationsplan-STALU-PA618_24-500x373.jpg 500w, https:\/\/archivinfo.ch\/felsberg\/wp-content\/uploads\/plaene\/Felsbergstrasse-6-Situationsplan-STALU-PA618_24-150x112.jpg 150w, https:\/\/archivinfo.ch\/felsberg\/wp-content\/uploads\/plaene\/Felsbergstrasse-6-Situationsplan-STALU-PA618_24-768x573.jpg 768w, https:\/\/archivinfo.ch\/felsberg\/wp-content\/uploads\/plaene\/Felsbergstrasse-6-Situationsplan-STALU-PA618_24-1024x765.jpg 1024w, https:\/\/archivinfo.ch\/felsberg\/wp-content\/uploads\/plaene\/Felsbergstrasse-6-Situationsplan-STALU-PA618_24-960x717.jpg 960w\" sizes=\"auto, (max-width: 500px) 100vw, 500px\" \/><\/a><figcaption id=\"caption-attachment-1314\" class=\"wp-caption-text\">Situationsplan Felsbergstrasse, 1960 (STALU PA 618\/24). Die Datierung ist allerdings verwirrend, da hier die Situation um 1920 wiedergegeben wird, das Haus neben dem Chalet Marguerite als \"Projektneubau\" bezeichnet\".<\/figcaption><\/figure>\n<h3><span class=\"ez-toc-section\" id=\"Aussicht\"><\/span>Aussicht<span class=\"ez-toc-section-end\"><\/span><\/h3>\n<p>Die Aussicht war schon 1908 phantastisch: Der Standort dieser Aufnahme war vermutlich auf einem Balkon des Chalet Reseda.<\/p>\n<figure id=\"attachment_2649\" aria-describedby=\"caption-attachment-2649\" style=\"width: 469px\" class=\"wp-caption aligncenter\"><a href=\"https:\/\/archivinfo.ch\/felsberg\/gebaeude\/chalet-reseda\/felsbergstrasse-winter-stereo-travel-1908-ausschnitt\/\"><img loading=\"lazy\" decoding=\"async\" class=\"wp-image-2649 size-medium\" src=\"https:\/\/archivinfo.ch\/felsberg\/wp-content\/uploads\/ansicht\/Felsbergstrasse-Winter-Stereo-Travel-1908-AUSSCHNITT-469x500.jpg\" alt=\"\" width=\"469\" height=\"500\" srcset=\"https:\/\/archivinfo.ch\/felsberg\/wp-content\/uploads\/ansicht\/Felsbergstrasse-Winter-Stereo-Travel-1908-AUSSCHNITT-469x500.jpg 469w, https:\/\/archivinfo.ch\/felsberg\/wp-content\/uploads\/ansicht\/Felsbergstrasse-Winter-Stereo-Travel-1908-AUSSCHNITT-141x150.jpg 141w, https:\/\/archivinfo.ch\/felsberg\/wp-content\/uploads\/ansicht\/Felsbergstrasse-Winter-Stereo-Travel-1908-AUSSCHNITT-768x819.jpg 768w, https:\/\/archivinfo.ch\/felsberg\/wp-content\/uploads\/ansicht\/Felsbergstrasse-Winter-Stereo-Travel-1908-AUSSCHNITT-960x1024.jpg 960w, https:\/\/archivinfo.ch\/felsberg\/wp-content\/uploads\/ansicht\/Felsbergstrasse-Winter-Stereo-Travel-1908-AUSSCHNITT.jpg 1024w\" sizes=\"auto, (max-width: 469px) 100vw, 469px\" \/><\/a><figcaption id=\"caption-attachment-2649\" class=\"wp-caption-text\">Ausschnitt aus: Lucerne in Winter, Stereo-Travel Co., 1908. Stereo-Fotographie (Privatbesitz)<\/figcaption><\/figure>\n<h3>\"Krankenschwestern-Heim\"<\/h3>\n<p>Ab 1928 bis 1933 war an dieser Adresse ein \"Krankenschwestern-Heim\" eingetragen.<sup><a href=\"#footnote_6_275\" id=\"identifier_6_275\" class=\"footnote-link footnote-identifier-link\" title=\"Adressbuch 1928 bis 1933\">6<\/a><\/sup> Als langj\u00e4hrige Bewohnerinnen finden wir hier 1923-1930 die Ordensschwestern Caroline Gr\u00fcmmer aus Linden (D) und Anna Bushartz aus Epfendorf (D), k\u00fcrzer 1923-1924 die Krankenschwester Clotildis Schuld aus Oberenzheim (D).<sup><a href=\"#footnote_7_275\" id=\"identifier_7_275\" class=\"footnote-link footnote-identifier-link\" title=\"H&auml;userverzeichnis Felsbergstrasse 6, SALU B3.22\/B3.92\">7<\/a><\/sup><\/p>\n<p>In einer Danksagung werden sie 1929 \u00abehrw\u00fcrdige Krankenschwestern vom Felsberg\u00bb genannt.<sup><a href=\"#footnote_8_275\" id=\"identifier_8_275\" class=\"footnote-link footnote-identifier-link\" title=\"Danksagung f&uuml;r Kunigunda Meyer-L&uuml;tolf, in: Luzerner Tagblatt 2.12.1929\">8<\/a><\/sup><\/p>\n<p>Bereits 1916-1918 wohnten die Ordensschwestern Anna Fuchs, 1916-1920 Maria Schuld, 1916-1922 Anna Cath. Franzen, 1916-1923 Anna Rushart (= Bushartz, siehe oben), 1916-1920 Agnes Fuhrmann, 1916-1917 und 1919 Maria Anna Mallmann, 1917-1923 Caroline Gr\u00fcmmer, 1918-1920 Anna W\u00f6lfl, 1921-1923\u00a0Clotildis Schuld\u00a0an der Felsbergstrasse 15 (=Pensionsgeb\u00e4ude).<sup><a href=\"#footnote_9_275\" id=\"identifier_9_275\" class=\"footnote-link footnote-identifier-link\" title=\"H&auml;userverzeichnis Felsbergstrasse 15, SALU B3.22\/B3.92\">9<\/a><\/sup><\/p>\n<figure id=\"attachment_1519\" aria-describedby=\"caption-attachment-1519\" style=\"width: 500px\" class=\"wp-caption aligncenter\"><a href=\"http:\/\/archivinfo.ch\/felsberg\/gebaeude\/chalet-reseda\/chalet_reseda_gesamtansicht_baumann_undatiert_ausschnitt\/\"><img loading=\"lazy\" decoding=\"async\" class=\"wp-image-1519 size-medium\" src=\"http:\/\/archivinfo.ch\/felsberg\/wp-content\/uploads\/gebaeude\/chalet_reseda_gesamtansicht_baumann_undatiert_ausschnitt-500x443.jpg\" alt=\"\" width=\"500\" height=\"443\" srcset=\"https:\/\/archivinfo.ch\/felsberg\/wp-content\/uploads\/gebaeude\/chalet_reseda_gesamtansicht_baumann_undatiert_ausschnitt-500x443.jpg 500w, https:\/\/archivinfo.ch\/felsberg\/wp-content\/uploads\/gebaeude\/chalet_reseda_gesamtansicht_baumann_undatiert_ausschnitt-150x133.jpg 150w, https:\/\/archivinfo.ch\/felsberg\/wp-content\/uploads\/gebaeude\/chalet_reseda_gesamtansicht_baumann_undatiert_ausschnitt-768x681.jpg 768w, https:\/\/archivinfo.ch\/felsberg\/wp-content\/uploads\/gebaeude\/chalet_reseda_gesamtansicht_baumann_undatiert_ausschnitt.jpg 1024w, https:\/\/archivinfo.ch\/felsberg\/wp-content\/uploads\/gebaeude\/chalet_reseda_gesamtansicht_baumann_undatiert_ausschnitt-960x851.jpg 960w\" sizes=\"auto, (max-width: 500px) 100vw, 500px\" \/><\/a><figcaption id=\"caption-attachment-1519\" class=\"wp-caption-text\">Chalet Reseda. Ausschnitt aus: Ansichtskarte Pension Felsberg, Verlag Baumann, in Privatbesitz<\/figcaption><\/figure>\n<h3><span class=\"ez-toc-section\" id=\"Besitzer_ab_1931\"><\/span>Besitzer ab 1931<span class=\"ez-toc-section-end\"><\/span><\/h3>\n<p>1931-1933 wurde das Haus an Leo Siegwart verkauft.<sup><a href=\"#footnote_10_275\" id=\"identifier_10_275\" class=\"footnote-link footnote-identifier-link\" title=\"1931 Kaufpreis 50&#039;000.- nur f&uuml;r das Haus, 1933 noch 4108.- f&uuml;r 102.7 m2 Land; die Katasterschatzung von 25&#039;500.- wurde bei der Katasterschatzung auf 37&#039;000.- erh&ouml;ht, die Schatzung der Brandversicherung betrug 43&#039;000.-: StALU A 577\/788\">10<\/a><\/sup> Siegwart wurde am 11.12.1874 als Sohn des Glasfabrikanten Leo Siegwart und der Katharina Gr\u00fcter in Luzern geboren worden. Er f\u00fchrte eine Fabrik f\u00fcr chemische Produkte in K\u00fcssnacht und widmete sich sp\u00e4ter dem Vertrieb von Maschinen, insbesondere Heissluftmotoren. Das Haus an der Felsbergstrasse nutzte er als Sommerwohnsitz.<sup><a href=\"#footnote_11_275\" id=\"identifier_11_275\" class=\"footnote-link footnote-identifier-link\" title=\"Adressbuch 1932 bis 1959, Nekrolog, LNN 9.12.1958; im Adressbuch 1959 Siegwarts Erben\">11<\/a><\/sup>. Erst ab 1952 wurde es wieder regelm\u00e4ssig bewohnt.<sup><a href=\"#footnote_7_275\" id=\"identifier_12_275\" class=\"footnote-link footnote-identifier-link\" title=\"H&auml;userverzeichnis Felsbergstrasse 6, SALU B3.22\/B3.92\">7<\/a><\/sup><\/p>\n<p>Siegwart starb 1958, seine Erben verkauften das Haus und das Grundst\u00fcck 1960. 1961 wurde das Haus abgebrochen und 1962 durch einen <a href=\"http:\/\/archivinfo.ch\/felsberg\/varia\/heutige-felsbergstrasse-6\/\">Neubau<\/a> ersetzt.<\/p>\n<figure id=\"attachment_3031\" aria-describedby=\"caption-attachment-3031\" style=\"width: 548px\" class=\"wp-caption aligncenter\"><a href=\"https:\/\/archivinfo.ch\/felsberg\/gebaeude\/chalet-reseda\/chalet_felsberg_luzern_hofkirche_goetz_7236_ausschnitt\/\"><img loading=\"lazy\" decoding=\"async\" class=\"wp-image-3031 size-full\" src=\"https:\/\/archivinfo.ch\/felsberg\/wp-content\/uploads\/ansicht\/chalet_felsberg_Luzern_Hofkirche_Goetz_7236_AUSSCHNITT.jpg\" alt=\"\" width=\"548\" height=\"427\" srcset=\"https:\/\/archivinfo.ch\/felsberg\/wp-content\/uploads\/ansicht\/chalet_felsberg_Luzern_Hofkirche_Goetz_7236_AUSSCHNITT.jpg 548w, https:\/\/archivinfo.ch\/felsberg\/wp-content\/uploads\/ansicht\/chalet_felsberg_Luzern_Hofkirche_Goetz_7236_AUSSCHNITT-500x390.jpg 500w, https:\/\/archivinfo.ch\/felsberg\/wp-content\/uploads\/ansicht\/chalet_felsberg_Luzern_Hofkirche_Goetz_7236_AUSSCHNITT-150x117.jpg 150w\" sizes=\"auto, (max-width: 548px) 100vw, 548px\" \/><\/a><figcaption id=\"caption-attachment-3031\" class=\"wp-caption-text\">Chalet Reseda in Ausschnitt aus: Luzern Hofkirche, Ansichtskarte Goetz 7236 (Privatbesitz)<\/figcaption><\/figure>\n<div class=\"mceTemp\"><\/div>\n<h3><span class=\"ez-toc-section\" id=\"Warum_Reseda\"><\/span>Warum Reseda?<span class=\"ez-toc-section-end\"><\/span><\/h3>\n<p>Die <a href=\"https:\/\/de.wikipedia.org\/wiki\/Reseda\" target=\"_blank\" rel=\"noopener noreferrer\">Reseda<\/a> (Resede, auch Wau) ist eine\u00a0Pflanze mit l\u00e4nglichen Bl\u00e4ttern und in Trauben oder \u00c4hren stehenden kleinen, duftenden Bl\u00fcten von wei\u00dfer oder gelblicher Farbe. Sie steht auch f\u00fcr den Farbton <a href=\"https:\/\/www.google.ch\/search?q=Resedagr%C3%BCn\" target=\"_blank\" rel=\"noopener noreferrer\">Resedagr\u00fcn<\/a>.<\/p>\n<p><em>Diese Seite zuletzt ge\u00e4ndert: 2024-12-19<\/em><\/p>\n<ol class=\"footnotes\"><li id=\"footnote_1_275\" class=\"footnote\">genehmigt durch den Stadtrat am 23.8.1896, vgl. Historischer Kataster, SALU F3.A1, Band 480<span class=\"footnote-back-link-wrapper\">[<a href=\"#identifier_1_275\" class=\"footnote-link footnote-back-link\">&#8617;<\/a>]<\/span><\/li><li id=\"footnote_2_275\" class=\"footnote\">SALU B3.31\/A1.32 1896 und Felsberg-Reminiszenzen<span class=\"footnote-back-link-wrapper\">[<a href=\"#identifier_2_275\" class=\"footnote-link footnote-back-link\">&#8617;<\/a>]<\/span><\/li><li id=\"footnote_3_275\" class=\"footnote\">gem\u00e4ss Schreiben an die damalige Brandversicherungsanstalt vom 12.1.1961, provisor. Signatur StALU 2022\/20\/112.0634.P<span class=\"footnote-back-link-wrapper\">[<a href=\"#identifier_3_275\" class=\"footnote-link footnote-back-link\">&#8617;<\/a>]<\/span><\/li><li id=\"footnote_4_275\" class=\"footnote\">Brandassekuranzregister, STALU A 1143\/40<span class=\"footnote-back-link-wrapper\">[<a href=\"#identifier_4_275\" class=\"footnote-link footnote-back-link\">&#8617;<\/a>]<\/span><\/li><li id=\"footnote_5_275\" class=\"footnote\">aus einem Brief von O. Balthasar an F. J. B\u00fchler, der das Chalet mieten wollte f\u00fcr die Unterbringung der St. Anna-Schwestern. STALU PA 495\/157<span class=\"footnote-back-link-wrapper\">[<a href=\"#identifier_5_275\" class=\"footnote-link footnote-back-link\">&#8617;<\/a>]<\/span><\/li><li id=\"footnote_6_275\" class=\"footnote\">Adressbuch 1928 bis 1933<span class=\"footnote-back-link-wrapper\">[<a href=\"#identifier_6_275\" class=\"footnote-link footnote-back-link\">&#8617;<\/a>]<\/span><\/li><li id=\"footnote_7_275\" class=\"footnote\">H\u00e4userverzeichnis Felsbergstrasse 6, SALU B3.22\/B3.92<span class=\"footnote-back-link-wrapper\">[<a href=\"#identifier_7_275\" class=\"footnote-link footnote-back-link\">&#8617;<\/a>]<\/span><span class=\"footnote-back-link-wrapper\">[<a href=\"#identifier_12_275\" class=\"footnote-link footnote-back-link\">&#8617;<\/a>]<\/span><\/li><li id=\"footnote_8_275\" class=\"footnote\">Danksagung f\u00fcr Kunigunda Meyer-L\u00fctolf, in: Luzerner Tagblatt 2.12.1929<span class=\"footnote-back-link-wrapper\">[<a href=\"#identifier_8_275\" class=\"footnote-link footnote-back-link\">&#8617;<\/a>]<\/span><\/li><li id=\"footnote_9_275\" class=\"footnote\">H\u00e4userverzeichnis Felsbergstrasse 15, SALU B3.22\/B3.92<span class=\"footnote-back-link-wrapper\">[<a href=\"#identifier_9_275\" class=\"footnote-link footnote-back-link\">&#8617;<\/a>]<\/span><\/li><li id=\"footnote_10_275\" class=\"footnote\">1931 Kaufpreis 50'000.- nur f\u00fcr das Haus, 1933 noch 4108.- f\u00fcr 102.7 m<sup>2<\/sup> Land; die Katasterschatzung von 25'500.- wurde bei der Katasterschatzung auf 37'000.- erh\u00f6ht, die Schatzung der Brandversicherung betrug 43'000.-: StALU A 577\/788<span class=\"footnote-back-link-wrapper\">[<a href=\"#identifier_10_275\" class=\"footnote-link footnote-back-link\">&#8617;<\/a>]<\/span><\/li><li id=\"footnote_11_275\" class=\"footnote\">Adressbuch 1932 bis 1959, Nekrolog, LNN 9.12.1958; im Adressbuch 1959 Siegwarts Erben<span class=\"footnote-back-link-wrapper\">[<a href=\"#identifier_11_275\" class=\"footnote-link footnote-back-link\">&#8617;<\/a>]<\/span><\/li><\/ol>","protected":false},"excerpt":{"rendered":"<p>Chalet Reseda Adresse: Felsbergstrasse 6, Luzern Grundst\u00fccknummer 2028 r. U. Katasternummer: 634p Nutzung: Dependance, Pensionsgeb\u00e4ude, sp\u00e4ter Sommerhaus Bauzeit: um 1896,1 (1897)2 gebaut durch:\u00a0Chaletfabrik Kuoni &amp; Cie., Chur abgebrochen: Januar \/ M\u00e4rz 1961. Das Geb\u00e4ude soll danach in Uffikon im Moos wieder aufgebaut worden sein.3 &nbsp; Bauzeit Gebaut als Holzhaus mit Schieferdach4\u00a0durch Kuoni &amp; Cie, Baugesch\u00e4ft <a href=\"https:\/\/archivinfo.ch\/felsberg\/gebaeude\/chalet-reseda\/\" class=\"more-link\">\u2026weiterlesen<span class=\"screen-reader-text\"> Chalet Reseda\"<\/span><\/a><\/p>\n","protected":false},"author":1,"featured_media":0,"parent":226,"menu_order":31,"comment_status":"closed","ping_status":"closed","template":"","meta":{"footnotes":""},"class_list":["post-275","page","type-page","status-publish","h-entry","hentry","h-as-page"],"_links":{"self":[{"href":"https:\/\/archivinfo.ch\/felsberg\/wp-json\/wp\/v2\/pages\/275","targetHints":{"allow":["GET"]}}],"collection":[{"href":"https:\/\/archivinfo.ch\/felsberg\/wp-json\/wp\/v2\/pages"}],"about":[{"href":"https:\/\/archivinfo.ch\/felsberg\/wp-json\/wp\/v2\/types\/page"}],"author":[{"embeddable":true,"href":"https:\/\/archivinfo.ch\/felsberg\/wp-json\/wp\/v2\/users\/1"}],"replies":[{"embeddable":true,"href":"https:\/\/archivinfo.ch\/felsberg\/wp-json\/wp\/v2\/comments?post=275"}],"version-history":[{"count":5,"href":"https:\/\/archivinfo.ch\/felsberg\/wp-json\/wp\/v2\/pages\/275\/revisions"}],"predecessor-version":[{"id":3755,"href":"https:\/\/archivinfo.ch\/felsberg\/wp-json\/wp\/v2\/pages\/275\/revisions\/3755"}],"up":[{"embeddable":true,"href":"https:\/\/archivinfo.ch\/felsberg\/wp-json\/wp\/v2\/pages\/226"}],"wp:attachment":[{"href":"https:\/\/archivinfo.ch\/felsberg\/wp-json\/wp\/v2\/media?parent=275"}],"curies":[{"name":"wp","href":"https:\/\/api.w.org\/{rel}","templated":true}]}}