{"id":228,"date":"2017-02-12T13:42:32","date_gmt":"2017-02-12T12:42:32","guid":{"rendered":"http:\/\/archivinfo.ch\/fb\/?page_id=228"},"modified":"2021-10-02T14:42:37","modified_gmt":"2021-10-02T12:42:37","slug":"pietzcker","status":"publish","type":"page","link":"https:\/\/archivinfo.ch\/felsberg\/pietzcker\/","title":{"rendered":"Pietzcker"},"content":{"rendered":"<h2>Pietzcker: Familie und Personen<\/h2>\n<p>\u00dcber drei Generationen wurde die Pension durch Mitglieder der Familie Pietzcker<sup><a href=\"#footnote_1_228\" id=\"identifier_1_228\" class=\"footnote-link footnote-identifier-link\" title=\"Die Schreibweise des Namens ist nicht immer gleich, manchmal Pietzker, manchmal Pietzcker.\">1<\/a><\/sup> geleitet.<\/p>\n<p>Die Geschichte dieser Familie bietet einige interessante Aspekte und Einblicke in die Luzern Geschichte, z.B.:<\/p>\n<ul>\n<li><a href=\".\/friedrich-alexander-pietzcker\/\">Friedrich Alexander Pietzcker<\/a>, in Berlin geboren, als einer der ersten Dampfschiffkapit\u00e4ne auf dem Vierwaldst\u00e4ttersee, der nach seiner Scheidung aber bald vom Blickfeld verschwindet und die Pension verkauft an<\/li>\n<li>seine Frau <a href=\".\/jeannette-hippenmeyer\/\">Jeannette Hippenmeyer<\/a>, urspr\u00fcnglich aus dem Thurgau stammend, von reformierter Konfession, geschieden. Sie baut die Pension stark aus und konnte sich offenbar erfolgreich in die katholische Luzerner Gesellschaft integrieren.<\/li>\n<li>Der \u00e4lteste Sohn <a href=\".\/hermann-alexander-pietzcker\/\">Hermann Alexander Pietzcker<\/a> der eine ungarische Baronin heiratet, eine milit\u00e4rische Karriere durchl\u00e4uft und wichtige Kontakte z.B. mit dem sp\u00e4teren General Wille und mit f\u00fchrenden Luzerner Liberalen kn\u00fcpft, der aber wirtschaftlich offenbar nicht den gew\u00fcnschten Erfolg findet.<\/li>\n<li>Seine Frau <a href=\".\/margaretha-apor-de-altorja\/\">Margaretha Apor de Altorja<\/a>, katholischer Konfession, die die Pension weiter ausbaut und in den erfolgreichsten Jahren f\u00fchrte. Sie gab die F\u00fchrung dann an die beiden unverheirateten T\u00f6chter weiter:<\/li>\n<li>Jeanne und\u00a0<a href=\".\/alice-pietzcker\/\">Alice Pietzcker<\/a><\/li>\n<li>Detailliertere Informationen zu den einzelnen Personen und der weiteren Verwandtschaft finden sich im separaten <a href=\"https:\/\/www.archivinfo.ch\/pietzker\/index.html\" target=\"_blank\" rel=\"noopener noreferrer\">Stammbaum<\/a>.<\/li>\n<\/ul>\n<p>Familienwappen Pietzcker (von Luzern, ehemals von Vira-Gambarogno)<sup><a href=\"#footnote_2_228\" id=\"identifier_2_228\" class=\"footnote-link footnote-identifier-link\" title=\"August am Rhyn, Wappen der B&uuml;rger von Luzern 1798-1924, 1934. Siehe auch STALU PA 184\/1\">2<\/a><\/sup><\/p>\n<figure id=\"attachment_69\" aria-describedby=\"caption-attachment-69\" style=\"width: 150px\" class=\"wp-caption aligncenter\"><a href=\"http:\/\/archivinfo.ch\/felsberg\/pietzcker\/pietzcker_familienwappen\/\"><img loading=\"lazy\" decoding=\"async\" class=\"wp-image-69 size-full\" src=\"http:\/\/archivinfo.ch\/felsberg\/wp-content\/uploads\/pietzcker\/pietzcker_familienwappen.jpg\" alt=\"\" width=\"150\" height=\"180\" srcset=\"https:\/\/archivinfo.ch\/felsberg\/wp-content\/uploads\/pietzcker\/pietzcker_familienwappen.jpg 150w, https:\/\/archivinfo.ch\/felsberg\/wp-content\/uploads\/pietzcker\/pietzcker_familienwappen-125x150.jpg 125w\" sizes=\"auto, (max-width: 150px) 100vw, 150px\" \/><\/a><figcaption id=\"caption-attachment-69\" class=\"wp-caption-text\">Pietzcker, Familienwappen<\/figcaption><\/figure>\n<ol class=\"footnotes\"><li id=\"footnote_1_228\" class=\"footnote\">Die Schreibweise des Namens ist nicht immer gleich, manchmal Pietzker, manchmal Pietzcker.<span class=\"footnote-back-link-wrapper\">[<a href=\"#identifier_1_228\" class=\"footnote-link footnote-back-link\">&#8617;<\/a>]<\/span><\/li><li id=\"footnote_2_228\" class=\"footnote\">August am Rhyn, Wappen der B\u00fcrger von Luzern 1798-1924, 1934. Siehe auch STALU PA 184\/1<span class=\"footnote-back-link-wrapper\">[<a href=\"#identifier_2_228\" class=\"footnote-link footnote-back-link\">&#8617;<\/a>]<\/span><\/li><\/ol>","protected":false},"excerpt":{"rendered":"<p>Pietzcker: Familie und Personen \u00dcber drei Generationen wurde die Pension durch Mitglieder der Familie Pietzcker1 geleitet. Die Geschichte dieser Familie bietet einige interessante Aspekte und Einblicke in die Luzern Geschichte, z.B.: Friedrich Alexander Pietzcker, in Berlin geboren, als einer der ersten Dampfschiffkapit\u00e4ne auf dem Vierwaldst\u00e4ttersee, der nach seiner Scheidung aber bald vom Blickfeld verschwindet und <a href=\"https:\/\/archivinfo.ch\/felsberg\/pietzcker\/\" class=\"more-link\">\u2026weiterlesen<span class=\"screen-reader-text\"> Pietzcker\"<\/span><\/a><\/p>\n","protected":false},"author":1,"featured_media":0,"parent":0,"menu_order":64,"comment_status":"closed","ping_status":"closed","template":"","meta":{"footnotes":""},"class_list":["post-228","page","type-page","status-publish","h-entry","hentry","h-as-page"],"_links":{"self":[{"href":"https:\/\/archivinfo.ch\/felsberg\/wp-json\/wp\/v2\/pages\/228","targetHints":{"allow":["GET"]}}],"collection":[{"href":"https:\/\/archivinfo.ch\/felsberg\/wp-json\/wp\/v2\/pages"}],"about":[{"href":"https:\/\/archivinfo.ch\/felsberg\/wp-json\/wp\/v2\/types\/page"}],"author":[{"embeddable":true,"href":"https:\/\/archivinfo.ch\/felsberg\/wp-json\/wp\/v2\/users\/1"}],"replies":[{"embeddable":true,"href":"https:\/\/archivinfo.ch\/felsberg\/wp-json\/wp\/v2\/comments?post=228"}],"version-history":[{"count":2,"href":"https:\/\/archivinfo.ch\/felsberg\/wp-json\/wp\/v2\/pages\/228\/revisions"}],"predecessor-version":[{"id":3414,"href":"https:\/\/archivinfo.ch\/felsberg\/wp-json\/wp\/v2\/pages\/228\/revisions\/3414"}],"wp:attachment":[{"href":"https:\/\/archivinfo.ch\/felsberg\/wp-json\/wp\/v2\/media?parent=228"}],"curies":[{"name":"wp","href":"https:\/\/api.w.org\/{rel}","templated":true}]}}