{"id":2168,"date":"2018-08-26T14:36:49","date_gmt":"2018-08-26T12:36:49","guid":{"rendered":"http:\/\/archivinfo.ch\/felsberg\/pension\/unterhaltung\/"},"modified":"2024-02-02T11:46:12","modified_gmt":"2024-02-02T10:46:12","slug":"unterhaltung","status":"publish","type":"page","link":"https:\/\/archivinfo.ch\/felsberg\/pension\/unterhaltung\/","title":{"rendered":"Unterhaltung und Komfort"},"content":{"rendered":"<h2><span class=\"ez-toc-section\" id=\"Unterhaltung_und_Komfort\"><\/span>Unterhaltung und Komfort<span class=\"ez-toc-section-end\"><\/span><\/h2><div id=\"ez-toc-container\" class=\"ez-toc-v2_0_82_2 counter-hierarchy ez-toc-counter ez-toc-custom ez-toc-container-direction\">\n<nav><ul class='ez-toc-list ez-toc-list-level-1 ' ><li class='ez-toc-page-1 ez-toc-heading-level-2'><a class=\"ez-toc-link ez-toc-heading-1\" href=\"https:\/\/archivinfo.ch\/felsberg\/pension\/unterhaltung\/#Unterhaltung_und_Komfort\" >Unterhaltung und Komfort<\/a><ul class='ez-toc-list-level-3' ><li class='ez-toc-heading-level-3'><a class=\"ez-toc-link ez-toc-heading-2\" href=\"https:\/\/archivinfo.ch\/felsberg\/pension\/unterhaltung\/#Theater_Tanz_und_Baelle\" >Theater, Tanz und B\u00e4lle<\/a><\/li><li class='ez-toc-page-1 ez-toc-heading-level-3'><a class=\"ez-toc-link ez-toc-heading-3\" href=\"https:\/\/archivinfo.ch\/felsberg\/pension\/unterhaltung\/#Tennis\" >Tennis<\/a><\/li><li class='ez-toc-page-1 ez-toc-heading-level-3'><a class=\"ez-toc-link ez-toc-heading-4\" href=\"https:\/\/archivinfo.ch\/felsberg\/pension\/unterhaltung\/#Komfort\" >Komfort<\/a><\/li><\/ul><\/li><\/ul><\/nav><\/div>\n\n<h3><span class=\"ez-toc-section\" id=\"Theater_Tanz_und_Baelle\"><\/span>Theater, Tanz und B\u00e4lle<span class=\"ez-toc-section-end\"><\/span><\/h3>\n<p>\u00abIm sogenannten Pavillon fanden allw\u00f6chentlich B\u00e4lle statt\u00bb <sup><a href=\"#footnote_1_2168\" id=\"identifier_1_2168\" class=\"footnote-link footnote-identifier-link\" title=\"Luzerner Tagblatt, 4.9.1943\">1<\/a><\/sup><\/p>\n<p>\"St\u00e4ndige Korrespondenten grosser Bl\u00e4tter wie der \"Times\", des \"Standard\" und des \"New York Herald\" schwammen mit dem Strom der High Society nach Luzern, berichteten \u00fcber den Verlauf der Saison\".<sup><a href=\"#footnote_2_2168\" id=\"identifier_2_2168\" class=\"footnote-link footnote-identifier-link\" title=\"Huber, S. 208\">2<\/a><\/sup><br \/>\n<span style=\"font-size: 1rem;\">Konkrete Beispiele finden sich in der amerikanischen Presse:<\/span><\/p>\n<figure id=\"attachment_2164\" aria-describedby=\"caption-attachment-2164\" style=\"width: 500px\" class=\"wp-caption aligncenter\"><a href=\"http:\/\/archivinfo.ch\/felsberg\/pension\/gaeste\/the-philadelphia-inquirer-1899-07-30\/\"><img loading=\"lazy\" decoding=\"async\" class=\"wp-image-2164 size-medium\" src=\"http:\/\/archivinfo.ch\/felsberg\/wp-content\/uploads\/varia\/The-Philadelphia-Inquirer-1899-07-30-500x66.jpg\" alt=\"\" width=\"500\" height=\"66\" srcset=\"https:\/\/archivinfo.ch\/felsberg\/wp-content\/uploads\/varia\/The-Philadelphia-Inquirer-1899-07-30-500x66.jpg 500w, https:\/\/archivinfo.ch\/felsberg\/wp-content\/uploads\/varia\/The-Philadelphia-Inquirer-1899-07-30-150x20.jpg 150w, https:\/\/archivinfo.ch\/felsberg\/wp-content\/uploads\/varia\/The-Philadelphia-Inquirer-1899-07-30.jpg 540w\" sizes=\"auto, (max-width: 500px) 100vw, 500px\" \/><\/a><figcaption id=\"caption-attachment-2164\" class=\"wp-caption-text\">The Philadelphia Inquirer, 1899-07-30<\/figcaption><\/figure>\n<figure id=\"attachment_2162\" aria-describedby=\"caption-attachment-2162\" style=\"width: 433px\" class=\"wp-caption aligncenter\"><a href=\"http:\/\/archivinfo.ch\/felsberg\/pension\/gaeste\/the-new-york-times-1900-09-20\/\"><img loading=\"lazy\" decoding=\"async\" class=\"wp-image-2162 size-full\" src=\"http:\/\/archivinfo.ch\/felsberg\/wp-content\/uploads\/varia\/The-New-York-Times-1900-09-20.jpg\" alt=\"\" width=\"433\" height=\"258\" srcset=\"https:\/\/archivinfo.ch\/felsberg\/wp-content\/uploads\/varia\/The-New-York-Times-1900-09-20.jpg 433w, https:\/\/archivinfo.ch\/felsberg\/wp-content\/uploads\/varia\/The-New-York-Times-1900-09-20-150x89.jpg 150w\" sizes=\"auto, (max-width: 433px) 100vw, 433px\" \/><\/a><figcaption id=\"caption-attachment-2162\" class=\"wp-caption-text\">The New York Times, 1900-09-20<\/figcaption><\/figure>\n<figure id=\"attachment_2161\" aria-describedby=\"caption-attachment-2161\" style=\"width: 322px\" class=\"wp-caption aligncenter\"><a href=\"http:\/\/archivinfo.ch\/felsberg\/pension\/gaeste\/des-moines-daily-news-1900-10-04\/\"><img loading=\"lazy\" decoding=\"async\" class=\"wp-image-2161 size-full\" src=\"http:\/\/archivinfo.ch\/felsberg\/wp-content\/uploads\/varia\/Des-Moines-Daily-News-1900-10-04.jpg\" alt=\"\" width=\"322\" height=\"383\" srcset=\"https:\/\/archivinfo.ch\/felsberg\/wp-content\/uploads\/varia\/Des-Moines-Daily-News-1900-10-04.jpg 322w, https:\/\/archivinfo.ch\/felsberg\/wp-content\/uploads\/varia\/Des-Moines-Daily-News-1900-10-04-126x150.jpg 126w\" sizes=\"auto, (max-width: 322px) 100vw, 322px\" \/><\/a><figcaption id=\"caption-attachment-2161\" class=\"wp-caption-text\">Des Moines Daily News , 1900-10-04<\/figcaption><\/figure>\n<figure id=\"attachment_2871\" aria-describedby=\"caption-attachment-2871\" style=\"width: 470px\" class=\"wp-caption aligncenter\"><a href=\"https:\/\/archivinfo.ch\/felsberg\/los-angeles-herald-1905-07-30\/\"><img loading=\"lazy\" decoding=\"async\" class=\"wp-image-2871 size-medium\" src=\"https:\/\/archivinfo.ch\/felsberg\/wp-content\/uploads\/varia\/Los-Angeles-herald-1905-07-30-470x500.jpg\" alt=\"\" width=\"470\" height=\"500\" srcset=\"https:\/\/archivinfo.ch\/felsberg\/wp-content\/uploads\/varia\/Los-Angeles-herald-1905-07-30-470x500.jpg 470w, https:\/\/archivinfo.ch\/felsberg\/wp-content\/uploads\/varia\/Los-Angeles-herald-1905-07-30-141x150.jpg 141w, https:\/\/archivinfo.ch\/felsberg\/wp-content\/uploads\/varia\/Los-Angeles-herald-1905-07-30.jpg 698w\" sizes=\"auto, (max-width: 470px) 100vw, 470px\" \/><\/a><figcaption id=\"caption-attachment-2871\" class=\"wp-caption-text\">Tourist flock into Lucerne (Ausschnitt), in: Los Angeles herald, 1905-07-30<\/figcaption><\/figure>\n<figure id=\"attachment_77\" aria-describedby=\"caption-attachment-77\" style=\"width: 500px\" class=\"wp-caption aligncenter\"><a href=\"http:\/\/archivinfo.ch\/felsberg\/pension\/gaeste\/the_san_francisco_call_1905-09-17_seite_20\/\"><img loading=\"lazy\" decoding=\"async\" class=\"size-medium wp-image-77\" src=\"http:\/\/archivinfo.ch\/felsberg\/wp-content\/uploads\/varia\/the_san_francisco_call_1905-09-17_seite_20-500x266.jpg\" alt=\"\" width=\"500\" height=\"266\" srcset=\"https:\/\/archivinfo.ch\/felsberg\/wp-content\/uploads\/varia\/the_san_francisco_call_1905-09-17_seite_20-500x266.jpg 500w, https:\/\/archivinfo.ch\/felsberg\/wp-content\/uploads\/varia\/the_san_francisco_call_1905-09-17_seite_20-150x80.jpg 150w, https:\/\/archivinfo.ch\/felsberg\/wp-content\/uploads\/varia\/the_san_francisco_call_1905-09-17_seite_20-768x408.jpg 768w, https:\/\/archivinfo.ch\/felsberg\/wp-content\/uploads\/varia\/the_san_francisco_call_1905-09-17_seite_20.jpg 1024w, https:\/\/archivinfo.ch\/felsberg\/wp-content\/uploads\/varia\/the_san_francisco_call_1905-09-17_seite_20-960x510.jpg 960w\" sizes=\"auto, (max-width: 500px) 100vw, 500px\" \/><\/a><figcaption id=\"caption-attachment-77\" class=\"wp-caption-text\">The San Francisco Call, 1905-09-17<\/figcaption><\/figure>\n<p>Mit einem Konzert spendete man 1890 Fr. 110.- f\u00fcr die Opfer von Sturm und Hagel<sup><a href=\"#footnote_3_2168\" id=\"identifier_3_2168\" class=\"footnote-link footnote-identifier-link\" title=\"La Revue, Organ du Parti Democratique &amp; F&eacute;d&eacute;raliste Vaudois 8.9.1890, https:\/\/scriptorium.bcu-lausanne.ch\/s\/yXxMgsE7ri (zuletzt besucht 14.4.2021).\">3<\/a><\/sup> oder 1871 Fr. 88.- f\u00fcr die Wassergesch\u00e4digten im Rheintal.<sup><a href=\"#footnote_4_2168\" id=\"identifier_4_2168\" class=\"footnote-link footnote-identifier-link\" title=\"Luzerner Tagblatt 2.8.1871\">4<\/a><\/sup><\/p>\n<h3><span class=\"ez-toc-section\" id=\"Tennis\"><\/span>Tennis<span class=\"ez-toc-section-end\"><\/span><\/h3>\n<p>Der Tennis-Platz bot auch die M\u00f6glichkeit, Turniere zu organisieren, z.B. am 18. September 1905 organisiert durch die \"Association Suisse de Lawn Tennis\" <sup><a href=\"#footnote_5_2168\" id=\"identifier_5_2168\" class=\"footnote-link footnote-identifier-link\" title=\"Allgemeine Sport-Zeitung, 2.4.1905, http:\/\/anno.onb.ac.at\/cgi-content\/anno-plus?aid=asz&amp;datum=1905&amp;page=335&amp;qid=9DLCSWGYPADK1K90TM5OO848VYSX73&amp;size=45, besucht 28.7.2019, oder&nbsp;Journal et liste des &eacute;trangers de Montreux, de Vevey, de la vall&eacute;e du Rh&ocirc;ne et des stations climat&eacute;riques romandes, 26.8.1905, https:\/\/scriptorium.bcu-lausanne.ch\/s\/nwa0lMIXsu, besucht 14.4.2021\">5<\/a><\/sup><\/p>\n<figure id=\"attachment_1172\" aria-describedby=\"caption-attachment-1172\" style=\"width: 500px\" class=\"wp-caption aligncenter\"><a href=\"https:\/\/archivinfo.ch\/felsberg\/gebaeude\/chalet-serpolette\/chalet-serpolette-pension-garten-goetz-8802-2\/\" rel=\"attachment wp-att-1172\"><img loading=\"lazy\" decoding=\"async\" class=\"wp-image-1172 size-medium\" src=\"https:\/\/archivinfo.ch\/felsberg\/wp-content\/uploads\/gebaeude\/Chalet-Serpolette-Pension-Garten-Goetz-8802--500x318.jpg\" alt=\"\" width=\"500\" height=\"318\" srcset=\"https:\/\/archivinfo.ch\/felsberg\/wp-content\/uploads\/gebaeude\/Chalet-Serpolette-Pension-Garten-Goetz-8802--500x318.jpg 500w, https:\/\/archivinfo.ch\/felsberg\/wp-content\/uploads\/gebaeude\/Chalet-Serpolette-Pension-Garten-Goetz-8802--150x95.jpg 150w, https:\/\/archivinfo.ch\/felsberg\/wp-content\/uploads\/gebaeude\/Chalet-Serpolette-Pension-Garten-Goetz-8802--768x488.jpg 768w, https:\/\/archivinfo.ch\/felsberg\/wp-content\/uploads\/gebaeude\/Chalet-Serpolette-Pension-Garten-Goetz-8802--1024x651.jpg 1024w, https:\/\/archivinfo.ch\/felsberg\/wp-content\/uploads\/gebaeude\/Chalet-Serpolette-Pension-Garten-Goetz-8802--960x610.jpg 960w, https:\/\/archivinfo.ch\/felsberg\/wp-content\/uploads\/gebaeude\/Chalet-Serpolette-Pension-Garten-Goetz-8802-.jpg 1596w\" sizes=\"auto, (max-width: 500px) 100vw, 500px\" \/><\/a><figcaption id=\"caption-attachment-1172\" class=\"wp-caption-text\">Gartenszene mit Brunnen, Chalet Serpolet und Tennisplatz. Ansichtskarte Verlag Goetz Nr. 8802, undat (um 1935?)<\/figcaption><\/figure>\n<h3><span class=\"ez-toc-section\" id=\"Komfort\"><\/span>Komfort<span class=\"ez-toc-section-end\"><\/span><\/h3>\n<p>Eine ausf\u00fchrliche Beschreibung bietet die Australierin \"Sister Jenkinks\" im Jahr 1938: Sie lobt die Sauberkeit und Sch\u00f6nheit der Zimmer, die Aussicht aus dem Speisesaal. Bei der Frage nach dem Badezimmer verwies man sie aber zuerst auf einen Krug mit heissem Wasser. Erst beim Nachfragen zeigte man ihr ein kostenpflichtiges Badezimmer: \"Ich war gewarnt worden, dass kontinentale Menschen nie in einem Bad baden, wie wir es tun, aber trotzdem war es ein kleiner Schock.\"<sup><a href=\"#footnote_6_2168\" id=\"identifier_6_2168\" class=\"footnote-link footnote-identifier-link\" title=\"Aus: In Snow-Clad Switzerland - Sister Jenkins Describes Sheer Joy of Trip. In: The Recorder (Port Pirie, AUS), 1938-06-01, https:\/\/trove.nla.gov.au\/newspaper\/article\/95948471?browse=ndp%3Abrowse%2Ftitle%2FR%2Ftitle%2F347%2F1938%2F06%2F01%2Fpage%2F9200880%2Farticle%2F95948471# besucht 28.7.2019\">6<\/a><\/sup><\/p>\n<figure id=\"attachment_2922\" aria-describedby=\"caption-attachment-2922\" style=\"width: 461px\" class=\"wp-caption aligncenter\"><a href=\"https:\/\/archivinfo.ch\/felsberg\/pension\/unterhaltung\/recorder-1938-06-01-pg-3\/\"><img loading=\"lazy\" decoding=\"async\" class=\"wp-image-2922 size-full\" src=\"https:\/\/archivinfo.ch\/felsberg\/wp-content\/uploads\/varia\/Recorder-1938-06-01-pg-3.jpg\" alt=\"\" width=\"461\" height=\"831\" srcset=\"https:\/\/archivinfo.ch\/felsberg\/wp-content\/uploads\/varia\/Recorder-1938-06-01-pg-3.jpg 461w, https:\/\/archivinfo.ch\/felsberg\/wp-content\/uploads\/varia\/Recorder-1938-06-01-pg-3-83x150.jpg 83w, https:\/\/archivinfo.ch\/felsberg\/wp-content\/uploads\/varia\/Recorder-1938-06-01-pg-3-277x500.jpg 277w\" sizes=\"auto, (max-width: 461px) 100vw, 461px\" \/><\/a><figcaption id=\"caption-attachment-2922\" class=\"wp-caption-text\">Aus: In Snow-Clad Switzerland - Sister Jenkins Describes Sheer Joy of Trip. In: The Recorder (Port Pirie, AUS), 1938-06-01<\/figcaption><\/figure>\n<p>&nbsp;<\/p>\n<p><em>Diese Seite zuletzt ge\u00e4ndert: 2024-02-02<\/em><\/p>\n<ol class=\"footnotes\"><li id=\"footnote_1_2168\" class=\"footnote\">Luzerner Tagblatt, 4.9.1943<span class=\"footnote-back-link-wrapper\">[<a href=\"#identifier_1_2168\" class=\"footnote-link footnote-back-link\">&#8617;<\/a>]<\/span><\/li><li id=\"footnote_2_2168\" class=\"footnote\">Huber, S. 208<span class=\"footnote-back-link-wrapper\">[<a href=\"#identifier_2_2168\" class=\"footnote-link footnote-back-link\">&#8617;<\/a>]<\/span><\/li><li id=\"footnote_3_2168\" class=\"footnote\">La Revue, Organ du Parti Democratique &amp; F\u00e9d\u00e9raliste Vaudois 8.9.1890, https:\/\/scriptorium.bcu-lausanne.ch\/s\/yXxMgsE7ri (zuletzt besucht 14.4.2021).<span class=\"footnote-back-link-wrapper\">[<a href=\"#identifier_3_2168\" class=\"footnote-link footnote-back-link\">&#8617;<\/a>]<\/span><\/li><li id=\"footnote_4_2168\" class=\"footnote\">Luzerner Tagblatt 2.8.1871<span class=\"footnote-back-link-wrapper\">[<a href=\"#identifier_4_2168\" class=\"footnote-link footnote-back-link\">&#8617;<\/a>]<\/span><\/li><li id=\"footnote_5_2168\" class=\"footnote\">Allgemeine Sport-Zeitung, 2.4.1905, <a href=\"http:\/\/anno.onb.ac.at\/cgi-content\/anno-plus?aid=asz&amp;datum=1905&amp;page=335&amp;qid=9DLCSWGYPADK1K90TM5OO848VYSX73&amp;size=45\" target=\"_blank\" rel=\"noopener noreferrer\">http:\/\/anno.onb.ac.at\/cgi-content\/anno-plus?aid=asz&amp;datum=1905&amp;page=335&amp;qid=9DLCSWGYPADK1K90TM5OO848VYSX73&amp;size=45<\/a>, besucht 28.7.2019, oder\u00a0Journal et liste des \u00e9trangers de Montreux, de Vevey, de la vall\u00e9e du Rh\u00f4ne et des stations climat\u00e9riques romandes, 26.8.1905, <a href=\"https:\/\/scriptorium.bcu-lausanne.ch\/s\/nwa0lMIXsu\">https:\/\/scriptorium.bcu-lausanne.ch\/s\/nwa0lMIXsu<\/a>, besucht 14.4.2021<span class=\"footnote-back-link-wrapper\">[<a href=\"#identifier_5_2168\" class=\"footnote-link footnote-back-link\">&#8617;<\/a>]<\/span><\/li><li id=\"footnote_6_2168\" class=\"footnote\">Aus: In Snow-Clad Switzerland - Sister Jenkins Describes Sheer Joy of Trip. In: The Recorder (Port Pirie, AUS), 1938-06-01, <a href=\"https:\/\/trove.nla.gov.au\/newspaper\/article\/95948471?browse=ndp%3Abrowse%2Ftitle%2FR%2Ftitle%2F347%2F1938%2F06%2F01%2Fpage%2F9200880%2Farticle%2F95948471#\" target=\"_blank\" rel=\"noopener noreferrer\">https:\/\/trove.nla.gov.au\/newspaper\/article\/95948471?browse=ndp%3Abrowse%2Ftitle%2FR%2Ftitle%2F347%2F1938%2F06%2F01%2Fpage%2F9200880%2Farticle%2F95948471#<\/a> besucht 28.7.2019<span class=\"footnote-back-link-wrapper\">[<a href=\"#identifier_6_2168\" class=\"footnote-link footnote-back-link\">&#8617;<\/a>]<\/span><\/li><\/ol>","protected":false},"excerpt":{"rendered":"<p>Unterhaltung und Komfort Theater, Tanz und B\u00e4lle \u00abIm sogenannten Pavillon fanden allw\u00f6chentlich B\u00e4lle statt\u00bb 1 \"St\u00e4ndige Korrespondenten grosser Bl\u00e4tter wie der \"Times\", des \"Standard\" und des \"New York Herald\" schwammen mit dem Strom der High Society nach Luzern, berichteten \u00fcber den Verlauf der Saison\".2 Konkrete Beispiele finden sich in der amerikanischen Presse: Mit einem Konzert <a href=\"https:\/\/archivinfo.ch\/felsberg\/pension\/unterhaltung\/\" class=\"more-link\">\u2026weiterlesen<span class=\"screen-reader-text\"> Unterhaltung und Komfort\"<\/span><\/a><\/p>\n","protected":false},"author":1,"featured_media":0,"parent":213,"menu_order":55,"comment_status":"closed","ping_status":"closed","template":"","meta":{"footnotes":""},"class_list":["post-2168","page","type-page","status-publish","h-entry","hentry","h-as-page"],"_links":{"self":[{"href":"https:\/\/archivinfo.ch\/felsberg\/wp-json\/wp\/v2\/pages\/2168","targetHints":{"allow":["GET"]}}],"collection":[{"href":"https:\/\/archivinfo.ch\/felsberg\/wp-json\/wp\/v2\/pages"}],"about":[{"href":"https:\/\/archivinfo.ch\/felsberg\/wp-json\/wp\/v2\/types\/page"}],"author":[{"embeddable":true,"href":"https:\/\/archivinfo.ch\/felsberg\/wp-json\/wp\/v2\/users\/1"}],"replies":[{"embeddable":true,"href":"https:\/\/archivinfo.ch\/felsberg\/wp-json\/wp\/v2\/comments?post=2168"}],"version-history":[{"count":3,"href":"https:\/\/archivinfo.ch\/felsberg\/wp-json\/wp\/v2\/pages\/2168\/revisions"}],"predecessor-version":[{"id":3657,"href":"https:\/\/archivinfo.ch\/felsberg\/wp-json\/wp\/v2\/pages\/2168\/revisions\/3657"}],"up":[{"embeddable":true,"href":"https:\/\/archivinfo.ch\/felsberg\/wp-json\/wp\/v2\/pages\/213"}],"wp:attachment":[{"href":"https:\/\/archivinfo.ch\/felsberg\/wp-json\/wp\/v2\/media?parent=2168"}],"curies":[{"name":"wp","href":"https:\/\/api.w.org\/{rel}","templated":true}]}}