{"id":215,"date":"2017-02-12T13:37:49","date_gmt":"2017-02-12T12:37:49","guid":{"rendered":"http:\/\/archivinfo.ch\/fb\/?page_id=215"},"modified":"2022-01-09T12:21:10","modified_gmt":"2022-01-09T11:21:10","slug":"betreiber","status":"publish","type":"page","link":"https:\/\/archivinfo.ch\/felsberg\/pension\/betreiber\/","title":{"rendered":"Betreiber"},"content":{"rendered":"<h2><span class=\"ez-toc-section\" id=\"Besitzer_und_Betreiber\"><\/span>Besitzer und Betreiber<span class=\"ez-toc-section-end\"><\/span><\/h2><div id=\"ez-toc-container\" class=\"ez-toc-v2_0_82_2 counter-hierarchy ez-toc-counter ez-toc-custom ez-toc-container-direction\">\n<nav><ul class='ez-toc-list ez-toc-list-level-1 ' ><li class='ez-toc-page-1 ez-toc-heading-level-2'><a class=\"ez-toc-link ez-toc-heading-1\" href=\"https:\/\/archivinfo.ch\/felsberg\/pension\/betreiber\/#Besitzer_und_Betreiber\" >Besitzer und Betreiber<\/a><ul class='ez-toc-list-level-3' ><li class='ez-toc-heading-level-3'><a class=\"ez-toc-link ez-toc-heading-2\" href=\"https:\/\/archivinfo.ch\/felsberg\/pension\/betreiber\/#Gruender\" >Gr\u00fcnder<\/a><\/li><li class='ez-toc-page-1 ez-toc-heading-level-3'><a class=\"ez-toc-link ez-toc-heading-3\" href=\"https:\/\/archivinfo.ch\/felsberg\/pension\/betreiber\/#Die_Familie_Pietzcker\" >Die Familie Pietzcker<\/a><\/li><li class='ez-toc-page-1 ez-toc-heading-level-3'><a class=\"ez-toc-link ez-toc-heading-4\" href=\"https:\/\/archivinfo.ch\/felsberg\/pension\/betreiber\/#Mitglied_im_Hotelier-Verein\" >Mitglied im Hotelier-Verein<\/a><\/li><li class='ez-toc-page-1 ez-toc-heading-level-3'><a class=\"ez-toc-link ez-toc-heading-5\" href=\"https:\/\/archivinfo.ch\/felsberg\/pension\/betreiber\/#Werbung\" >Werbung<\/a><\/li><\/ul><\/li><\/ul><\/nav><\/div>\n\n<h3><span class=\"ez-toc-section\" id=\"Gruender\"><\/span>Gr\u00fcnder<span class=\"ez-toc-section-end\"><\/span><\/h3>\n<p>Im September 1859 wurde die Pension von einem Leonz Kaufmann gef\u00fchrt.<sup><a href=\"#footnote_1_215\" id=\"identifier_1_215\" class=\"footnote-link footnote-identifier-link\" title=\"Schreiben des Stadtrates von Luzern, 29.9.1859, STALU AKT 37\/58A.1; dort auch Abschrift aus: Protokoll des Regierungsrates, 14.10.1859\">1<\/a><\/sup>. Dieser J. L. Kaufmann tritt auch am 8.6.1860 noch f\u00fcr die Pension Felsberg auf<sup><a href=\"#footnote_2_215\" id=\"identifier_2_215\" class=\"footnote-link footnote-identifier-link\" title=\"Schreiben an das Finanzdepartement, STALU AKT 37\/58A.1\">2<\/a><\/sup>.<\/p>\n<h3><span class=\"ez-toc-section\" id=\"Die_Familie_Pietzcker\"><\/span>Die Familie Pietzcker<span class=\"ez-toc-section-end\"><\/span><\/h3>\n<p>1864 erscheint Felsberg nun unter dem Namen des \"Captain Pietzker\" <sup><a href=\"#footnote_3_215\" id=\"identifier_3_215\" class=\"footnote-link footnote-identifier-link\" title=\"interessanterweise f&uuml;hrt Leonz Kaufmann, Musiklehrer, nun die Pension am &quot;Zinggenh&uuml;sli&quot;, die 1859 noch Pietzker geh&ouml;rt hatte. Auszug aus dem Protokoll des Regierungsrates, 1.8.1864, in STALU AKT 37\/58A.1\">3<\/a><\/sup> Wie lange erselbst dort wohnte ist nicht klar:\u00a01862 sind Frau und Kinder an der Adresse im Felsberg gemeldet, nicht aber Pietzker selber.\u00a0Pietzker tritt aber aber in verschiedenen Vertragsverhandlungen auf, u.a. verhandelt er mit dem Stift im Hof um das Durchleitungsrecht einer Wasserleitung und erh\u00e4lt 1863 im Gegenzug auch das Recht, auf dem Gebiet des Stifts 3 Wegweiser zu seinem Haus aufzustellen. 1865 kauft er die seit 1612 dem Stift geh\u00f6rende Quelle auf dem Gut des Johann Ruckli <sup><a href=\"#footnote_4_215\" id=\"identifier_4_215\" class=\"footnote-link footnote-identifier-link\" title=\"STALU PA 1422\/2262\">4<\/a><\/sup><\/p>\n<p>1865 erkundigte sich Pietzker beim Regierungsrat, ob man ihm alle Rechte eines Hotelbetriebes gew\u00e4hren w\u00fcrde, wenn er \"mit Freunden in England\" eine Gesellschaft bilden und ein grosses Pensionshaus auf Felsberg errichten w\u00fcrde.<sup><a href=\"#footnote_5_215\" id=\"identifier_5_215\" class=\"footnote-link footnote-identifier-link\" title=\"STALU RR 155, 24.4.1865\">5<\/a><\/sup> Das Gesuch wurde positiv beantwortet.<sup><a href=\"#footnote_6_215\" id=\"identifier_6_215\" class=\"footnote-link footnote-identifier-link\" title=\"STALU AKT 37\/58A.2\">6<\/a><\/sup><\/p>\n<p>Am 29.1.1866 verkauft Pietzker dann aber die ganze Liegenschaft an seine inzwischen geschiedene Frau Johanna Katharina (gen. \"Jeanette\") Pietzker,<sup><a href=\"#footnote_7_215\" id=\"identifier_7_215\" class=\"footnote-link footnote-identifier-link\" title=\"SALU B3.43\/A1.634b\">7<\/a><\/sup> die\u00a0bis zu ihrem Tode 1905 Alleinbesitzerin ist.<\/p>\n<figure id=\"attachment_2450\" aria-describedby=\"caption-attachment-2450\" style=\"width: 500px\" class=\"wp-caption aligncenter\"><a href=\"http:\/\/archivinfo.ch\/felsberg\/gebaeude\/pensionsgebaeude\/gesamt_braun_775-r\/\" rel=\"attachment wp-att-2450\"><img loading=\"lazy\" decoding=\"async\" class=\"size-medium wp-image-2450\" src=\"http:\/\/archivinfo.ch\/felsberg\/wp-content\/uploads\/ansicht\/Gesamt_Braun_775-R-500x311.jpg\" alt=\"\" width=\"500\" height=\"311\" \/><\/a><figcaption id=\"caption-attachment-2450\" class=\"wp-caption-text\">Ansicht der Pension Felsberg, um 1880? (Kantonale Denkmalpflege Luzern (Adolphe Braun), Nr. 775; identisch in: SALU F2a Felsbergstrasse 15 und Abb. in Omachen, S. 175)<\/figcaption><\/figure>\n<p>Nachdem die Firma J. Pietzker mit dem Tod der Inhaberin 1905 erlosch, gr\u00fcndeten deren Erben (Hermann Alexander, Hugo, und die Kinder des Hermann, Gabrielle Balthasar-Pietzker, Jeanne\u00a0Pietzcker und die minderj\u00e4hrigen Alice, Marie und Marguerithe (letztere mit Beistand des Oberst Ulrich Wille, den Hermann Alexander P. aus seiner Zeit als Instruktor der Kavallerie kannte) die Aktiengesellschaft \"J. Pietzcker\u2019s Erben, Pension Felsberg\". Einzige Vertreterin der Gesellschaft war Marguerite Pietzcker, die nicht zu den \"Erben...\" geh\u00f6rte.<sup><a href=\"#footnote_8_215\" id=\"identifier_8_215\" class=\"footnote-link footnote-identifier-link\" title=\"aus dem Handelsregister STALU A 1044\/10083, hier auch die weiteren Angaben zum Besitz&nbsp; bis zur Aufl&ouml;sung 1951\">8<\/a><\/sup>\u00a0Sie besass auch offiziell ein Patent zur F\u00fchrung der Pension<sup><a href=\"#footnote_9_215\" id=\"identifier_9_215\" class=\"footnote-link footnote-identifier-link\" title=\"Auszug aus Regierungsrats-Protokoll 24.6.1905, in STALU AKT 1642\">9<\/a><\/sup> und f\u00fchrte\u00a0<span style=\"font-size: 1rem;\">die Pension in den erfolgreichsten Jahren. Sie gab die F\u00fchrung dann an die beiden unverheirateten T\u00f6chter Jeanne und Alice weiter.<sup><a href=\"#footnote_10_215\" id=\"identifier_10_215\" class=\"footnote-link footnote-identifier-link\" title=\"Marie verzichtete 1920 resp. ihre Erbberechtigung war dahingefallen, da sie ins Kloster gegangen war.\">10<\/a><\/sup><\/span><\/p>\n<figure id=\"attachment_2457\" aria-describedby=\"caption-attachment-2457\" style=\"width: 420px\" class=\"wp-caption aligncenter\"><a href=\"http:\/\/archivinfo.ch\/felsberg\/pension\/betreiber\/pension-stalu-pa-122-28\/\"><img loading=\"lazy\" decoding=\"async\" class=\"wp-image-2457 size-medium\" src=\"http:\/\/archivinfo.ch\/felsberg\/wp-content\/uploads\/pietzcker\/Pension-STALU-PA-122-28-420x500.jpg\" alt=\"\" width=\"420\" height=\"500\" srcset=\"https:\/\/archivinfo.ch\/felsberg\/wp-content\/uploads\/pietzcker\/Pension-STALU-PA-122-28-420x500.jpg 420w, https:\/\/archivinfo.ch\/felsberg\/wp-content\/uploads\/pietzcker\/Pension-STALU-PA-122-28-126x150.jpg 126w, https:\/\/archivinfo.ch\/felsberg\/wp-content\/uploads\/pietzcker\/Pension-STALU-PA-122-28-768x914.jpg 768w, https:\/\/archivinfo.ch\/felsberg\/wp-content\/uploads\/pietzcker\/Pension-STALU-PA-122-28-861x1024.jpg 861w, https:\/\/archivinfo.ch\/felsberg\/wp-content\/uploads\/pietzcker\/Pension-STALU-PA-122-28-960x1142.jpg 960w\" sizes=\"auto, (max-width: 420px) 100vw, 420px\" \/><\/a><figcaption id=\"caption-attachment-2457\" class=\"wp-caption-text\">Marguerite Pietzcker und ihre Tochter vor dem Eingang zum Pensionsgeb\u00e4ude (STALU PA 122\/28)<\/figcaption><\/figure>\n<p>Ab 1940 f\u00fchrte Alice Pietzker die Prokura. Nach dem\u00a0Verkauf an Stadt 1943 vermietete sie noch einige wenige Betten in der verbliebenen Villa \u00a0Felsberg.<\/p>\n<p>1951 wurde die Gesellschaft (nun noch mit den Gesellschafterinnen Alice Pietzcker, Jeanne Pietzcker und Marguerite Henrici-Pietzcker) gel\u00f6scht.<\/p>\n<h3><span class=\"ez-toc-section\" id=\"Mitglied_im_Hotelier-Verein\"><\/span>Mitglied im Hotelier-Verein<span class=\"ez-toc-section-end\"><\/span><\/h3>\n<p>Gleich mit der Gr\u00fcndung der Vereinigung der <em>Hotel- und Pensionsinhaber der Stadt Luzern<\/em><sup><a href=\"#footnote_11_215\" id=\"identifier_11_215\" class=\"footnote-link footnote-identifier-link\" title=\"Werner Merki, 50 Jahre Hotelier-Verein und Offizielles Kurkomitee 1957-1957. Luzern 1957.\">11<\/a><\/sup>\u00a0 trat M. Pietzcker 1905 bei, ab 1906 war sie auch Mitglied von deren <em>Preisnormierungskommission <\/em>als Vertreterin f\u00fcr die Hotels 3. Ranges und Pensionen<em>. <\/em>Dieses Engagement wiederspiegelt auch die wirtschaftliche Position der Pension Felsberg, war sie doch 1910 unter den Mitgliedern des Hotelier-Vereins mit 150 Betten die gr\u00f6sste Pension\u00a0und insgesamt \"auf Rang 15\".<\/p>\n<p>Die Mitgliedschaft blieb auch noch nach dem Verkauf bestehen, im Mitgliederverzeichnis von 1945 ist \"Fam J. Pietzcker\" mit 10 Betten immer noch aufgef\u00fchrt.<\/p>\n<h3><span class=\"ez-toc-section\" id=\"Werbung\"><\/span>Werbung<span class=\"ez-toc-section-end\"><\/span><\/h3>\n<figure id=\"attachment_1984\" aria-describedby=\"caption-attachment-1984\" style=\"width: 500px\" class=\"wp-caption aligncenter\"><a href=\"http:\/\/archivinfo.ch\/felsberg\/startseite\/inserat_1914\/\" rel=\"attachment wp-att-1984\"><img loading=\"lazy\" decoding=\"async\" class=\"wp-image-1984 size-medium\" src=\"http:\/\/archivinfo.ch\/felsberg\/wp-content\/uploads\/pension\/Inserat_1914-500x95.jpeg\" alt=\"\" width=\"500\" height=\"95\" srcset=\"https:\/\/archivinfo.ch\/felsberg\/wp-content\/uploads\/pension\/Inserat_1914-500x95.jpeg 500w, https:\/\/archivinfo.ch\/felsberg\/wp-content\/uploads\/pension\/Inserat_1914-150x28.jpeg 150w, https:\/\/archivinfo.ch\/felsberg\/wp-content\/uploads\/pension\/Inserat_1914-768x146.jpeg 768w, https:\/\/archivinfo.ch\/felsberg\/wp-content\/uploads\/pension\/Inserat_1914-1024x194.jpeg 1024w, https:\/\/archivinfo.ch\/felsberg\/wp-content\/uploads\/pension\/Inserat_1914-960x182.jpeg 960w, https:\/\/archivinfo.ch\/felsberg\/wp-content\/uploads\/pension\/Inserat_1914.jpeg 1082w\" sizes=\"auto, (max-width: 500px) 100vw, 500px\" \/><\/a><figcaption id=\"caption-attachment-1984\" class=\"wp-caption-text\">Inserat f\u00fcr die Pension, ca. 1914 (aus einem Luzerner Adressbuch? Abb. aus einer Internet-Auktionsplattform)<\/figcaption><\/figure>\n<figure id=\"attachment_728\" aria-describedby=\"caption-attachment-728\" style=\"width: 500px\" class=\"wp-caption aligncenter\"><a href=\"http:\/\/archivinfo.ch\/felsberg\/pension\/inserat-1912-06-05-sued-und-nord\/\" rel=\"attachment wp-att-728\"><img loading=\"lazy\" decoding=\"async\" class=\"size-medium wp-image-728\" src=\"http:\/\/archivinfo.ch\/felsberg\/wp-content\/uploads\/pension\/Inserat-1912-06-05-Sued-und-Nord-500x29.jpeg\" alt=\"\" width=\"500\" height=\"29\" srcset=\"https:\/\/archivinfo.ch\/felsberg\/wp-content\/uploads\/pension\/Inserat-1912-06-05-Sued-und-Nord-500x29.jpeg 500w, https:\/\/archivinfo.ch\/felsberg\/wp-content\/uploads\/pension\/Inserat-1912-06-05-Sued-und-Nord-150x9.jpeg 150w, https:\/\/archivinfo.ch\/felsberg\/wp-content\/uploads\/pension\/Inserat-1912-06-05-Sued-und-Nord-768x45.jpeg 768w, https:\/\/archivinfo.ch\/felsberg\/wp-content\/uploads\/pension\/Inserat-1912-06-05-Sued-und-Nord-1024x60.jpeg 1024w, https:\/\/archivinfo.ch\/felsberg\/wp-content\/uploads\/pension\/Inserat-1912-06-05-Sued-und-Nord-960x56.jpeg 960w\" sizes=\"auto, (max-width: 500px) 100vw, 500px\" \/><\/a><figcaption id=\"caption-attachment-728\" class=\"wp-caption-text\">Inserat f\u00fcr die Pension Felsberg, aus der Zeitung S\u00fcd und Nord, 5.6.1912<\/figcaption><\/figure>\n<p>Nur wenige Werbung ist erhalten. Dies sind die zahlreichen Postkarten, Inserate und ein Hotelprospekt:<\/p>\n<figure id=\"attachment_2049\" aria-describedby=\"caption-attachment-2049\" style=\"width: 500px\" class=\"wp-caption aligncenter\"><a href=\"http:\/\/archivinfo.ch\/felsberg\/pension\/betreiber\/hotelprospekt-has_030\/\"><img loading=\"lazy\" decoding=\"async\" class=\"wp-image-2049 size-medium\" src=\"http:\/\/archivinfo.ch\/felsberg\/wp-content\/uploads\/pension\/Hotelprospekt-HAS_030.A508_2-500x404.jpg\" alt=\"\" width=\"500\" height=\"404\" srcset=\"https:\/\/archivinfo.ch\/felsberg\/wp-content\/uploads\/pension\/Hotelprospekt-HAS_030.A508_2-500x404.jpg 500w, https:\/\/archivinfo.ch\/felsberg\/wp-content\/uploads\/pension\/Hotelprospekt-HAS_030.A508_2-150x121.jpg 150w, https:\/\/archivinfo.ch\/felsberg\/wp-content\/uploads\/pension\/Hotelprospekt-HAS_030.A508_2-768x620.jpg 768w, https:\/\/archivinfo.ch\/felsberg\/wp-content\/uploads\/pension\/Hotelprospekt-HAS_030.A508_2-1024x827.jpg 1024w, https:\/\/archivinfo.ch\/felsberg\/wp-content\/uploads\/pension\/Hotelprospekt-HAS_030.A508_2-960x775.jpg 960w, https:\/\/archivinfo.ch\/felsberg\/wp-content\/uploads\/pension\/Hotelprospekt-HAS_030.A508_2.jpg 1200w\" sizes=\"auto, (max-width: 500px) 100vw, 500px\" \/><\/a><figcaption id=\"caption-attachment-2049\" class=\"wp-caption-text\">Hotelprospekt, Frontseite, Garten und Aussicht (Hotelarchiv Schweiz HAS_030.A508)<\/figcaption><\/figure>\n<figure id=\"attachment_2052\" aria-describedby=\"caption-attachment-2052\" style=\"width: 500px\" class=\"wp-caption aligncenter\"><a href=\"http:\/\/archivinfo.ch\/felsberg\/pension\/betreiber\/hotelprospekt-has_030-4\/\"><img loading=\"lazy\" decoding=\"async\" class=\"wp-image-2052 size-medium\" src=\"http:\/\/archivinfo.ch\/felsberg\/wp-content\/uploads\/pension\/Hotelprospekt-HAS_030.A508_3-500x437.jpg\" alt=\"\" width=\"500\" height=\"437\" srcset=\"https:\/\/archivinfo.ch\/felsberg\/wp-content\/uploads\/pension\/Hotelprospekt-HAS_030.A508_3-500x437.jpg 500w, https:\/\/archivinfo.ch\/felsberg\/wp-content\/uploads\/pension\/Hotelprospekt-HAS_030.A508_3-150x131.jpg 150w, https:\/\/archivinfo.ch\/felsberg\/wp-content\/uploads\/pension\/Hotelprospekt-HAS_030.A508_3-768x671.jpg 768w, https:\/\/archivinfo.ch\/felsberg\/wp-content\/uploads\/pension\/Hotelprospekt-HAS_030.A508_3-1024x894.jpg 1024w, https:\/\/archivinfo.ch\/felsberg\/wp-content\/uploads\/pension\/Hotelprospekt-HAS_030.A508_3-960x838.jpg 960w, https:\/\/archivinfo.ch\/felsberg\/wp-content\/uploads\/pension\/Hotelprospekt-HAS_030.A508_3.jpg 1200w\" sizes=\"auto, (max-width: 500px) 100vw, 500px\" \/><\/a><figcaption id=\"caption-attachment-2052\" class=\"wp-caption-text\">Hotelprospekt, Innenseite, Garten und Pensionsgeb\u00e4ude (Hotelarchiv Schweiz HAS_030.A508)<\/figcaption><\/figure>\n<figure id=\"attachment_2051\" aria-describedby=\"caption-attachment-2051\" style=\"width: 500px\" class=\"wp-caption aligncenter\"><a href=\"http:\/\/archivinfo.ch\/felsberg\/pension\/betreiber\/hotelprospekt-has_030-3\/\"><img loading=\"lazy\" decoding=\"async\" class=\"wp-image-2051 size-medium\" src=\"http:\/\/archivinfo.ch\/felsberg\/wp-content\/uploads\/pension\/Hotelprospekt-HAS_030.A508_4-500x437.jpg\" alt=\"\" width=\"500\" height=\"437\" srcset=\"https:\/\/archivinfo.ch\/felsberg\/wp-content\/uploads\/pension\/Hotelprospekt-HAS_030.A508_4-500x437.jpg 500w, https:\/\/archivinfo.ch\/felsberg\/wp-content\/uploads\/pension\/Hotelprospekt-HAS_030.A508_4-150x131.jpg 150w, https:\/\/archivinfo.ch\/felsberg\/wp-content\/uploads\/pension\/Hotelprospekt-HAS_030.A508_4-768x671.jpg 768w, https:\/\/archivinfo.ch\/felsberg\/wp-content\/uploads\/pension\/Hotelprospekt-HAS_030.A508_4-1024x894.jpg 1024w, https:\/\/archivinfo.ch\/felsberg\/wp-content\/uploads\/pension\/Hotelprospekt-HAS_030.A508_4-960x838.jpg 960w, https:\/\/archivinfo.ch\/felsberg\/wp-content\/uploads\/pension\/Hotelprospekt-HAS_030.A508_4.jpg 1200w\" sizes=\"auto, (max-width: 500px) 100vw, 500px\" \/><\/a><figcaption id=\"caption-attachment-2051\" class=\"wp-caption-text\">Hotelprospekt, Innenseite, Speisesaal (Hotelarchiv Schweiz HAS_030.A508)<\/figcaption><\/figure>\n<figure id=\"attachment_2050\" aria-describedby=\"caption-attachment-2050\" style=\"width: 500px\" class=\"wp-caption aligncenter\"><a href=\"http:\/\/archivinfo.ch\/felsberg\/pension\/betreiber\/hotelprospekt-has_030-2\/\"><img loading=\"lazy\" decoding=\"async\" class=\"wp-image-2050 size-medium\" src=\"http:\/\/archivinfo.ch\/felsberg\/wp-content\/uploads\/pension\/Hotelprospekt-HAS_030.A508_5-500x429.jpg\" alt=\"\" width=\"500\" height=\"429\" srcset=\"https:\/\/archivinfo.ch\/felsberg\/wp-content\/uploads\/pension\/Hotelprospekt-HAS_030.A508_5-500x429.jpg 500w, https:\/\/archivinfo.ch\/felsberg\/wp-content\/uploads\/pension\/Hotelprospekt-HAS_030.A508_5-150x129.jpg 150w, https:\/\/archivinfo.ch\/felsberg\/wp-content\/uploads\/pension\/Hotelprospekt-HAS_030.A508_5-768x659.jpg 768w, https:\/\/archivinfo.ch\/felsberg\/wp-content\/uploads\/pension\/Hotelprospekt-HAS_030.A508_5-1024x878.jpg 1024w, https:\/\/archivinfo.ch\/felsberg\/wp-content\/uploads\/pension\/Hotelprospekt-HAS_030.A508_5-960x823.jpg 960w, https:\/\/archivinfo.ch\/felsberg\/wp-content\/uploads\/pension\/Hotelprospekt-HAS_030.A508_5.jpg 1200w\" sizes=\"auto, (max-width: 500px) 100vw, 500px\" \/><\/a><figcaption id=\"caption-attachment-2050\" class=\"wp-caption-text\">Hotelprospekt, R\u00fcckseite, Chalet Marguerite, Frobenius (Hotelarchiv Schweiz HAS_030.A508)<\/figcaption><\/figure>\n<p>&nbsp;<\/p>\n<p><em>Diese Seite zuletzt ge\u00e4ndert: 2021-07-16<\/em><\/p>\n<ol class=\"footnotes\"><li id=\"footnote_1_215\" class=\"footnote\">Schreiben des Stadtrates von Luzern, 29.9.1859, STALU AKT 37\/58A.1; dort auch Abschrift aus: Protokoll des Regierungsrates, 14.10.1859<span class=\"footnote-back-link-wrapper\">[<a href=\"#identifier_1_215\" class=\"footnote-link footnote-back-link\">&#8617;<\/a>]<\/span><\/li><li id=\"footnote_2_215\" class=\"footnote\">Schreiben an das Finanzdepartement, STALU AKT 37\/58A.1<span class=\"footnote-back-link-wrapper\">[<a href=\"#identifier_2_215\" class=\"footnote-link footnote-back-link\">&#8617;<\/a>]<\/span><\/li><li id=\"footnote_3_215\" class=\"footnote\">interessanterweise f\u00fchrt Leonz Kaufmann, Musiklehrer, nun die Pension am \"Zinggenh\u00fcsli\", die 1859 noch Pietzker geh\u00f6rt hatte. Auszug aus dem Protokoll des Regierungsrates, 1.8.1864, in STALU AKT 37\/58A.1<span class=\"footnote-back-link-wrapper\">[<a href=\"#identifier_3_215\" class=\"footnote-link footnote-back-link\">&#8617;<\/a>]<\/span><\/li><li id=\"footnote_4_215\" class=\"footnote\">STALU PA 1422\/2262<span class=\"footnote-back-link-wrapper\">[<a href=\"#identifier_4_215\" class=\"footnote-link footnote-back-link\">&#8617;<\/a>]<\/span><\/li><li id=\"footnote_5_215\" class=\"footnote\">STALU RR 155, 24.4.1865<span class=\"footnote-back-link-wrapper\">[<a href=\"#identifier_5_215\" class=\"footnote-link footnote-back-link\">&#8617;<\/a>]<\/span><\/li><li id=\"footnote_6_215\" class=\"footnote\">STALU AKT 37\/58A.2<span class=\"footnote-back-link-wrapper\">[<a href=\"#identifier_6_215\" class=\"footnote-link footnote-back-link\">&#8617;<\/a>]<\/span><\/li><li id=\"footnote_7_215\" class=\"footnote\">SALU B3.43\/A1.634b<span class=\"footnote-back-link-wrapper\">[<a href=\"#identifier_7_215\" class=\"footnote-link footnote-back-link\">&#8617;<\/a>]<\/span><\/li><li id=\"footnote_8_215\" class=\"footnote\">aus dem Handelsregister STALU A 1044\/10083, hier auch die weiteren Angaben zum Besitz\u00a0 bis zur Aufl\u00f6sung 1951<span class=\"footnote-back-link-wrapper\">[<a href=\"#identifier_8_215\" class=\"footnote-link footnote-back-link\">&#8617;<\/a>]<\/span><\/li><li id=\"footnote_9_215\" class=\"footnote\">Auszug aus Regierungsrats-Protokoll 24.6.1905, in STALU AKT 1642<span class=\"footnote-back-link-wrapper\">[<a href=\"#identifier_9_215\" class=\"footnote-link footnote-back-link\">&#8617;<\/a>]<\/span><\/li><li id=\"footnote_10_215\" class=\"footnote\">Marie verzichtete 1920 resp. ihre Erbberechtigung war dahingefallen, da sie ins Kloster gegangen war.<span class=\"footnote-back-link-wrapper\">[<a href=\"#identifier_10_215\" class=\"footnote-link footnote-back-link\">&#8617;<\/a>]<\/span><\/li><li id=\"footnote_11_215\" class=\"footnote\">Werner Merki, 50 Jahre Hotelier-Verein und Offizielles Kurkomitee 1957-1957. Luzern 1957.<span class=\"footnote-back-link-wrapper\">[<a href=\"#identifier_11_215\" class=\"footnote-link footnote-back-link\">&#8617;<\/a>]<\/span><\/li><\/ol>","protected":false},"excerpt":{"rendered":"<p>Besitzer und Betreiber Gr\u00fcnder Im September 1859 wurde die Pension von einem Leonz Kaufmann gef\u00fchrt.1. Dieser J. L. Kaufmann tritt auch am 8.6.1860 noch f\u00fcr die Pension Felsberg auf2. Die Familie Pietzcker 1864 erscheint Felsberg nun unter dem Namen des \"Captain Pietzker\" 3 Wie lange erselbst dort wohnte ist nicht klar:\u00a01862 sind Frau und Kinder <a href=\"https:\/\/archivinfo.ch\/felsberg\/pension\/betreiber\/\" class=\"more-link\">\u2026weiterlesen<span class=\"screen-reader-text\"> Betreiber\"<\/span><\/a><\/p>\n","protected":false},"author":1,"featured_media":0,"parent":213,"menu_order":21,"comment_status":"closed","ping_status":"closed","template":"","meta":{"footnotes":""},"class_list":["post-215","page","type-page","status-publish","h-entry","hentry","h-as-page"],"_links":{"self":[{"href":"https:\/\/archivinfo.ch\/felsberg\/wp-json\/wp\/v2\/pages\/215","targetHints":{"allow":["GET"]}}],"collection":[{"href":"https:\/\/archivinfo.ch\/felsberg\/wp-json\/wp\/v2\/pages"}],"about":[{"href":"https:\/\/archivinfo.ch\/felsberg\/wp-json\/wp\/v2\/types\/page"}],"author":[{"embeddable":true,"href":"https:\/\/archivinfo.ch\/felsberg\/wp-json\/wp\/v2\/users\/1"}],"replies":[{"embeddable":true,"href":"https:\/\/archivinfo.ch\/felsberg\/wp-json\/wp\/v2\/comments?post=215"}],"version-history":[{"count":1,"href":"https:\/\/archivinfo.ch\/felsberg\/wp-json\/wp\/v2\/pages\/215\/revisions"}],"predecessor-version":[{"id":3452,"href":"https:\/\/archivinfo.ch\/felsberg\/wp-json\/wp\/v2\/pages\/215\/revisions\/3452"}],"up":[{"embeddable":true,"href":"https:\/\/archivinfo.ch\/felsberg\/wp-json\/wp\/v2\/pages\/213"}],"wp:attachment":[{"href":"https:\/\/archivinfo.ch\/felsberg\/wp-json\/wp\/v2\/media?parent=215"}],"curies":[{"name":"wp","href":"https:\/\/api.w.org\/{rel}","templated":true}]}}