{"id":213,"date":"2017-02-12T13:37:20","date_gmt":"2017-02-12T12:37:20","guid":{"rendered":"http:\/\/archivinfo.ch\/fb\/?page_id=213"},"modified":"2025-05-23T16:01:41","modified_gmt":"2025-05-23T14:01:41","slug":"pension","status":"publish","type":"page","link":"https:\/\/archivinfo.ch\/felsberg\/pension\/","title":{"rendered":"Pension"},"content":{"rendered":"<h2>Pension<\/h2>\n<figure id=\"attachment_11\" aria-describedby=\"caption-attachment-11\" style=\"width: 1024px\" class=\"wp-caption aligncenter\"><a href=\"https:\/\/archivinfo.ch\/felsberg\/pension\/gesamansicht_undat_goetz_nr_1983_ausschnitt\/\" rel=\"attachment wp-att-11\"><img loading=\"lazy\" decoding=\"async\" class=\"wp-image-11 size-full\" src=\"https:\/\/archivinfo.ch\/felsberg\/wp-content\/uploads\/ansicht\/gesamansicht_undat_goetz_nr_1983_ausschnitt.jpg\" alt=\"Felsberg. Ausschnitt aus: Postkarte, Verlag Goetz Nr. 1983, in Privatbesitz\" width=\"1024\" height=\"467\" srcset=\"https:\/\/archivinfo.ch\/felsberg\/wp-content\/uploads\/ansicht\/gesamansicht_undat_goetz_nr_1983_ausschnitt.jpg 1024w, https:\/\/archivinfo.ch\/felsberg\/wp-content\/uploads\/ansicht\/gesamansicht_undat_goetz_nr_1983_ausschnitt-150x68.jpg 150w, https:\/\/archivinfo.ch\/felsberg\/wp-content\/uploads\/ansicht\/gesamansicht_undat_goetz_nr_1983_ausschnitt-500x228.jpg 500w, https:\/\/archivinfo.ch\/felsberg\/wp-content\/uploads\/ansicht\/gesamansicht_undat_goetz_nr_1983_ausschnitt-768x350.jpg 768w\" sizes=\"auto, (max-width: 1024px) 100vw, 1024px\" \/><\/a><figcaption id=\"caption-attachment-11\" class=\"wp-caption-text\">Felsberg. Ausschnitt aus: Ansichtskarte, Verlag Goetz Nr. 1983, in Privatbesitz<\/figcaption><\/figure>\n<p>Die 1859 er\u00f6ffnete Pension Felsberg verk\u00f6rpert einen f\u00fcr die Stadt Luzern einzigartigen und in der Schweiz insgesamt sehr seltenen Typus.<sup><a href=\"#footnote_1_213\" id=\"identifier_1_213\" class=\"footnote-link footnote-identifier-link\" title=\"Diese ganze Seite basiert in erster Linie auf: Omachen, 174\">1<\/a><\/sup>\u00a0Der Betrieb ist als Pavillonanlage in einem Park konzipiert und umfasst schliesslich neben dem Hauptgeb\u00e4ude insgesamt neun D\u00e9pendancen. Das Areal liegt an bevorzugter Aussichtslage \u00fcber dem See, an einer sanft abfallenden Gel\u00e4ndeterrasse auf halbem Weg zwischen dem Kapuzinerkloster Wesemlin und der uferbegleitenden Haldenstrasse.<\/p>\n<figure id=\"attachment_16\" aria-describedby=\"caption-attachment-16\" style=\"width: 625px\" class=\"wp-caption aligncenter\"><a href=\"http:\/\/archivinfo.ch\/felsberg\/pension\/gesamtansicht_baumann_undatiert_ganz\/\" rel=\"attachment wp-att-16\"><img loading=\"lazy\" decoding=\"async\" class=\"wp-image-16 size-large\" src=\"https:\/\/archivinfo.ch\/felsberg\/wp-content\/uploads\/ansicht\/gesamtansicht_baumann_undatiert_ganz-1024x653.jpg\" alt=\"Pension Felsberg. Postkarte, Verlag Baumann, in Privatbesitz\" width=\"625\" height=\"399\" srcset=\"https:\/\/archivinfo.ch\/felsberg\/wp-content\/uploads\/ansicht\/gesamtansicht_baumann_undatiert_ganz.jpg 1024w, https:\/\/archivinfo.ch\/felsberg\/wp-content\/uploads\/ansicht\/gesamtansicht_baumann_undatiert_ganz-150x96.jpg 150w, https:\/\/archivinfo.ch\/felsberg\/wp-content\/uploads\/ansicht\/gesamtansicht_baumann_undatiert_ganz-500x319.jpg 500w, https:\/\/archivinfo.ch\/felsberg\/wp-content\/uploads\/ansicht\/gesamtansicht_baumann_undatiert_ganz-768x490.jpg 768w\" sizes=\"auto, (max-width: 625px) 100vw, 625px\" \/><\/a><figcaption id=\"caption-attachment-16\" class=\"wp-caption-text\">Pension Felsberg, um 1920 (die oberen Geb\u00e4ude nicht realistisch angeordnet!). Ansichtskarte, Verlag Baumann, in Privatbesitz<\/figcaption><\/figure>\n<p>Das Gel\u00e4nde war urspr\u00fcnglich Teil des Vorder- oder Unter-Wesemlin-Hofs.<sup><a href=\"#footnote_2_213\" id=\"identifier_2_213\" class=\"footnote-link footnote-identifier-link\" title=\"Der Vorder-Unter-Wesemlinhof geh&ouml;rte um 1790&nbsp;Jost Pfyffer von Altishofen, nach seinem Tod ging er an seine Tochter&nbsp;Johann Baptista Pfyffer, nach ihrem Tod an ihre Tochter Agnes\">2<\/a><\/sup> 1845 kauft der Einsiedler Handelsmann Alois Gretzer den s\u00fcdlichen Teil des damals im Besitz der Familie Pfyffer von Altishofen befindlichen Gutes.<sup><a href=\"#footnote_3_213\" id=\"identifier_3_213\" class=\"footnote-link footnote-identifier-link\" title=\"am 28.8.1845&nbsp;verkaufte Agnes Pfyffer an Gretzer. Dieser verkauft das Grundst&uuml;ck am 23.11.1846 an seine Frau und seine Tochter, am 1.4.1850 ging das Grundst&uuml;ck wieder an ihn zur&uuml;ck. Vgl. Historischer Kataster, SALU F3.A1, Band 478\">3<\/a><\/sup> Gretzer gibt ihm den Namen \u00abFelsberg\u00bb<sup><a href=\"#footnote_4_213\" id=\"identifier_4_213\" class=\"footnote-link footnote-identifier-link\" title=\"Der Ortsname &laquo;Felsberg&raquo; erscheint erstmals (?) auf dem Stadtplan Luzern 1849, STALU PL 5149\">4<\/a><\/sup> und errichtet darauf ein erstes <a href=\"https:\/\/archivinfo.ch\/felsberg\/gebaeude\/pensionsgebaeude\/\" target=\"_blank\" rel=\"noopener noreferrer\">Wohnhaus<\/a>, den Grundstein der sp\u00e4teren Pension Felsberg. Es ist ein grosser, zweigeschossiger Massivbau unter schwach geneigtem Walmdach mit klassizistischen Fassaden und einem Quergiebel auf der S\u00fcdseite. 1859 wird eine erste Sommerpension darin er\u00f6ffnet. Im Jahr darauf geht der Betrieb an Dampfschiffkapit\u00e4n Alexander Pietzker aus Lindau \u00fcber,<sup><a href=\"#footnote_5_213\" id=\"identifier_5_213\" class=\"footnote-link footnote-identifier-link\" title=\"Verkauf am 22.3.1860, vgl. Historischer Kataster , SALU F3.A1, Band 478\">5<\/a><\/sup> der eine Wagenremise hinzuf\u00fcgt. Seine geschiedene Frau Johanna Katharina Hippenmeyer, die das Hotel 1866-1905 besitzt<sup><a href=\"#footnote_6_213\" id=\"identifier_6_213\" class=\"footnote-link footnote-identifier-link\" title=\"Kauf 8.11.1866,&nbsp;vgl. Historischer Kataster, SALU F3.A1, Band 480\">6<\/a><\/sup> und f\u00fchrt, erweitert das Unternehmen betr\u00e4chtlich: Bis zum Ersten Weltkrieg w\u00e4chst der Betrieb auf die stattliche Grosse von rund 150 Betten in insgesamt elf Geb\u00e4uden an.<\/p>\n<figure id=\"attachment_728\" aria-describedby=\"caption-attachment-728\" style=\"width: 625px\" class=\"wp-caption aligncenter\"><a href=\"http:\/\/archivinfo.ch\/felsberg\/pension-2\/inserat-1912-06-05-sued-und-nord\/\" rel=\"attachment wp-att-728\"><img loading=\"lazy\" decoding=\"async\" class=\"wp-image-728 size-large\" src=\"https:\/\/archivinfo.ch\/felsberg\/wp-content\/uploads\/pension\/Inserat-1912-06-05-Sued-und-Nord-1024x60.jpeg\" alt=\"\" width=\"625\" height=\"37\" srcset=\"https:\/\/archivinfo.ch\/felsberg\/wp-content\/uploads\/pension\/Inserat-1912-06-05-Sued-und-Nord-1024x60.jpeg 1024w, https:\/\/archivinfo.ch\/felsberg\/wp-content\/uploads\/pension\/Inserat-1912-06-05-Sued-und-Nord-150x9.jpeg 150w, https:\/\/archivinfo.ch\/felsberg\/wp-content\/uploads\/pension\/Inserat-1912-06-05-Sued-und-Nord-500x29.jpeg 500w, https:\/\/archivinfo.ch\/felsberg\/wp-content\/uploads\/pension\/Inserat-1912-06-05-Sued-und-Nord-768x45.jpeg 768w, https:\/\/archivinfo.ch\/felsberg\/wp-content\/uploads\/pension\/Inserat-1912-06-05-Sued-und-Nord-960x56.jpeg 960w\" sizes=\"auto, (max-width: 625px) 100vw, 625px\" \/><\/a><figcaption id=\"caption-attachment-728\" class=\"wp-caption-text\">Inserat f\u00fcr die Pension Felsberg, aus der Zeitung S\u00fcd und Nord, 5.6.1912<\/figcaption><\/figure>\n<p>Hotelanlagen im Pavillonsystem bedingen ein grosses, parkartiges Gel\u00e4nde. Der Vorteil dieses Systems liegt in der M\u00f6glichkeit, unterschiedlichste G\u00e4stebed\u00fcrfnisse zu befriedigen und den Betrieb kontinuierlich auszubauen. Dem gegen\u00fcber stehen die langen Wege, gr\u00f6sserer Betriebs- und Unterhaltsaufwand und verschiedene negative Sicherheitsaspekte. Der Felsberg ist - wie wohl die meisten derartigen Hotelanlagen \u00fcberhaupt - nicht von Anfang an in dieser Form geplant, sondern entwickelt sich im Lauf der Zeit dazu. Dass im unmittelbar angrenzenden Villenquartier von Dreilinden Grossbauten seit 1891 reglementarisch verboten sind und h\u00f6chstens Pensionen geduldet werden, d\u00fcrfte dem Unternehmen auf seinem erfolgreichen Weg f\u00f6rderlich sein: Die Pension Felsberg bleibt an ihrer attraktiven Aussichtslage als einziger Grossbetrieb konkurrenzlos.<\/p>\n<h4>Ansichten<\/h4>\n<div id=\"maxgallery-481\" class=\"mg-image-tiles borderless\">\t<div class=\"mg-thumbs mg-twocol\">\t\t<ul><li>\t<a class='lightbox-481' href='https:\/\/archivinfo.ch\/felsberg\/wp-content\/uploads\/ansicht\/Ansicht-ETH-Ans_09430-Aussschnitt-Pension.jpg'  title='Ausschnitt aus: Lucerne les quais,  ca. 1870-1875, Foto: Charnaux Fr\u00e8res &amp; Cie. (ETH-Bibliothek Z\u00fcrich, Bildarchiv \/ Ans_09430)' aria-haspopup='dialog' data-lightbox-gallery='gallery-481' >\t\t<div class=\"\"><img class=\"mg_lazy\" data-src=\"https:\/\/archivinfo.ch\/felsberg\/wp-content\/uploads\/ansicht\/Ansicht-ETH-Ans_09430-Aussschnitt-Pension-550x366.jpg\" width=\"550\" height=\"366\" alt=\"\" title=\"Ansicht-ETH-Ans_09430-Aussschnitt-Pension\" \/><noscript><img loading=\"lazy\" decoding=\"async\" src=\"https:\/\/archivinfo.ch\/felsberg\/wp-content\/uploads\/ansicht\/Ansicht-ETH-Ans_09430-Aussschnitt-Pension-550x366.jpg\" width=\"550\" height=\"366\" alt=\"\" \/><\/noscript>\t\t<\/div>\t<\/a>\t<p class=\"caption below\">Ausschnitt aus: Lucerne les quais,  ca. 1870-1875, Foto: Charnaux Fr\u00e8res &amp; Cie. (ETH-Bibliothek Z\u00fcrich, Bildarchiv \/ Ans_09430)<\/p><\/li><li>\t<a class='lightbox-481' href='https:\/\/archivinfo.ch\/felsberg\/wp-content\/uploads\/ansicht\/Gesamtansicht-Goetz-1739_v1.jpg'  title='Gesamtansicht, Goetz Nr. 1739, Ansichtskarte versendet 1903 (Privatbesitz)' aria-haspopup='dialog' data-lightbox-gallery='gallery-481' >\t\t<div class=\"\"><img class=\"mg_lazy\" data-src=\"https:\/\/archivinfo.ch\/felsberg\/wp-content\/uploads\/ansicht\/Gesamtansicht-Goetz-1739_v1-550x366.jpg\" width=\"550\" height=\"366\" alt=\"\" title=\"Gesamtansicht Goetz 1739_v1\" \/><noscript><img loading=\"lazy\" decoding=\"async\" src=\"https:\/\/archivinfo.ch\/felsberg\/wp-content\/uploads\/ansicht\/Gesamtansicht-Goetz-1739_v1-550x366.jpg\" width=\"550\" height=\"366\" alt=\"\" \/><\/noscript>\t\t<\/div>\t<\/a>\t<p class=\"caption below\">Gesamtansicht, Goetz Nr. 1739, Ansichtskarte versendet 1903 (Privatbesitz)<\/p><\/li><li>\t<a class='lightbox-481' href='https:\/\/archivinfo.ch\/felsberg\/wp-content\/uploads\/ansicht\/Gesamtansicht-Goetz-1739_v2.jpg'  title='Gesamtansicht, Goetz Nr. 1739, Ansichtskarte versendet 1904 (Privatbesitz)' aria-haspopup='dialog' data-lightbox-gallery='gallery-481' >\t\t<div class=\"\"><img class=\"mg_lazy\" data-src=\"https:\/\/archivinfo.ch\/felsberg\/wp-content\/uploads\/ansicht\/Gesamtansicht-Goetz-1739_v2-550x366.jpg\" width=\"550\" height=\"366\" alt=\"\" title=\"Gesamtansicht Goetz 1739_v2\" \/><noscript><img loading=\"lazy\" decoding=\"async\" src=\"https:\/\/archivinfo.ch\/felsberg\/wp-content\/uploads\/ansicht\/Gesamtansicht-Goetz-1739_v2-550x366.jpg\" width=\"550\" height=\"366\" alt=\"\" \/><\/noscript>\t\t<\/div>\t<\/a>\t<p class=\"caption below\">Gesamtansicht, Goetz Nr. 1739, Ansichtskarte versendet 1904 (Privatbesitz)<\/p><\/li><li>\t<a class='lightbox-481' href='https:\/\/archivinfo.ch\/felsberg\/wp-content\/uploads\/ansicht\/gesamansicht_undat_goetz_nr_1983_ganz.jpg'  title='Felsberg. Ansichtskarte, Verlag Goetz Nr. 1983, in Privatbesitz' aria-haspopup='dialog' data-lightbox-gallery='gallery-481' >\t\t<div class=\"\"><img class=\"mg_lazy\" data-src=\"https:\/\/archivinfo.ch\/felsberg\/wp-content\/uploads\/ansicht\/gesamansicht_undat_goetz_nr_1983_ganz-550x366.jpg\" width=\"550\" height=\"366\" alt=\"Felsberg. Ansichtskarte, Verlag Goetz Nr. 1983, in Privatbesitz\" title=\"gesamansicht_undat_goetz_nr_1983_ganz\" \/><noscript><img loading=\"lazy\" decoding=\"async\" src=\"https:\/\/archivinfo.ch\/felsberg\/wp-content\/uploads\/ansicht\/gesamansicht_undat_goetz_nr_1983_ganz-550x366.jpg\" width=\"550\" height=\"366\" alt=\"Felsberg. Ansichtskarte, Verlag Goetz Nr. 1983, in Privatbesitz\" \/><\/noscript>\t\t<\/div>\t<\/a>\t<p class=\"caption below\">Felsberg. Ansichtskarte, Verlag Goetz Nr. 1983, in Privatbesitz<\/p><\/li><li>\t<a class='lightbox-481' href='https:\/\/archivinfo.ch\/felsberg\/wp-content\/uploads\/ansicht\/gesamtansicht_huber_amacher.jpg'  title='Pension Felsberg, nach 1903\/1904. Ansichtskarte, Verlag Huber &amp; Amacher, in Privatbesitz' aria-haspopup='dialog' data-lightbox-gallery='gallery-481' >\t\t<div class=\"\"><img class=\"mg_lazy\" data-src=\"https:\/\/archivinfo.ch\/felsberg\/wp-content\/uploads\/ansicht\/gesamtansicht_huber_amacher-550x366.jpg\" width=\"550\" height=\"366\" alt=\"Pension Felsberg. Ansichtskarte, Verlag Huber &amp; Amacher, in Privatbesitz\" title=\"gesamtansicht_huber_amacher\" \/><noscript><img loading=\"lazy\" decoding=\"async\" src=\"https:\/\/archivinfo.ch\/felsberg\/wp-content\/uploads\/ansicht\/gesamtansicht_huber_amacher-550x366.jpg\" width=\"550\" height=\"366\" alt=\"Pension Felsberg. Ansichtskarte, Verlag Huber &amp; Amacher, in Privatbesitz\" \/><\/noscript>\t\t<\/div>\t<\/a>\t<p class=\"caption below\">Pension Felsberg, nach 1903\/1904. Ansichtskarte, Verlag Huber &amp; Amacher, in Privatbesitz<\/p><\/li><li>\t<a class='lightbox-481' href='https:\/\/archivinfo.ch\/felsberg\/wp-content\/uploads\/ansicht\/gesamtansicht_goetz_nr._10010_datiert_1925_ganz_.jpg'  title='Luzern, Felsberg. Ansichtskarte, Verlag Goetz Nr. 10010, versendet 1925, in Privatbesitz' aria-haspopup='dialog' data-lightbox-gallery='gallery-481' >\t\t<div class=\"\"><img class=\"mg_lazy\" data-src=\"https:\/\/archivinfo.ch\/felsberg\/wp-content\/uploads\/ansicht\/gesamtansicht_goetz_nr._10010_datiert_1925_ganz_-550x366.jpg\" width=\"550\" height=\"366\" alt=\"Luzern, Felsberg. Ansichtskarte, Verlag Goetz Nr. 10010, versendet 1925, in Privatbesitz\" title=\"gesamtansicht_goetz_nr._10010_datiert_1925_ganz_\" \/><noscript><img loading=\"lazy\" decoding=\"async\" src=\"https:\/\/archivinfo.ch\/felsberg\/wp-content\/uploads\/ansicht\/gesamtansicht_goetz_nr._10010_datiert_1925_ganz_-550x366.jpg\" width=\"550\" height=\"366\" alt=\"Luzern, Felsberg. Ansichtskarte, Verlag Goetz Nr. 10010, versendet 1925, in Privatbesitz\" \/><\/noscript>\t\t<\/div>\t<\/a>\t<p class=\"caption below\">Luzern, Felsberg. Ansichtskarte, Verlag Goetz Nr. 10010, versendet 1925, in Privatbesitz<\/p><\/li><li>\t<a class='lightbox-481' href='https:\/\/archivinfo.ch\/felsberg\/wp-content\/uploads\/ansicht\/Gesamtansicht-Globetrotter.jpg'  title='Pension Felsberg, Gesamtansicht, Globetrotter 547, Ansichtskarte versendet 1930 (Privatbesitz)' aria-haspopup='dialog' data-lightbox-gallery='gallery-481' >\t\t<div class=\"\"><img class=\"mg_lazy\" data-src=\"https:\/\/archivinfo.ch\/felsberg\/wp-content\/uploads\/ansicht\/Gesamtansicht-Globetrotter-550x366.jpg\" width=\"550\" height=\"366\" alt=\"\" title=\"Gesamtansicht Globetrotter\" \/><noscript><img loading=\"lazy\" decoding=\"async\" src=\"https:\/\/archivinfo.ch\/felsberg\/wp-content\/uploads\/ansicht\/Gesamtansicht-Globetrotter-550x366.jpg\" width=\"550\" height=\"366\" alt=\"\" \/><\/noscript>\t\t<\/div>\t<\/a>\t<p class=\"caption below\">Pension Felsberg, Gesamtansicht, Globetrotter 547, Ansichtskarte versendet 1930 (Privatbesitz)<\/p><\/li><li>\t<a class='lightbox-481' href='https:\/\/archivinfo.ch\/felsberg\/wp-content\/uploads\/ansicht\/Luzern-Nationalquai-1919-LBS_MH01-001758-AUSSCHNITT.jpg'  title='Ansicht der Pension, 1919. Ausschnitt aus: Luzern, Nationalquai 1919 (ETH-Bibliothek Z\u00fcrich, Bildarchiv\/Stiftung Luftbild Schweiz \/ Fotograf: Mittelholzer, Walter \/ LBS_MH01-001758)' aria-haspopup='dialog' data-lightbox-gallery='gallery-481' >\t\t<div class=\"\"><img class=\"mg_lazy\" data-src=\"https:\/\/archivinfo.ch\/felsberg\/wp-content\/uploads\/ansicht\/Luzern-Nationalquai-1919-LBS_MH01-001758-AUSSCHNITT-550x366.jpg\" width=\"550\" height=\"366\" alt=\"\" title=\"Luzern-Nationalquai-1919-LBS_MH01-001758-AUSSCHNITT\" \/><noscript><img loading=\"lazy\" decoding=\"async\" src=\"https:\/\/archivinfo.ch\/felsberg\/wp-content\/uploads\/ansicht\/Luzern-Nationalquai-1919-LBS_MH01-001758-AUSSCHNITT-550x366.jpg\" width=\"550\" height=\"366\" alt=\"\" \/><\/noscript>\t\t<\/div>\t<\/a>\t<p class=\"caption below\">Ansicht der Pension, 1919. Ausschnitt aus: Luzern, Nationalquai 1919 (ETH-Bibliothek Z\u00fcrich, Bildarchiv\/Stiftung Luftbild Schweiz \/ Fotograf: Mittelholzer, Walter \/ LBS_MH01-001758)<\/p><\/li><li>\t<a class='lightbox-481' href='https:\/\/archivinfo.ch\/felsberg\/wp-content\/uploads\/ansicht\/Gesamtansicht-Klein-Stadthof-Luzern-2.jpg'  title='Gruss vom Felsberg, Ausschnitt aus Ansichtskarte: E. Klein, Stadthof, Luzern (Privatbesitz). Datierung verm. nach 1893 (Anbau am Pensionsgeb\u00e4ude) aber vor 1900 (Chalet Mimi fehlt).' aria-haspopup='dialog' data-lightbox-gallery='gallery-481' >\t\t<div class=\"\"><img class=\"mg_lazy\" data-src=\"https:\/\/archivinfo.ch\/felsberg\/wp-content\/uploads\/ansicht\/Gesamtansicht-Klein-Stadthof-Luzern-2-550x366.jpg\" width=\"550\" height=\"366\" alt=\"\" title=\"Gesamtansicht-Klein-Stadthof-Luzern-2\" \/><noscript><img loading=\"lazy\" decoding=\"async\" src=\"https:\/\/archivinfo.ch\/felsberg\/wp-content\/uploads\/ansicht\/Gesamtansicht-Klein-Stadthof-Luzern-2-550x366.jpg\" width=\"550\" height=\"366\" alt=\"\" \/><\/noscript>\t\t<\/div>\t<\/a>\t<p class=\"caption below\">Gruss vom Felsberg, Ausschnitt aus Ansichtskarte: E. Klein, Stadthof, Luzern (Privatbesitz). Datierung verm. nach 1893 (Anbau am Pensionsgeb\u00e4ude) aber vor 1900 (Chalet Mimi fehlt).<\/p><\/li>\t\t<\/ul>\t\t<div class=\"clear\"><\/div>\t<\/div>\t<span style=\"display: none;\" class=\"hidden-image-tiles-gallery-id\">481<\/span>\t<span style=\"display: none;\" class=\"hidden-lightbox-skin\">none<\/span>\t<span style=\"display: none;\" class=\"hidden-lightbox-effect\">none<\/span>\t<span style=\"display: none;\" class=\"hidden-lightbox-kb-nav\">false<\/span>\t<span style=\"display: none;\" class=\"hidden-lightbox-img-click-close\">false<\/span>\t<span style=\"display: none;\" class=\"hidden-lightbox-ol-click-close\">false<\/span>\t<span style=\"display: none;\" class=\"hidden-lightbox-close-tip-text\">Close<\/span>\t<span style=\"display: none;\" class=\"hidden-lightbox-next-tip-text\">Next<\/span>\t<span style=\"display: none;\" class=\"hidden-lightbox-prev-tip-text\">Previous<\/span>\t<span style=\"display: none;\" class=\"hidden-lightbox-error-tip-text\">The requested content cannot be loaded. Please try again later.<\/span><\/div><script>\ndocument.addEventListener(\"DOMContentLoaded\", function(event) { \njQuery(\"img.mg_lazy\").lazyload({threshold : 1});\n});\n<\/script>\n\n<p>&nbsp;<\/p>\n<p><em>Diese Seite zuletzt ge\u00e4ndert: 2025-05-23<\/em><\/p>\n<ol class=\"footnotes\"><li id=\"footnote_1_213\" class=\"footnote\">Diese ganze Seite basiert in erster Linie auf: Omachen, 174<span class=\"footnote-back-link-wrapper\">[<a href=\"#identifier_1_213\" class=\"footnote-link footnote-back-link\">&#8617;<\/a>]<\/span><\/li><li id=\"footnote_2_213\" class=\"footnote\">Der Vorder-Unter-Wesemlinhof geh\u00f6rte um 1790\u00a0Jost Pfyffer von Altishofen, nach seinem Tod ging er an seine Tochter\u00a0Johann Baptista Pfyffer, nach ihrem Tod an ihre Tochter Agnes<span class=\"footnote-back-link-wrapper\">[<a href=\"#identifier_2_213\" class=\"footnote-link footnote-back-link\">&#8617;<\/a>]<\/span><\/li><li id=\"footnote_3_213\" class=\"footnote\">am 28.8.1845\u00a0verkaufte Agnes Pfyffer an Gretzer. Dieser verkauft das Grundst\u00fcck am 23.11.1846 an seine Frau und seine Tochter, am 1.4.1850 ging das Grundst\u00fcck wieder an ihn zur\u00fcck. Vgl. Historischer Kataster, SALU F3.A1, Band 478<span class=\"footnote-back-link-wrapper\">[<a href=\"#identifier_3_213\" class=\"footnote-link footnote-back-link\">&#8617;<\/a>]<\/span><\/li><li id=\"footnote_4_213\" class=\"footnote\">Der Ortsname \u00abFelsberg\u00bb erscheint erstmals (?) auf dem Stadtplan Luzern 1849, STALU PL 5149<span class=\"footnote-back-link-wrapper\">[<a href=\"#identifier_4_213\" class=\"footnote-link footnote-back-link\">&#8617;<\/a>]<\/span><\/li><li id=\"footnote_5_213\" class=\"footnote\">Verkauf am 22.3.1860, vgl. Historischer Kataster , SALU F3.A1, Band 478<span class=\"footnote-back-link-wrapper\">[<a href=\"#identifier_5_213\" class=\"footnote-link footnote-back-link\">&#8617;<\/a>]<\/span><\/li><li id=\"footnote_6_213\" class=\"footnote\">Kauf 8.11.1866,\u00a0vgl. Historischer Kataster, SALU F3.A1, Band 480<span class=\"footnote-back-link-wrapper\">[<a href=\"#identifier_6_213\" class=\"footnote-link footnote-back-link\">&#8617;<\/a>]<\/span><\/li><\/ol>","protected":false},"excerpt":{"rendered":"<p>Pension Die 1859 er\u00f6ffnete Pension Felsberg verk\u00f6rpert einen f\u00fcr die Stadt Luzern einzigartigen und in der Schweiz insgesamt sehr seltenen Typus.1\u00a0Der Betrieb ist als Pavillonanlage in einem Park konzipiert und umfasst schliesslich neben dem Hauptgeb\u00e4ude insgesamt neun D\u00e9pendancen. Das Areal liegt an bevorzugter Aussichtslage \u00fcber dem See, an einer sanft abfallenden Gel\u00e4ndeterrasse auf halbem Weg <a href=\"https:\/\/archivinfo.ch\/felsberg\/pension\/\" class=\"more-link\">\u2026weiterlesen<span class=\"screen-reader-text\"> Pension\"<\/span><\/a><\/p>\n","protected":false},"author":1,"featured_media":0,"parent":0,"menu_order":18,"comment_status":"closed","ping_status":"closed","template":"","meta":{"footnotes":""},"class_list":["post-213","page","type-page","status-publish","h-entry","hentry","h-as-page"],"_links":{"self":[{"href":"https:\/\/archivinfo.ch\/felsberg\/wp-json\/wp\/v2\/pages\/213","targetHints":{"allow":["GET"]}}],"collection":[{"href":"https:\/\/archivinfo.ch\/felsberg\/wp-json\/wp\/v2\/pages"}],"about":[{"href":"https:\/\/archivinfo.ch\/felsberg\/wp-json\/wp\/v2\/types\/page"}],"author":[{"embeddable":true,"href":"https:\/\/archivinfo.ch\/felsberg\/wp-json\/wp\/v2\/users\/1"}],"replies":[{"embeddable":true,"href":"https:\/\/archivinfo.ch\/felsberg\/wp-json\/wp\/v2\/comments?post=213"}],"version-history":[{"count":5,"href":"https:\/\/archivinfo.ch\/felsberg\/wp-json\/wp\/v2\/pages\/213\/revisions"}],"predecessor-version":[{"id":3893,"href":"https:\/\/archivinfo.ch\/felsberg\/wp-json\/wp\/v2\/pages\/213\/revisions\/3893"}],"wp:attachment":[{"href":"https:\/\/archivinfo.ch\/felsberg\/wp-json\/wp\/v2\/media?parent=213"}],"curies":[{"name":"wp","href":"https:\/\/api.w.org\/{rel}","templated":true}]}}