{"id":198,"date":"2017-02-12T13:26:11","date_gmt":"2017-02-12T12:26:11","guid":{"rendered":"http:\/\/archivinfo.ch\/fb\/?page_id=198"},"modified":"2023-06-02T13:46:47","modified_gmt":"2023-06-02T11:46:47","slug":"bebauung-19-jh-bis-anfang-20-jh","status":"publish","type":"page","link":"https:\/\/archivinfo.ch\/felsberg\/ort\/bebauung-19-jh-bis-anfang-20-jh\/","title":{"rendered":"Bebauung: 19. Jh. bis Anfang 20. Jh."},"content":{"rendered":"<h2><span class=\"ez-toc-section\" id=\"Bebauung_19_bis_Anfang_20_Jahrhundert\"><\/span>Bebauung: 19. bis Anfang 20. Jahrhundert<span class=\"ez-toc-section-end\"><\/span><\/h2><div id=\"ez-toc-container\" class=\"ez-toc-v2_0_82_2 counter-hierarchy ez-toc-counter ez-toc-custom ez-toc-container-direction\">\n<nav><ul class='ez-toc-list ez-toc-list-level-1 ' ><li class='ez-toc-page-1 ez-toc-heading-level-2'><a class=\"ez-toc-link ez-toc-heading-1\" href=\"https:\/\/archivinfo.ch\/felsberg\/ort\/bebauung-19-jh-bis-anfang-20-jh\/#Bebauung_19_bis_Anfang_20_Jahrhundert\" >Bebauung: 19. bis Anfang 20. Jahrhundert<\/a><ul class='ez-toc-list-level-3' ><li class='ez-toc-heading-level-3'><a class=\"ez-toc-link ez-toc-heading-2\" href=\"https:\/\/archivinfo.ch\/felsberg\/ort\/bebauung-19-jh-bis-anfang-20-jh\/#1864\" >1864<\/a><\/li><li class='ez-toc-page-1 ez-toc-heading-level-3'><a class=\"ez-toc-link ez-toc-heading-3\" href=\"https:\/\/archivinfo.ch\/felsberg\/ort\/bebauung-19-jh-bis-anfang-20-jh\/#1883\" >1883<\/a><\/li><li class='ez-toc-page-1 ez-toc-heading-level-3'><a class=\"ez-toc-link ez-toc-heading-4\" href=\"https:\/\/archivinfo.ch\/felsberg\/ort\/bebauung-19-jh-bis-anfang-20-jh\/#1890\" >1890<\/a><\/li><li class='ez-toc-page-1 ez-toc-heading-level-3'><a class=\"ez-toc-link ez-toc-heading-5\" href=\"https:\/\/archivinfo.ch\/felsberg\/ort\/bebauung-19-jh-bis-anfang-20-jh\/#1911\" >1911<\/a><\/li><\/ul><\/li><\/ul><\/nav><\/div>\n\n<h3><span class=\"ez-toc-section\" id=\"1864\"><\/span>1864<span class=\"ez-toc-section-end\"><\/span><\/h3>\n<p>Die Topographische Karte des Kantons Luzern von 1864 (Grundlage f\u00fcr die Dufour-Karte) zeigt die Gegend zwar in einem grossen Massstab, aber erstmals aufgrund einer genaueren Vermessung.<br \/>\nGut erkennbar der Kapuzinerweg vom Hof via Englisch Gruss (Geb\u00e4ude links neben der Beschriftung), Felsberg (Geb\u00e4ude unterhalb Wortanfang), Kreuzmatt (Geb\u00e4ude links unterhalb der Beschriftung), vorbei an Vorder Wesemlin (2 Geb\u00e4ude unterhalb Wortanfang), dann Richtung Wesemlin.<br \/>\nEbenfalls ersichtlich der Abendweg (Richtung Vorder-Wesemlin) und die Felsbergstrasse. Der Neue Kirchhof (Alter Friedhof) verdeckt von der Beschriftung Englisch Gruss.<\/p>\n<figure id=\"attachment_64\" aria-describedby=\"caption-attachment-64\" style=\"width: 293px\" class=\"wp-caption aligncenter\"><a href=\"http:\/\/archivinfo.ch\/felsberg\/ort\/bebauung-19-jh-bis-anfang-20-jh\/topographische_karte_1864_blatt_7_stalu_pl_838_7\/\"><img loading=\"lazy\" decoding=\"async\" class=\"wp-image-64 size-full\" src=\"http:\/\/archivinfo.ch\/felsberg\/wp-content\/uploads\/plaene\/topographische_karte_1864_blatt_7_stalu_pl_838_7.jpg\" alt=\"\" width=\"293\" height=\"358\" srcset=\"https:\/\/archivinfo.ch\/felsberg\/wp-content\/uploads\/plaene\/topographische_karte_1864_blatt_7_stalu_pl_838_7.jpg 293w, https:\/\/archivinfo.ch\/felsberg\/wp-content\/uploads\/plaene\/topographische_karte_1864_blatt_7_stalu_pl_838_7-123x150.jpg 123w\" sizes=\"auto, (max-width: 293px) 100vw, 293px\" \/><\/a><figcaption id=\"caption-attachment-64\" class=\"wp-caption-text\">Ausschnitt aus: Topographische Karte des Kantons Luzern 1864-1867, Blatt 7 (STALU PL 838\/7)<\/figcaption><\/figure>\n<h3><span class=\"ez-toc-section\" id=\"1883\"><\/span>1883<span class=\"ez-toc-section-end\"><\/span><\/h3>\n<p>Der Plan der Stadt Luzern mit Sehensw\u00fcrdigkeiten schl\u00e4gt neben Hofkirche (A) und L\u00f6wendenkmal (B) auch einen Ausflug auf den Felsberg (rot markierter Weg) vor. Neben dem Pensionsgeb\u00e4ude (schwarz) sehen wir rechts das Chalet Felsberg. Es fehlt die Villa Felsberg (gebaut 1875. M\u00f6glicherweise basiert der Plan auf einer \u00e4lteren Aufnahme?).<\/p>\n<figure id=\"attachment_63\" aria-describedby=\"caption-attachment-63\" style=\"width: 416px\" class=\"wp-caption aligncenter\"><a href=\"http:\/\/archivinfo.ch\/felsberg\/ort\/bebauung-19-jh-bis-anfang-20-jh\/statdtplan_1883_stalu_pl_937\/\"><img loading=\"lazy\" decoding=\"async\" class=\"wp-image-63 size-medium\" src=\"http:\/\/archivinfo.ch\/felsberg\/wp-content\/uploads\/plaene\/statdtplan_1883_stalu_pl_937-416x500.jpg\" alt=\"\" width=\"416\" height=\"500\" srcset=\"https:\/\/archivinfo.ch\/felsberg\/wp-content\/uploads\/plaene\/statdtplan_1883_stalu_pl_937-416x500.jpg 416w, https:\/\/archivinfo.ch\/felsberg\/wp-content\/uploads\/plaene\/statdtplan_1883_stalu_pl_937-125x150.jpg 125w, https:\/\/archivinfo.ch\/felsberg\/wp-content\/uploads\/plaene\/statdtplan_1883_stalu_pl_937.jpg 450w\" sizes=\"auto, (max-width: 416px) 100vw, 416px\" \/><\/a><figcaption id=\"caption-attachment-63\" class=\"wp-caption-text\">Ausschnitt aus: Stadtplan, ca. 1883, Ausschnitt (STALU PL 937)<\/figcaption><\/figure>\n<h3><span class=\"ez-toc-section\" id=\"1890\"><\/span>1890<span class=\"ez-toc-section-end\"><\/span><\/h3>\n<p>Die \"Felsberg-Strasse\" erhielt ihren Namen 1889.<sup><a href=\"#footnote_1_198\" id=\"identifier_1_198\" class=\"footnote-link footnote-identifier-link\" title=\"SALU, Promptuar\">1<\/a><\/sup> Weitere Geb\u00e4ude sind erkennbar: Unterhalb der Felsbergstrasse die Pension, hinter der Strasse die Villa Felsberg, der Pavillon, das Chalet Felsberg und das \u00d6konomiegeb\u00e4ude (wobei die hier gedruckten Brandversicherungsnummern nicht korrekt sind bzw. sp\u00e4ter wechselten).<\/p>\n<figure id=\"attachment_60\" aria-describedby=\"caption-attachment-60\" style=\"width: 386px\" class=\"wp-caption aligncenter\"><a href=\"http:\/\/archivinfo.ch\/felsberg\/ort\/bebauung-19-jh-bis-anfang-20-jh\/stadtplan_1890_stalu_pl_944\/\"><img loading=\"lazy\" decoding=\"async\" class=\"wp-image-60 size-full\" src=\"http:\/\/archivinfo.ch\/felsberg\/wp-content\/uploads\/plaene\/stadtplan_1890_stalu_pl_944.jpg\" alt=\"\" width=\"386\" height=\"446\" srcset=\"https:\/\/archivinfo.ch\/felsberg\/wp-content\/uploads\/plaene\/stadtplan_1890_stalu_pl_944.jpg 386w, https:\/\/archivinfo.ch\/felsberg\/wp-content\/uploads\/plaene\/stadtplan_1890_stalu_pl_944-130x150.jpg 130w\" sizes=\"auto, (max-width: 386px) 100vw, 386px\" \/><\/a><figcaption id=\"caption-attachment-60\" class=\"wp-caption-text\">Ausschnitt aus: \u00dcbersichtsplan mit der offiziellen H\u00e4usernummerierung und Strassenbenennung, 1890 (STALU PL 944)<\/figcaption><\/figure>\n<h3><span class=\"ez-toc-section\" id=\"1911\"><\/span>1911<span class=\"ez-toc-section-end\"><\/span><\/h3>\n<p>Der \u00dcbersichtsplan von 1911 zeigt nun die Geb\u00e4udegruppe im Endausbau. Gegen\u00fcber 1890 sind die Chalets Serpolet, Mimie, Marguerite und Reseda, der Theatersaal sowie zwei Waschh\u00e4user hinzugekommen. Die Geb\u00e4ude sind nun nicht mehr mit Katasternummern, sondern mit Strassennummern bezeichnet.<\/p>\n<figure id=\"attachment_65\" aria-describedby=\"caption-attachment-65\" style=\"width: 500px\" class=\"wp-caption aligncenter\"><a href=\"http:\/\/archivinfo.ch\/felsberg\/ort\/bebauung-19-jh-bis-anfang-20-jh\/uebersichtsplan_1911_stalu_pl_979_ausschnitt\/\"><img loading=\"lazy\" decoding=\"async\" class=\"wp-image-65 size-medium\" src=\"http:\/\/archivinfo.ch\/felsberg\/wp-content\/uploads\/plaene\/uebersichtsplan_1911_stalu_pl_979_ausschnitt-500x339.jpg\" alt=\"\" width=\"500\" height=\"339\" srcset=\"https:\/\/archivinfo.ch\/felsberg\/wp-content\/uploads\/plaene\/uebersichtsplan_1911_stalu_pl_979_ausschnitt-500x339.jpg 500w, https:\/\/archivinfo.ch\/felsberg\/wp-content\/uploads\/plaene\/uebersichtsplan_1911_stalu_pl_979_ausschnitt-150x102.jpg 150w, https:\/\/archivinfo.ch\/felsberg\/wp-content\/uploads\/plaene\/uebersichtsplan_1911_stalu_pl_979_ausschnitt-768x521.jpg 768w, https:\/\/archivinfo.ch\/felsberg\/wp-content\/uploads\/plaene\/uebersichtsplan_1911_stalu_pl_979_ausschnitt.jpg 963w\" sizes=\"auto, (max-width: 500px) 100vw, 500px\" \/><\/a><figcaption id=\"caption-attachment-65\" class=\"wp-caption-text\">Ausschnitt aus: \u00dcbersichtsplan I, 1911, Ausschnitt (STALU PL 979)<\/figcaption><\/figure>\n<h3><\/h3>\n<ol class=\"footnotes\"><li id=\"footnote_1_198\" class=\"footnote\">SALU, Promptuar<span class=\"footnote-back-link-wrapper\">[<a href=\"#identifier_1_198\" class=\"footnote-link footnote-back-link\">&#8617;<\/a>]<\/span><\/li><\/ol>","protected":false},"excerpt":{"rendered":"<p>Bebauung: 19. bis Anfang 20. Jahrhundert 1864 Die Topographische Karte des Kantons Luzern von 1864 (Grundlage f\u00fcr die Dufour-Karte) zeigt die Gegend zwar in einem grossen Massstab, aber erstmals aufgrund einer genaueren Vermessung. Gut erkennbar der Kapuzinerweg vom Hof via Englisch Gruss (Geb\u00e4ude links neben der Beschriftung), Felsberg (Geb\u00e4ude unterhalb Wortanfang), Kreuzmatt (Geb\u00e4ude links unterhalb <a href=\"https:\/\/archivinfo.ch\/felsberg\/ort\/bebauung-19-jh-bis-anfang-20-jh\/\" class=\"more-link\">\u2026weiterlesen<span class=\"screen-reader-text\"> Bebauung: 19. Jh. bis Anfang 20. Jh.\"<\/span><\/a><\/p>\n","protected":false},"author":1,"featured_media":0,"parent":206,"menu_order":58,"comment_status":"closed","ping_status":"closed","template":"","meta":{"footnotes":""},"class_list":["post-198","page","type-page","status-publish","h-entry","hentry","h-as-page"],"_links":{"self":[{"href":"https:\/\/archivinfo.ch\/felsberg\/wp-json\/wp\/v2\/pages\/198","targetHints":{"allow":["GET"]}}],"collection":[{"href":"https:\/\/archivinfo.ch\/felsberg\/wp-json\/wp\/v2\/pages"}],"about":[{"href":"https:\/\/archivinfo.ch\/felsberg\/wp-json\/wp\/v2\/types\/page"}],"author":[{"embeddable":true,"href":"https:\/\/archivinfo.ch\/felsberg\/wp-json\/wp\/v2\/users\/1"}],"replies":[{"embeddable":true,"href":"https:\/\/archivinfo.ch\/felsberg\/wp-json\/wp\/v2\/comments?post=198"}],"version-history":[{"count":1,"href":"https:\/\/archivinfo.ch\/felsberg\/wp-json\/wp\/v2\/pages\/198\/revisions"}],"predecessor-version":[{"id":3605,"href":"https:\/\/archivinfo.ch\/felsberg\/wp-json\/wp\/v2\/pages\/198\/revisions\/3605"}],"up":[{"embeddable":true,"href":"https:\/\/archivinfo.ch\/felsberg\/wp-json\/wp\/v2\/pages\/206"}],"wp:attachment":[{"href":"https:\/\/archivinfo.ch\/felsberg\/wp-json\/wp\/v2\/media?parent=198"}],"curies":[{"name":"wp","href":"https:\/\/api.w.org\/{rel}","templated":true}]}}