{"id":190,"date":"2017-02-12T13:23:01","date_gmt":"2017-02-12T12:23:01","guid":{"rendered":"http:\/\/archivinfo.ch\/fb\/?page_id=190"},"modified":"2023-06-02T13:49:13","modified_gmt":"2023-06-02T11:49:13","slug":"vorgeschichte","status":"publish","type":"page","link":"https:\/\/archivinfo.ch\/felsberg\/ort\/vorgeschichte\/","title":{"rendered":"Vorgeschichte"},"content":{"rendered":"<h2><span class=\"ez-toc-section\" id=\"Vorgeschichte_Felsberg_bis_ins_19_Jahrhundert\"><\/span>Vorgeschichte: Felsberg bis ins 19. Jahrhundert<span class=\"ez-toc-section-end\"><\/span><\/h2><div id=\"ez-toc-container\" class=\"ez-toc-v2_0_82_2 counter-hierarchy ez-toc-counter ez-toc-custom ez-toc-container-direction\">\n<nav><ul class='ez-toc-list ez-toc-list-level-1 ' ><li class='ez-toc-page-1 ez-toc-heading-level-2'><a class=\"ez-toc-link ez-toc-heading-1\" href=\"https:\/\/archivinfo.ch\/felsberg\/ort\/vorgeschichte\/#Vorgeschichte_Felsberg_bis_ins_19_Jahrhundert\" >Vorgeschichte: Felsberg bis ins 19. Jahrhundert<\/a><ul class='ez-toc-list-level-3' ><li class='ez-toc-heading-level-3'><a class=\"ez-toc-link ez-toc-heading-2\" href=\"https:\/\/archivinfo.ch\/felsberg\/ort\/vorgeschichte\/#1595\" >1595<\/a><\/li><li class='ez-toc-page-1 ez-toc-heading-level-3'><a class=\"ez-toc-link ez-toc-heading-3\" href=\"https:\/\/archivinfo.ch\/felsberg\/ort\/vorgeschichte\/#1821\" >1821<\/a><\/li><li class='ez-toc-page-1 ez-toc-heading-level-3'><a class=\"ez-toc-link ez-toc-heading-4\" href=\"https:\/\/archivinfo.ch\/felsberg\/ort\/vorgeschichte\/#1849\" >1849<\/a><\/li><\/ul><\/li><\/ul><\/nav><\/div>\n\n<h3><span class=\"ez-toc-section\" id=\"1595\"><\/span>1595<span class=\"ez-toc-section-end\"><\/span><\/h3>\n<figure>\n<p><figure id=\"attachment_57\" aria-describedby=\"caption-attachment-57\" style=\"width: 482px\" class=\"wp-caption aligncenter\"><a href=\"https:\/\/archivinfo.ch\/felsberg\/ort\/vorgeschichte\/martini_stalu_pl_5255_3\/\" rel=\"attachment wp-att-57\"><img loading=\"lazy\" decoding=\"async\" class=\"size-full wp-image-57\" src=\"https:\/\/archivinfo.ch\/felsberg\/wp-content\/uploads\/plaene\/martini_stalu_pl_5255_3.jpg\" alt=\"\" width=\"482\" height=\"352\" srcset=\"https:\/\/archivinfo.ch\/felsberg\/wp-content\/uploads\/plaene\/martini_stalu_pl_5255_3.jpg 482w, https:\/\/archivinfo.ch\/felsberg\/wp-content\/uploads\/plaene\/martini_stalu_pl_5255_3-150x110.jpg 150w\" sizes=\"auto, (max-width: 482px) 100vw, 482px\" \/><\/a><figcaption id=\"caption-attachment-57\" class=\"wp-caption-text\">Ausschnitt aus: Luzerner Stadtansicht von Martin Martini, 1597 (STALU PL 5255\/3)<\/figcaption><\/figure><\/figure>\n<p>Auf diesem Ausschnitt aus dem Plan von Martini aus dem Jahr 1595 erkennen wir rechts unten die Hofkirche, links oben das Kloster Wesemlin. Dazwischen schl\u00e4ngelt sich ein Weg den H\u00fcgel entlang, von der Hofkirche aus passiert er ein Haus des Stifts, dann ein weiteres Geb\u00e4ude (den Englisch Gruss?), dann sehen wir zwei Personen auf einem unbefestigten Weg gleich unterhalb einem weiteren Haus (Vorderwesemlin?) und von hier aus ist der Weg wieder klar erkennbar in Richtung Kloster.<\/p>\n<p>Auf dem Plan der Stadt Luzern von 1790 von Franz Xaver Schumacher ist das Gebiet nicht aufgef\u00fchrt.<\/p>\n<h3><span class=\"ez-toc-section\" id=\"1821\"><\/span>1821<span class=\"ez-toc-section-end\"><\/span><\/h3>\n<p>Der Grundriss der Stadt Luzern von Augustin Schmid und Samuel Johann Jakob Scheuermann von 1821 zeigt nun schon deutlicher den Kapuzinerweg von der Hofkirche an Englisch Gruss und Kreuzmatte vorbei in Richtung Kloster Wesemlin. Vermutlich entspricht die Wegf\u00fchrung etwa dem heutigen Zustand.<br \/>\nRechts f\u00fchrt ein Weg (der heutige Abendweg) von der Adligenswilerstrasse (\"Weg nach dem Dietschenberg\") noch oben, auf der H\u00f6he der Kreuzmatt an einem Hof (Vorderwesemlin?) vorbei ebenfalls in Richtung Kloster.<\/p>\n<figure id=\"attachment_62\" aria-describedby=\"caption-attachment-62\" style=\"width: 376px\" class=\"wp-caption aligncenter\"><a href=\"https:\/\/archivinfo.ch\/felsberg\/ort\/vorgeschichte\/grundriss_der_stadt_luzern_1821\/\" rel=\"attachment wp-att-62\"><img loading=\"lazy\" decoding=\"async\" class=\"wp-image-62 size-medium\" src=\"https:\/\/archivinfo.ch\/felsberg\/wp-content\/uploads\/plaene\/grundriss_der_stadt_luzern_1821-376x500.jpg\" alt=\"\" width=\"376\" height=\"500\" srcset=\"https:\/\/archivinfo.ch\/felsberg\/wp-content\/uploads\/plaene\/grundriss_der_stadt_luzern_1821-376x500.jpg 376w, https:\/\/archivinfo.ch\/felsberg\/wp-content\/uploads\/plaene\/grundriss_der_stadt_luzern_1821-113x150.jpg 113w, https:\/\/archivinfo.ch\/felsberg\/wp-content\/uploads\/plaene\/grundriss_der_stadt_luzern_1821.jpg 613w\" sizes=\"auto, (max-width: 376px) 100vw, 376px\" \/><\/a><figcaption id=\"caption-attachment-62\" class=\"wp-caption-text\">Ausschnitt aus: Schmid, Augustin \/ Scheuermann, Samuel Johann Jakob, Grundriss der Stadt Luzern, 1821, Ausschnitt (ETH-Bibliothek Z\u00fcrich)<\/figcaption><\/figure>\n<h3><span class=\"ez-toc-section\" id=\"1849\"><\/span>1849<span class=\"ez-toc-section-end\"><\/span><\/h3>\n<p>Auf dem Stadtplan von 1849 ist wiederum der Kapuzinerweg gut erkennbar, wie auch der \"Neue Kirchhof\" (der heutige \"Alte Friedhof\"). Erstmalig erscheint nun der Name und ein Haus \"Felsberg\" - das 1846\/1847 gebaute <a href=\"https:\/\/archivinfo.ch\/felsberg\/gebaeude\/pensionsgebaeude\/\">Pensionsgeb\u00e4ude<\/a>.<\/p>\n<figure id=\"attachment_59\" aria-describedby=\"caption-attachment-59\" style=\"width: 357px\" class=\"wp-caption aligncenter\"><a href=\"https:\/\/archivinfo.ch\/felsberg\/ort\/vorgeschichte\/stadtplan_1849_stalu_pl_5149\/\" rel=\"attachment wp-att-59\"><img loading=\"lazy\" decoding=\"async\" class=\"wp-image-59 size-medium\" src=\"https:\/\/archivinfo.ch\/felsberg\/wp-content\/uploads\/plaene\/stadtplan_1849_stalu_pl_5149-357x500.jpg\" alt=\"\" width=\"357\" height=\"500\" srcset=\"https:\/\/archivinfo.ch\/felsberg\/wp-content\/uploads\/plaene\/stadtplan_1849_stalu_pl_5149-357x500.jpg 357w, https:\/\/archivinfo.ch\/felsberg\/wp-content\/uploads\/plaene\/stadtplan_1849_stalu_pl_5149-107x150.jpg 107w, https:\/\/archivinfo.ch\/felsberg\/wp-content\/uploads\/plaene\/stadtplan_1849_stalu_pl_5149.jpg 666w\" sizes=\"auto, (max-width: 357px) 100vw, 357px\" \/><\/a><figcaption id=\"caption-attachment-59\" class=\"wp-caption-text\">Ausschnitt aus: Stadt Luzern, Stadtplan von J.P. Segesser, 1849 (STALU PL 5149)<\/figcaption><\/figure>\n<p>&nbsp;<\/p>\n","protected":false},"excerpt":{"rendered":"<p>Vorgeschichte: Felsberg bis ins 19. Jahrhundert 1595 Auf diesem Ausschnitt aus dem Plan von Martini aus dem Jahr 1595 erkennen wir rechts unten die Hofkirche, links oben das Kloster Wesemlin. Dazwischen schl\u00e4ngelt sich ein Weg den H\u00fcgel entlang, von der Hofkirche aus passiert er ein Haus des Stifts, dann ein weiteres Geb\u00e4ude (den Englisch Gruss?), <a href=\"https:\/\/archivinfo.ch\/felsberg\/ort\/vorgeschichte\/\" class=\"more-link\">\u2026weiterlesen<span class=\"screen-reader-text\"> Vorgeschichte\"<\/span><\/a><\/p>\n","protected":false},"author":1,"featured_media":0,"parent":206,"menu_order":56,"comment_status":"closed","ping_status":"closed","template":"","meta":{"footnotes":""},"class_list":["post-190","page","type-page","status-publish","h-entry","hentry","h-as-page"],"_links":{"self":[{"href":"https:\/\/archivinfo.ch\/felsberg\/wp-json\/wp\/v2\/pages\/190","targetHints":{"allow":["GET"]}}],"collection":[{"href":"https:\/\/archivinfo.ch\/felsberg\/wp-json\/wp\/v2\/pages"}],"about":[{"href":"https:\/\/archivinfo.ch\/felsberg\/wp-json\/wp\/v2\/types\/page"}],"author":[{"embeddable":true,"href":"https:\/\/archivinfo.ch\/felsberg\/wp-json\/wp\/v2\/users\/1"}],"replies":[{"embeddable":true,"href":"https:\/\/archivinfo.ch\/felsberg\/wp-json\/wp\/v2\/comments?post=190"}],"version-history":[{"count":1,"href":"https:\/\/archivinfo.ch\/felsberg\/wp-json\/wp\/v2\/pages\/190\/revisions"}],"predecessor-version":[{"id":3606,"href":"https:\/\/archivinfo.ch\/felsberg\/wp-json\/wp\/v2\/pages\/190\/revisions\/3606"}],"up":[{"embeddable":true,"href":"https:\/\/archivinfo.ch\/felsberg\/wp-json\/wp\/v2\/pages\/206"}],"wp:attachment":[{"href":"https:\/\/archivinfo.ch\/felsberg\/wp-json\/wp\/v2\/media?parent=190"}],"curies":[{"name":"wp","href":"https:\/\/api.w.org\/{rel}","templated":true}]}}