{"id":1809,"date":"2017-12-02T18:03:20","date_gmt":"2017-12-02T17:03:20","guid":{"rendered":"http:\/\/archivinfo.ch\/felsberg\/varia\/luzerner-montparnasse\/"},"modified":"2025-05-23T15:47:32","modified_gmt":"2025-05-23T13:47:32","slug":"luzerner-montparnasse","status":"publish","type":"page","link":"https:\/\/archivinfo.ch\/felsberg\/varia\/luzerner-montparnasse\/","title":{"rendered":"Luzerner Montparnasse"},"content":{"rendered":"<h3>\"Das Luzerner Montparnasse weicht einer Parkanlage\"<sup><a href=\"#footnote_1_1809\" id=\"identifier_1_1809\" class=\"footnote-link footnote-identifier-link\" title=\"Dies als Titel eines Artikels im Luzerner Tagblatt 13. 2. 1960\">1<\/a><\/sup><\/h3>\n<p>Ab 1952 bis 1960 wohnten im Pensionsgeb\u00e4ude zahlreiche K\u00fcnstler<sup><a href=\"#footnote_2_1809\" id=\"identifier_2_1809\" class=\"footnote-link footnote-identifier-link\" title=\"Einzelne erw&auml;hnt in: Luzerner Tagblatt 19. 12. 1953 (mit Abbildungen). Umfangreichere Liste erstellt nach: H&auml;userverzeichnis Felsbergstrasse 15, SALU B3.22\/B3.92\">2<\/a><\/sup> wie<\/p>\n<ul>\n<li><a href=\"https:\/\/de.wikipedia.org\/wiki\/Leopold_Haefliger\" target=\"_blank\" rel=\"noopener noreferrer\">Leopold H\u00e4fliger<\/a> (Kunstmaler, Aufenthalt 1952-1953)<sup><a href=\"#footnote_3_1809\" id=\"identifier_3_1809\" class=\"footnote-link footnote-identifier-link\" title=\"M&ouml;glicherweise ein Ausl&ouml;ser, dass er ein &quot;Geb&auml;udeportr&auml;t Pension Felsberg malte. Das Bild ist nicht bekannt, es wird im Zeitungsartikel zu einer Vernissage in der Kunsthandlung Twerenbold 1982 erw&auml;hnt (aus: &quot;Vernissage mit Schichtbertrieb&quot;, in: Nidwaldner Tagblatt, 14. August 1982)\">3<\/a><\/sup><\/li>\n<li><a href=\"http:\/\/www.sikart.ch\/kuenstlerinnen.aspx?id=4001849\" target=\"_blank\" rel=\"noopener noreferrer\">Rudolf Weber<\/a> (Steinhauer, 1952-1956)<\/li>\n<li><a href=\"http:\/\/www.samuelfahrni.ch\" target=\"_blank\" rel=\"noopener noreferrer\">Samuel Fahrni<\/a> (Bildhauer, 1953-1954)<sup><a href=\"#footnote_4_1809\" id=\"identifier_4_1809\" class=\"footnote-link footnote-identifier-link\" title=\"siehe auch Fotos von Max A. Wyss im STALU FDC 76\/2074\">4<\/a><\/sup><\/li>\n<li><a href=\"http:\/\/www.sikart.ch\/KuenstlerInnen.aspx?id=4002025\" target=\"_blank\" rel=\"noopener noreferrer\">Roland Beetschen<\/a> (Bildhauer, 1953-1960)<\/li>\n<li>Ebbe Lang (Kunstmaler, Chor-S\u00e4nger, ca. 1953)<\/li>\n<li>Johanna Lang-Flury (Chors\u00e4ngerin, 1954-1955)<\/li>\n<li><a href=\"http:\/\/www.milocleis.ch\" target=\"_blank\" rel=\"noopener noreferrer\">Milo Cleis<\/a> (Kunstgewerbesch\u00fcler \/ Bildhauer, 1954-1955)<\/li>\n<li><a href=\"http:\/\/www.sikart.ch\/kuenstlerinnen.aspx?id=4000756\" target=\"_blank\" rel=\"noopener noreferrer\">Gottlieb Hoffmann<\/a> (Grafiker, 1954)<\/li>\n<li><a href=\"http:\/\/www.hansschaerer.ch\" target=\"_blank\" rel=\"noopener noreferrer\">Hans Sch\u00e4rer<\/a> (Kunstmaler, 1954-1957)<\/li>\n<li>Elisabeth Schwander (Kunstgewerbesch\u00fclerin \/ Bildhauerin, 1955-1956, 1957-1960)<\/li>\n<li><a href=\"http:\/\/josefvettiger.com\" target=\"_blank\" rel=\"noopener noreferrer\">Josef Vettiger<\/a> (Bildhauer, 1955-1958?)<\/li>\n<li><a href=\"http:\/\/www.sikart.ch\/kuenstlerinnen.aspx?id=4002555\" target=\"_blank\" rel=\"noopener noreferrer\">Hugo Bachmann<\/a> (Kunstmaler, 1955-1959?)<\/li>\n<li><a href=\"http:\/\/www.sikart.ch\/KuenstlerInnen.aspx?id=4001550\" target=\"_blank\" rel=\"noopener noreferrer\">Erwin Sch\u00fcrch<\/a> (Grafiker, 1958-1960)<\/li>\n<li><a href=\"http:\/\/www.sikart.ch\/KuenstlerInnen.aspx?id=4001483\" target=\"_blank\" rel=\"noopener noreferrer\">Philipp Schibig<\/a> (Kunstmaler, 1959)<\/li>\n<\/ul>\n<figure id=\"attachment_1859\" aria-describedby=\"caption-attachment-1859\" style=\"width: 382px\" class=\"wp-caption aligncenter\"><a href=\"http:\/\/archivinfo.ch\/felsberg\/varia\/luzerner-montparnasse\/attachment\/1859\/\"><img loading=\"lazy\" decoding=\"async\" class=\"wp-image-1859 size-medium\" src=\"http:\/\/archivinfo.ch\/felsberg\/wp-content\/uploads\/varia\/STALU-FDC-76_2350.1.1-382x500.jpg\" alt=\"\" width=\"382\" height=\"500\" srcset=\"https:\/\/archivinfo.ch\/felsberg\/wp-content\/uploads\/varia\/STALU-FDC-76_2350.1.1-382x500.jpg 382w, https:\/\/archivinfo.ch\/felsberg\/wp-content\/uploads\/varia\/STALU-FDC-76_2350.1.1-115x150.jpg 115w, https:\/\/archivinfo.ch\/felsberg\/wp-content\/uploads\/varia\/STALU-FDC-76_2350.1.1-768x1006.jpg 768w, https:\/\/archivinfo.ch\/felsberg\/wp-content\/uploads\/varia\/STALU-FDC-76_2350.1.1.jpg 782w\" sizes=\"auto, (max-width: 382px) 100vw, 382px\" \/><\/a><figcaption id=\"caption-attachment-1859\" class=\"wp-caption-text\">Skulptur von Ruedi Weber, 8.1.1954 im Atelier auf Felsberg? <i>(Foto Max A. Wyss, (c) fotodok.ch CC BY-NC-SA 3.0 CH, STALU FDC 76\/2350.3)<\/i><\/figcaption><\/figure>\n<figure id=\"attachment_1909\" aria-describedby=\"caption-attachment-1909\" style=\"width: 435px\" class=\"wp-caption aligncenter\"><a href=\"http:\/\/archivinfo.ch\/felsberg\/varia\/luzerner-montparnasse\/fahrni-s-lt-1953-12-19b\/\"><img loading=\"lazy\" decoding=\"async\" class=\"wp-image-1909 size-medium\" src=\"http:\/\/archivinfo.ch\/felsberg\/wp-content\/uploads\/varia\/Fahrni-S-LT-1953-12-19b-435x500.jpg\" alt=\"\" width=\"435\" height=\"500\" srcset=\"https:\/\/archivinfo.ch\/felsberg\/wp-content\/uploads\/varia\/Fahrni-S-LT-1953-12-19b-435x500.jpg 435w, https:\/\/archivinfo.ch\/felsberg\/wp-content\/uploads\/varia\/Fahrni-S-LT-1953-12-19b-130x150.jpg 130w, https:\/\/archivinfo.ch\/felsberg\/wp-content\/uploads\/varia\/Fahrni-S-LT-1953-12-19b-768x883.jpg 768w, https:\/\/archivinfo.ch\/felsberg\/wp-content\/uploads\/varia\/Fahrni-S-LT-1953-12-19b-891x1024.jpg 891w, https:\/\/archivinfo.ch\/felsberg\/wp-content\/uploads\/varia\/Fahrni-S-LT-1953-12-19b-960x1104.jpg 960w, https:\/\/archivinfo.ch\/felsberg\/wp-content\/uploads\/varia\/Fahrni-S-LT-1953-12-19b.jpg 1001w\" sizes=\"auto, (max-width: 435px) 100vw, 435px\" \/><\/a><figcaption id=\"caption-attachment-1909\" class=\"wp-caption-text\">\"Die Holzplastiken Samuel Fahrnis haben den Vorteil, dass ihr Abfallholz die n\u00f6tige W\u00e4rme bereitet...\"(K\u00fcnstlerkolonie Felsberg, in: Luzerner Tagblatt, 19.12.1953. Foto: Rob. Gnant)<\/figcaption><\/figure>\n<figure id=\"attachment_1911\" aria-describedby=\"caption-attachment-1911\" style=\"width: 362px\" class=\"wp-caption aligncenter\"><a href=\"http:\/\/archivinfo.ch\/felsberg\/varia\/luzerner-montparnasse\/weber-r-lt-1953-12-19\/\"><img loading=\"lazy\" decoding=\"async\" class=\"wp-image-1911 size-medium\" src=\"http:\/\/archivinfo.ch\/felsberg\/wp-content\/uploads\/varia\/Weber-R-LT-1953-12-19-362x500.jpg\" alt=\"\" width=\"362\" height=\"500\" srcset=\"https:\/\/archivinfo.ch\/felsberg\/wp-content\/uploads\/varia\/Weber-R-LT-1953-12-19-362x500.jpg 362w, https:\/\/archivinfo.ch\/felsberg\/wp-content\/uploads\/varia\/Weber-R-LT-1953-12-19-108x150.jpg 108w, https:\/\/archivinfo.ch\/felsberg\/wp-content\/uploads\/varia\/Weber-R-LT-1953-12-19-768x1062.jpg 768w, https:\/\/archivinfo.ch\/felsberg\/wp-content\/uploads\/varia\/Weber-R-LT-1953-12-19-740x1024.jpg 740w, https:\/\/archivinfo.ch\/felsberg\/wp-content\/uploads\/varia\/Weber-R-LT-1953-12-19.jpg 953w\" sizes=\"auto, (max-width: 362px) 100vw, 362px\" \/><\/a><figcaption id=\"caption-attachment-1911\" class=\"wp-caption-text\">\"Grossplastiken sind nicht in kleinen Mansarden zu verwirklichen; R. Weber hat hier die n\u00f6tige Ellbogenfreiheit\" (K\u00fcnstlerkolonie Felsberg, in: Luzerner Tagblatt, 19.12.1953. Foto: Rob. Gnant)<\/figcaption><\/figure>\n<figure id=\"attachment_1910\" aria-describedby=\"caption-attachment-1910\" style=\"width: 377px\" class=\"wp-caption aligncenter\"><a href=\"http:\/\/archivinfo.ch\/felsberg\/varia\/luzerner-montparnasse\/lang-ebbe-lt-1953-12-19\/\"><img loading=\"lazy\" decoding=\"async\" class=\"wp-image-1910 size-medium\" src=\"http:\/\/archivinfo.ch\/felsberg\/wp-content\/uploads\/varia\/Lang-Ebbe-LT-1953-12-19-377x500.jpg\" alt=\"\" width=\"377\" height=\"500\" srcset=\"https:\/\/archivinfo.ch\/felsberg\/wp-content\/uploads\/varia\/Lang-Ebbe-LT-1953-12-19-377x500.jpg 377w, https:\/\/archivinfo.ch\/felsberg\/wp-content\/uploads\/varia\/Lang-Ebbe-LT-1953-12-19-113x150.jpg 113w, https:\/\/archivinfo.ch\/felsberg\/wp-content\/uploads\/varia\/Lang-Ebbe-LT-1953-12-19-768x1018.jpg 768w, https:\/\/archivinfo.ch\/felsberg\/wp-content\/uploads\/varia\/Lang-Ebbe-LT-1953-12-19-772x1024.jpg 772w, https:\/\/archivinfo.ch\/felsberg\/wp-content\/uploads\/varia\/Lang-Ebbe-LT-1953-12-19.jpg 786w\" sizes=\"auto, (max-width: 377px) 100vw, 377px\" \/><\/a><figcaption id=\"caption-attachment-1910\" class=\"wp-caption-text\">\"S\u00e4nger, Maler und - Kochk\u00fcnstler ist Ebbe Lang\" (K\u00fcnstlerkolonie Felsberg, in: Luzerner Tagblatt, 19.12.1953. Foto: Rob. Gnant)<\/figcaption><\/figure>\n<figure id=\"attachment_1908\" aria-describedby=\"caption-attachment-1908\" style=\"width: 500px\" class=\"wp-caption aligncenter\"><a href=\"http:\/\/archivinfo.ch\/felsberg\/varia\/luzerner-montparnasse\/beetschen-r-lt-1953-12-19\/\"><img loading=\"lazy\" decoding=\"async\" class=\"wp-image-1908 size-medium\" src=\"http:\/\/archivinfo.ch\/felsberg\/wp-content\/uploads\/varia\/Beetschen-R-LT-1953-12-19-500x493.jpg\" alt=\"\" width=\"500\" height=\"493\" srcset=\"https:\/\/archivinfo.ch\/felsberg\/wp-content\/uploads\/varia\/Beetschen-R-LT-1953-12-19-500x493.jpg 500w, https:\/\/archivinfo.ch\/felsberg\/wp-content\/uploads\/varia\/Beetschen-R-LT-1953-12-19-150x148.jpg 150w, https:\/\/archivinfo.ch\/felsberg\/wp-content\/uploads\/varia\/Beetschen-R-LT-1953-12-19-100x100.jpg 100w, https:\/\/archivinfo.ch\/felsberg\/wp-content\/uploads\/varia\/Beetschen-R-LT-1953-12-19.jpg 665w\" sizes=\"auto, (max-width: 500px) 100vw, 500px\" \/><\/a><figcaption id=\"caption-attachment-1908\" class=\"wp-caption-text\">\"R. Beetschen gibt einem Werk den letzten Schliff\" (K\u00fcnstlerkolonie Felsberg, in: Luzerner Tagblatt, 19.12.1953. Foto: Rob. Gnant)<\/figcaption><\/figure>\n<p>M\u00f6glicherweise zeigt auch ein weiteres\u00a0Bild des Fotographen <a href=\"https:\/\/www.fotodok.swiss\/wiki\/Rob_Gnant\" target=\"_blank\" rel=\"noopener noreferrer\">Rob Gnant<\/a>\u00a0die Pension Felsberg, auch wenn der Titel \"<em><a href=\"https:\/\/fotostiftung.zetcom.net\/de\/collection\/item\/67658\/\" target=\"_blank\" rel=\"noopener noreferrer\">Wanzenburg<\/a>, div. K\u00fcnstler haben eine alte Villa oberhalb der Hofkirche in Beschlag genommen<\/em>, Luzern, 1951\" nicht gerade schmeichelt...<\/p>\n<p><em>Diese Seite zuletzt ge\u00e4ndert: 2025-05-23<\/em><\/p>\n<ol class=\"footnotes\"><li id=\"footnote_1_1809\" class=\"footnote\">Dies als Titel eines Artikels im Luzerner Tagblatt 13. 2. 1960<span class=\"footnote-back-link-wrapper\">[<a href=\"#identifier_1_1809\" class=\"footnote-link footnote-back-link\">&#8617;<\/a>]<\/span><\/li><li id=\"footnote_2_1809\" class=\"footnote\">Einzelne erw\u00e4hnt in: Luzerner Tagblatt 19. 12. 1953 (mit Abbildungen). Umfangreichere Liste erstellt nach: H\u00e4userverzeichnis Felsbergstrasse 15, SALU B3.22\/B3.92<span class=\"footnote-back-link-wrapper\">[<a href=\"#identifier_2_1809\" class=\"footnote-link footnote-back-link\">&#8617;<\/a>]<\/span><\/li><li id=\"footnote_3_1809\" class=\"footnote\">M\u00f6glicherweise ein Ausl\u00f6ser, dass er ein \"Geb\u00e4udeportr\u00e4t Pension Felsberg malte. Das Bild ist nicht bekannt, es wird im Zeitungsartikel zu einer Vernissage in der Kunsthandlung Twerenbold 1982 erw\u00e4hnt (aus: \"Vernissage mit Schichtbertrieb\", in: Nidwaldner Tagblatt, 14. August 1982)<br \/>\n<span class=\"footnote-back-link-wrapper\">[<a href=\"#identifier_3_1809\" class=\"footnote-link footnote-back-link\">&#8617;<\/a>]<\/span><\/li><li id=\"footnote_4_1809\" class=\"footnote\">siehe auch Fotos von Max A. Wyss im STALU <a href=\"https:\/\/query-staatsarchiv.lu.ch\/detail.aspx?ID=1395844\" target=\"_blank\" rel=\"noopener noreferrer\">FDC 76\/2074<\/a><span class=\"footnote-back-link-wrapper\">[<a href=\"#identifier_4_1809\" class=\"footnote-link footnote-back-link\">&#8617;<\/a>]<\/span><\/li><\/ol>","protected":false},"excerpt":{"rendered":"<p>\"Das Luzerner Montparnasse weicht einer Parkanlage\"1 Ab 1952 bis 1960 wohnten im Pensionsgeb\u00e4ude zahlreiche K\u00fcnstler2 wie Leopold H\u00e4fliger (Kunstmaler, Aufenthalt 1952-1953)3 Rudolf Weber (Steinhauer, 1952-1956) Samuel Fahrni (Bildhauer, 1953-1954)4 Roland Beetschen (Bildhauer, 1953-1960) Ebbe Lang (Kunstmaler, Chor-S\u00e4nger, ca. 1953) Johanna Lang-Flury (Chors\u00e4ngerin, 1954-1955) Milo Cleis (Kunstgewerbesch\u00fcler \/ Bildhauer, 1954-1955) Gottlieb Hoffmann (Grafiker, 1954) Hans Sch\u00e4rer <a href=\"https:\/\/archivinfo.ch\/felsberg\/varia\/luzerner-montparnasse\/\" class=\"more-link\">\u2026weiterlesen<span class=\"screen-reader-text\"> Luzerner Montparnasse\"<\/span><\/a><\/p>\n","protected":false},"author":1,"featured_media":0,"parent":233,"menu_order":46,"comment_status":"closed","ping_status":"closed","template":"","meta":{"footnotes":""},"class_list":["post-1809","page","type-page","status-publish","h-entry","hentry","h-as-page"],"_links":{"self":[{"href":"https:\/\/archivinfo.ch\/felsberg\/wp-json\/wp\/v2\/pages\/1809","targetHints":{"allow":["GET"]}}],"collection":[{"href":"https:\/\/archivinfo.ch\/felsberg\/wp-json\/wp\/v2\/pages"}],"about":[{"href":"https:\/\/archivinfo.ch\/felsberg\/wp-json\/wp\/v2\/types\/page"}],"author":[{"embeddable":true,"href":"https:\/\/archivinfo.ch\/felsberg\/wp-json\/wp\/v2\/users\/1"}],"replies":[{"embeddable":true,"href":"https:\/\/archivinfo.ch\/felsberg\/wp-json\/wp\/v2\/comments?post=1809"}],"version-history":[{"count":4,"href":"https:\/\/archivinfo.ch\/felsberg\/wp-json\/wp\/v2\/pages\/1809\/revisions"}],"predecessor-version":[{"id":3885,"href":"https:\/\/archivinfo.ch\/felsberg\/wp-json\/wp\/v2\/pages\/1809\/revisions\/3885"}],"up":[{"embeddable":true,"href":"https:\/\/archivinfo.ch\/felsberg\/wp-json\/wp\/v2\/pages\/233"}],"wp:attachment":[{"href":"https:\/\/archivinfo.ch\/felsberg\/wp-json\/wp\/v2\/media?parent=1809"}],"curies":[{"name":"wp","href":"https:\/\/api.w.org\/{rel}","templated":true}]}}