{"id":1463,"date":"2017-11-11T15:25:07","date_gmt":"2017-11-11T14:25:07","guid":{"rendered":"http:\/\/archivinfo.ch\/felsberg\/?page_id=1463"},"modified":"2025-05-18T20:43:09","modified_gmt":"2025-05-18T18:43:09","slug":"jacques-gros","status":"publish","type":"page","link":"https:\/\/archivinfo.ch\/felsberg\/varia\/jacques-gros\/","title":{"rendered":"Jacques Gros"},"content":{"rendered":"<h2>Jacques Gros<\/h2>\n<p>Der Schweizer Architekt\u00a0<a href=\"https:\/\/de.wikipedia.org\/wiki\/Jacques_Gros\" target=\"_blank\" rel=\"noopener noreferrer\">Jacques Gros<\/a>(1858-1922) war u.a. auf Chalets und Hotels spezialisiert. Sein Hauptwerk<sup><a href=\"#footnote_1_1463\" id=\"identifier_1_1463\" class=\"footnote-link footnote-identifier-link\" title=\"D. Nievergelt,&nbsp;Gros, Jacques, in: Historisches Lexikon der Schweiz (HLS), Version vom 28.11.2005, URL: http:\/\/www.hls-dhs-dss.ch\/textes\/d\/D16625.php\">1<\/a><\/sup> bildet das <a class=\"mw-redirect\" title=\"Grand Hotel Dolder\" href=\"https:\/\/de.wikipedia.org\/wiki\/Grand_Hotel_Dolder\" target=\"_blank\" rel=\"noopener noreferrer\">Waldhaus und Grand Hotel Dolder<\/a> in Z\u00fcrich, dem\u00a0\u00c4hnlichkeiten zum <a href=\"https:\/\/archivinfo.ch\/felsberg\/gebaeude\/chalet-marguerite\/\">Chalet Marguerite<\/a> nicht abzusprechen sind.<\/p>\n<figure id=\"attachment_1469\" aria-describedby=\"caption-attachment-1469\" style=\"width: 500px\" class=\"wp-caption aligncenter\"><a href=\"http:\/\/archivinfo.ch\/felsberg\/varia\/jacques-gros\/gros_waldhaus_1915\/\"><img loading=\"lazy\" decoding=\"async\" class=\"wp-image-1469 size-medium\" src=\"http:\/\/archivinfo.ch\/felsberg\/wp-content\/uploads\/varia\/Gros_Waldhaus_1915-500x381.jpg\" alt=\"\" width=\"500\" height=\"381\" srcset=\"https:\/\/archivinfo.ch\/felsberg\/wp-content\/uploads\/varia\/Gros_Waldhaus_1915-500x381.jpg 500w, https:\/\/archivinfo.ch\/felsberg\/wp-content\/uploads\/varia\/Gros_Waldhaus_1915-150x114.jpg 150w, https:\/\/archivinfo.ch\/felsberg\/wp-content\/uploads\/varia\/Gros_Waldhaus_1915-768x585.jpg 768w, https:\/\/archivinfo.ch\/felsberg\/wp-content\/uploads\/varia\/Gros_Waldhaus_1915.jpg 840w\" sizes=\"auto, (max-width: 500px) 100vw, 500px\" \/><\/a><figcaption id=\"caption-attachment-1469\" class=\"wp-caption-text\">Waldhaus Dolder, Z\u00fcrich, 1915<\/figcaption><\/figure>\n<p>Bereits 1892 hatte Gros f\u00fcr Oberst Ulrich Wille - den damaligen Freund von Hermann Pietzcker - eine\u00a0<a href=\"https:\/\/www.e-periodica.ch\/digbib\/view?pid=sbz-002:1894:23:24::509#1850\" target=\"_blank\" rel=\"noopener noreferrer\">Villa entworfen<\/a>, ebenfalls gebaut durch die Chaletfabrik Kuoni &amp; Cie., Chur,<sup><a href=\"#footnote_2_1463\" id=\"identifier_2_1463\" class=\"footnote-link footnote-identifier-link\" title=\"Chalet Ausstellung im Gletschergarten Luzern, 2025: Alexander Kuoni (1842-1888) geh&ouml;rte in der zweiten H&auml;lfte des 19. Jahrhunderts zu den f&uuml;hrenden Churer Architekten. Eine wichtige Rolle spielte er auch bei der Entwicklung von Maloja in den 1880er Jahre, wo er u.a. auch einige Chalets erbaute. 1903 &uuml;bernahm sein Sohn Hans das Baugesch&auml;ft und gr&uuml;ndete die Chaletfabrik Kuoni. Architekten wie der Basler Jacques Gros (1858-1922), bekannt als Erbauer des Dolder Grand Hotel, lieferten Entw&uuml;rfe, die in die ganze Schweiz und nach &Uuml;bersee geliefert wurden. Infolge der Wirtschaftskrise musste die Chaletfabrik 1929 ihren Betrieb einstellen.\">2<\/a><\/sup> mit einer gewissen \u00c4hnlichkeit zum Chalet <a href=\"..\/..\/gebaeude\/chalet-reseda\/\">Reseda<\/a>?<\/p>\n<figure id=\"attachment_1472\" aria-describedby=\"caption-attachment-1472\" style=\"width: 500px\" class=\"wp-caption aligncenter\"><a href=\"http:\/\/archivinfo.ch\/felsberg\/varia\/jacques-gros\/gros_villa_wille\/\"><img loading=\"lazy\" decoding=\"async\" class=\"wp-image-1472 size-medium\" src=\"http:\/\/archivinfo.ch\/felsberg\/wp-content\/uploads\/varia\/Gros_Villa_Wille-500x366.jpg\" alt=\"\" width=\"500\" height=\"366\" srcset=\"https:\/\/archivinfo.ch\/felsberg\/wp-content\/uploads\/varia\/Gros_Villa_Wille-500x366.jpg 500w, https:\/\/archivinfo.ch\/felsberg\/wp-content\/uploads\/varia\/Gros_Villa_Wille-150x110.jpg 150w, https:\/\/archivinfo.ch\/felsberg\/wp-content\/uploads\/varia\/Gros_Villa_Wille-768x562.jpg 768w, https:\/\/archivinfo.ch\/felsberg\/wp-content\/uploads\/varia\/Gros_Villa_Wille.jpg 929w\" sizes=\"auto, (max-width: 500px) 100vw, 500px\" \/><\/a><figcaption id=\"caption-attachment-1472\" class=\"wp-caption-text\">Villa des Oberst Wille, Bern, Entwurf J. Gros (Abb: Schweizerische Bauzeitung 23\/24 (1894), Heft 20, nach S. 139)<\/figcaption><\/figure>\n<p>Vergleichbar zum Chalet <a href=\"..\/..\/gebaeude\/chalet-reseda\/\">Reseda<\/a> auch 2 weitere Bauten von Gros in Hottingen:<\/p>\n<p><a href=\"https:\/\/archivinfo.ch\/felsberg\/baz_115951\/\"><img loading=\"lazy\" decoding=\"async\" class=\"aligncenter size-medium wp-image-3323\" src=\"https:\/\/archivinfo.ch\/felsberg\/wp-content\/uploads\/varia\/BAZ_115951-500x356.jpg\" alt=\"\" width=\"500\" height=\"356\" srcset=\"https:\/\/archivinfo.ch\/felsberg\/wp-content\/uploads\/varia\/BAZ_115951-500x356.jpg 500w, https:\/\/archivinfo.ch\/felsberg\/wp-content\/uploads\/varia\/BAZ_115951-1024x729.jpg 1024w, https:\/\/archivinfo.ch\/felsberg\/wp-content\/uploads\/varia\/BAZ_115951-150x107.jpg 150w, https:\/\/archivinfo.ch\/felsberg\/wp-content\/uploads\/varia\/BAZ_115951-768x547.jpg 768w, https:\/\/archivinfo.ch\/felsberg\/wp-content\/uploads\/varia\/BAZ_115951-1536x1094.jpg 1536w, https:\/\/archivinfo.ch\/felsberg\/wp-content\/uploads\/varia\/BAZ_115951-960x683.jpg 960w, https:\/\/archivinfo.ch\/felsberg\/wp-content\/uploads\/varia\/BAZ_115951.jpg 1965w\" sizes=\"auto, (max-width: 500px) 100vw, 500px\" \/><\/a><\/p>\n<hr \/>\n<p>In Luzern wurde Gros auch bekannt als Verfasser der Projekts f\u00fcr den Umbau des Luzerner Rathauses 1899<sup><a href=\"#footnote_3_1463\" id=\"identifier_3_1463\" class=\"footnote-link footnote-identifier-link\" title=\"siehe: von Arx, David, Die &laquo;Luzerner Rathausfrage&raquo;. In: Jahrbuch der Historischen Gesellschaft Luzern 38(2020), S. 77-96, zu Gros S. 88-92\">3<\/a><\/sup> oder 1906 der Villa Kreuzfluh (Teil des sp\u00e4teren Hotels St. Niklausen).<sup><a href=\"#footnote_4_1463\" id=\"identifier_4_1463\" class=\"footnote-link footnote-identifier-link\" title=\"vgl. Kantonales Denkmalverzeichnis&nbsp;https:\/\/www.geo.lu.ch\/map\/kulturdenkmal\/\">4<\/a><\/sup><\/p>\n<p>Weitere Recherchen z.B. im\u00a0Nachlass (Pl\u00e4ne) im Baugeschichtlichen Archiv Z\u00fcrich w\u00e4ren noch zu machen (<a href=\"https:\/\/www.stadt-zuerich.ch\/content\/dam\/stzh\/hbd\/Deutsch\/Archaeologie_Denkmalpflege\/Weitere%20Dokumente\/Baugeschichtliches_Archiv\/\u00dcbersicht_Nachlass_Gros.pdf\" target=\"_blank\" rel=\"noopener noreferrer\">Verzeichnis<\/a>).<\/p>\n<p>Nievergelt, Dieter: \"Gros, Jacques\", in: <i>Historisches Lexikon der Schweiz (HLS)<\/i>, Version vom 28.11.2005. Online: <a href=\"https:\/\/hls-dhs-dss.ch\/de\/articles\/019855\/2005-11-28\">https:\/\/hls-dhs-dss.ch\/de\/articles\/019855\/2005-11-28<\/a>\/, konsultiert am 05.12.2020.<\/p>\n<p>&nbsp;<\/p>\n<p><em>Diese Seite zuletzt ge\u00e4ndert: 2025-05-18<\/em><\/p>\n<ol class=\"footnotes\"><li id=\"footnote_1_1463\" class=\"footnote\">D. Nievergelt,\u00a0Gros, Jacques, in: Historisches Lexikon der Schweiz (HLS), Version vom 28.11.2005, URL: <a href=\"http:\/\/www.hls-dhs-dss.ch\/textes\/d\/D19855.php\">http:\/\/www.hls-dhs-dss.ch\/textes\/d\/D16625.php<\/a><span class=\"footnote-back-link-wrapper\">[<a href=\"#identifier_1_1463\" class=\"footnote-link footnote-back-link\">&#8617;<\/a>]<\/span><\/li><li id=\"footnote_2_1463\" class=\"footnote\">Chalet Ausstellung im Gletschergarten Luzern, 2025: Alexander Kuoni (1842-1888) geh\u00f6rte in der zweiten H\u00e4lfte des 19. Jahrhunderts zu den f\u00fchrenden Churer Architekten. Eine wichtige Rolle spielte er auch bei der Entwicklung von Maloja in den 1880er Jahre, wo er u.a. auch einige Chalets erbaute. 1903 \u00fcbernahm sein Sohn Hans das Baugesch\u00e4ft und gr\u00fcndete die Chaletfabrik Kuoni. Architekten wie der Basler Jacques Gros (1858-1922), bekannt als Erbauer des Dolder Grand Hotel, lieferten Entw\u00fcrfe, die in die ganze Schweiz und nach \u00dcbersee geliefert wurden. Infolge der Wirtschaftskrise musste die Chaletfabrik 1929 ihren Betrieb einstellen.<span class=\"footnote-back-link-wrapper\">[<a href=\"#identifier_2_1463\" class=\"footnote-link footnote-back-link\">&#8617;<\/a>]<\/span><\/li><li id=\"footnote_3_1463\" class=\"footnote\">siehe: von Arx, David, Die \u00abLuzerner Rathausfrage\u00bb. In: Jahrbuch der Historischen Gesellschaft Luzern 38(2020), S. 77-96, zu Gros S. 88-92<span class=\"footnote-back-link-wrapper\">[<a href=\"#identifier_3_1463\" class=\"footnote-link footnote-back-link\">&#8617;<\/a>]<\/span><\/li><li id=\"footnote_4_1463\" class=\"footnote\">vgl. Kantonales Denkmalverzeichnis\u00a0<a href=\"https:\/\/www.geo.lu.ch\/map\/kulturdenkmal\/\" target=\"_blank\" rel=\"noopener\">https:\/\/www.geo.lu.ch\/map\/kulturdenkmal\/<\/a> <span class=\"footnote-back-link-wrapper\">[<a href=\"#identifier_4_1463\" class=\"footnote-link footnote-back-link\">&#8617;<\/a>]<\/span><\/li><\/ol>","protected":false},"excerpt":{"rendered":"<p>Jacques Gros Der Schweizer Architekt\u00a0Jacques Gros(1858-1922) war u.a. auf Chalets und Hotels spezialisiert. Sein Hauptwerk1 bildet das Waldhaus und Grand Hotel Dolder in Z\u00fcrich, dem\u00a0\u00c4hnlichkeiten zum Chalet Marguerite nicht abzusprechen sind. Bereits 1892 hatte Gros f\u00fcr Oberst Ulrich Wille - den damaligen Freund von Hermann Pietzcker - eine\u00a0Villa entworfen, ebenfalls gebaut durch die Chaletfabrik Kuoni <a href=\"https:\/\/archivinfo.ch\/felsberg\/varia\/jacques-gros\/\" class=\"more-link\">\u2026weiterlesen<span class=\"screen-reader-text\"> Jacques Gros\"<\/span><\/a><\/p>\n","protected":false},"author":1,"featured_media":0,"parent":233,"menu_order":42,"comment_status":"closed","ping_status":"closed","template":"","meta":{"footnotes":""},"class_list":["post-1463","page","type-page","status-publish","h-entry","hentry","h-as-page"],"_links":{"self":[{"href":"https:\/\/archivinfo.ch\/felsberg\/wp-json\/wp\/v2\/pages\/1463","targetHints":{"allow":["GET"]}}],"collection":[{"href":"https:\/\/archivinfo.ch\/felsberg\/wp-json\/wp\/v2\/pages"}],"about":[{"href":"https:\/\/archivinfo.ch\/felsberg\/wp-json\/wp\/v2\/types\/page"}],"author":[{"embeddable":true,"href":"https:\/\/archivinfo.ch\/felsberg\/wp-json\/wp\/v2\/users\/1"}],"replies":[{"embeddable":true,"href":"https:\/\/archivinfo.ch\/felsberg\/wp-json\/wp\/v2\/comments?post=1463"}],"version-history":[{"count":3,"href":"https:\/\/archivinfo.ch\/felsberg\/wp-json\/wp\/v2\/pages\/1463\/revisions"}],"predecessor-version":[{"id":3794,"href":"https:\/\/archivinfo.ch\/felsberg\/wp-json\/wp\/v2\/pages\/1463\/revisions\/3794"}],"up":[{"embeddable":true,"href":"https:\/\/archivinfo.ch\/felsberg\/wp-json\/wp\/v2\/pages\/233"}],"wp:attachment":[{"href":"https:\/\/archivinfo.ch\/felsberg\/wp-json\/wp\/v2\/media?parent=1463"}],"curies":[{"name":"wp","href":"https:\/\/api.w.org\/{rel}","templated":true}]}}