{"id":1261,"date":"2017-11-01T17:47:25","date_gmt":"2017-11-01T16:47:25","guid":{"rendered":"http:\/\/archivinfo.ch\/felsberg\/pension\/nachbarn\/"},"modified":"2024-12-17T16:01:58","modified_gmt":"2024-12-17T15:01:58","slug":"gesellschaft","status":"publish","type":"page","link":"https:\/\/archivinfo.ch\/felsberg\/pietzcker\/gesellschaft\/","title":{"rendered":"Luzerner Gesellschaft"},"content":{"rendered":"<h2><span class=\"ez-toc-section\" id=\"In_der_Luzerner_Gesellschaft\"><\/span>In der Luzerner Gesellschaft<span class=\"ez-toc-section-end\"><\/span><\/h2><div id=\"ez-toc-container\" class=\"ez-toc-v2_0_82_2 counter-hierarchy ez-toc-counter ez-toc-custom ez-toc-container-direction\">\n<nav><ul class='ez-toc-list ez-toc-list-level-1 ' ><li class='ez-toc-page-1 ez-toc-heading-level-2'><a class=\"ez-toc-link ez-toc-heading-1\" href=\"https:\/\/archivinfo.ch\/felsberg\/pietzcker\/gesellschaft\/#In_der_Luzerner_Gesellschaft\" >In der Luzerner Gesellschaft<\/a><ul class='ez-toc-list-level-3' ><li class='ez-toc-heading-level-3'><a class=\"ez-toc-link ez-toc-heading-2\" href=\"https:\/\/archivinfo.ch\/felsberg\/pietzcker\/gesellschaft\/#1881_Der_Konfessionswechsel_wird_vorbereitet\" >1881: Der Konfessionswechsel wird vorbereitet<\/a><\/li><li class='ez-toc-page-1 ez-toc-heading-level-3'><a class=\"ez-toc-link ez-toc-heading-3\" href=\"https:\/\/archivinfo.ch\/felsberg\/pietzcker\/gesellschaft\/#1904_Die_Hochzeit\" >1904: Die Hochzeit<\/a><\/li><li class='ez-toc-page-1 ez-toc-heading-level-3'><a class=\"ez-toc-link ez-toc-heading-4\" href=\"https:\/\/archivinfo.ch\/felsberg\/pietzcker\/gesellschaft\/#1909_Protestanten\" >1909: Protestanten!<\/a><\/li><li class='ez-toc-page-1 ez-toc-heading-level-3'><a class=\"ez-toc-link ez-toc-heading-5\" href=\"https:\/\/archivinfo.ch\/felsberg\/pietzcker\/gesellschaft\/#Vom_reformierten_Kapitaen_zur_katholischen_Elite\" >Vom reformierten Kapit\u00e4n zur katholischen Elite<\/a><\/li><\/ul><\/li><\/ul><\/nav><\/div>\n\n<h3><span class=\"ez-toc-section\" id=\"1881_Der_Konfessionswechsel_wird_vorbereitet\"><\/span>1881: Der Konfessionswechsel wird vorbereitet<span class=\"ez-toc-section-end\"><\/span><\/h3>\n<p>Hermann war wie seine Eltern reformiert, heiratete 1881 in Baden-St. Stephan bei Wien die katholische Margaretha dann aber nach r\u00f6misch-katholischem Ritus.<sup><a href=\"#footnote_1_1261\" id=\"identifier_1_1261\" class=\"footnote-link footnote-identifier-link\" title=\"Mit einer Dispens vom bisch&ouml;flichen Ordinariat in Luzern&quot; vom 28.11.1880: siehe http:\/\/data.matricula-online.eu\/de\/oesterreich\/wien\/baden-st-stephan\/02-12\/?pg=191\">1<\/a><\/sup> Sie verpflichteten sich dabei zur katholischen Erziehung ihrer Kinder.<\/p>\n<h3><span class=\"ez-toc-section\" id=\"1904_Die_Hochzeit\"><\/span>1904: Die Hochzeit<span class=\"ez-toc-section-end\"><\/span><\/h3>\n<p>1904 heirateten Gabriela Pietzcker (die Tochter von <a href=\"..\/hermann-alexander-pietzcker\/\" target=\"_blank\" rel=\"noopener noreferrer\">Hermann <\/a>und <a href=\"..\/margaretha-apor-de-altorja\/\" target=\"_blank\" rel=\"noopener noreferrer\">Margareta<\/a>) und Oskar Ludwig Balthasar in Luzern. Es handelte sich um ein gesellschaftliches Ereignis. In einer englischen oder amerikanischen Zeitung<sup><a href=\"#footnote_2_1261\" id=\"identifier_2_1261\" class=\"footnote-link footnote-identifier-link\" title=\"STALU PA 184\/301, wo leider nur ein Ausschnitt vorhanden ist, die Zeitung hiess &quot;The Ne[..]&quot;, vermutlich handelt es sich um die &quot;New York Times&quot;\">2<\/a><\/sup> findet sich ein Bericht \u00fcber diese Allianz zwischen diesen 2 Familien \"who are among the oldest in Lucerne\". Neben ausf\u00fchrlicher Beschreibung der Kleider von Braut und Brautjungfern finden sich die Namen der 6 Brautjungfern (die Schwestern Jeanne, Alice und May Pietzcker, Josephine Balthasar, Julia und Louise von Moos) und 6 Trauzeugen (Albert, Henri, Felix und Rudolph von Moos, die Herren Mayr von Baldegg und Schwytzer von Buonas). Nach der Hochzeit genoss man ein grosses Fr\u00fchst\u00fcck auf dem Felsberg. Schon am Vorabend der Hochzeit hatte man sich im Pavillon auf dem Felsberg zu einer <em>soir\u00e9e dansante<\/em> getroffen.<sup><a href=\"#footnote_3_1261\" id=\"identifier_3_1261\" class=\"footnote-link footnote-identifier-link\" title=\"Einladungskarte in STALU PA 184\/301\">3<\/a><\/sup><\/p>\n<figure id=\"attachment_1271\" aria-describedby=\"caption-attachment-1271\" style=\"width: 500px\" class=\"wp-caption aligncenter\"><a href=\"http:\/\/archivinfo.ch\/felsberg\/pietzcker\/gesellschaft\/stalu-pa-184_301-einladungskarte-1904\/\" rel=\"attachment wp-att-1271\"><img loading=\"lazy\" decoding=\"async\" class=\"wp-image-1271 size-medium\" src=\"http:\/\/archivinfo.ch\/felsberg\/wp-content\/uploads\/varia\/STALU-PA-184_301-Einladungskarte-1904-500x353.jpg\" alt=\"\" width=\"500\" height=\"353\" srcset=\"https:\/\/archivinfo.ch\/felsberg\/wp-content\/uploads\/varia\/STALU-PA-184_301-Einladungskarte-1904-500x353.jpg 500w, https:\/\/archivinfo.ch\/felsberg\/wp-content\/uploads\/varia\/STALU-PA-184_301-Einladungskarte-1904-150x106.jpg 150w, https:\/\/archivinfo.ch\/felsberg\/wp-content\/uploads\/varia\/STALU-PA-184_301-Einladungskarte-1904-768x542.jpg 768w, https:\/\/archivinfo.ch\/felsberg\/wp-content\/uploads\/varia\/STALU-PA-184_301-Einladungskarte-1904-1024x723.jpg 1024w, https:\/\/archivinfo.ch\/felsberg\/wp-content\/uploads\/varia\/STALU-PA-184_301-Einladungskarte-1904-960x678.jpg 960w\" sizes=\"auto, (max-width: 500px) 100vw, 500px\" \/><\/a><figcaption id=\"caption-attachment-1271\" class=\"wp-caption-text\">Einladungskarte zur soir\u00e9e dansante vor der Hochzeit von Gabriela Pietzcker\u00a0mit Oskar Balthasar, 17. Juni 1904 (in STALU PA 184\/301)<\/figcaption><\/figure>\n<h3><span class=\"ez-toc-section\" id=\"1909_Protestanten\"><\/span>1909: Protestanten!<span class=\"ez-toc-section-end\"><\/span><\/h3>\n<p>Die Luzerner Corpus Christi Gesellschaft (die sog.\u00a0<a href=\"http:\/\/www.herrgottskanoniere.ch\/\" target=\"_blank\" rel=\"noopener noreferrer\">Herrgottskanoniere<\/a>)\u00a0suchte 1909 auf der Felsbergmatte einen neuen Platz f\u00fcr den Feldgottesdienst und das Schiessen an Fronleichnam. Margit Pietzcker rechnete damit, dass ihre G\u00e4ste sich daran nicht st\u00f6ren w\u00fcrden, es werde sie eher unterhalten: \"Aber die Nachbarschaft wird unangenehm werden\". Pietzcker wollte nicht von sich reden machen, \"da man mir sagen kann, zwei Drittel des Felsberges geh\u00f6rt Protestanten\" <sup><a href=\"#footnote_4_1261\" id=\"identifier_4_1261\" class=\"footnote-link footnote-identifier-link\" title=\"STALU PA 1355\/162, an den Regens Franz L. Segesser, 13.4.1909\">4<\/a><\/sup><\/p>\n<h3><span class=\"ez-toc-section\" id=\"Vom_reformierten_Kapitaen_zur_katholischen_Elite\"><\/span>Vom reformierten Kapit\u00e4n zur katholischen Elite<span class=\"ez-toc-section-end\"><\/span><\/h3>\n<p>Waren <span style=\"font-size: 1rem;\">Friedrich Alexander und seine S\u00f6hne noch reformiert, so war die n\u00e4chste Generation bereits klar katholisch, <\/span><span style=\"font-size: 1rem;\"><a href=\"https:\/\/www.archivinfo.ch\/pietzker\/ps01\/ps01_008.html\" target=\"_blank\" rel=\"noopener\">Alice Pietzcker<\/a> war Oberin, <\/span><span style=\"font-size: 1rem;\"><a href=\"https:\/\/www.archivinfo.ch\/pietzker\/ps01\/ps01_009.html\" target=\"_blank\" rel=\"noopener\">Maria Pietzcker<\/a> lebte im Kloster.<\/span><\/p>\n<p>Die S\u00f6hne der n\u00e4chsten Generation stiegen noch weiter auf, <span style=\"font-size: 1rem;\"><a href=\"https:\/\/www.archivinfo.ch\/pietzker\/wc01\/wc01_009.html\" target=\"_blank\" rel=\"noopener\">Hans Urs Balthasar<\/a> wurde <\/span><span style=\"font-size: 1rem;\">Kardinal, <\/span><span style=\"font-size: 1rem;\"><a href=\"https:\/\/www.archivinfo.ch\/pietzker\/wc01\/wc01_025.html\" target=\"_blank\" rel=\"noopener\">Peter Henrici<\/a> Weihbischof. Beide verbrachten vielen (Ferien-)tage bei Ihrer Grossmutter auf der Pension Felsberg.<sup><a href=\"#footnote_5_1261\" id=\"identifier_5_1261\" class=\"footnote-link footnote-identifier-link\" title=\"Zu Balthasar: Lochbrunner, Manfred. Hans Urs von Balthasar 1905-1988\u202f: die Biographie eines Jahrhunderttheologen. 1. Auflage. W&uuml;rzburg: Echter, 2020. Print. speziell S. 33-34; zudem die Briefe der Mutter an Hans Urs v. Balthasar im StALU.\nZu Henrici:&nbsp;Peter Henrici: R&uuml;ckblick. Ereignisse und Erlebnisse. Zofingen 2021.\nund:&nbsp;Urban Fink-Wagner, Die Berufung zum Weihbischof war f&uuml;r Peter Henrici ein Schock - doch er trat mutig voran. In: Neue Z&uuml;rcher Zeitung, 9.6.2023\">5<\/a><\/sup><\/span><\/p>\n<p>&nbsp;<\/p>\n<p><em>Diese Seite zuletzt ge\u00e4ndert: 2024-12-17<\/em><\/p>\n<ol class=\"footnotes\"><li id=\"footnote_1_1261\" class=\"footnote\">Mit einer Dispens vom bisch\u00f6flichen Ordinariat in Luzern\" vom 28.11.1880: siehe <a href=\"http:\/\/data.matricula-online.eu\/de\/oesterreich\/wien\/baden-st-stephan\/02-12\/?pg=191\" target=\"_blank\" rel=\"noopener noreferrer\">http:\/\/data.matricula-online.eu\/de\/oesterreich\/wien\/baden-st-stephan\/02-12\/?pg=191<\/a><span class=\"footnote-back-link-wrapper\">[<a href=\"#identifier_1_1261\" class=\"footnote-link footnote-back-link\">&#8617;<\/a>]<\/span><\/li><li id=\"footnote_2_1261\" class=\"footnote\">STALU PA 184\/301, wo leider nur ein Ausschnitt vorhanden ist, die Zeitung hiess \"The Ne[..]\", vermutlich handelt es sich um die \"New York Times\"<span class=\"footnote-back-link-wrapper\">[<a href=\"#identifier_2_1261\" class=\"footnote-link footnote-back-link\">&#8617;<\/a>]<\/span><\/li><li id=\"footnote_3_1261\" class=\"footnote\">Einladungskarte in STALU PA 184\/301<span class=\"footnote-back-link-wrapper\">[<a href=\"#identifier_3_1261\" class=\"footnote-link footnote-back-link\">&#8617;<\/a>]<\/span><\/li><li id=\"footnote_4_1261\" class=\"footnote\">STALU PA 1355\/162, an den <a href=\"https:\/\/de.wikipedia.org\/wiki\/Franz_von_Segesser_von_Brunegg\" target=\"_blank\" rel=\"noopener\">Regens Franz L. Segesser<\/a>, 13.4.1909<span class=\"footnote-back-link-wrapper\">[<a href=\"#identifier_4_1261\" class=\"footnote-link footnote-back-link\">&#8617;<\/a>]<\/span><\/li><li id=\"footnote_5_1261\" class=\"footnote\">Zu Balthasar: <\/span>Lochbrunner, Manfred. Hans Urs von Balthasar 1905-1988\u202f: die Biographie eines Jahrhunderttheologen. 1. Auflage. W\u00fcrzburg: Echter, 2020. Print. speziell S. 33-34; zudem die Briefe der Mutter an Hans Urs v. Balthasar im StALU.<br \/>\nZu Henrici:\u00a0Peter Henrici: R\u00fcckblick. Ereignisse und Erlebnisse. Zofingen 2021.<br \/>\nund:\u00a0Urban Fink-Wagner, Die Berufung zum Weihbischof war f\u00fcr Peter Henrici ein Schock - doch er trat mutig voran. In: Neue Z\u00fcrcher Zeitung, 9.6.2023<span style=\"font-size: 1rem;\"><span class=\"footnote-back-link-wrapper\">[<a href=\"#identifier_5_1261\" class=\"footnote-link footnote-back-link\">&#8617;<\/a>]<\/span><\/li><\/ol>","protected":false},"excerpt":{"rendered":"<p>In der Luzerner Gesellschaft 1881: Der Konfessionswechsel wird vorbereitet Hermann war wie seine Eltern reformiert, heiratete 1881 in Baden-St. Stephan bei Wien die katholische Margaretha dann aber nach r\u00f6misch-katholischem Ritus.1 Sie verpflichteten sich dabei zur katholischen Erziehung ihrer Kinder. 1904: Die Hochzeit 1904 heirateten Gabriela Pietzcker (die Tochter von Hermann und Margareta) und Oskar Ludwig <a href=\"https:\/\/archivinfo.ch\/felsberg\/pietzcker\/gesellschaft\/\" class=\"more-link\">\u2026weiterlesen<span class=\"screen-reader-text\"> Luzerner Gesellschaft\"<\/span><\/a><\/p>\n","protected":false},"author":1,"featured_media":0,"parent":228,"menu_order":43,"comment_status":"closed","ping_status":"closed","template":"","meta":{"footnotes":""},"class_list":["post-1261","page","type-page","status-publish","h-entry","hentry","h-as-page"],"_links":{"self":[{"href":"https:\/\/archivinfo.ch\/felsberg\/wp-json\/wp\/v2\/pages\/1261","targetHints":{"allow":["GET"]}}],"collection":[{"href":"https:\/\/archivinfo.ch\/felsberg\/wp-json\/wp\/v2\/pages"}],"about":[{"href":"https:\/\/archivinfo.ch\/felsberg\/wp-json\/wp\/v2\/types\/page"}],"author":[{"embeddable":true,"href":"https:\/\/archivinfo.ch\/felsberg\/wp-json\/wp\/v2\/users\/1"}],"replies":[{"embeddable":true,"href":"https:\/\/archivinfo.ch\/felsberg\/wp-json\/wp\/v2\/comments?post=1261"}],"version-history":[{"count":5,"href":"https:\/\/archivinfo.ch\/felsberg\/wp-json\/wp\/v2\/pages\/1261\/revisions"}],"predecessor-version":[{"id":3753,"href":"https:\/\/archivinfo.ch\/felsberg\/wp-json\/wp\/v2\/pages\/1261\/revisions\/3753"}],"up":[{"embeddable":true,"href":"https:\/\/archivinfo.ch\/felsberg\/wp-json\/wp\/v2\/pages\/228"}],"wp:attachment":[{"href":"https:\/\/archivinfo.ch\/felsberg\/wp-json\/wp\/v2\/media?parent=1261"}],"curies":[{"name":"wp","href":"https:\/\/api.w.org\/{rel}","templated":true}]}}